{"id":8376,"date":"2025-11-21T18:17:56","date_gmt":"2025-11-21T18:17:56","guid":{"rendered":"https:\/\/chemgramx.com\/?post_type=product&#038;p=8376"},"modified":"2025-12-09T10:17:34","modified_gmt":"2025-12-09T10:17:34","slug":"kupic-carfentanil-online","status":"publish","type":"product","link":"https:\/\/chemgramx.com\/pl\/product\/carfentanil-online-kaufen\/","title":{"rendered":"Kup carfentanyl \u2013 jako\u015b\u0107 badawcza | Wysoka czysto\u015b\u0107"},"content":{"rendered":"<p>Je\u015bli szukasz niezawodnego \u017ar\u00f3d\u0142a wysokiej jako\u015bci chemikali\u00f3w badawczych, to trafi\u0142e\u015b we w\u0142a\u015bciwe miejsce. Odkryj mo\u017cliwo\u015b\u0107, <b>Kup carfentanyl na sprzeda\u017c<\/b>, wysoce silny syntetyczny analog opioidowy fentanylu, oferowany wy\u0142\u0105cznie do cel\u00f3w badawczych i laboratoryjnych. Nasza oferta gwarantuje wyj\u0105tkow\u0105 czysto\u015b\u0107 i jest specjalnie zaprojektowana do wymagaj\u0105cych zastosowa\u0144 naukowych. W rezultacie zyskujesz substancj\u0119, kt\u00f3ra zosta\u0142a poddana rygorystycznej kontroli jako\u015bci.<\/p>\n<p>Popyt na autentyczne chemikalia badawcze stale ro\u015bnie. Dlatego tak wa\u017cne jest, aby zwraca\u0107 si\u0119 do sprawdzonych dostawc\u00f3w, kt\u00f3rzy <b>Jako\u015b\u0107 bada\u0144 naukowych na sprzeda\u017c<\/b> . W Chemgramx przywi\u0105zujemy du\u017c\u0105 wag\u0119 do integralno\u015bci naszych produkt\u00f3w, aby zapewni\u0107 precyzj\u0119 i powtarzalno\u015b\u0107 wynik\u00f3w bada\u0144. Ponadto mo\u017cna <b>Zam\u00f3w karfentanyl online<\/b> i polega\u0107 na naszych wysokich standardach.<\/p>\n<h2>Czym jest karfentanyl? \u2013 Szczeg\u00f3\u0142owy przegl\u0105d<\/h2>\n<p>Karfentanyl jest syntetycznym opioidem, kt\u00f3ry zosta\u0142 zsyntetyzowany w 1974 roku przez firm\u0119 Janssen Pharmaceutica. Jest strukturalnie spokrewniony z fentanylem, ale jego dzia\u0142anie przeciwb\u00f3lowe jest wielokrotnie silniejsze, cz\u0119sto opisywane jako 10 000 razy silniejsze ni\u017c morfina i 100 razy silniejsze ni\u017c fentanyl. Ta ekstremalna si\u0142a dzia\u0142ania sprawia, \u017ce jest to substancja wymagaj\u0105ca szczeg\u00f3lnej ostro\u017cno\u015bci w obchodzeniu si\u0119 z ni\u0105 i nadaj\u0105ca si\u0119 wy\u0142\u0105cznie do specjalnych cel\u00f3w badawczych.<\/p>\n<p>Ponadto karfentanyl zosta\u0142 pierwotnie opracowany do unieruchamiania du\u017cych zwierz\u0105t dzikich w medycynie weterynaryjnej. Jednak ze wzgl\u0119du na jego niebezpieczny charakter i wysok\u0105 toksyczno\u015b\u0107 jest on surowo zabroniony do stosowania u ludzi. W zwi\u0105zku z tym jego nabywanie i obchodzenie si\u0119 z nim podlega surowym przepisom i powinno by\u0107 wykonywane wy\u0142\u0105cznie przez przeszkolony personel w kontrolowanych warunkach laboratoryjnych.<\/p>\n<h3>Struktura chemiczna i w\u0142a\u015bciwo\u015bci<\/h3>\n<p>Wz\u00f3r chemiczny karfentanylu to C<sub>24<\/sub>H<sub>30<\/sub>N<sub>2<\/sub>O<sub>3<\/sub>. Nale\u017cy do klasy 4-anilidopiperydyn i charakteryzuje si\u0119 lipofili\u0105, co umo\u017cliwia szybkie przekraczanie bariery krew-m\u00f3zg. Struktura molekularna zosta\u0142a zoptymalizowana w celu uzyskania maksymalnego powinowactwa wi\u0105zania do receptor\u00f3w opioidowych \u00b5. Dzi\u0119ki temu stanowi fascynuj\u0105cy obiekt bada\u0144 dla farmakolog\u00f3w.<\/p>\n<p><b>Autentyczny karfentanyl<\/b> Chemgramx wykazuje wysok\u0105 stabilno\u015b\u0107, je\u015bli jest przechowywany w odpowiednich warunkach. Ponadto jest dost\u0119pny w postaci bia\u0142ego, krystalicznego proszku, kt\u00f3ry dobrze rozpuszcza si\u0119 w polarnych rozpuszczalnikach. Charakterystyka analityczna naszych produkt\u00f3w zawsze potwierdza podan\u0105 czysto\u015b\u0107 i sk\u0142ad. Dzi\u0119ki temu nasi klienci mog\u0105 polega\u0107 na jako\u015bci.<\/p>\n<h3>Synteza i pochodzenie<\/h3>\n<p>Synteza karfentanylu wymaga specjalistycznej wiedzy i sprz\u0119tu. Jest to wieloetapowy proces, kt\u00f3ry wymaga precyzyjnej kontroli warunk\u00f3w reakcji. W zwi\u0105zku z tym proces produkcji jest bardzo z\u0142o\u017cony. W Chemgramx dbamy o to, aby wszystkie nasze chemikalia badawcze pochodzi\u0142y z wiarygodnych \u017ar\u00f3de\u0142 i by\u0142y syntetyzowane w \u015bci\u015ble kontrolowanych warunkach laboratoryjnych.<\/p>\n<p>Nasze produkty, w tym <b>Wysokiej jako\u015bci karfentanyl<\/b>, s\u0105 dok\u0142adnie sprawdzane, aby zapewni\u0107 zgodno\u015b\u0107 z naszymi rygorystycznymi standardami jako\u015bci. Obejmuje to kompleksowe analizy za pomoc\u0105 HPLC, GC-MS i NMR. Ponadto oferujemy <b>Jako\u015b\u0107 laboratoryjna na sprzeda\u017c<\/b> , kt\u00f3ra spe\u0142nia najwy\u017csze wymagania. Inne substancje o wysokiej czysto\u015bci mo\u017cna r\u00f3wnie\u017c znale\u017a\u0107 pod adresem <a href=\"https:\/\/chemgramx.com\/product\/5-meo-dalt-online-kaufen\/\">Kup 5-MeO-DALT online<\/a>.<\/p>\n<h2>Zastosowania i obszary bada\u0144<\/h2>\n<p>Chocia\u017c karfentanyl jest znany przede wszystkim jako lek weterynaryjny, odegra\u0142 r\u00f3wnie\u017c wa\u017cn\u0105 rol\u0119 w badaniach przedklinicznych. Jest on stosowany do badania interakcji z receptorami opioidowymi, analizy szlak\u00f3w przekazywania sygna\u0142\u00f3w oraz bada\u0144 nad opracowaniem nowych \u015brodk\u00f3w przeciwb\u00f3lowych. W zwi\u0105zku z tym stanowi cenne narz\u0119dzie dla naukowc\u00f3w zajmuj\u0105cych si\u0119 neurofarmakologi\u0105 opioid\u00f3w.<\/p>\n<h3>Zastosowanie weterynaryjne i regulacje prawne<\/h3>\n<p>W medycynie weterynaryjnej karfentanyl jest stosowany, pod bardzo \u015bcis\u0142ymi warunkami, do uspokajania i unieruchamiania bardzo du\u017cych i niebezpiecznych zwierz\u0105t. Stosowanie tego \u015brodka odbywa si\u0119 przez przeszkolony personel specjalistyczny i wymaga natychmiastowej dost\u0119pno\u015bci antidotum. Podkre\u015bla to konieczno\u015b\u0107 zachowania najwy\u017cszej ostro\u017cno\u015bci podczas obchodzenia si\u0119 z t\u0105 substancj\u0105.<\/p>\n<p>Regulacje dotycz\u0105ce karfentanylu s\u0105 surowe na ca\u0142ym \u015bwiecie. Substancja ta podlega przepisom Schedule II ameryka\u0144skiej ustawy o substancjach kontrolowanych (Controlled Substances Act) oraz podobnym klasyfikacjom w wielu innych krajach. Ponadto legalny zakup jest dozwolony wy\u0142\u0105cznie dla uprawnionych instytucji posiadaj\u0105cych odpowiednie licencje. Je\u015bli <b>Kup carfentanyl na sprzeda\u017c<\/b>, przestrzeganie tych przepis\u00f3w jest niezb\u0119dne.<\/p>\n<h3>Potencja\u0142 w dziedzinie bada\u0144 naukowych<\/h3>\n<p>Carfentanyl daje naukowcom mo\u017cliwo\u015b\u0107 badania jego niezwykle wysokiego powinowactwa do receptor\u00f3w opioidowych \u00b5. Jest to szczeg\u00f3lnie istotne dla zrozumienia uzale\u017cnienia od opioid\u00f3w i opracowania lek\u00f3w, kt\u00f3re mog\u0142yby modulowa\u0107 te efekty. Ponadto jego w\u0142a\u015bciwo\u015bci farmakologiczne s\u0105 wykorzystywane do rozszyfrowania dok\u0142adnych mechanizm\u00f3w analgezji i sedacji na poziomie molekularnym. W ten spos\u00f3b przyczynia si\u0119 on do bada\u0144 podstawowych w dziedzinie terapii b\u00f3lu.<\/p>\n<p>Badanie karfentanylu mo\u017ce r\u00f3wnie\u017c dostarczy\u0107 informacji na temat toksyczno\u015bci i ostrych skutk\u00f3w dzia\u0142ania ultra silnych opioid\u00f3w. Dlatego jest to niezb\u0119dny odczynnik w laboratoriach zajmuj\u0105cych si\u0119 medycyn\u0105 ratunkow\u0105, toksykologi\u0105 i opracowywaniem antidotum. Odkryj <b>najlepszy dost\u0119pny karfentanyl<\/b> do realizacji najbardziej wymagaj\u0105cych projekt\u00f3w badawczych.<\/p>\n<h2>Dlaczego warto kupi\u0107 karfentanyl w Chemgramx?<\/h2>\n<p>Decyzja o zakupie chemikali\u00f3w badawczych nigdy nie powinna by\u0107 podejmowana pochopnie. W Chemgramx jeste\u015bmy \u015bwiadomi odpowiedzialno\u015bci, jaka wi\u0105\u017ce si\u0119 z oferowaniem substancji takich jak karfentanyl. Nasze zaanga\u017cowanie w zapewnienie jako\u015bci, bezpiecze\u0144stwa i zgodno\u015bci z przepisami sprawia, \u017ce jeste\u015bmy godnym zaufania partnerem dla instytucji naukowych. Przekonaj si\u0119 sam i kup sw\u00f3j <b>Karbentanyl w Chemgramx<\/b>.<\/p>\n<h3>Gwarantowana czysto\u015b\u0107 i jako\u015b\u0107<\/h3>\n<p>Rozumiemy, \u017ce integralno\u015b\u0107 bada\u0144 naukowych zale\u017cy bezpo\u015brednio od jako\u015bci stosowanych odczynnik\u00f3w. Dlatego gwarantujemy, \u017ce nasze <b>Najwy\u017cszej jako\u015bci karfentanyl<\/b> minimaln\u0105 czysto\u015b\u0107 98% lub wy\u017csz\u0105, potwierdzon\u0105 przez niezale\u017cne analizy laboratoryjne. Ka\u017cda partia jest dok\u0142adnie sprawdzana, aby zapewni\u0107, \u017ce otrzymujesz produkt wolny od zanieczyszcze\u0144 i spe\u0142niaj\u0105cy najwy\u017csze standardy naukowe. Dzi\u0119ki temu zawsze uzyskujesz wiarygodne wyniki.<\/p>\n<ul>\n<li><b>Kompleksowe testy analityczne:<\/b> Ka\u017cdy produkt jest testowany przy u\u017cyciu zaawansowanych technik, takich jak HPLC i GC-MS.<\/li>\n<li><b>Dost\u0119pne certyfikaty:<\/b> Na \u017cyczenie udost\u0119pniamy szczeg\u00f3\u0142owe certyfikaty analizy (CoA).<\/li>\n<li><b>Sp\u00f3jne partie produkt\u00f3w:<\/b> Zapewniamy sta\u0142\u0105 jako\u015b\u0107 wszystkich partii.<\/li>\n<\/ul>\n<h3>Bezpieczny i dyskretny zakup<\/h3>\n<p>Zakup chemikali\u00f3w badawczych musi by\u0107 zar\u00f3wno bezpieczny, jak i dyskretny. Wprowadzili\u015bmy procesy, kt\u00f3re zapewniaj\u0105 Pa\u0144stwu <b>Bezpieczny zakup<\/b> zapewni\u0107, od realizacji zam\u00f3wienia po staranne obchodzenie si\u0119 z produktami. Twoja prywatno\u015b\u0107 i bezpiecze\u0144stwo Twoich danych s\u0105 dla nas bardzo wa\u017cne. Dlatego stosujemy najnowocze\u015bniejsze technologie szyfrowania dla wszystkich transakcji. Ponadto mo\u017cesz <b>Kup teraz online<\/b> z pe\u0142nym zaufaniem. Aby uzyska\u0107 wi\u0119cej informacji, odwied\u017a nasz\u0105 stron\u0119 produktu: <a href=\"https:\/\/chemgramx.com\/product\/carfentanil-online-kaufen\/\">Kup Carfentanil online<\/a>.<\/p>\n<h3>Wiedza fachowa i obs\u0142uga klienta<\/h3>\n<p>Nasz zesp\u00f3\u0142 sk\u0142ada si\u0119 z do\u015bwiadczonych specjalist\u00f3w, kt\u00f3rzy posiadaj\u0105 dog\u0142\u0119bn\u0105 wiedz\u0119 na temat chemikali\u00f3w badawczych. W razie pyta\u0144 dotycz\u0105cych naszych produkt\u00f3w lub ich zastosowania jeste\u015bmy zawsze do Pa\u0144stwa dyspozycji. Oferujemy doskona\u0142\u0105 obs\u0142ug\u0119 klienta, kt\u00f3ra wspiera Pa\u0144stwa na ka\u017cdym etapie procesu zakupu. Ponadto staramy si\u0119 odpowiada\u0107 na Pa\u0144stwa indywidualne wymagania i oferowa\u0107 rozwi\u0105zania dostosowane do potrzeb. Prosz\u0119 zaufa\u0107 naszej wiedzy specjalistycznej.<\/p>\n<h2>Obs\u0142uga i wskaz\u00f3wki dotycz\u0105ce bezpiecze\u0144stwa<\/h2>\n<p>Ze wzgl\u0119du na ekstremaln\u0105 moc karfentanylu konieczne jest zachowanie szczeg\u00f3lnej ostro\u017cno\u015bci i odpowiedzialno\u015bci podczas obchodzenia si\u0119 z nim. Mo\u017ce on by\u0107 stosowany wy\u0142\u0105cznie przez wykwalifikowany personel w odpowiednim \u015brodowisku laboratoryjnym, wyposa\u017conym w odpowiedni sprz\u0119t bezpiecze\u0144stwa. W zwi\u0105zku z tym konieczne jest stosowanie rygorystycznych protoko\u0142\u00f3w i \u015brodk\u00f3w ochrony indywidualnej (\u015aOI) w celu unikni\u0119cia nara\u017cenia.<\/p>\n<h3>Karty charakterystyki substancji niebezpiecznej (SDB)<\/h3>\n<p>Dla ka\u017cdego z naszych produkt\u00f3w, w tym <b>Carfentanyl na sprzeda\u017c<\/b>, udost\u0119pniamy obszerne karty charakterystyki (SDB). Dokumenty te zawieraj\u0105 szczeg\u00f3\u0142owe informacje na temat w\u0142a\u015bciwo\u015bci fizycznych i chemicznych, potencjalnych zagro\u017ce\u0144 oraz wskaz\u00f3wek dotycz\u0105cych post\u0119powania z produktem. Przed u\u017cyciem nale\u017cy koniecznie dok\u0142adnie zapozna\u0107 si\u0119 z tre\u015bci\u0105 kart charakterystyki. Stanowi\u0105 one r\u00f3wnie\u017c niezb\u0119dne \u017ar\u00f3d\u0142o informacji dla bezpiecznego post\u0119powania w laboratorium.<\/p>\n<h3>Aspekty prawne i zgodno\u015b\u0107 z przepisami<\/h3>\n<p>Przepisy dotycz\u0105ce karfentanylu r\u00f3\u017cni\u0105 si\u0119 znacznie w zale\u017cno\u015bci od kraju i regionu. Obowi\u0105zkiem kupuj\u0105cego jest zapoznanie si\u0119 z lokalnymi przepisami i regulacjami oraz ich przestrzeganie przed dokonaniem zakupu. <b>Wysoka czysto\u015b\u0107 na sprzeda\u017c<\/b> . Chemgramx sprzedaje t\u0119 substancj\u0119 wy\u0142\u0105cznie do legalnych cel\u00f3w badawczych autoryzowanym instytucjom. Nie popieramy nielegalnego wykorzystywania ani nadu\u017cywania naszych produkt\u00f3w. Ponadto \u015bci\u015ble wsp\u00f3\u0142pracujemy z organami w\u0142adzy, aby zapewni\u0107 zgodno\u015b\u0107 ze wszystkimi odpowiednimi przepisami.<\/p>\n<h2>Cz\u0119sto zadawane pytania (FAQ)<\/h2>\n<p><b>P: Czy karfentanyl nadaje si\u0119 do spo\u017cycia przez ludzi?<\/b><br \/>\nA: Nie, karfentanyl jest <b>wy\u0142\u0105cznie do cel\u00f3w badawczych<\/b> i nie jest przeznaczony do spo\u017cycia przez ludzi. Jest niezwykle silny i bardzo niebezpieczny.<\/p>\n<p><b>P: Jakie \u015brodki bezpiecze\u0144stwa nale\u017cy podj\u0105\u0107 podczas obchodzenia si\u0119 z karfentanylem?<\/b><br \/>\nO: Zawsze nale\u017cy nosi\u0107 \u015brodki ochrony osobistej (r\u0119kawiczki, okulary ochronne, fartuch laboratoryjny) i pracowa\u0107 w dobrze wentylowanym pomieszczeniu, najlepiej pod wyci\u0105giem.<\/p>\n<p><b>P: Czy mog\u0119 naby\u0107 karfentanyl bez licencji?<\/b><br \/>\nO: Przepisy s\u0105 r\u00f3\u017cne. W wi\u0119kszo\u015bci jurysdykcji do nabycia i posiadania karfentanylu do cel\u00f3w badawczych wymagana jest licencja. Prosz\u0119 sprawdzi\u0107 lokalne przepisy. Oferujemy <b>Carfentanyl na sprzeda\u017c<\/b> tylko do wykwalifikowanych podmiot\u00f3w.<\/p>\n<p><b>Podsumowuj\u0105c<\/b> Chemgramx stanowi wiarygodne \u017ar\u00f3d\u0142o informacji na temat <b>Jako\u015b\u0107 bada\u0144 naukowych na sprzeda\u017c<\/b>. Nasze skupienie si\u0119 na czysto\u015bci, bezpiecze\u0144stwie i zgodno\u015bci z przepisami sprawia, \u017ce jeste\u015bmy idealnym partnerem dla wymagaj\u0105cych projekt\u00f3w naukowych. Jeste\u015bmy dumni, \u017ce mo\u017cemy przyczynia\u0107 si\u0119 do rozwoju bada\u0144 naukowych, dostarczaj\u0105c wysokiej jako\u015bci odczynniki. <b>Zam\u00f3w karfentanyl online<\/b> ju\u017c dzi\u015b i przekonaj si\u0119, jak\u0105 r\u00f3\u017cnic\u0119 mo\u017ce zrobi\u0107 jako\u015b\u0107.<\/p>","protected":false},"excerpt":{"rendered":"<p>Odkryj <b>Kup carfentanyl<\/b> Chemgramx, wysoce silny syntetyczny analog opioidowy, przeznaczony wy\u0142\u0105cznie do wymagaj\u0105cych bada\u0144 naukowych i cel\u00f3w laboratoryjnych. Produkt ten charakteryzuje si\u0119 wyj\u0105tkow\u0105 czysto\u015bci\u0105 i <b>Jako\u015b\u0107 bada\u0144 naukowych na sprzeda\u017c<\/b> , idealny do bada\u0144 nad farmakologi\u0105 receptor\u00f3w opioidowych. Nasz <b>najlepszy dost\u0119pny karfentanyl<\/b> gwarantuje niezawodne wyniki dla Twoich projekt\u00f3w naukowych. Kup teraz w Chemgramx, aby zapewni\u0107 sobie wysok\u0105 jako\u015b\u0107 i precyzj\u0119.<\/p>","protected":false},"featured_media":8383,"comment_status":"open","ping_status":"closed","template":"","meta":{"_joinchat":[]},"product_brand":[],"product_cat":[48],"product_tag":[117,108,100,102,113,105,111,118,101,103,107,109,115,110,104,106,114,99,112,116],"class_list":{"0":"post-8376","1":"product","2":"type-product","3":"status-publish","4":"has-post-thumbnail","6":"product_cat-stimulants","7":"product_tag-carfentanil-beschaffungsrichtlinien","8":"product_tag-carfentanil-forschungsanwendungen","9":"product_tag-carfentanil-fur-die-sedierung-groser-tiere","10":"product_tag-carfentanil-fur-elefantenanasthesie","11":"product_tag-carfentanil-fur-kontrollierte-verwendung","12":"product_tag-carfentanil-fur-laborforschung","13":"product_tag-carfentanil-gesetzliche-vorschriften","14":"product_tag-carfentanil-groshandelslieferung","15":"product_tag-carfentanil-im-wildtiermanagement","16":"product_tag-carfentanil-in-der-tiermedizin","17":"product_tag-carfentanil-lagerung-und-verwendung","18":"product_tag-carfentanil-potenzvergleich","19":"product_tag-carfentanil-preis-und-lieferung","20":"product_tag-carfentanil-risiken-und-gefahren","21":"product_tag-carfentanil-sicherheitsrichtlinien","22":"product_tag-carfentanil-umgangsvorschriften","23":"product_tag-carfentanil-verfugbarkeit","24":"product_tag-carfentanil-veterinaranwendungen","25":"product_tag-carfentanil-vs-fentanyl","26":"product_tag-wo-kann-man-carfentanil-kaufen","28":"first","29":"instock","30":"shipping-taxable","31":"purchasable","32":"product-type-variable"},"yoast_head":"<!-- This site is optimized with the Yoast SEO plugin v27.5 - https:\/\/yoast.com\/product\/yoast-seo-wordpress\/ -->\n<title>Carfentanil Kaufen - Forschungsqualit\u00e4t | Hohe Reinheit<\/title>\n<meta name=\"description\" content=\"Carfentanil kaufen f\u00fcr pr\u00e4zise Forschung: Entdecken Sie bei Chemgramx hochreines Carfentanil in Laborqualit\u00e4t. Ideal f\u00fcr fortgeschrittene Studien. Jetzt sichern!\" \/>\n<meta name=\"robots\" content=\"index, follow, max-snippet:-1, max-image-preview:large, max-video-preview:-1\" \/>\n<link rel=\"canonical\" href=\"https:\/\/chemgramx.com\/pl\/produkt-1\/kupic-carfentanil-online\/\" \/>\n<meta property=\"og:locale\" content=\"pl_PL\" \/>\n<meta property=\"og:type\" content=\"article\" \/>\n<meta property=\"og:title\" content=\"Carfentanil Kaufen - Forschungsqualit\u00e4t | Hohe Reinheit\" \/>\n<meta property=\"og:description\" content=\"Carfentanil kaufen f\u00fcr pr\u00e4zise Forschung: Entdecken Sie bei Chemgramx hochreines Carfentanil in Laborqualit\u00e4t. Ideal f\u00fcr fortgeschrittene Studien. Jetzt sichern!\" \/>\n<meta property=\"og:url\" content=\"https:\/\/chemgramx.com\/pl\/produkt-1\/kupic-carfentanil-online\/\" \/>\n<meta property=\"og:site_name\" content=\"Chemgramx\" \/>\n<meta property=\"article:modified_time\" content=\"2025-12-09T10:17:34+00:00\" \/>\n<meta property=\"og:image\" content=\"https:\/\/chemgramx.com\/wp-content\/uploads\/2025\/11\/Carfentanil.jpg\" \/>\n\t<meta property=\"og:image:width\" content=\"218\" \/>\n\t<meta property=\"og:image:height\" content=\"231\" \/>\n\t<meta property=\"og:image:type\" content=\"image\/jpeg\" \/>\n<meta name=\"twitter:card\" content=\"summary_large_image\" \/>\n<meta name=\"twitter:label1\" content=\"Szacowany czas czytania\" \/>\n\t<meta name=\"twitter:data1\" content=\"3 minuty\" \/>\n<script type=\"application\/ld+json\" class=\"yoast-schema-graph\">{\"@context\":\"https:\\\/\\\/schema.org\",\"@graph\":[{\"@type\":\"WebPage\",\"@id\":\"https:\\\/\\\/chemgramx.com\\\/product\\\/carfentanil-online-kaufen\\\/\",\"url\":\"https:\\\/\\\/chemgramx.com\\\/product\\\/carfentanil-online-kaufen\\\/\",\"name\":\"Carfentanil Kaufen - Forschungsqualit\u00e4t | Hohe Reinheit\",\"isPartOf\":{\"@id\":\"https:\\\/\\\/chemgramx.com\\\/#website\"},\"primaryImageOfPage\":{\"@id\":\"https:\\\/\\\/chemgramx.com\\\/product\\\/carfentanil-online-kaufen\\\/#primaryimage\"},\"image\":{\"@id\":\"https:\\\/\\\/chemgramx.com\\\/product\\\/carfentanil-online-kaufen\\\/#primaryimage\"},\"thumbnailUrl\":\"https:\\\/\\\/chemgramx.com\\\/wp-content\\\/uploads\\\/2025\\\/11\\\/Carfentanil.jpg\",\"datePublished\":\"2025-11-21T18:17:56+00:00\",\"dateModified\":\"2025-12-09T10:17:34+00:00\",\"description\":\"Carfentanil kaufen f\u00fcr pr\u00e4zise Forschung: Entdecken Sie bei Chemgramx hochreines Carfentanil in Laborqualit\u00e4t. Ideal f\u00fcr fortgeschrittene Studien. Jetzt sichern!\",\"breadcrumb\":{\"@id\":\"https:\\\/\\\/chemgramx.com\\\/product\\\/carfentanil-online-kaufen\\\/#breadcrumb\"},\"inLanguage\":\"pl-PL\",\"potentialAction\":[{\"@type\":\"ReadAction\",\"target\":[\"https:\\\/\\\/chemgramx.com\\\/product\\\/carfentanil-online-kaufen\\\/\"]}]},{\"@type\":\"ImageObject\",\"inLanguage\":\"pl-PL\",\"@id\":\"https:\\\/\\\/chemgramx.com\\\/product\\\/carfentanil-online-kaufen\\\/#primaryimage\",\"url\":\"https:\\\/\\\/chemgramx.com\\\/wp-content\\\/uploads\\\/2025\\\/11\\\/Carfentanil.jpg\",\"contentUrl\":\"https:\\\/\\\/chemgramx.com\\\/wp-content\\\/uploads\\\/2025\\\/11\\\/Carfentanil.jpg\",\"width\":218,\"height\":231},{\"@type\":\"BreadcrumbList\",\"@id\":\"https:\\\/\\\/chemgramx.com\\\/product\\\/carfentanil-online-kaufen\\\/#breadcrumb\",\"itemListElement\":[{\"@type\":\"ListItem\",\"position\":1,\"name\":\"Home\",\"item\":\"https:\\\/\\\/chemgramx.com\\\/\"},{\"@type\":\"ListItem\",\"position\":2,\"name\":\"Shop\",\"item\":\"https:\\\/\\\/chemgramx.com\\\/shop\\\/\"},{\"@type\":\"ListItem\",\"position\":3,\"name\":\"Carfentanil Kaufen &#8211; Forschungsqualit\u00e4t | Hohe Reinheit\"}]},{\"@type\":\"WebSite\",\"@id\":\"https:\\\/\\\/chemgramx.com\\\/#website\",\"url\":\"https:\\\/\\\/chemgramx.com\\\/\",\"name\":\"Chemgramx\",\"description\":\"\",\"publisher\":{\"@id\":\"https:\\\/\\\/chemgramx.com\\\/#organization\"},\"potentialAction\":[{\"@type\":\"SearchAction\",\"target\":{\"@type\":\"EntryPoint\",\"urlTemplate\":\"https:\\\/\\\/chemgramx.com\\\/?s={search_term_string}\"},\"query-input\":{\"@type\":\"PropertyValueSpecification\",\"valueRequired\":true,\"valueName\":\"search_term_string\"}}],\"inLanguage\":\"pl-PL\"},{\"@type\":\"Organization\",\"@id\":\"https:\\\/\\\/chemgramx.com\\\/#organization\",\"name\":\"Chemgramx\",\"url\":\"https:\\\/\\\/chemgramx.com\\\/\",\"logo\":{\"@type\":\"ImageObject\",\"inLanguage\":\"pl-PL\",\"@id\":\"https:\\\/\\\/chemgramx.com\\\/#\\\/schema\\\/logo\\\/image\\\/\",\"url\":\"https:\\\/\\\/chemgramx.com\\\/wp-content\\\/uploads\\\/2024\\\/10\\\/final-logo.png\",\"contentUrl\":\"https:\\\/\\\/chemgramx.com\\\/wp-content\\\/uploads\\\/2024\\\/10\\\/final-logo.png\",\"width\":250,\"height\":48,\"caption\":\"Chemgramx\"},\"image\":{\"@id\":\"https:\\\/\\\/chemgramx.com\\\/#\\\/schema\\\/logo\\\/image\\\/\"}}]}<\/script>\n<!-- \/ Yoast SEO plugin. -->","yoast_head_json":{"title":"Kup carfentanyl \u2013 jako\u015b\u0107 badawcza | Wysoka czysto\u015b\u0107","description":"Kup karfentanyl do precyzyjnych bada\u0144: odkryj w Chemgramx karfentanyl o wysokiej czysto\u015bci w jako\u015bci laboratoryjnej. Idealny do zaawansowanych bada\u0144. Zam\u00f3w ju\u017c teraz!","robots":{"index":"index","follow":"follow","max-snippet":"max-snippet:-1","max-image-preview":"max-image-preview:large","max-video-preview":"max-video-preview:-1"},"canonical":"https:\/\/chemgramx.com\/pl\/produkt-1\/kupic-carfentanil-online\/","og_locale":"pl_PL","og_type":"article","og_title":"Carfentanil Kaufen - Forschungsqualit\u00e4t | Hohe Reinheit","og_description":"Carfentanil kaufen f\u00fcr pr\u00e4zise Forschung: Entdecken Sie bei Chemgramx hochreines Carfentanil in Laborqualit\u00e4t. Ideal f\u00fcr fortgeschrittene Studien. Jetzt sichern!","og_url":"https:\/\/chemgramx.com\/pl\/produkt-1\/kupic-carfentanil-online\/","og_site_name":"Chemgramx","article_modified_time":"2025-12-09T10:17:34+00:00","og_image":[{"width":218,"height":231,"url":"https:\/\/chemgramx.com\/wp-content\/uploads\/2025\/11\/Carfentanil.jpg","type":"image\/jpeg"}],"twitter_card":"summary_large_image","twitter_misc":{"Szacowany czas czytania":"3 minuty"},"schema":{"@context":"https:\/\/schema.org","@graph":[{"@type":"WebPage","@id":"https:\/\/chemgramx.com\/product\/carfentanil-online-kaufen\/","url":"https:\/\/chemgramx.com\/product\/carfentanil-online-kaufen\/","name":"Kup carfentanyl \u2013 jako\u015b\u0107 badawcza | Wysoka czysto\u015b\u0107","isPartOf":{"@id":"https:\/\/chemgramx.com\/#website"},"primaryImageOfPage":{"@id":"https:\/\/chemgramx.com\/product\/carfentanil-online-kaufen\/#primaryimage"},"image":{"@id":"https:\/\/chemgramx.com\/product\/carfentanil-online-kaufen\/#primaryimage"},"thumbnailUrl":"https:\/\/chemgramx.com\/wp-content\/uploads\/2025\/11\/Carfentanil.jpg","datePublished":"2025-11-21T18:17:56+00:00","dateModified":"2025-12-09T10:17:34+00:00","description":"Kup karfentanyl do precyzyjnych bada\u0144: odkryj w Chemgramx karfentanyl o wysokiej czysto\u015bci w jako\u015bci laboratoryjnej. Idealny do zaawansowanych bada\u0144. Zam\u00f3w ju\u017c teraz!","breadcrumb":{"@id":"https:\/\/chemgramx.com\/product\/carfentanil-online-kaufen\/#breadcrumb"},"inLanguage":"pl-PL","potentialAction":[{"@type":"ReadAction","target":["https:\/\/chemgramx.com\/product\/carfentanil-online-kaufen\/"]}]},{"@type":"ImageObject","inLanguage":"pl-PL","@id":"https:\/\/chemgramx.com\/product\/carfentanil-online-kaufen\/#primaryimage","url":"https:\/\/chemgramx.com\/wp-content\/uploads\/2025\/11\/Carfentanil.jpg","contentUrl":"https:\/\/chemgramx.com\/wp-content\/uploads\/2025\/11\/Carfentanil.jpg","width":218,"height":231},{"@type":"BreadcrumbList","@id":"https:\/\/chemgramx.com\/product\/carfentanil-online-kaufen\/#breadcrumb","itemListElement":[{"@type":"ListItem","position":1,"name":"Home","item":"https:\/\/chemgramx.com\/"},{"@type":"ListItem","position":2,"name":"Shop","item":"https:\/\/chemgramx.com\/shop\/"},{"@type":"ListItem","position":3,"name":"Carfentanil Kaufen &#8211; Forschungsqualit\u00e4t | Hohe Reinheit"}]},{"@type":"WebSite","@id":"https:\/\/chemgramx.com\/#website","url":"https:\/\/chemgramx.com\/","name":"Chemgramx","description":"","publisher":{"@id":"https:\/\/chemgramx.com\/#organization"},"potentialAction":[{"@type":"SearchAction","target":{"@type":"EntryPoint","urlTemplate":"https:\/\/chemgramx.com\/?s={search_term_string}"},"query-input":{"@type":"PropertyValueSpecification","valueRequired":true,"valueName":"search_term_string"}}],"inLanguage":"pl-PL"},{"@type":"Organization","@id":"https:\/\/chemgramx.com\/#organization","name":"Chemgramx","url":"https:\/\/chemgramx.com\/","logo":{"@type":"ImageObject","inLanguage":"pl-PL","@id":"https:\/\/chemgramx.com\/#\/schema\/logo\/image\/","url":"https:\/\/chemgramx.com\/wp-content\/uploads\/2024\/10\/final-logo.png","contentUrl":"https:\/\/chemgramx.com\/wp-content\/uploads\/2024\/10\/final-logo.png","width":250,"height":48,"caption":"Chemgramx"},"image":{"@id":"https:\/\/chemgramx.com\/#\/schema\/logo\/image\/"}}]}},"_links":{"self":[{"href":"https:\/\/chemgramx.com\/pl\/wp-json\/wp\/v2\/product\/8376","targetHints":{"allow":["GET"]}}],"collection":[{"href":"https:\/\/chemgramx.com\/pl\/wp-json\/wp\/v2\/product"}],"about":[{"href":"https:\/\/chemgramx.com\/pl\/wp-json\/wp\/v2\/types\/product"}],"replies":[{"embeddable":true,"href":"https:\/\/chemgramx.com\/pl\/wp-json\/wp\/v2\/comments?post=8376"}],"wp:featuredmedia":[{"embeddable":true,"href":"https:\/\/chemgramx.com\/pl\/wp-json\/wp\/v2\/media\/8383"}],"wp:attachment":[{"href":"https:\/\/chemgramx.com\/pl\/wp-json\/wp\/v2\/media?parent=8376"}],"wp:term":[{"taxonomy":"product_brand","embeddable":true,"href":"https:\/\/chemgramx.com\/pl\/wp-json\/wp\/v2\/product_brand?post=8376"},{"taxonomy":"product_cat","embeddable":true,"href":"https:\/\/chemgramx.com\/pl\/wp-json\/wp\/v2\/product_cat?post=8376"},{"taxonomy":"product_tag","embeddable":true,"href":"https:\/\/chemgramx.com\/pl\/wp-json\/wp\/v2\/product_tag?post=8376"}],"curies":[{"name":"wp","href":"https:\/\/api.w.org\/{rel}","templated":true}]}}