{"id":8378,"date":"2025-11-21T18:17:57","date_gmt":"2025-11-21T18:17:57","guid":{"rendered":"https:\/\/chemgramx.com\/?post_type=product&#038;p=8378"},"modified":"2025-12-09T10:15:28","modified_gmt":"2025-12-09T10:15:28","slug":"kup-krysztaly-3-fpm-online","status":"publish","type":"product","link":"https:\/\/chemgramx.com\/pl\/product\/3-fpm-kristallen-online-kaufen\/","title":{"rendered":"Kup kryszta\u0142y 3-FPM \u2013 wysoka jako\u015b\u0107"},"content":{"rendered":"<p>Witamy w Chemgramx, Twoim zaufanym \u017ar\u00f3dle wysokiej jako\u015bci chemikali\u00f3w badawczych. Je\u015bli <b>Kup kryszta\u0142y 3-FPM<\/b> szukasz na sprzeda\u017c, to trafi\u0142e\u015b we w\u0142a\u015bciwe miejsce. Oferujemy wy\u0142\u0105cznie <b>Najwy\u017cszej jako\u015bci kryszta\u0142y 3-FPM<\/b> o wyj\u0105tkowej czysto\u015bci, opracowane specjalnie do bada\u0144 naukowych. Dzi\u0119ki temu mo\u017cesz mie\u0107 pewno\u015b\u0107 co do integralno\u015bci naszych <b>autentyczne kryszta\u0142y 3-FPM<\/b> opu\u015bci\u0107.<\/p>\n<p>Nasza oferta obejmuje <b>najlepsze kryszta\u0142y 3-FPM<\/b> , kt\u00f3re poddawane s\u0105 rygorystycznym kontrolom jako\u015bci. Rozumiemy wymagania dotycz\u0105ce precyzji i niezawodno\u015bci w badaniach. W zwi\u0105zku z tym ka\u017cdy produkt, kt\u00f3ry u nas kupujesz, ma gwarantowan\u0105 jako\u015b\u0107 badawcz\u0105. Mo\u017cesz <b>Zam\u00f3w kryszta\u0142y 3-FPM online<\/b> i mie\u0107 pewno\u015b\u0107 co do bezpiecznego zakupu.<\/p>\n<h2>Czym s\u0105 kryszta\u0142y 3-FPM?<\/h2>\n<p>3-FPM, znany r\u00f3wnie\u017c jako 3-fluorofenmetrazyna, jest syntetyczn\u0105 substancj\u0105 z klasy fenmetrazyny. Jest cz\u0119sto badany w badaniach naukowych ze wzgl\u0119du na swoj\u0105 unikaln\u0105 struktur\u0119 chemiczn\u0105 i potencjalne interakcje z neuroprzeka\u017anikami. Ponadto zwi\u0105zek ten charakteryzuje si\u0119 krystaliczn\u0105 form\u0105, kt\u00f3ra u\u0142atwia obs\u0142ug\u0119 i dawkowanie w warunkach laboratoryjnych.<\/p>\n<p>Ten chemikalia badawcze nie s\u0105 przeznaczone do spo\u017cycia przez ludzi ani do cel\u00f3w terapeutycznych. S\u0142u\u017c\u0105 one wy\u0142\u0105cznie do bada\u0144 naukowych i kryminalistycznych. Dlatego te\u017c konieczne jest stosowanie kryszta\u0142\u00f3w 3-FPM zgodnie z obowi\u0105zuj\u0105cymi przepisami bezpiecze\u0144stwa i wytycznymi etycznymi.<\/p>\n<h2>Jako\u015b\u0107 naszych kryszta\u0142\u00f3w 3-FPM<\/h2>\n<h3>Niezr\u00f3wnana czysto\u015b\u0107 dla precyzyjnych bada\u0144<\/h3>\n<p>W Chemgramx przywi\u0105zujemy najwi\u0119ksz\u0105 wag\u0119 do jako\u015bci produkt\u00f3w. Nasze <b>Kryszta\u0142y 3-FPM<\/b> s\u0105 syntetyzowane z najwy\u017csz\u0105 precyzj\u0105 i testowane pod k\u0105tem czysto\u015bci. Ponadto gwarantujemy <b>wysoka czysto\u015b\u0107 na sprzeda\u017c<\/b>, kt\u00f3ra jest niezb\u0119dna w wymagaj\u0105cych zastosowaniach badawczych. Skupienie si\u0119 na jako\u015bci minimalizuje zanieczyszczenia i zapewnia powtarzalne wyniki.<\/p>\n<ul>\n<li><b>Jako\u015b\u0107 sprawdzona laboratoryjnie:<\/b> Ka\u017cda partia poddawana jest kompleksowej analizie.<\/li>\n<li><b>Minimalne zanieczyszczenia:<\/b> W ten spos\u00f3b otrzymuj\u0105 Pa\u0144stwo czystszy produkt do swoich eksperyment\u00f3w.<\/li>\n<li><b>Sp\u00f3jna struktura:<\/b> Dla uzyskania wiarygodnych i por\u00f3wnywalnych wynik\u00f3w bada\u0144.<\/li>\n<\/ul>\n<h3>Jako\u015b\u0107 bada\u0144 i laboratori\u00f3w<\/h3>\n<p>Rozumiemy, \u017ce integralno\u015b\u0107 bada\u0144 zale\u017cy od jako\u015bci u\u017cytych materia\u0142\u00f3w. Dlatego oferujemy <b>Kryszta\u0142y 3-FPM<\/b> w czystej postaci <b>Jako\u015b\u0107 bada\u0144 naukowych na sprzeda\u017c<\/b> Ponadto nasze produkty spe\u0142niaj\u0105 surowe wymagania dotycz\u0105ce stosowania w laboratoriach na ca\u0142ym \u015bwiecie. S\u0105 one r\u00f3wnie\u017c dost\u0119pne jako <b>Jako\u015b\u0107 laboratoryjna na sprzeda\u017c<\/b> dost\u0119pne, co podkre\u015bla ich przydatno\u015b\u0107 w szerokim zakresie zastosowa\u0144 naukowych.<\/p>\n<p>Nasze zaanga\u017cowanie w d\u0105\u017cenie do doskona\u0142o\u015bci oznacza, \u017ce zawsze otrzymujesz najlepsze wsparcie dla swoich projekt\u00f3w naukowych. W ko\u0144cu niezawodno\u015b\u0107 Twoich danych jest naszym nadrz\u0119dnym celem. Dlatego nieustannie inwestujemy w nowoczesne procedury testowe i zapewnienie jako\u015bci. Dowiedz si\u0119 wi\u0119cej o naszych wysokich standardach, odwiedzaj\u0105c stron\u0119 <a href=\"https:\/\/chemgramx.com\/product\/3-fpm-kristallen-online-kaufen\/\">Kryszta\u0142y 3-FPM<\/a> u nas.<\/p>\n<h2>Mo\u017cliwo\u015bci zastosowania w badaniach naukowych<\/h2>\n<p><b>Kryszta\u0142y 3-FPM<\/b> s\u0105 cennym narz\u0119dziem w r\u00f3\u017cnych dziedzinach bada\u0144 naukowych. Z jednej strony s\u0105 cz\u0119sto stosowane w farmakologii i neuronaukach do badania mechanizm\u00f3w dzia\u0142ania analog\u00f3w fenmetrazyny. Z drugiej strony s\u0142u\u017c\u0105 jako standardy referencyjne w analizach kryminalistycznych i toksykologicznych. Wszechstronno\u015b\u0107 tego zwi\u0105zku sprawia, \u017ce jest on poszukiwanym zwi\u0105zkiem chemicznym w\u015br\u00f3d naukowc\u00f3w.<\/p>\n<h3>Typowe obszary bada\u0144 obejmuj\u0105:<\/h3>\n<ul>\n<li><b>Badania farmakologiczne:<\/b> Badanie powinowactwa wi\u0105zania z transporterami neuroprzeka\u017anik\u00f3w.<\/li>\n<li><b>Badania nad metabolizmem:<\/b> Analiza proces\u00f3w rozk\u0142adu w <i>in vitro<\/i>-System.<\/li>\n<li><b>Badania syntezy:<\/b> Dalszy rozw\u00f3j i modyfikacja podobnych struktur chemicznych.<\/li>\n<li><b>Chemia analityczna:<\/b> Zastosowanie jako materia\u0142 referencyjny do spektroskopii i chromatografii.<\/li>\n<\/ul>\n<p>Zastosowania te wymagaj\u0105 niezwykle wysokiej czysto\u015bci i precyzyjnej charakterystyki substancji. W zwi\u0105zku z tym nasze <b>Najwy\u017cszej jako\u015bci kryszta\u0142y 3-FPM<\/b> idealne do tych wymagaj\u0105cych zastosowa\u0144. Pomagaj\u0105 naukowcom osi\u0105ga\u0107 dok\u0142adne i powtarzalne wyniki, co ma kluczowe znaczenie dla post\u0119pu w badaniach naukowych.<\/p>\n<h2>Bezpieczny zakup i obchodzenie si\u0119 z kryszta\u0142ami 3-FPM<\/h2>\n<h3>Tw\u00f3j partner zapewniaj\u0105cy bezpieczny zakup<\/h3>\n<p>Zakup chemikali\u00f3w do bada\u0144 wymaga zaufania i bezpiecze\u0144stwa. W Chemgramx gwarantujemy <b>pewny zakup<\/b> Pa\u0144stwa <b>Kryszta\u0142y 3-FPM<\/b>. Przywi\u0105zujemy du\u017c\u0105 wag\u0119 do dyskrecji i bezpiecznej realizacji wszystkich zam\u00f3wie\u0144. Wszystkie produkty s\u0105 traktowane z najwy\u017csz\u0105 staranno\u015bci\u0105, aby zapewni\u0107 ich integralno\u015b\u0107 a\u017c do momentu odbioru. Jest to istotny element naszej obs\u0142ugi klienta.<\/p>\n<p>Ponadto dok\u0142adamy wszelkich stara\u0144, aby proces sk\u0142adania zam\u00f3wie\u0144 przebiega\u0142 bezproblemowo. Mo\u017cesz <b>Kup teraz online<\/b> i skorzysta\u0107 z naszego prostego systemu. Oczywi\u015bcie jeste\u015bmy do Pa\u0144stwa dyspozycji w razie pyta\u0144 i oferujemy kompleksowe wsparcie. Jeste\u015bmy Pa\u0144stwa niezawodnym partnerem, je\u015bli <b>Zam\u00f3w kryszta\u0142y 3-FPM online<\/b> chc\u0105.<\/p>\n<h3>Wa\u017cne wskaz\u00f3wki dotycz\u0105ce bezpiecznego u\u017cytkowania<\/h3>\n<p>Bezpieczne obchodzenie si\u0119 z chemikaliami badawczymi, takimi jak 3-FPM, ma ogromne znaczenie. Zalecamy noszenie odpowiednich \u015brodk\u00f3w ochrony indywidualnej (\u015aOI), w tym r\u0119kawic, okular\u00f3w ochronnych i fartucha laboratoryjnego. Ponadto prace nale\u017cy wykonywa\u0107 w dobrze wentylowanym pomieszczeniu lub pod wyci\u0105giem. Nale\u017cy przestrzega\u0107 wszystkich lokalnych wytycznych laboratoryjnych i przepis\u00f3w bezpiecze\u0144stwa.<\/p>\n<p>W\u0142a\u015bciwe przechowywanie ma r\u00f3wnie\u017c kluczowe znaczenie dla zachowania stabilno\u015bci i czysto\u015bci kryszta\u0142\u00f3w. Kryszta\u0142y 3-FPM nale\u017cy przechowywa\u0107 w ch\u0142odnym, suchym i chronionym przed \u015bwiat\u0142em miejscu, niedost\u0119pnym dla os\u00f3b nieuprawnionych. Ponadto wa\u017cne jest, aby substancja chemiczna by\u0142a przechowywana w miejscu niedost\u0119pnym dla dzieci i zwierz\u0105t domowych. Zapewni to bezpiecze\u0144stwo w laboratorium i w domu.<\/p>\n<h2>Dlaczego Chemgramx jest najlepszym wyborem<\/h2>\n<p>Chemgramx to co\u015b wi\u0119cej ni\u017c tylko dostawca \u2013 jeste\u015bmy Twoim partnerem badawczym. Nasze zaanga\u017cowanie w zapewnienie jako\u015bci, czysto\u015bci i obs\u0142ugi klienta wyr\u00f3\u017cnia nas spo\u015br\u00f3d innych dostawc\u00f3w. Je\u015bli <b>Kup kryszta\u0142y 3-FPM<\/b>, otrzymuj\u0105 Pa\u0144stwo nie tylko produkt, ale tak\u017ce pewno\u015b\u0107 wsp\u00f3\u0142pracy z godnym zaufania i do\u015bwiadczonym zespo\u0142em. Przywi\u0105zujemy du\u017c\u0105 wag\u0119 do przejrzysto\u015bci i rzetelno\u015bci naukowej.<\/p>\n<h3>Nasze zalety w skr\u00f3cie:<\/h3>\n<ul>\n<li><b>Produkty najwy\u017cszej jako\u015bci:<\/b> Tylko najczystsze i <b>autentyczne kryszta\u0142y 3-FPM<\/b> do bada\u0144.<\/li>\n<li><b>Profesjonalna pomoc techniczna:<\/b> Nasz zesp\u00f3\u0142 ch\u0119tnie odpowie na wszystkie pytania.<\/li>\n<li><b>Bezpieczny proces sk\u0142adania zam\u00f3wienia:<\/b> Twoje dane i zakupy s\u0105 traktowane z najwy\u017csz\u0105 poufno\u015bci\u0105.<\/li>\n<li><b>Kompleksowa dokumentacja:<\/b> Dost\u0119pne s\u0105 specyfikacje produkt\u00f3w i certyfikaty analizy.<\/li>\n<li><b>Szeroki asortyment:<\/b> Opr\u00f3cz kryszta\u0142\u00f3w 3-FPM odkryj r\u00f3wnie\u017c inne wysokiej jako\u015bci chemikalia badawcze, takie jak na przyk\u0142ad <a href=\"https:\/\/chemgramx.com\/product\/valoron-liquid-e-liquid-online-bestellung\/\">Valoron Liquid<\/a> dla Pa\u0144stwa projekt\u00f3w.<\/li>\n<\/ul>\n<p>Jeste\u015bmy dumni z tego, \u017ce wspieramy naukowc\u00f3w i badaczy na ca\u0142ym \u015bwiecie. Dlatego nieustannie d\u0105\u017cymy do optymalizacji naszych us\u0142ug i oferty produkt\u00f3w. Mo\u017cesz by\u0107 spokojny. <b>Kryszta\u0142y 3-FPM<\/b> z nami <a href=\"https:\/\/chemgramx.com\/product\/3-fpm-kristallen-online-kaufen\/\">kupi\u0107 w Chemgramx<\/a> i polega\u0107 na naszym zobowi\u0105zaniu do doskona\u0142o\u015bci.<\/p>\n<h2>Wniosek: najlepsze kryszta\u0142y 3-FPM do bada\u0144 naukowych<\/h2>\n<p>Podsumowuj\u0105c, mo\u017cna stwierdzi\u0107, \u017ce nabycie <b>Kryszta\u0142y 3-FPM<\/b> w Chemgramx jest idealnym wyborem dla powa\u017cnych bada\u0144 naukowych. Oferujemy Pa\u0144stwu <b>najlepsze kryszta\u0142y 3-FPM<\/b> , kt\u00f3re spe\u0142niaj\u0105 najsurowsze normy czysto\u015bci i jako\u015bci. Nasz przyjazny dla u\u017cytkownika sklep internetowy umo\u017cliwia, <b>Zam\u00f3w kryszta\u0142y 3-FPM online<\/b> i polega\u0107 na profesjonalnej obs\u0142udze.<\/p>\n<p>Zainwestuj w jako\u015b\u0107 swoich bada\u0144 i wybierz Chemgramx jako preferowanego dostawc\u0119. Skorzystaj z naszej wiedzy i zaanga\u017cowania w d\u0105\u017ceniu do doskona\u0142o\u015bci naukowej. Naszym celem jest zapewnienie optymalnego wsparcia dla Twoich cel\u00f3w badawczych. Nie wahaj si\u0119 wi\u0119c, <b>teraz dost\u0119pne online<\/b> i samemu do\u015bwiadczy\u0107 tej r\u00f3\u017cnicy.<\/p>","protected":false},"excerpt":{"rendered":"<p>Odkryj <b>Wysokiej jako\u015bci kryszta\u0142y 3-FPM<\/b> w jako\u015bci badawczej w Chemgramx. Ten syntetyczny analog fenmetrazyny jest oferowany wy\u0142\u0105cznie do bada\u0144 naukowych. Przekonuje nast\u0119puj\u0105cymi cechami:<\/p>\n<ul>\n<li>Gwarantowana czysto\u015b\u0107<\/li>\n<li>Sta\u0142a jako\u015b\u0107 laboratoryjna<\/li>\n<li>\u015acis\u0142a kontrola<\/li>\n<\/ul>\n<p>Aby uzyska\u0107 precyzyjne wyniki bada\u0144, mo\u017cna <b>Kup 3-FPM<\/b> w Chemgramx.<\/p>","protected":false},"featured_media":8412,"comment_status":"open","ping_status":"closed","template":"","meta":{"_joinchat":[]},"product_brand":[],"product_cat":[48],"product_tag":[1372,1385,1396,1381,1395,1378,1379,1374,1388,1373,1389,1371,1391,1393,1375,1386,1390,1380,1392,1397,1394,1376,1377,1387,1382,1384,1383],"class_list":{"0":"post-8378","1":"product","2":"type-product","3":"status-publish","4":"has-post-thumbnail","6":"product_cat-stimulants","7":"product_tag-3-fluorophenmetrazin-bestellen","8":"product_tag-3-fpm-bulk-bestellung","9":"product_tag-3-fpm-chemikalie","10":"product_tag-3-fpm-experimente","11":"product_tag-3-fpm-forschung","12":"product_tag-3-fpm-forschung-chemikalie","13":"product_tag-3-fpm-fur-neurowissenschaftliche-studien","14":"product_tag-3-fpm-groshandel","15":"product_tag-3-fpm-kaufen","16":"product_tag-3-fpm-kristalle-online-bestellen","17":"product_tag-3-fpm-kristallen-bestellen","18":"product_tag-3-fpm-kristallen-kaufen","19":"product_tag-3-fpm-labor","20":"product_tag-3-fpm-legal","21":"product_tag-3-fpm-lieferant","22":"product_tag-3-fpm-marktanalyse","23":"product_tag-3-fpm-online","24":"product_tag-3-fpm-pharmazeutische-forschung","25":"product_tag-3-fpm-sicher","26":"product_tag-3-fpm-versand","27":"product_tag-3fpm-gunstig","28":"product_tag-forschung-chemikalien-3-fpm","29":"product_tag-hochwertige-3-fpm-kristallen-kaufen","30":"product_tag-innovative-3-fpm-forschung","31":"product_tag-laborqualitat-3-fpm-kristallen","32":"product_tag-legaler-3-fpm-anbieter","33":"product_tag-sicherer-3-fpm-versand","35":"first","36":"instock","37":"shipping-taxable","38":"purchasable","39":"product-type-variable"},"yoast_head":"<!-- This site is optimized with the Yoast SEO plugin v27.5 - https:\/\/yoast.com\/product\/yoast-seo-wordpress\/ -->\n<title>3-FPM Kristalle kaufen \u2013 Hohe Qualit\u00e4t<\/title>\n<meta name=\"description\" content=\"Entdecken Sie hochreine 3-FPM Kristalle f\u00fcr wissenschaftliche Forschung. Jetzt 3-FPM Kristalle online bestellen in erstklassiger Laborqualit\u00e4t.\" \/>\n<meta name=\"robots\" content=\"index, follow, max-snippet:-1, max-image-preview:large, max-video-preview:-1\" \/>\n<link rel=\"canonical\" href=\"https:\/\/chemgramx.com\/pl\/produkt-1\/kup-krysztaly-3-fpm-online\/\" \/>\n<meta property=\"og:locale\" content=\"pl_PL\" \/>\n<meta property=\"og:type\" content=\"article\" \/>\n<meta property=\"og:title\" content=\"3-FPM Kristalle kaufen \u2013 Hohe Qualit\u00e4t\" \/>\n<meta property=\"og:description\" content=\"Entdecken Sie hochreine 3-FPM Kristalle f\u00fcr wissenschaftliche Forschung. Jetzt 3-FPM Kristalle online bestellen in erstklassiger Laborqualit\u00e4t.\" \/>\n<meta property=\"og:url\" content=\"https:\/\/chemgramx.com\/pl\/produkt-1\/kup-krysztaly-3-fpm-online\/\" \/>\n<meta property=\"og:site_name\" content=\"Chemgramx\" \/>\n<meta property=\"article:modified_time\" content=\"2025-12-09T10:15:28+00:00\" \/>\n<meta property=\"og:image\" content=\"https:\/\/chemgramx.com\/wp-content\/uploads\/2025\/11\/Buy-3-FPM-Crystals-online-1.webp\" \/>\n\t<meta property=\"og:image:width\" content=\"512\" \/>\n\t<meta property=\"og:image:height\" content=\"497\" \/>\n\t<meta property=\"og:image:type\" content=\"image\/webp\" \/>\n<meta name=\"twitter:card\" content=\"summary_large_image\" \/>\n<meta name=\"twitter:label1\" content=\"Szacowany czas czytania\" \/>\n\t<meta name=\"twitter:data1\" content=\"2 minuty\" \/>\n<script type=\"application\/ld+json\" class=\"yoast-schema-graph\">{\"@context\":\"https:\\\/\\\/schema.org\",\"@graph\":[{\"@type\":\"WebPage\",\"@id\":\"https:\\\/\\\/chemgramx.com\\\/product\\\/3-fpm-kristallen-online-kaufen\\\/\",\"url\":\"https:\\\/\\\/chemgramx.com\\\/product\\\/3-fpm-kristallen-online-kaufen\\\/\",\"name\":\"3-FPM Kristalle kaufen \u2013 Hohe Qualit\u00e4t\",\"isPartOf\":{\"@id\":\"https:\\\/\\\/chemgramx.com\\\/#website\"},\"primaryImageOfPage\":{\"@id\":\"https:\\\/\\\/chemgramx.com\\\/product\\\/3-fpm-kristallen-online-kaufen\\\/#primaryimage\"},\"image\":{\"@id\":\"https:\\\/\\\/chemgramx.com\\\/product\\\/3-fpm-kristallen-online-kaufen\\\/#primaryimage\"},\"thumbnailUrl\":\"https:\\\/\\\/chemgramx.com\\\/wp-content\\\/uploads\\\/2025\\\/11\\\/Buy-3-FPM-Crystals-online-1.webp\",\"datePublished\":\"2025-11-21T18:17:57+00:00\",\"dateModified\":\"2025-12-09T10:15:28+00:00\",\"description\":\"Entdecken Sie hochreine 3-FPM Kristalle f\u00fcr wissenschaftliche Forschung. Jetzt 3-FPM Kristalle online bestellen in erstklassiger Laborqualit\u00e4t.\",\"breadcrumb\":{\"@id\":\"https:\\\/\\\/chemgramx.com\\\/product\\\/3-fpm-kristallen-online-kaufen\\\/#breadcrumb\"},\"inLanguage\":\"pl-PL\",\"potentialAction\":[{\"@type\":\"ReadAction\",\"target\":[\"https:\\\/\\\/chemgramx.com\\\/product\\\/3-fpm-kristallen-online-kaufen\\\/\"]}]},{\"@type\":\"ImageObject\",\"inLanguage\":\"pl-PL\",\"@id\":\"https:\\\/\\\/chemgramx.com\\\/product\\\/3-fpm-kristallen-online-kaufen\\\/#primaryimage\",\"url\":\"https:\\\/\\\/chemgramx.com\\\/wp-content\\\/uploads\\\/2025\\\/11\\\/Buy-3-FPM-Crystals-online-1.webp\",\"contentUrl\":\"https:\\\/\\\/chemgramx.com\\\/wp-content\\\/uploads\\\/2025\\\/11\\\/Buy-3-FPM-Crystals-online-1.webp\",\"width\":512,\"height\":497},{\"@type\":\"BreadcrumbList\",\"@id\":\"https:\\\/\\\/chemgramx.com\\\/product\\\/3-fpm-kristallen-online-kaufen\\\/#breadcrumb\",\"itemListElement\":[{\"@type\":\"ListItem\",\"position\":1,\"name\":\"Home\",\"item\":\"https:\\\/\\\/chemgramx.com\\\/\"},{\"@type\":\"ListItem\",\"position\":2,\"name\":\"Shop\",\"item\":\"https:\\\/\\\/chemgramx.com\\\/shop\\\/\"},{\"@type\":\"ListItem\",\"position\":3,\"name\":\"3-FPM Kristalle kaufen \u2013 Hohe Qualit\u00e4t\"}]},{\"@type\":\"WebSite\",\"@id\":\"https:\\\/\\\/chemgramx.com\\\/#website\",\"url\":\"https:\\\/\\\/chemgramx.com\\\/\",\"name\":\"Chemgramx\",\"description\":\"\",\"publisher\":{\"@id\":\"https:\\\/\\\/chemgramx.com\\\/#organization\"},\"potentialAction\":[{\"@type\":\"SearchAction\",\"target\":{\"@type\":\"EntryPoint\",\"urlTemplate\":\"https:\\\/\\\/chemgramx.com\\\/?s={search_term_string}\"},\"query-input\":{\"@type\":\"PropertyValueSpecification\",\"valueRequired\":true,\"valueName\":\"search_term_string\"}}],\"inLanguage\":\"pl-PL\"},{\"@type\":\"Organization\",\"@id\":\"https:\\\/\\\/chemgramx.com\\\/#organization\",\"name\":\"Chemgramx\",\"url\":\"https:\\\/\\\/chemgramx.com\\\/\",\"logo\":{\"@type\":\"ImageObject\",\"inLanguage\":\"pl-PL\",\"@id\":\"https:\\\/\\\/chemgramx.com\\\/#\\\/schema\\\/logo\\\/image\\\/\",\"url\":\"https:\\\/\\\/chemgramx.com\\\/wp-content\\\/uploads\\\/2024\\\/10\\\/final-logo.png\",\"contentUrl\":\"https:\\\/\\\/chemgramx.com\\\/wp-content\\\/uploads\\\/2024\\\/10\\\/final-logo.png\",\"width\":250,\"height\":48,\"caption\":\"Chemgramx\"},\"image\":{\"@id\":\"https:\\\/\\\/chemgramx.com\\\/#\\\/schema\\\/logo\\\/image\\\/\"}}]}<\/script>\n<!-- \/ Yoast SEO plugin. -->","yoast_head_json":{"title":"Kup kryszta\u0142y 3-FPM \u2013 wysoka jako\u015b\u0107","description":"Odkryj kryszta\u0142y 3-FPM o wysokiej czysto\u015bci do bada\u0144 naukowych. Zam\u00f3w teraz online kryszta\u0142y 3-FPM w najwy\u017cszej jako\u015bci laboratoryjnej.","robots":{"index":"index","follow":"follow","max-snippet":"max-snippet:-1","max-image-preview":"max-image-preview:large","max-video-preview":"max-video-preview:-1"},"canonical":"https:\/\/chemgramx.com\/pl\/produkt-1\/kup-krysztaly-3-fpm-online\/","og_locale":"pl_PL","og_type":"article","og_title":"3-FPM Kristalle kaufen \u2013 Hohe Qualit\u00e4t","og_description":"Entdecken Sie hochreine 3-FPM Kristalle f\u00fcr wissenschaftliche Forschung. Jetzt 3-FPM Kristalle online bestellen in erstklassiger Laborqualit\u00e4t.","og_url":"https:\/\/chemgramx.com\/pl\/produkt-1\/kup-krysztaly-3-fpm-online\/","og_site_name":"Chemgramx","article_modified_time":"2025-12-09T10:15:28+00:00","og_image":[{"width":512,"height":497,"url":"https:\/\/chemgramx.com\/wp-content\/uploads\/2025\/11\/Buy-3-FPM-Crystals-online-1.webp","type":"image\/webp"}],"twitter_card":"summary_large_image","twitter_misc":{"Szacowany czas czytania":"2 minuty"},"schema":{"@context":"https:\/\/schema.org","@graph":[{"@type":"WebPage","@id":"https:\/\/chemgramx.com\/product\/3-fpm-kristallen-online-kaufen\/","url":"https:\/\/chemgramx.com\/product\/3-fpm-kristallen-online-kaufen\/","name":"Kup kryszta\u0142y 3-FPM \u2013 wysoka jako\u015b\u0107","isPartOf":{"@id":"https:\/\/chemgramx.com\/#website"},"primaryImageOfPage":{"@id":"https:\/\/chemgramx.com\/product\/3-fpm-kristallen-online-kaufen\/#primaryimage"},"image":{"@id":"https:\/\/chemgramx.com\/product\/3-fpm-kristallen-online-kaufen\/#primaryimage"},"thumbnailUrl":"https:\/\/chemgramx.com\/wp-content\/uploads\/2025\/11\/Buy-3-FPM-Crystals-online-1.webp","datePublished":"2025-11-21T18:17:57+00:00","dateModified":"2025-12-09T10:15:28+00:00","description":"Odkryj kryszta\u0142y 3-FPM o wysokiej czysto\u015bci do bada\u0144 naukowych. Zam\u00f3w teraz online kryszta\u0142y 3-FPM w najwy\u017cszej jako\u015bci laboratoryjnej.","breadcrumb":{"@id":"https:\/\/chemgramx.com\/product\/3-fpm-kristallen-online-kaufen\/#breadcrumb"},"inLanguage":"pl-PL","potentialAction":[{"@type":"ReadAction","target":["https:\/\/chemgramx.com\/product\/3-fpm-kristallen-online-kaufen\/"]}]},{"@type":"ImageObject","inLanguage":"pl-PL","@id":"https:\/\/chemgramx.com\/product\/3-fpm-kristallen-online-kaufen\/#primaryimage","url":"https:\/\/chemgramx.com\/wp-content\/uploads\/2025\/11\/Buy-3-FPM-Crystals-online-1.webp","contentUrl":"https:\/\/chemgramx.com\/wp-content\/uploads\/2025\/11\/Buy-3-FPM-Crystals-online-1.webp","width":512,"height":497},{"@type":"BreadcrumbList","@id":"https:\/\/chemgramx.com\/product\/3-fpm-kristallen-online-kaufen\/#breadcrumb","itemListElement":[{"@type":"ListItem","position":1,"name":"Home","item":"https:\/\/chemgramx.com\/"},{"@type":"ListItem","position":2,"name":"Shop","item":"https:\/\/chemgramx.com\/shop\/"},{"@type":"ListItem","position":3,"name":"3-FPM Kristalle kaufen \u2013 Hohe Qualit\u00e4t"}]},{"@type":"WebSite","@id":"https:\/\/chemgramx.com\/#website","url":"https:\/\/chemgramx.com\/","name":"Chemgramx","description":"","publisher":{"@id":"https:\/\/chemgramx.com\/#organization"},"potentialAction":[{"@type":"SearchAction","target":{"@type":"EntryPoint","urlTemplate":"https:\/\/chemgramx.com\/?s={search_term_string}"},"query-input":{"@type":"PropertyValueSpecification","valueRequired":true,"valueName":"search_term_string"}}],"inLanguage":"pl-PL"},{"@type":"Organization","@id":"https:\/\/chemgramx.com\/#organization","name":"Chemgramx","url":"https:\/\/chemgramx.com\/","logo":{"@type":"ImageObject","inLanguage":"pl-PL","@id":"https:\/\/chemgramx.com\/#\/schema\/logo\/image\/","url":"https:\/\/chemgramx.com\/wp-content\/uploads\/2024\/10\/final-logo.png","contentUrl":"https:\/\/chemgramx.com\/wp-content\/uploads\/2024\/10\/final-logo.png","width":250,"height":48,"caption":"Chemgramx"},"image":{"@id":"https:\/\/chemgramx.com\/#\/schema\/logo\/image\/"}}]}},"_links":{"self":[{"href":"https:\/\/chemgramx.com\/pl\/wp-json\/wp\/v2\/product\/8378","targetHints":{"allow":["GET"]}}],"collection":[{"href":"https:\/\/chemgramx.com\/pl\/wp-json\/wp\/v2\/product"}],"about":[{"href":"https:\/\/chemgramx.com\/pl\/wp-json\/wp\/v2\/types\/product"}],"replies":[{"embeddable":true,"href":"https:\/\/chemgramx.com\/pl\/wp-json\/wp\/v2\/comments?post=8378"}],"wp:featuredmedia":[{"embeddable":true,"href":"https:\/\/chemgramx.com\/pl\/wp-json\/wp\/v2\/media\/8412"}],"wp:attachment":[{"href":"https:\/\/chemgramx.com\/pl\/wp-json\/wp\/v2\/media?parent=8378"}],"wp:term":[{"taxonomy":"product_brand","embeddable":true,"href":"https:\/\/chemgramx.com\/pl\/wp-json\/wp\/v2\/product_brand?post=8378"},{"taxonomy":"product_cat","embeddable":true,"href":"https:\/\/chemgramx.com\/pl\/wp-json\/wp\/v2\/product_cat?post=8378"},{"taxonomy":"product_tag","embeddable":true,"href":"https:\/\/chemgramx.com\/pl\/wp-json\/wp\/v2\/product_tag?post=8378"}],"curies":[{"name":"wp","href":"https:\/\/api.w.org\/{rel}","templated":true}]}}