{"id":8380,"date":"2025-11-21T18:17:58","date_gmt":"2025-11-21T18:17:58","guid":{"rendered":"https:\/\/chemgramx.com\/?post_type=product&#038;p=8380"},"modified":"2025-12-09T10:13:57","modified_gmt":"2025-12-09T10:13:57","slug":"34-kup-etpv-online","status":"publish","type":"product","link":"https:\/\/chemgramx.com\/pl\/product\/34-etpv-online-kaufen\/","title":{"rendered":"Kup 3,4-EtPV \u2013 czysto\u015b\u0107 (sprzeda\u017c | jako\u015b\u0107)"},"content":{"rendered":"<p>\u015awiat chemikali\u00f3w badawczych jest z\u0142o\u017cony i wymaga najwy\u017cszej precyzji. Z tego powodu kluczowe znaczenie ma znalezienie wiarygodnych \u017ar\u00f3de\u0142 materia\u0142\u00f3w do bada\u0144. Zw\u0142aszcza je\u015bli <b>3,4-EtPV na sprzeda\u017c<\/b> , jako\u015b\u0107 i czysto\u015b\u0107 s\u0105 najwa\u017cniejsze. W Chemgramx oferujemy w\u0142a\u015bnie to: <b>Klasa badawcza na sprzeda\u017c<\/b> z gwarancj\u0105 doskona\u0142o\u015bci. Nasze zaanga\u017cowanie w nauk\u0119 i badania znajduje odzwierciedlenie w ka\u017cdym oferowanym przez nas produkcie, od pocz\u0105tkowej syntezy po dostaw\u0119.<\/p>\n<p>Jako jedna z obiecuj\u0105cych substancji chemicznych do bada\u0144, 3,4-EtPV wzbudzi\u0142 du\u017ce zainteresowanie spo\u0142eczno\u015bci naukowej. Jego wyj\u0105tkowe w\u0142a\u015bciwo\u015bci sprawiaj\u0105, \u017ce jest cennym narz\u0119dziem w wielu badaniach laboratoryjnych. Zanim <b>Zam\u00f3w 3,4-EtPV online<\/b>, nale\u017cy upewni\u0107 si\u0119 co do jako\u015bci i autentyczno\u015bci materia\u0142u. W tym miejscu wkracza Chemgramx, dostarczaj\u0105c wy\u0142\u0105cznie produkty spe\u0142niaj\u0105ce surowe normy kontrolne. Naszym celem jest u\u0142atwienie naukowcom dost\u0119pu do potrzebnych substancji bez kompromis\u00f3w w zakresie czysto\u015bci. <b><a href=\"https:\/\/chemgramx.com\/product\/34-etpv-online-kaufen\/\">Odkryj nasz\u0105 ofert\u0119 3,4-EtPV.<\/a><\/b><\/p>\n<h2>Fascynacja 3,4-EtPV: przegl\u0105d syntezy i w\u0142a\u015bciwo\u015bci<\/h2>\n<p>3,4-EtPV, znany r\u00f3wnie\u017c jako 3,4-etylen-PVP, jest syntetycznym zwi\u0105zkiem z klasy katynon\u00f3w. Wyr\u00f3\u017cnia si\u0119 on specjaln\u0105 struktur\u0105 chemiczn\u0105, kt\u00f3ra sprawia, \u017ce jest interesuj\u0105cy dla r\u00f3\u017cnych podej\u015b\u0107 badawczych. Dok\u0142adne zbadanie jego dr\u00f3g syntezy i wynikaj\u0105cych z nich w\u0142a\u015bciwo\u015bci jest niezb\u0119dne do dog\u0142\u0119bnego zrozumienia jego potencjalnych zastosowa\u0144. Dlatego niezwykle wa\u017cne jest, aby naukowcy mieli dost\u0119p do precyzyjnie scharakteryzowanych pr\u00f3bek.<\/p>\n<h3>Struktura chemiczna i czysto\u015b\u0107<\/h3>\n<p>Struktura molekularna 3,4-EtPV zawiera specyficzne grupy funkcyjne, kt\u00f3re odpowiadaj\u0105 za jej w\u0142a\u015bciwo\u015bci chemiczne i fizyczne. Czysto\u015b\u0107 stosowanej substancji jest czynnikiem decyduj\u0105cym o powtarzalno\u015bci wynik\u00f3w bada\u0144 naukowych. Dlatego w Chemgramx przywi\u0105zujemy du\u017c\u0105 wag\u0119 do analizy ka\u017cdej partii produktu. Je\u015bli <b>wysokiej jako\u015bci 3,4-EtPV<\/b> , otrzymuj\u0105 Pa\u0144stwo produkt, kt\u00f3rego czysto\u015b\u0107 zosta\u0142a potwierdzona najnowocze\u015bniejszymi metodami analitycznymi. Obejmuj\u0105 one techniki takie jak GC-MS, HPLC i NMR, aby zapewni\u0107 Pa\u0144stwu <b>autentyczny 3,4-EtPV<\/b> otrzymane.<\/p>\n<p>Ponadto wysoka czysto\u015b\u0107 oznacza minimalizacj\u0119 zak\u0142\u00f3caj\u0105cych zanieczyszcze\u0144. W przeciwnym razie mog\u0142yby one zafa\u0142szowa\u0107 wyniki eksperyment\u00f3w. W zwi\u0105zku z tym mo\u017cna polega\u0107 na jako\u015bci naszych materia\u0142\u00f3w, je\u015bli <b>Kup 3,4-EtPV<\/b> . Zapewnia to solidn\u0105 podstaw\u0119 dla projekt\u00f3w badawczych i znacz\u0105co przyczynia si\u0119 do wiarygodno\u015bci danych. Ponadto dok\u0142adny sk\u0142ad chemiczny ma znaczenie dla por\u00f3wnywalno\u015bci bada\u0144 przeprowadzanych w r\u00f3\u017cnych laboratoriach.<\/p>\n<h3>Obszary zastosowa\u0144 i potencja\u0142 badawczy<\/h3>\n<p>Obszary bada\u0144, w kt\u00f3rych mo\u017cna zastosowa\u0107 3,4-EtPV, s\u0105 bardzo r\u00f3\u017cnorodne. Cz\u0119sto wykorzystuje si\u0119 go w badaniach nad aktywno\u015bci\u0105 neurochemiczn\u0105 i badaniu powinowactwa receptor\u00f3w. Ponadto mo\u017ce s\u0142u\u017cy\u0107 jako standard referencyjny w badaniach farmakologicznych. Dok\u0142adne badanie jego mechanizm\u00f3w dzia\u0142ania jest przedmiotem ci\u0105g\u0142ego zainteresowania naukowego. Je\u015bli wi\u0119c jeste\u015b na czele bada\u0144 naukowych, to <b>najlepszy dost\u0119pny 3,4-EtPV<\/b> w przypadku Chemgramx stanowi to zdecydowan\u0105 zalet\u0119.<\/p>\n<p>Na przyk\u0142ad naukowcy mogliby bada\u0107 szlaki metaboliczne 3,4-EtPV w organizmie lub jego interakcje z r\u00f3\u017cnymi uk\u0142adami biologicznymi. Badania takie nie tylko przyczyniaj\u0105 si\u0119 do podstawowego zrozumienia tej substancji, ale mog\u0105 r\u00f3wnie\u017c dostarczy\u0107 nowych informacji przydatnych w opracowywaniu przysz\u0142ych terapii. Dlatego te\u017c nabycie <b>Jako\u015b\u0107 laboratoryjna na sprzeda\u017c<\/b> niezb\u0119dne do realizacji powa\u017cnych i szeroko zakrojonych projekt\u00f3w badawczych. Ponadto oferuje <a href=\"https:\/\/chemgramx.com\/product\/allylescaline-online-kaufen\/\">Kup Allylescaline online<\/a> kolejna opcja dla Twojego portfolio badawczego.<\/p>\n<h2>Znaczenie jako\u015bci w \u015brodowisku badawczym<\/h2>\n<p>W badaniach naukowych jako\u015b\u0107 materia\u0142\u00f3w wyj\u015bciowych nie podlega negocjacjom. Niedok\u0142adno\u015bci lub zanieczyszczenia mog\u0105 prowadzi\u0107 do b\u0142\u0119dnych wynik\u00f3w, kt\u00f3re z kolei maj\u0105 daleko id\u0105ce konsekwencje. Podkre\u015bla to konieczno\u015b\u0107, <b>wysoka czysto\u015b\u0107 na sprzeda\u017c<\/b> . Niezawodny partner, taki jak Chemgramx, zapewnia solidn\u0105 podstaw\u0119 dla bada\u0144 naukowych. Ponadto sta\u0142a jako\u015b\u0107 produkt\u00f3w pomaga w globalnym por\u00f3wnywaniu i odtwarzaniu wynik\u00f3w bada\u0144.<\/p>\n<h3>Standaryzacja i analityka<\/h3>\n<p>Ka\u017cda partia 3,4-EtPV, kt\u00f3r\u0105 otrzymujesz od Chemgramx, przechodzi rygorystyczn\u0105 kontrol\u0119 jako\u015bci. Obejmuje to szczeg\u00f3\u0142ow\u0105 analiz\u0119 sk\u0142adu chemicznego i czysto\u015bci. Za pomoc\u0105 metod spektroskopowych i chromatograficznych zapewniamy zgodno\u015b\u0107 z wymaganymi specyfikacjami. Tylko w ten spos\u00f3b mo\u017cemy zagwarantowa\u0107, \u017ce nasz 3,4-EtPV spe\u0142nia wysokie wymagania badawcze. Ponadto na \u017cyczenie klienta otrzymuj\u0105 Pa\u0144stwo szczeg\u00f3\u0142owe raporty analityczne dotycz\u0105ce zakupionego materia\u0142u, co podkre\u015bla przejrzysto\u015b\u0107 naszej oferty.<\/p>\n<p>Dlatego standaryzacja naszych produkt\u00f3w jest podstaw\u0105 naszej filozofii biznesowej. Wiemy, \u017ce Twoja praca zale\u017cy od niezawodno\u015bci naszych chemikali\u00f3w. Je\u015bli u nas <b>3,4-EtPV na sprzeda\u017c<\/b> mo\u017cesz mie\u0107 pewno\u015b\u0107, \u017ce spe\u0142nia on najwy\u017csze standardy bran\u017cowe. Ponadto te rygorystyczne kontrole pozwalaj\u0105 uzyska\u0107 wyniki bada\u0144 z najwy\u017csz\u0105 mo\u017cliw\u0105 precyzj\u0105. W ko\u0144cu rzetelno\u015b\u0107 naukowa jest bezpo\u015brednio zwi\u0105zana z jako\u015bci\u0105 u\u017cytych materia\u0142\u00f3w.<\/p>\n<h3>Bezpiecze\u0144stwo i obs\u0142uga<\/h3>\n<p>Bezpieczne obchodzenie si\u0119 z chemikaliami badawczymi ma ogromne znaczenie. 3,4-EtPV powinien by\u0107 obs\u0142ugiwany wy\u0142\u0105cznie przez przeszkolony personel i zgodnie ze wszystkimi odpowiednimi przepisami bezpiecze\u0144stwa. Zaleca si\u0119 noszenie \u015brodk\u00f3w ochrony osobistej i prac\u0119 w dobrze wentylowanych pomieszczeniach. Udost\u0119pniamy kompleksowe informacje dotycz\u0105ce bezpiecznego obchodzenia si\u0119 z substancj\u0105, aby zapewni\u0107 maksymalne bezpiecze\u0144stwo \u015brodowiska badawczego. Ponadto zalecamy dok\u0142adne zapoznanie si\u0119 z aktualnymi kartami charakterystyki.<\/p>\n<p>Ponadto odpowiednie przechowywanie ma kluczowe znaczenie dla zapewnienia stabilno\u015bci i czysto\u015bci 3,4-EtPV przez d\u0142u\u017cszy czas. Nale\u017cy przestrzega\u0107 zalece\u0144 dotycz\u0105cych temperatury oraz ochrony przed \u015bwiat\u0142em i wilgoci\u0105. Ostro\u017cne obchodzenie si\u0119 z produktem nie tylko przyczynia si\u0119 do bezpiecze\u0144stwa w laboratorium, ale tak\u017ce chroni integralno\u015b\u0107 materia\u0142\u00f3w badawczych. Nasz 3,4-EtPV jest przetwarzany z najwy\u017csz\u0105 staranno\u015bci\u0105, aby zachowa\u0107 jego jako\u015b\u0107 a\u017c do momentu zastosowania w laboratorium.<\/p>\n<h2>Tw\u00f3j partner w zakresie chemikali\u00f3w badawczych: Chemgramx<\/h2>\n<p>Chemgramx ugruntowa\u0142o swoj\u0105 pozycj\u0119 jako godny zaufania dostawca chemikali\u00f3w badawczych. Nasze zaanga\u017cowanie w zapewnienie wysokiej jako\u015bci, czysto\u015bci i obs\u0142ugi klienta sprawia, \u017ce jeste\u015bmy pierwszym wyborem dla naukowc\u00f3w i badaczy na ca\u0142ym \u015bwiecie. Rozumiemy specyficzne wymagania \u015brodowiska laboratoryjnego i d\u0105\u017cymy do ich spe\u0142nienia poprzez oferowanie szerokiej gamy produkt\u00f3w. W zwi\u0105zku z tym oferujemy nie tylko produkty, ale tak\u017ce partnerstwo, kt\u00f3re wspiera Pa\u0144stwa d\u0105\u017cenia naukowe.<\/p>\n<h3>Dlaczego warto kupi\u0107 3,4-EtPV w Chemgramx?<\/h3>\n<p>Zakup 3,4-EtPV wymaga zaufania do dostawcy. W Chemgramx mo\u017cesz skorzysta\u0107 z naszej wiedzy i rygorystycznego systemu zarz\u0105dzania jako\u015bci\u0105. Ka\u017cdy produkt, w tym 3,4-EtPV, jest dok\u0142adnie sprawdzany, aby zagwarantowa\u0107 najwy\u017csz\u0105 czysto\u015b\u0107 i autentyczno\u015b\u0107. Ponadto oferujemy szczeg\u00f3\u0142owe informacje o produktach i dane analityczne, kt\u00f3re pomog\u0105 Ci w badaniach. Aby <b>Kup 3,4-EtPV<\/b> Jeste\u015bmy Pa\u0144stwa niezawodnym partnerem. <a href=\"https:\/\/chemgramx.com\/product\/34-etpv-online-kaufen\/\">Dowiedz si\u0119 wi\u0119cej o 3,4-EtPV<\/a> i jego dost\u0119pno\u015b\u0107 u nas.<\/p>\n<p>Ponadto przywi\u0105zujemy du\u017c\u0105 wag\u0119 do dyskrecji i profesjonalnej obs\u0142ugi. Pa\u0144stwa zam\u00f3wienia s\u0105 realizowane z najwy\u017csz\u0105 staranno\u015bci\u0105 i zgodnie z najwy\u017cszymi standardami. Nasi klienci ceni\u0105 sobie przejrzysto\u015b\u0107 i niezawodno\u015b\u0107, kt\u00f3re zapewniamy na ka\u017cdym etapie. Je\u015bli <b>kup teraz online<\/b>, mo\u017cesz liczy\u0107 na sprawny przebieg procesu. W ten spos\u00f3b <b>bezpieczny zakup<\/b> w Chemgramx stanowi inwestycj\u0119 w jako\u015b\u0107 Twoich bada\u0144.<\/p>\n<h3>Kompleksowe wsparcie dla Twoich projekt\u00f3w<\/h3>\n<p>Nasze us\u0142ugi nie ko\u0144cz\u0105 si\u0119 wraz ze sprzeda\u017c\u0105. Staramy si\u0119 wspiera\u0107 Pa\u0144stwa r\u00f3wnie\u017c po zakupie chemikali\u00f3w. Nasz zesp\u00f3\u0142 jest zawsze do Pa\u0144stwa dyspozycji, je\u015bli maj\u0105 Pa\u0144stwo pytania dotycz\u0105ce naszych produkt\u00f3w lub ich zastosowania. Dzi\u0119ki naszej wiedzy fachowej przyczyniamy si\u0119 do sprawnego przebiegu Pa\u0144stwa bada\u0144. Ponadto mog\u0105 Pa\u0144stwo polega\u0107 na naszej wiedzy specjalistycznej, je\u015bli chodzi o wyb\u00f3r odpowiednich materia\u0142\u00f3w do konkretnych projekt\u00f3w.<\/p>\n<p>Czy <b>Zam\u00f3w 3,4-EtPV online<\/b> lub inne chemikalia badawcze, w Chemgramx znajdziesz szerok\u0105 gam\u0119 wysokiej jako\u015bci substancji. Nieustannie staramy si\u0119 poszerza\u0107 nasz asortyment, aby sprosta\u0107 wymaganiom wsp\u00f3\u0142czesnych bada\u0144 naukowych. Ostatecznie naszym celem jest zapewnienie Ci p\u0142ynnego do\u015bwiadczenia podczas <b>Klasa badawcza na sprzeda\u017c<\/b> Szukaj. Kupuj w Chemgramx, aby skorzysta\u0107 z naszego zaanga\u017cowania w d\u0105\u017cenie do doskona\u0142o\u015bci.<\/p>\n<h2>Bezpieczny zakup i niezawodno\u015b\u0107<\/h2>\n<p>Decyzja o zakupie chemikali\u00f3w badawczych przez Internet wymaga du\u017cego zaufania. Chemgramx zdoby\u0142 to zaufanie dzi\u0119ki wieloletniej konsekwentnej jako\u015bci i bezpiecze\u0144stwu. Ka\u017cdy etap procesu ma na celu zapewnienie Pa\u0144stwu <b>bezpieczny zakup<\/b> i zapewni\u0107 niezawodn\u0105 dostaw\u0119 materia\u0142\u00f3w. Rozumiemy wra\u017cliwo\u015b\u0107 prowadzonych przez Pa\u0144stwa bada\u0144 i dzia\u0142amy w spos\u00f3b odpowiedzialny. W szczeg\u00f3lno\u015bci ochrona Pa\u0144stwa danych i integralno\u015b\u0107 zam\u00f3wienia s\u0105 dla nas najwy\u017cszym priorytetem.<\/p>\n<p>Nasz system zakup\u00f3w online jest solidny i przyjazny dla u\u017cytkownika. Dzi\u0119ki temu mo\u017cesz <b>Zam\u00f3w 3,4-EtPV online<\/b> z pe\u0142n\u0105 pewno\u015bci\u0105, \u017ce Twoje zam\u00f3wienie zostanie zrealizowane profesjonalnie. Ci\u0105g\u0142e doskonalenie naszych proces\u00f3w gwarantuje, \u017ce zawsze dzia\u0142amy zgodnie z najnowszym stanem techniki. Dlatego oferujemy Ci godn\u0105 zaufania platform\u0119, kt\u00f3ra spe\u0142ni Twoje wymagania naukowe. Kup <b>najlepszy dost\u0119pny 3,4-EtPV<\/b> i przekonaj si\u0119, jak\u0105 r\u00f3\u017cnic\u0119 stanowi zaanga\u017cowany dostawca.<\/p>\n<p>Podsumowuj\u0105c, Chemgramx jest idealnym partnerem dla os\u00f3b, kt\u00f3re: <b>3,4-EtPV na sprzeda\u017c<\/b> szuka\u0107. Skupiaj\u0105c si\u0119 na <b>wysokiej jako\u015bci 3,4-EtPV<\/b>, rygorystyczn\u0105 kontrol\u0119 jako\u015bci i doskona\u0142\u0105 obs\u0142ug\u0119 klienta, zapewniamy optymalne wsparcie dla Pa\u0144stwa bada\u0144. Kupujcie w Chemgramx, aby uzyska\u0107 dost\u0119p do produkt\u00f3w o niezr\u00f3wnanej czysto\u015bci i niezawodno\u015bci. Zaufajcie naszemu do\u015bwiadczeniu i zaanga\u017cowaniu w nauk\u0119.<\/p>","protected":false},"excerpt":{"rendered":"<p>Odkryj <b>wysokiej jako\u015bci 3,4-EtPV<\/b>, idealny do wymagaj\u0105cych zastosowa\u0144 badawczych. Zabezpiecz sobie <b>Kup 3,4-EtPV<\/b> w Chemgramx o gwarantowanej wysokiej czysto\u015bci i doskona\u0142ej jako\u015bci.<\/p>\n<ul>\n<li>Doskona\u0142a czysto\u015b\u0107<\/li>\n<li>Zoptymalizowane pod k\u0105tem bada\u0144 naukowych<\/li>\n<li>Bezpieczny zakup<\/li>\n<\/ul>","protected":false},"featured_media":8414,"comment_status":"open","ping_status":"closed","template":"","meta":{"_joinchat":[]},"product_brand":[],"product_cat":[48],"product_tag":[964,966,986,990,975,976,989,965,984,980,1450,985,1458,992,1457,1456,971,973,979,967,1452,972,978,1454,968,983,1451,991,970,987,981,1453,977,974,1459,988,982,969,1455],"class_list":{"0":"post-8380","1":"product","2":"type-product","3":"status-publish","4":"has-post-thumbnail","6":"product_cat-stimulants","7":"product_tag-964","8":"product_tag-4-ethylenepyrovaleron","9":"product_tag-4-ethylenepyrovaleron-effekte","10":"product_tag-4-ethylenepyrovaleron-fur-forschung","11":"product_tag-4-ethylenepyrovaleron-kaufen","12":"product_tag-4-ethylenepyrovaleron-lieferant","13":"product_tag-4-ethylenepyrovaleron-studien","14":"product_tag-4-etpv","15":"product_tag-4-etpv-analyse","16":"product_tag-4-etpv-anwendungen","17":"product_tag-4-etpv-bestellen","18":"product_tag-4-etpv-chemie","19":"product_tag-4-etpv-chemikalie","20":"product_tag-4-etpv-eigenschaften","21":"product_tag-4-etpv-experimente","22":"product_tag-4-etpv-forschung","23":"product_tag-4-etpv-forschungschemikalie","24":"product_tag-4-etpv-groshandel","25":"product_tag-4-etpv-handhabung","26":"product_tag-4-etpv-kaufen","27":"product_tag-4-etpv-labor","28":"product_tag-4-etpv-laboranwendung","29":"product_tag-4-etpv-lagerung","30":"product_tag-4-etpv-legal","31":"product_tag-4-etpv-lieferant","32":"product_tag-4-etpv-markt","33":"product_tag-4-etpv-online","34":"product_tag-4-etpv-pharmakologie","35":"product_tag-4-etpv-preis","36":"product_tag-4-etpv-reinheit","37":"product_tag-4-etpv-risiken","38":"product_tag-4-etpv-sicher","39":"product_tag-4-etpv-sicherheit","40":"product_tag-4-etpv-verfugbarkeit","41":"product_tag-4-etpv-versand","42":"product_tag-4-etpv-vertrieb","43":"product_tag-4-etpv-vorschriften","44":"product_tag-4-etpv-zum-verkauf","45":"product_tag-4etpv-gunstig","47":"first","48":"instock","49":"shipping-taxable","50":"purchasable","51":"product-type-variable"},"yoast_head":"<!-- This site is optimized with the Yoast SEO plugin v27.5 - https:\/\/yoast.com\/product\/yoast-seo-wordpress\/ -->\n<title>3,4-EtPV Kaufen \u2013 Reinheit (Verkauf | Qualit\u00e4t)<\/title>\n<meta name=\"description\" content=\"Entdecken Sie hochwertiges 3,4-EtPV zum Kauf bei Chemgramx. Wir bieten Forschungsklasse 3,4-EtPV mit hoher Reinheit f\u00fcr Ihre Laboranwendungen. Jetzt sicher online bestellen.\" \/>\n<meta name=\"robots\" content=\"index, follow, max-snippet:-1, max-image-preview:large, max-video-preview:-1\" \/>\n<link rel=\"canonical\" href=\"https:\/\/chemgramx.com\/pl\/produkt-1\/34-kup-etpv-online\/\" \/>\n<meta property=\"og:locale\" content=\"pl_PL\" \/>\n<meta property=\"og:type\" content=\"article\" \/>\n<meta property=\"og:title\" content=\"3,4-EtPV Kaufen \u2013 Reinheit (Verkauf | Qualit\u00e4t)\" \/>\n<meta property=\"og:description\" content=\"Entdecken Sie hochwertiges 3,4-EtPV zum Kauf bei Chemgramx. Wir bieten Forschungsklasse 3,4-EtPV mit hoher Reinheit f\u00fcr Ihre Laboranwendungen. Jetzt sicher online bestellen.\" \/>\n<meta property=\"og:url\" content=\"https:\/\/chemgramx.com\/pl\/produkt-1\/34-kup-etpv-online\/\" \/>\n<meta property=\"og:site_name\" content=\"Chemgramx\" \/>\n<meta property=\"article:modified_time\" content=\"2025-12-09T10:13:57+00:00\" \/>\n<meta property=\"og:image\" content=\"https:\/\/chemgramx.com\/wp-content\/uploads\/2025\/11\/Buy-34-EtPV-online.webp\" \/>\n\t<meta property=\"og:image:width\" content=\"300\" \/>\n\t<meta property=\"og:image:height\" content=\"300\" \/>\n\t<meta property=\"og:image:type\" content=\"image\/webp\" \/>\n<meta name=\"twitter:card\" content=\"summary_large_image\" \/>\n<meta name=\"twitter:label1\" content=\"Szacowany czas czytania\" \/>\n\t<meta name=\"twitter:data1\" content=\"2 minuty\" \/>\n<script type=\"application\/ld+json\" class=\"yoast-schema-graph\">{\"@context\":\"https:\\\/\\\/schema.org\",\"@graph\":[{\"@type\":\"WebPage\",\"@id\":\"https:\\\/\\\/chemgramx.com\\\/product\\\/34-etpv-online-kaufen\\\/\",\"url\":\"https:\\\/\\\/chemgramx.com\\\/product\\\/34-etpv-online-kaufen\\\/\",\"name\":\"3,4-EtPV Kaufen \u2013 Reinheit (Verkauf | Qualit\u00e4t)\",\"isPartOf\":{\"@id\":\"https:\\\/\\\/chemgramx.com\\\/#website\"},\"primaryImageOfPage\":{\"@id\":\"https:\\\/\\\/chemgramx.com\\\/product\\\/34-etpv-online-kaufen\\\/#primaryimage\"},\"image\":{\"@id\":\"https:\\\/\\\/chemgramx.com\\\/product\\\/34-etpv-online-kaufen\\\/#primaryimage\"},\"thumbnailUrl\":\"https:\\\/\\\/chemgramx.com\\\/wp-content\\\/uploads\\\/2025\\\/11\\\/Buy-34-EtPV-online.webp\",\"datePublished\":\"2025-11-21T18:17:58+00:00\",\"dateModified\":\"2025-12-09T10:13:57+00:00\",\"description\":\"Entdecken Sie hochwertiges 3,4-EtPV zum Kauf bei Chemgramx. Wir bieten Forschungsklasse 3,4-EtPV mit hoher Reinheit f\u00fcr Ihre Laboranwendungen. Jetzt sicher online bestellen.\",\"breadcrumb\":{\"@id\":\"https:\\\/\\\/chemgramx.com\\\/product\\\/34-etpv-online-kaufen\\\/#breadcrumb\"},\"inLanguage\":\"pl-PL\",\"potentialAction\":[{\"@type\":\"ReadAction\",\"target\":[\"https:\\\/\\\/chemgramx.com\\\/product\\\/34-etpv-online-kaufen\\\/\"]}]},{\"@type\":\"ImageObject\",\"inLanguage\":\"pl-PL\",\"@id\":\"https:\\\/\\\/chemgramx.com\\\/product\\\/34-etpv-online-kaufen\\\/#primaryimage\",\"url\":\"https:\\\/\\\/chemgramx.com\\\/wp-content\\\/uploads\\\/2025\\\/11\\\/Buy-34-EtPV-online.webp\",\"contentUrl\":\"https:\\\/\\\/chemgramx.com\\\/wp-content\\\/uploads\\\/2025\\\/11\\\/Buy-34-EtPV-online.webp\",\"width\":300,\"height\":300},{\"@type\":\"BreadcrumbList\",\"@id\":\"https:\\\/\\\/chemgramx.com\\\/product\\\/34-etpv-online-kaufen\\\/#breadcrumb\",\"itemListElement\":[{\"@type\":\"ListItem\",\"position\":1,\"name\":\"Home\",\"item\":\"https:\\\/\\\/chemgramx.com\\\/\"},{\"@type\":\"ListItem\",\"position\":2,\"name\":\"Shop\",\"item\":\"https:\\\/\\\/chemgramx.com\\\/shop\\\/\"},{\"@type\":\"ListItem\",\"position\":3,\"name\":\"3,4-EtPV Kaufen \u2013 Reinheit (Verkauf | Qualit\u00e4t)\"}]},{\"@type\":\"WebSite\",\"@id\":\"https:\\\/\\\/chemgramx.com\\\/#website\",\"url\":\"https:\\\/\\\/chemgramx.com\\\/\",\"name\":\"Chemgramx\",\"description\":\"\",\"publisher\":{\"@id\":\"https:\\\/\\\/chemgramx.com\\\/#organization\"},\"potentialAction\":[{\"@type\":\"SearchAction\",\"target\":{\"@type\":\"EntryPoint\",\"urlTemplate\":\"https:\\\/\\\/chemgramx.com\\\/?s={search_term_string}\"},\"query-input\":{\"@type\":\"PropertyValueSpecification\",\"valueRequired\":true,\"valueName\":\"search_term_string\"}}],\"inLanguage\":\"pl-PL\"},{\"@type\":\"Organization\",\"@id\":\"https:\\\/\\\/chemgramx.com\\\/#organization\",\"name\":\"Chemgramx\",\"url\":\"https:\\\/\\\/chemgramx.com\\\/\",\"logo\":{\"@type\":\"ImageObject\",\"inLanguage\":\"pl-PL\",\"@id\":\"https:\\\/\\\/chemgramx.com\\\/#\\\/schema\\\/logo\\\/image\\\/\",\"url\":\"https:\\\/\\\/chemgramx.com\\\/wp-content\\\/uploads\\\/2024\\\/10\\\/final-logo.png\",\"contentUrl\":\"https:\\\/\\\/chemgramx.com\\\/wp-content\\\/uploads\\\/2024\\\/10\\\/final-logo.png\",\"width\":250,\"height\":48,\"caption\":\"Chemgramx\"},\"image\":{\"@id\":\"https:\\\/\\\/chemgramx.com\\\/#\\\/schema\\\/logo\\\/image\\\/\"}}]}<\/script>\n<!-- \/ Yoast SEO plugin. -->","yoast_head_json":{"title":"Kup 3,4-EtPV \u2013 czysto\u015b\u0107 (sprzeda\u017c | jako\u015b\u0107)","description":"Odkryj wysokiej jako\u015bci 3,4-EtPV dost\u0119pny w sprzeda\u017cy w Chemgramx. Oferujemy 3,4-EtPV klasy badawczej o wysokiej czysto\u015bci do zastosowa\u0144 laboratoryjnych. Zam\u00f3w teraz bezpiecznie online.","robots":{"index":"index","follow":"follow","max-snippet":"max-snippet:-1","max-image-preview":"max-image-preview:large","max-video-preview":"max-video-preview:-1"},"canonical":"https:\/\/chemgramx.com\/pl\/produkt-1\/34-kup-etpv-online\/","og_locale":"pl_PL","og_type":"article","og_title":"3,4-EtPV Kaufen \u2013 Reinheit (Verkauf | Qualit\u00e4t)","og_description":"Entdecken Sie hochwertiges 3,4-EtPV zum Kauf bei Chemgramx. Wir bieten Forschungsklasse 3,4-EtPV mit hoher Reinheit f\u00fcr Ihre Laboranwendungen. Jetzt sicher online bestellen.","og_url":"https:\/\/chemgramx.com\/pl\/produkt-1\/34-kup-etpv-online\/","og_site_name":"Chemgramx","article_modified_time":"2025-12-09T10:13:57+00:00","og_image":[{"width":300,"height":300,"url":"https:\/\/chemgramx.com\/wp-content\/uploads\/2025\/11\/Buy-34-EtPV-online.webp","type":"image\/webp"}],"twitter_card":"summary_large_image","twitter_misc":{"Szacowany czas czytania":"2 minuty"},"schema":{"@context":"https:\/\/schema.org","@graph":[{"@type":"WebPage","@id":"https:\/\/chemgramx.com\/product\/34-etpv-online-kaufen\/","url":"https:\/\/chemgramx.com\/product\/34-etpv-online-kaufen\/","name":"Kup 3,4-EtPV \u2013 czysto\u015b\u0107 (sprzeda\u017c | jako\u015b\u0107)","isPartOf":{"@id":"https:\/\/chemgramx.com\/#website"},"primaryImageOfPage":{"@id":"https:\/\/chemgramx.com\/product\/34-etpv-online-kaufen\/#primaryimage"},"image":{"@id":"https:\/\/chemgramx.com\/product\/34-etpv-online-kaufen\/#primaryimage"},"thumbnailUrl":"https:\/\/chemgramx.com\/wp-content\/uploads\/2025\/11\/Buy-34-EtPV-online.webp","datePublished":"2025-11-21T18:17:58+00:00","dateModified":"2025-12-09T10:13:57+00:00","description":"Odkryj wysokiej jako\u015bci 3,4-EtPV dost\u0119pny w sprzeda\u017cy w Chemgramx. Oferujemy 3,4-EtPV klasy badawczej o wysokiej czysto\u015bci do zastosowa\u0144 laboratoryjnych. Zam\u00f3w teraz bezpiecznie online.","breadcrumb":{"@id":"https:\/\/chemgramx.com\/product\/34-etpv-online-kaufen\/#breadcrumb"},"inLanguage":"pl-PL","potentialAction":[{"@type":"ReadAction","target":["https:\/\/chemgramx.com\/product\/34-etpv-online-kaufen\/"]}]},{"@type":"ImageObject","inLanguage":"pl-PL","@id":"https:\/\/chemgramx.com\/product\/34-etpv-online-kaufen\/#primaryimage","url":"https:\/\/chemgramx.com\/wp-content\/uploads\/2025\/11\/Buy-34-EtPV-online.webp","contentUrl":"https:\/\/chemgramx.com\/wp-content\/uploads\/2025\/11\/Buy-34-EtPV-online.webp","width":300,"height":300},{"@type":"BreadcrumbList","@id":"https:\/\/chemgramx.com\/product\/34-etpv-online-kaufen\/#breadcrumb","itemListElement":[{"@type":"ListItem","position":1,"name":"Home","item":"https:\/\/chemgramx.com\/"},{"@type":"ListItem","position":2,"name":"Shop","item":"https:\/\/chemgramx.com\/shop\/"},{"@type":"ListItem","position":3,"name":"3,4-EtPV Kaufen \u2013 Reinheit (Verkauf | Qualit\u00e4t)"}]},{"@type":"WebSite","@id":"https:\/\/chemgramx.com\/#website","url":"https:\/\/chemgramx.com\/","name":"Chemgramx","description":"","publisher":{"@id":"https:\/\/chemgramx.com\/#organization"},"potentialAction":[{"@type":"SearchAction","target":{"@type":"EntryPoint","urlTemplate":"https:\/\/chemgramx.com\/?s={search_term_string}"},"query-input":{"@type":"PropertyValueSpecification","valueRequired":true,"valueName":"search_term_string"}}],"inLanguage":"pl-PL"},{"@type":"Organization","@id":"https:\/\/chemgramx.com\/#organization","name":"Chemgramx","url":"https:\/\/chemgramx.com\/","logo":{"@type":"ImageObject","inLanguage":"pl-PL","@id":"https:\/\/chemgramx.com\/#\/schema\/logo\/image\/","url":"https:\/\/chemgramx.com\/wp-content\/uploads\/2024\/10\/final-logo.png","contentUrl":"https:\/\/chemgramx.com\/wp-content\/uploads\/2024\/10\/final-logo.png","width":250,"height":48,"caption":"Chemgramx"},"image":{"@id":"https:\/\/chemgramx.com\/#\/schema\/logo\/image\/"}}]}},"_links":{"self":[{"href":"https:\/\/chemgramx.com\/pl\/wp-json\/wp\/v2\/product\/8380","targetHints":{"allow":["GET"]}}],"collection":[{"href":"https:\/\/chemgramx.com\/pl\/wp-json\/wp\/v2\/product"}],"about":[{"href":"https:\/\/chemgramx.com\/pl\/wp-json\/wp\/v2\/types\/product"}],"replies":[{"embeddable":true,"href":"https:\/\/chemgramx.com\/pl\/wp-json\/wp\/v2\/comments?post=8380"}],"wp:featuredmedia":[{"embeddable":true,"href":"https:\/\/chemgramx.com\/pl\/wp-json\/wp\/v2\/media\/8414"}],"wp:attachment":[{"href":"https:\/\/chemgramx.com\/pl\/wp-json\/wp\/v2\/media?parent=8380"}],"wp:term":[{"taxonomy":"product_brand","embeddable":true,"href":"https:\/\/chemgramx.com\/pl\/wp-json\/wp\/v2\/product_brand?post=8380"},{"taxonomy":"product_cat","embeddable":true,"href":"https:\/\/chemgramx.com\/pl\/wp-json\/wp\/v2\/product_cat?post=8380"},{"taxonomy":"product_tag","embeddable":true,"href":"https:\/\/chemgramx.com\/pl\/wp-json\/wp\/v2\/product_tag?post=8380"}],"curies":[{"name":"wp","href":"https:\/\/api.w.org\/{rel}","templated":true}]}}