{"id":8385,"date":"2025-11-21T18:18:26","date_gmt":"2025-11-21T18:18:26","guid":{"rendered":"https:\/\/chemgramx.com\/?post_type=product&#038;p=8385"},"modified":"2025-12-09T10:13:50","modified_gmt":"2025-12-09T10:13:50","slug":"4c-mar-zamowienie-online","status":"publish","type":"product","link":"https:\/\/chemgramx.com\/pl\/product\/4c-mar-online-bestellung\/","title":{"rendered":"Kup 4C-MAR \u2013 najwy\u017csza jako\u015b\u0107"},"content":{"rendered":"<p>Rozpocznij swoj\u0105 wypraw\u0119 badawcz\u0105 z Chemgramx, wiod\u0105cym \u017ar\u00f3d\u0142em wysokiej jako\u015bci chemikali\u00f3w. Je\u015bli <b>Kup 4C-MAR na sprzeda\u017c<\/b> oferujemy niezr\u00f3wnane po\u0142\u0105czenie czysto\u015bci i niezawodno\u015bci. Nasze zaanga\u017cowanie w doskona\u0142o\u015b\u0107 naukow\u0105 gwarantuje, \u017ce ka\u017cda partia spe\u0142nia najbardziej rygorystyczne standardy jako\u015bci. To sprawia, \u017ce nasz 4C-MAR jest idealnym wyborem dla wymagaj\u0105cych laboratori\u00f3w i organizacji badawczych.<\/p>\n<h2>Istota 4C-MAR: wprowadzenie naukowe<\/h2>\n<p><b>4C-MAR<\/b>, substancja o du\u017cym znaczeniu w nowoczesnych badaniach chemicznych, wymaga najwy\u017cszej precyzji w produkcji i obs\u0142udze. Chemgramx rozumie t\u0119 potrzeb\u0119. Co wi\u0119cej, zapewniamy, \u017ce nasz produkt nie tylko spe\u0142nia, ale nawet przewy\u017csza wymagania analityczne Twoich projekt\u00f3w. W rezultacie mo\u017cna polega\u0107 na sp\u00f3jnych i powtarzalnych wynikach.<\/p>\n<h3>Czym jest 4C-MAR?<\/h3>\n<p>4C-MAR jest syntetycznym zwi\u0105zkiem chemicznym znanym ze swojej unikalnej struktury molekularnej i potencjalnych zastosowa\u0144 w specjalistycznych badaniach. Jest szczeg\u00f3lnie ceniony przez naukowc\u00f3w pracuj\u0105cych nad z\u0142o\u017conymi interakcjami chemicznymi. Ponadto szczeg\u00f3\u0142owe zrozumienie jego w\u0142a\u015bciwo\u015bci oferuje nowe perspektywy w r\u00f3\u017cnych dyscyplinach. W zwi\u0105zku z tym prawid\u0142owa charakterystyka ma kluczowe znaczenie.<\/p>\n<h3>Znaczenie czysto\u015bci i jako\u015bci<\/h3>\n<p>Czysto\u015b\u0107 badanej substancji chemicznej ma ogromne znaczenie dla wiarygodno\u015bci wynik\u00f3w eksperyment\u00f3w. Gwarantowana czysto\u015b\u0107 to co\u015b wi\u0119cej ni\u017c tylko punkt sprzeda\u017cy - to podstawowy filar naszej filozofii w Chemgramx. Oferujemy <b>Wysokiej jako\u015bci 4C-MAR<\/b>, kt\u00f3ry jest produkowany i testowany w najsurowszych warunkach laboratoryjnych. Zapewnia to redukcj\u0119 zanieczyszcze\u0144 do minimum.<\/p>\n<h2>Dlaczego warto kupi\u0107 4C-MAR od Chemgramx?<\/h2>\n<p>Decyzja o tym, gdzie zaopatrywa\u0107 si\u0119 w chemikalia badawcze, ma bezpo\u015bredni wp\u0142yw na powodzenie bada\u0144. W Chemgramx jeste\u015bmy dumni z tego, \u017ce jeste\u015bmy uznawani za zaufanego dostawc\u0119. Co wi\u0119cej, oferujemy nie tylko produkty, ale partnerstwo oparte na jako\u015bci i nauce. Dlatego oczywiste jest, \u017ce nasze <b>najlepszy dost\u0119pny 4C-MAR<\/b> aby optymalnie wspiera\u0107 badania.<\/p>\n<h3>Nasza obietnica jako\u015bci<\/h3>\n<p>Nasze zaanga\u017cowanie w jako\u015b\u0107 jest kompleksowe. Ka\u017cda przesy\u0142ka jest starannie przetwarzana w celu zachowania integralno\u015bci produktu. Dostarczamy r\u00f3wnie\u017c szczeg\u00f3\u0142owe certyfikaty analizy, aby potwierdzi\u0107 czysto\u015b\u0107 i to\u017csamo\u015b\u0107 naszego produktu. <b>autentyczny 4C-MAR<\/b> potwierdzi\u0107. Wiemy, \u017ce badania wymagaj\u0105 bezkompromisowej jako\u015bci, dlatego jest to nasz najwy\u017cszy priorytet.<\/p>\n<ul>\n<li><b>Rygorystyczne analizy:<\/b> Ka\u017cda partia przechodzi szczeg\u00f3\u0142owe testy.<\/li>\n<li><b>Udokumentowana czysto\u015b\u0107:<\/b> Szczeg\u00f3\u0142owe certyfikaty analizy s\u0105 standardem.<\/li>\n<li><b>Obs\u0142uga specyficzna dla produktu:<\/b> Zapewnienie stabilno\u015bci i skuteczno\u015bci.<\/li>\n<\/ul>\n<h3>Zastosowania badawcze i laboratoryjne<\/h3>\n<p><b>4C-MAR<\/b> jest wykorzystywany g\u0142\u00f3wnie w specjalistycznych badaniach i analizach chemicznych. Jest to cenne narz\u0119dzie dla naukowc\u00f3w badaj\u0105cych w\u0142a\u015bciwo\u015bci stymulant\u00f3w, empatogen\u00f3w lub zwi\u0105zk\u00f3w pokrewnych. W zwi\u0105zku z tym nasz <b>Jako\u015b\u0107 bada\u0144 naukowych na sprzeda\u017c<\/b> stoj\u0105cy 4C-MAR idealny dla <i>In vitro<\/i>-Badania, analityczne wzorce odniesienia lub jako sk\u0142adnik w z\u0142o\u017conych syntezach. Chcesz dowiedzie\u0107 si\u0119 wi\u0119cej o podobnych zwi\u0105zkach? Odkryj nasz\u0105 ofert\u0119, na przyk\u0142ad <b><a href=\"https:\/\/chemgramx.com\/product\/6-mapb-6-methyl-2-aminopropylbenzofuran-online-kaufen\/\">Kup 6-MAPB (6-metylo-2-aminopropylobenzofuran) online<\/a><\/b>, kt\u00f3ry r\u00f3wnie\u017c zosta\u0142 zaprojektowany z my\u015bl\u0105 o najwy\u017cszych wymaganiach.<\/p>\n<p>Ponadto nasze <b>Jako\u015b\u0107 laboratoryjna na sprzeda\u017c<\/b> 4C-MAR idealnie nadaje si\u0119 do projekt\u00f3w wymagaj\u0105cych maksymalnej precyzji i niezawodno\u015bci. Obejmuje to analizy toksykologiczne, badania farmakologiczne lub opracowywanie nowych \u015bcie\u017cek syntezy. Chemgramx oferuje zatem niezb\u0119dne zasoby do osi\u0105gni\u0119cia cel\u00f3w naukowych. Ponadto sta\u0142\u0105 dost\u0119pno\u015b\u0107 jest decyduj\u0105c\u0105 zalet\u0105.<\/p>\n<h2>Zalety starannej selekcji<\/h2>\n<p>Wyb\u00f3r odpowiedniego dostawcy chemikali\u00f3w badawczych to decyzja o dalekosi\u0119\u017cnym znaczeniu. Chemgramx \u0142\u0105czy wiedz\u0119 naukow\u0105 z podej\u015bciem zorientowanym na klienta. Staramy si\u0119 zapewni\u0107 najlepsz\u0105 mo\u017cliw\u0105 obs\u0142ug\u0119. Ponadto nasza platforma zosta\u0142a specjalnie zaprojektowana, aby zakup chemikali\u00f3w badawczych by\u0142 jak najbardziej wydajny i bezpieczny.<\/p>\n<h3>Autentyczny 4C-MAR dla twoich studi\u00f3w<\/h3>\n<p>Tylko <b>autentyczny 4C-MAR<\/b> zapewnia oczekiwane wyniki w z\u0142o\u017conych eksperymentach. Gwarantujemy autentyczno\u015b\u0107 naszych produkt\u00f3w poprzez pe\u0142n\u0105 identyfikowalno\u015b\u0107 i kompleksowe kontrole jako\u015bci. Ponadto stale inwestujemy w najnowocze\u015bniejsze techniki analityczne, aby zapewni\u0107 integralno\u015b\u0107 ka\u017cdej substancji. W rezultacie mo\u017cesz prowadzi\u0107 badania z pe\u0142nym zaufaniem.<\/p>\n<h3>Zaufanie dzi\u0119ki przejrzystym procesom<\/h3>\n<p>Proces pozyskiwania chemikali\u00f3w badawczych powinien by\u0107 przejrzysty i bezpieczny. W Chemgramx przywi\u0105zujemy du\u017c\u0105 wag\u0119 do tego, aby <b>pewny zakup<\/b>. Wszystkie transakcje s\u0105 przetwarzane z zachowaniem najwy\u017cszej dyskrecji i zgodnie z surowymi standardami bezpiecze\u0144stwa. Dlatego mo\u017cesz <b>Zam\u00f3w 4C-MAR online<\/b> wiedz\u0105c, \u017ce Twoje dane i zam\u00f3wienie s\u0105 u nas w bezpiecznych r\u0119kach.<\/p>\n<p>Rozumiemy wra\u017cliwe wymagania spo\u0142eczno\u015bci badawczej. W zwi\u0105zku z tym ka\u017cde zam\u00f3wienie jest nie tylko starannie przetwarzane, ale tak\u017ce dyskretnie przygotowywane. Gwarantuje to, \u017ce materia\u0142 badawczy zostanie dostarczony w nienaruszonym stanie i zgodnie z najwy\u017cszymi standardami. Wi\u0119cej informacji na temat 4C-MAR mo\u017cna znale\u017a\u0107 bezpo\u015brednio na stronie produktu: <b><a href=\"https:\/\/chemgramx.com\/product\/4c-mar-online-bestellung\/\">4C-MAR zam\u00f3wienie online<\/a><\/b>.<\/p>\n<h2>Chemgramx: Tw\u00f3j partner w zakresie wysokiej jako\u015bci chemikali\u00f3w badawczych<\/h2>\n<p>Jako dedykowany partner w badaniach naukowych, Chemgramx oferuje platform\u0119 dostosowan\u0105 do potrzeb spo\u0142eczno\u015bci naukowej. Naszym celem jest uproszczenie dost\u0119pu do \u015bwiatowej klasy chemikali\u00f3w badawczych. Ponadto nasz zesp\u00f3\u0142 jest zawsze gotowy, aby wesprze\u0107 Ci\u0119 fachow\u0105 wiedz\u0105 i doskona\u0142\u0105 obs\u0142ug\u0105. Dzi\u0119ki temu mo\u017cesz w pe\u0142ni skoncentrowa\u0107 si\u0119 na swoich eksperymentach.<\/p>\n<h3>Odkryj nasz\u0105 szerok\u0105 ofert\u0119<\/h3>\n<p>Poza tym <b>4C-MAR<\/b> Nasze portfolio obejmuje wiele innych specjalistycznych chemikali\u00f3w badawczych. Stale poszerzamy nasz\u0105 ofert\u0119, aby sprosta\u0107 najnowszym wymaganiom naukowym. Oznacza to, \u017ce zawsze znajdziesz substancje, kt\u00f3rych potrzebujesz do swoich projekt\u00f3w. Odkryj r\u00f3\u017cnorodno\u015b\u0107 naszej oferty i <b>wysoka czysto\u015b\u0107 na sprzeda\u017c<\/b> chemikali\u00f3w oferowanych przez Chemgramx.<\/p>\n<table>\n<thead>\n<tr>\n<th>Charakterystyka produktu<\/th>\n<th>Korzy\u015bci dla bada\u0144<\/th>\n<\/tr>\n<\/thead>\n<tbody>\n<tr>\n<td>Wysoka czysto\u015b\u0107<\/td>\n<td>Gwarantowane, powtarzalne wyniki<\/td>\n<\/tr>\n<tr>\n<td>Certyfikaty analizy<\/td>\n<td>Sprawdzona jako\u015b\u0107 i sk\u0142ad<\/td>\n<\/tr>\n<tr>\n<td>\u015acis\u0142a kontrola<\/td>\n<td>Minimalizacja zanieczyszcze\u0144<\/td>\n<\/tr>\n<tr>\n<td>Zr\u00f3\u017cnicowany zakres<\/td>\n<td>Szerokie wsparcie dla r\u00f3\u017cnych projekt\u00f3w<\/td>\n<\/tr>\n<\/tbody>\n<\/table>\n<h3>Kup 4C-MAR online ju\u017c teraz<\/h3>\n<p>Gotowy do rozpocz\u0119cia bada\u0144 z <b>Najwy\u017csza jako\u015b\u0107 4C-MAR<\/b> aby przej\u015b\u0107 dalej? Proces jest prosty i bezpieczny. Mo\u017cesz <b>Kup teraz online<\/b> i mie\u0107 pewno\u015b\u0107, \u017ce otrzymasz produkt spe\u0142niaj\u0105cy najwy\u017csze standardy. Zapraszamy do przekonania si\u0119 o korzy\u015bciach p\u0142yn\u0105cych z partnerstwa z Chemgramx. Nasz oddany zesp\u00f3\u0142 ch\u0119tnie odpowie na wszelkie pytania.<\/p>\n<p>Skorzystaj z okazji, <b>4C-MAR<\/b> do swoich bada\u0144 i skorzystaj z naszej wiedzy specjalistycznej. Akwizycja zosta\u0142a zaprojektowana tak, aby by\u0142a p\u0142ynna, dzi\u0119ki czemu mo\u017cna szybko wr\u00f3ci\u0107 do eksperyment\u00f3w. W rezultacie Chemgramx jest idealnym wyborem dla Twoich potrzeb.<\/p>\n<h2>Podsumowanie i kolejne kroki<\/h2>\n<p>Podsumowuj\u0105c, mo\u017cna stwierdzi\u0107, \u017ce nabycie <b>Kup 4C-MAR na sprzeda\u017c<\/b> w Chemgramx oznacza wyb\u00f3r bezkompromisowej jako\u015bci, wysokiej czysto\u015bci i bezpiecznego, przejrzystego procesu. Nasz <b>autentyczny 4C-MAR<\/b> zosta\u0142 specjalnie zaprojektowany do wymagaj\u0105cych zastosowa\u0144 badawczych. W zwi\u0105zku z tym stanowi doskona\u0142\u0105 podstaw\u0119 dla odkry\u0107 naukowych. Polegaj na partnerze, kt\u00f3ry podziela Twoje cele naukowe i wspiera Ci\u0119 najlepszymi dost\u0119pnymi zasobami.<\/p>\n<p>Zapraszamy do odkrycia korzy\u015bci p\u0142yn\u0105cych z Chemgramx dla Pa\u0144stwa laboratori\u00f3w. Nasz zesp\u00f3\u0142 jest gotowy pom\u00f3c w wyborze i zakupie chemikali\u00f3w badawczych. Nie wahaj si\u0119, <b>Kupi\u0107 w Chemgramx<\/b> i do\u015bwiadcz r\u00f3\u017cnicy w swoich badaniach. Z niecierpliwo\u015bci\u0105 czekamy na powitanie Ci\u0119 jako cennego klienta.<\/p>","protected":false},"excerpt":{"rendered":"<p>Odkryj <b>4C-MAR<\/b>, syntetyczna substancja chemiczna o najwy\u017cszej czysto\u015bci, idealna do wymagaj\u0105cych bada\u0144 laboratoryjnych. Ten produkt, kt\u00f3ry zosta\u0142 specjalnie opracowany do cel\u00f3w analitycznych i naukowych, stanowi niezawodn\u0105 podstaw\u0119 do eksperyment\u00f3w. Gwarantujemy staranne przetwarzanie. Je\u015bli <b>Kup 4C-MAR<\/b> W Chemgramx oferujemy najwy\u017csz\u0105 jako\u015b\u0107 i bezpieczny zakup.<\/p>\n<ul>\n<li>Jako\u015b\u0107 badawcza z gwarancj\u0105 czysto\u015bci.<\/li>\n<li>Idealny do zastosowa\u0144 analitycznych i <i>In vitro<\/i>-badania.<\/li>\n<li>Bezpieczny zakup i dyskretne przetwarzanie.<\/li>\n<\/ul>","protected":false},"featured_media":8415,"comment_status":"open","ping_status":"closed","template":"","meta":{"_joinchat":[]},"product_brand":[],"product_cat":[48],"product_tag":[937,957,961,946,947,960,936,955,951,956,962,942,944,950,938,943,949,939,954,963,941,958,952,948,945,959,953,940],"class_list":{"0":"post-8385","1":"product","2":"type-product","3":"status-publish","4":"has-post-thumbnail","6":"product_cat-stimulants","7":"product_tag-4-chlormethylaminorex","8":"product_tag-4-chlormethylaminorex-effekte","9":"product_tag-4-chlormethylaminorex-fur-forschung","10":"product_tag-4-chlormethylaminorex-kaufen","11":"product_tag-4-chlormethylaminorex-lieferant","12":"product_tag-4-chlormethylaminorex-studien","13":"product_tag-4c-mar","14":"product_tag-4c-mar-analyse","15":"product_tag-4c-mar-anwendungen","16":"product_tag-4c-mar-chemie","17":"product_tag-4c-mar-eigenschaften","18":"product_tag-4c-mar-forschungschemikalie","19":"product_tag-4c-mar-groshandel","20":"product_tag-4c-mar-handhabung","21":"product_tag-4c-mar-kaufen","22":"product_tag-4c-mar-laboranwendung","23":"product_tag-4c-mar-lagerung","24":"product_tag-4c-mar-lieferant","25":"product_tag-4c-mar-markt","26":"product_tag-4c-mar-pharmakologie","27":"product_tag-4c-mar-preis","28":"product_tag-4c-mar-reinheit","29":"product_tag-4c-mar-risiken","30":"product_tag-4c-mar-sicherheit","31":"product_tag-4c-mar-verfugbarkeit","32":"product_tag-4c-mar-vertrieb","33":"product_tag-4c-mar-vorschriften","34":"product_tag-4c-mar-zum-verkauf","36":"first","37":"instock","38":"shipping-taxable","39":"purchasable","40":"product-type-variable"},"yoast_head":"<!-- This site is optimized with the Yoast SEO plugin v27.5 - https:\/\/yoast.com\/product\/yoast-seo-wordpress\/ -->\n<title>4C-MAR erwerben - Premium Qualit\u00e4t<\/title>\n<meta name=\"description\" content=\"Entdecken Sie 4C-MAR bei Chemgramx: Forschungsqualit\u00e4t zum Verkauf. Jetzt 4C-MAR kaufen f\u00fcr pr\u00e4zise Studien. Hohe Reinheit &amp; sicherer Erwerb f\u00fcr Ihr Labor.\" \/>\n<meta name=\"robots\" content=\"index, follow, max-snippet:-1, max-image-preview:large, max-video-preview:-1\" \/>\n<link rel=\"canonical\" href=\"https:\/\/chemgramx.com\/pl\/produkt-1\/4c-mar-zamowienie-online\/\" \/>\n<meta property=\"og:locale\" content=\"pl_PL\" \/>\n<meta property=\"og:type\" content=\"article\" \/>\n<meta property=\"og:title\" content=\"4C-MAR erwerben - Premium Qualit\u00e4t\" \/>\n<meta property=\"og:description\" content=\"Entdecken Sie 4C-MAR bei Chemgramx: Forschungsqualit\u00e4t zum Verkauf. Jetzt 4C-MAR kaufen f\u00fcr pr\u00e4zise Studien. Hohe Reinheit &amp; sicherer Erwerb f\u00fcr Ihr Labor.\" \/>\n<meta property=\"og:url\" content=\"https:\/\/chemgramx.com\/pl\/produkt-1\/4c-mar-zamowienie-online\/\" \/>\n<meta property=\"og:site_name\" content=\"Chemgramx\" \/>\n<meta property=\"article:modified_time\" content=\"2025-12-09T10:13:50+00:00\" \/>\n<meta property=\"og:image\" content=\"https:\/\/chemgramx.com\/wp-content\/uploads\/2025\/11\/Buy-4C-MAR-online-2.webp\" \/>\n\t<meta property=\"og:image:width\" content=\"400\" \/>\n\t<meta property=\"og:image:height\" content=\"300\" \/>\n\t<meta property=\"og:image:type\" content=\"image\/webp\" \/>\n<meta name=\"twitter:card\" content=\"summary_large_image\" \/>\n<meta name=\"twitter:label1\" content=\"Szacowany czas czytania\" \/>\n\t<meta name=\"twitter:data1\" content=\"2 minuty\" \/>\n<script type=\"application\/ld+json\" class=\"yoast-schema-graph\">{\"@context\":\"https:\\\/\\\/schema.org\",\"@graph\":[{\"@type\":\"WebPage\",\"@id\":\"https:\\\/\\\/chemgramx.com\\\/product\\\/4c-mar-online-bestellung\\\/\",\"url\":\"https:\\\/\\\/chemgramx.com\\\/product\\\/4c-mar-online-bestellung\\\/\",\"name\":\"4C-MAR erwerben - Premium Qualit\u00e4t\",\"isPartOf\":{\"@id\":\"https:\\\/\\\/chemgramx.com\\\/#website\"},\"primaryImageOfPage\":{\"@id\":\"https:\\\/\\\/chemgramx.com\\\/product\\\/4c-mar-online-bestellung\\\/#primaryimage\"},\"image\":{\"@id\":\"https:\\\/\\\/chemgramx.com\\\/product\\\/4c-mar-online-bestellung\\\/#primaryimage\"},\"thumbnailUrl\":\"https:\\\/\\\/chemgramx.com\\\/wp-content\\\/uploads\\\/2025\\\/11\\\/Buy-4C-MAR-online-2.webp\",\"datePublished\":\"2025-11-21T18:18:26+00:00\",\"dateModified\":\"2025-12-09T10:13:50+00:00\",\"description\":\"Entdecken Sie 4C-MAR bei Chemgramx: Forschungsqualit\u00e4t zum Verkauf. Jetzt 4C-MAR kaufen f\u00fcr pr\u00e4zise Studien. Hohe Reinheit & sicherer Erwerb f\u00fcr Ihr Labor.\",\"breadcrumb\":{\"@id\":\"https:\\\/\\\/chemgramx.com\\\/product\\\/4c-mar-online-bestellung\\\/#breadcrumb\"},\"inLanguage\":\"pl-PL\",\"potentialAction\":[{\"@type\":\"ReadAction\",\"target\":[\"https:\\\/\\\/chemgramx.com\\\/product\\\/4c-mar-online-bestellung\\\/\"]}]},{\"@type\":\"ImageObject\",\"inLanguage\":\"pl-PL\",\"@id\":\"https:\\\/\\\/chemgramx.com\\\/product\\\/4c-mar-online-bestellung\\\/#primaryimage\",\"url\":\"https:\\\/\\\/chemgramx.com\\\/wp-content\\\/uploads\\\/2025\\\/11\\\/Buy-4C-MAR-online-2.webp\",\"contentUrl\":\"https:\\\/\\\/chemgramx.com\\\/wp-content\\\/uploads\\\/2025\\\/11\\\/Buy-4C-MAR-online-2.webp\",\"width\":400,\"height\":300},{\"@type\":\"BreadcrumbList\",\"@id\":\"https:\\\/\\\/chemgramx.com\\\/product\\\/4c-mar-online-bestellung\\\/#breadcrumb\",\"itemListElement\":[{\"@type\":\"ListItem\",\"position\":1,\"name\":\"Home\",\"item\":\"https:\\\/\\\/chemgramx.com\\\/\"},{\"@type\":\"ListItem\",\"position\":2,\"name\":\"Shop\",\"item\":\"https:\\\/\\\/chemgramx.com\\\/shop\\\/\"},{\"@type\":\"ListItem\",\"position\":3,\"name\":\"4C-MAR erwerben &#8211; Premium Qualit\u00e4t\"}]},{\"@type\":\"WebSite\",\"@id\":\"https:\\\/\\\/chemgramx.com\\\/#website\",\"url\":\"https:\\\/\\\/chemgramx.com\\\/\",\"name\":\"Chemgramx\",\"description\":\"\",\"publisher\":{\"@id\":\"https:\\\/\\\/chemgramx.com\\\/#organization\"},\"potentialAction\":[{\"@type\":\"SearchAction\",\"target\":{\"@type\":\"EntryPoint\",\"urlTemplate\":\"https:\\\/\\\/chemgramx.com\\\/?s={search_term_string}\"},\"query-input\":{\"@type\":\"PropertyValueSpecification\",\"valueRequired\":true,\"valueName\":\"search_term_string\"}}],\"inLanguage\":\"pl-PL\"},{\"@type\":\"Organization\",\"@id\":\"https:\\\/\\\/chemgramx.com\\\/#organization\",\"name\":\"Chemgramx\",\"url\":\"https:\\\/\\\/chemgramx.com\\\/\",\"logo\":{\"@type\":\"ImageObject\",\"inLanguage\":\"pl-PL\",\"@id\":\"https:\\\/\\\/chemgramx.com\\\/#\\\/schema\\\/logo\\\/image\\\/\",\"url\":\"https:\\\/\\\/chemgramx.com\\\/wp-content\\\/uploads\\\/2024\\\/10\\\/final-logo.png\",\"contentUrl\":\"https:\\\/\\\/chemgramx.com\\\/wp-content\\\/uploads\\\/2024\\\/10\\\/final-logo.png\",\"width\":250,\"height\":48,\"caption\":\"Chemgramx\"},\"image\":{\"@id\":\"https:\\\/\\\/chemgramx.com\\\/#\\\/schema\\\/logo\\\/image\\\/\"}}]}<\/script>\n<!-- \/ Yoast SEO plugin. -->","yoast_head_json":{"title":"Kup 4C-MAR \u2013 najwy\u017csza jako\u015b\u0107","description":"Odkryj 4C-MAR w Chemgramx: jako\u015b\u0107 bada\u0144 na sprzeda\u017c. Kup teraz 4C-MAR do precyzyjnych bada\u0144. Wysoka czysto\u015b\u0107 i bezpieczny zakup dla Twojego laboratorium.","robots":{"index":"index","follow":"follow","max-snippet":"max-snippet:-1","max-image-preview":"max-image-preview:large","max-video-preview":"max-video-preview:-1"},"canonical":"https:\/\/chemgramx.com\/pl\/produkt-1\/4c-mar-zamowienie-online\/","og_locale":"pl_PL","og_type":"article","og_title":"4C-MAR erwerben - Premium Qualit\u00e4t","og_description":"Entdecken Sie 4C-MAR bei Chemgramx: Forschungsqualit\u00e4t zum Verkauf. Jetzt 4C-MAR kaufen f\u00fcr pr\u00e4zise Studien. Hohe Reinheit & sicherer Erwerb f\u00fcr Ihr Labor.","og_url":"https:\/\/chemgramx.com\/pl\/produkt-1\/4c-mar-zamowienie-online\/","og_site_name":"Chemgramx","article_modified_time":"2025-12-09T10:13:50+00:00","og_image":[{"width":400,"height":300,"url":"https:\/\/chemgramx.com\/wp-content\/uploads\/2025\/11\/Buy-4C-MAR-online-2.webp","type":"image\/webp"}],"twitter_card":"summary_large_image","twitter_misc":{"Szacowany czas czytania":"2 minuty"},"schema":{"@context":"https:\/\/schema.org","@graph":[{"@type":"WebPage","@id":"https:\/\/chemgramx.com\/product\/4c-mar-online-bestellung\/","url":"https:\/\/chemgramx.com\/product\/4c-mar-online-bestellung\/","name":"Kup 4C-MAR \u2013 najwy\u017csza jako\u015b\u0107","isPartOf":{"@id":"https:\/\/chemgramx.com\/#website"},"primaryImageOfPage":{"@id":"https:\/\/chemgramx.com\/product\/4c-mar-online-bestellung\/#primaryimage"},"image":{"@id":"https:\/\/chemgramx.com\/product\/4c-mar-online-bestellung\/#primaryimage"},"thumbnailUrl":"https:\/\/chemgramx.com\/wp-content\/uploads\/2025\/11\/Buy-4C-MAR-online-2.webp","datePublished":"2025-11-21T18:18:26+00:00","dateModified":"2025-12-09T10:13:50+00:00","description":"Odkryj 4C-MAR w Chemgramx: jako\u015b\u0107 bada\u0144 na sprzeda\u017c. Kup teraz 4C-MAR do precyzyjnych bada\u0144. Wysoka czysto\u015b\u0107 i bezpieczny zakup dla Twojego laboratorium.","breadcrumb":{"@id":"https:\/\/chemgramx.com\/product\/4c-mar-online-bestellung\/#breadcrumb"},"inLanguage":"pl-PL","potentialAction":[{"@type":"ReadAction","target":["https:\/\/chemgramx.com\/product\/4c-mar-online-bestellung\/"]}]},{"@type":"ImageObject","inLanguage":"pl-PL","@id":"https:\/\/chemgramx.com\/product\/4c-mar-online-bestellung\/#primaryimage","url":"https:\/\/chemgramx.com\/wp-content\/uploads\/2025\/11\/Buy-4C-MAR-online-2.webp","contentUrl":"https:\/\/chemgramx.com\/wp-content\/uploads\/2025\/11\/Buy-4C-MAR-online-2.webp","width":400,"height":300},{"@type":"BreadcrumbList","@id":"https:\/\/chemgramx.com\/product\/4c-mar-online-bestellung\/#breadcrumb","itemListElement":[{"@type":"ListItem","position":1,"name":"Home","item":"https:\/\/chemgramx.com\/"},{"@type":"ListItem","position":2,"name":"Shop","item":"https:\/\/chemgramx.com\/shop\/"},{"@type":"ListItem","position":3,"name":"4C-MAR erwerben &#8211; Premium Qualit\u00e4t"}]},{"@type":"WebSite","@id":"https:\/\/chemgramx.com\/#website","url":"https:\/\/chemgramx.com\/","name":"Chemgramx","description":"","publisher":{"@id":"https:\/\/chemgramx.com\/#organization"},"potentialAction":[{"@type":"SearchAction","target":{"@type":"EntryPoint","urlTemplate":"https:\/\/chemgramx.com\/?s={search_term_string}"},"query-input":{"@type":"PropertyValueSpecification","valueRequired":true,"valueName":"search_term_string"}}],"inLanguage":"pl-PL"},{"@type":"Organization","@id":"https:\/\/chemgramx.com\/#organization","name":"Chemgramx","url":"https:\/\/chemgramx.com\/","logo":{"@type":"ImageObject","inLanguage":"pl-PL","@id":"https:\/\/chemgramx.com\/#\/schema\/logo\/image\/","url":"https:\/\/chemgramx.com\/wp-content\/uploads\/2024\/10\/final-logo.png","contentUrl":"https:\/\/chemgramx.com\/wp-content\/uploads\/2024\/10\/final-logo.png","width":250,"height":48,"caption":"Chemgramx"},"image":{"@id":"https:\/\/chemgramx.com\/#\/schema\/logo\/image\/"}}]}},"_links":{"self":[{"href":"https:\/\/chemgramx.com\/pl\/wp-json\/wp\/v2\/product\/8385","targetHints":{"allow":["GET"]}}],"collection":[{"href":"https:\/\/chemgramx.com\/pl\/wp-json\/wp\/v2\/product"}],"about":[{"href":"https:\/\/chemgramx.com\/pl\/wp-json\/wp\/v2\/types\/product"}],"replies":[{"embeddable":true,"href":"https:\/\/chemgramx.com\/pl\/wp-json\/wp\/v2\/comments?post=8385"}],"wp:featuredmedia":[{"embeddable":true,"href":"https:\/\/chemgramx.com\/pl\/wp-json\/wp\/v2\/media\/8415"}],"wp:attachment":[{"href":"https:\/\/chemgramx.com\/pl\/wp-json\/wp\/v2\/media?parent=8385"}],"wp:term":[{"taxonomy":"product_brand","embeddable":true,"href":"https:\/\/chemgramx.com\/pl\/wp-json\/wp\/v2\/product_brand?post=8385"},{"taxonomy":"product_cat","embeddable":true,"href":"https:\/\/chemgramx.com\/pl\/wp-json\/wp\/v2\/product_cat?post=8385"},{"taxonomy":"product_tag","embeddable":true,"href":"https:\/\/chemgramx.com\/pl\/wp-json\/wp\/v2\/product_tag?post=8385"}],"curies":[{"name":"wp","href":"https:\/\/api.w.org\/{rel}","templated":true}]}}