{"id":8386,"date":"2025-11-21T18:18:27","date_gmt":"2025-11-21T18:18:27","guid":{"rendered":"https:\/\/chemgramx.com\/?post_type=product&#038;p=8386"},"modified":"2025-12-09T10:12:08","modified_gmt":"2025-12-09T10:12:08","slug":"3-cpm-3-chlorofenmetrazyna-kupic-online","status":"publish","type":"product","link":"https:\/\/chemgramx.com\/pl\/product\/3-cpm-3-chlorophenmetrazine-online-kaufen\/","title":{"rendered":"Kup 3-CPM online \u2013 wysoka czysto\u015b\u0107 | Chemgramx"},"content":{"rendered":"<p>Witamy w Chemgramx, wiod\u0105cym \u017ar\u00f3dle wysokiej jako\u015bci chemikali\u00f3w badawczych. Oferujemy <b>3-CPM (3-chlorofenmetrazyna) na sprzeda\u017c<\/b>, zwi\u0105zek chemiczny ciesz\u0105cy si\u0119 du\u017cym zainteresowaniem we wsp\u00f3\u0142czesnych badaniach naukowych. Produkt ten charakteryzuje si\u0119 <b>wysoka czysto\u015b\u0107 na sprzeda\u017c<\/b> oraz <b>Badanie przydatno\u015bci do sprzeda\u017cy<\/b> na zewn\u0105trz. Jest idealny do precyzyjnych bada\u0144 laboratoryjnych. Odkryj potencja\u0142 analityczny tej wyj\u0105tkowej substancji, starannie przetworzonej i przetestowanej zgodnie z surowymi normami jako\u015bci.<\/p>\n<h2>Wprowadzenie do 3-CPM (metrazyny 3-chlorofenowe)<\/h2>\n<p><b>3-CPM (3-chlorofenmetrazyna)<\/b> jest syntetyczn\u0105 substancj\u0105 z klasy fenmetrazyny. W ostatnich latach cieszy si\u0119 ona du\u017cym zainteresowaniem badaczy ze wzgl\u0119du na swoj\u0105 specyficzn\u0105 struktur\u0119 i potencjalne zastosowania. Zwi\u0105zek ten oferuje naukowcom nowe sposoby badania mechanizm\u00f3w chemicznych. <b>Ponadto<\/b> Czysto\u015b\u0107 i autentyczno\u015b\u0107 substancji ma kluczowe znaczenie w kontek\u015bcie naukowym.<\/p>\n<p>Nasze produkty podlegaj\u0105 \u015bcis\u0142ej kontroli jako\u015bci, co oznacza, \u017ce zawsze jeste\u015bmy <b>wysokiej jako\u015bci 3-CPM (3-chlorofenmetrazyna)<\/b> dla swoich projekt\u00f3w. <b>W konsekwencji<\/b> badacze mog\u0105 polega\u0107 na sp\u00f3jno\u015bci i niezawodno\u015bci. <b>Ponadto<\/b> oferujemy przejrzyst\u0105 dokumentacj\u0119 ka\u017cdej partii. Dzi\u0119ki Chemgramx mo\u017cesz <b>autentyczny 3-CPM (3-chlorofenmetrazyna)<\/b> kt\u00f3ry spe\u0142nia najwy\u017csze standardy.<\/p>\n<h2>Nauka stoj\u0105ca za 3-CPM: struktura i w\u0142a\u015bciwo\u015bci<\/h2>\n<p>Struktura chemiczna <b>3-CPM (3-chlorofenmetrazyna)<\/b> charakteryzuje si\u0119 uk\u0142adem pier\u015bcienia fenylowego zwi\u0105zanego z pier\u015bcieniem morfoliny z podstawnikiem chloro w pozycji 3. Ta konfiguracja jest szczeg\u00f3lnie interesuj\u0105ca dla bada\u0144 w chemii organicznej i farmakologii. <b>Dlatego<\/b> umo\u017cliwia badanie zale\u017cno\u015bci struktura-aktywno\u015b\u0107 w uk\u0142adach biologicznych.<\/p>\n<p><b>Ponadto<\/b> 3-CPM ma unikalne w\u0142a\u015bciwo\u015bci fizykochemiczne, zwykle dost\u0119pne w postaci drobnokrystalicznego proszku. Jego sk\u0142ad molekularny i stereochemia odgrywaj\u0105 kluczow\u0105 rol\u0119 w interakcjach. <b>W szczeg\u00f3lno\u015bci<\/b> Dok\u0142adna znajomo\u015b\u0107 tych w\u0142a\u015bciwo\u015bci jest niezb\u0119dna do konfiguracji eksperymentalnych. Je\u015bli <b>najlepsza dost\u0119pna 3-CPM (3-chlorofenmetrazyna)<\/b> Chemgramx to w\u0142a\u015bciwy wyb\u00f3r, poniewa\u017c oferujemy wy\u0142\u0105cznie produkty pochodz\u0105ce od <b>Jako\u015b\u0107 laboratoryjna na sprzeda\u017c<\/b> oferta.<\/p>\n<ul>\n<li><b>Wz\u00f3r chemiczny:<\/b> C11H14ClNO<\/li>\n<li><b>Masa molowa:<\/b> 211,69 g\/mol<\/li>\n<li><b>Stan zagregowany:<\/b> Cia\u0142o sta\u0142e (krystaliczny proszek)<\/li>\n<li><b>Rozpuszczalno\u015b\u0107:<\/b> R\u00f3\u017cni si\u0119 w zale\u017cno\u015bci od rozpuszczalnika.<\/li>\n<\/ul>\n<h2>Zastosowania i potencja\u0142 badawczy 3-CPM<\/h2>\n<p>Potencja\u0142 badawczy <b>3-CPM (3-chlorofenmetrazyna)<\/b> jest bardzo zr\u00f3\u017cnicowana. Jest cz\u0119sto stosowany w badaniach przedklinicznych w celu zbadania wp\u0142ywu podstawionych fenyloetyloamin na szlaki neuronalne. <b>Ponadto<\/b> Jest to cenne narz\u0119dzie do bada\u0144 neuroprzeka\u017anik\u00f3w, w szczeg\u00f3lno\u015bci wychwytu zwrotnego dopaminy i noradrenaliny. Badania te przyczyniaj\u0105 si\u0119 do zrozumienia z\u0142o\u017conych proces\u00f3w biologicznych.<\/p>\n<p><b>Ponadto<\/b> 3-CPM jest stosowany w chemii analitycznej do opracowywania nowych metod wykrywania. <b>Podobnie<\/b> s\u0142u\u017cy jako standard odniesienia w laboratoriach toksykologicznych i kryminalistycznych. Precyzja i niezawodno\u015b\u0107, kt\u00f3re <a href=\"https:\/\/chemgramx.com\/product\/3-cpm-3-chlorophenmetrazine-online-kaufen\/\">Zam\u00f3w 3-CPM (3-Chlorophenmetrazine) online<\/a> od Chemgramx jest niezb\u0119dny w tych krytycznych zastosowaniach. Wszechstronno\u015b\u0107 3-CPM czyni go niezast\u0105pionym odczynnikiem.<\/p>\n<h3>Wa\u017cne obszary badawcze:<\/h3>\n<ul>\n<li>Badania neuronaukowe nad uk\u0142adami dopaminy i noradrenaliny.<\/li>\n<li>Badania farmakologiczne nad zale\u017cno\u015bciami struktura-aktywno\u015b\u0107.<\/li>\n<li>Rozw\u00f3j metod analizy w kryminalistyce.<\/li>\n<li>Badania por\u00f3wnawcze z <a href=\"https:\/\/chemgramx.com\/product\/mescalin-pulver-online-kaufen\/\">Kup meskalin\u0119 w proszku online<\/a> i inne pochodne fenetyloaminy.<\/li>\n<\/ul>\n<h2>Jako\u015b\u0107 i czysto\u015b\u0107: nasza obietnica<\/h2>\n<p>W Chemgramx przywi\u0105zujemy du\u017c\u0105 wag\u0119 do jako\u015bci i czysto\u015bci naszych produkt\u00f3w. Ka\u017cda partia <b>3-CPM (3-chlorofenmetrazyna)<\/b> jest poddawany kompleksowym analizom, w tym GC-MS i HPLC. <b>Zapewnia to<\/b> czysto\u015b\u0107 powy\u017cej 98%. Tak rygorystyczne testy zapewniaj\u0105 integralno\u015b\u0107 wynik\u00f3w bada\u0144.<\/p>\n<p><b>Ponadto<\/b> Otrzymasz szczeg\u00f3\u0142owy certyfikat analizy (CoA) potwierdzaj\u0105cy czysto\u015b\u0107 i to\u017csamo\u015b\u0107 substancji. To przejrzyste podej\u015bcie podkre\u015bla nasze zaanga\u017cowanie w doskona\u0142o\u015b\u0107 naukow\u0105. Je\u015bli <b>Kup 3-CPM (3-chlorofenmetrazyna) online<\/b> mo\u017cesz polega\u0107 na bezkonkurencyjnej jako\u015bci Chemgramx. Naszym celem jest zapewnienie Ci najlepszych narz\u0119dzi do Twoich odkry\u0107.<\/p>\n<p><b>Dlatego<\/b> Logiczne jest u\u017cycie chemikali\u00f3w badawczych <b>do nabycia w Chemgramx<\/b>. Gwarantujemy nie tylko <b>Badanie przydatno\u015bci do sprzeda\u017cy<\/b>, ale tak\u017ce starannie opracowany i bezpiecznie zarz\u0105dzany proces. To d\u0105\u017cenie do doskona\u0142o\u015bci sprawia, \u017ce jeste\u015bmy preferowanym dostawc\u0105 dla organizacji badawczych.<\/p>\n<h2>Instrukcje bezpiecze\u0144stwa i odpowiedzialna obs\u0142uga<\/h2>\n<p>Post\u0119powanie z chemikaliami badawczymi, takimi jak <b>3-CPM (3-chlorofenmetrazyna)<\/b> wymaga szczeg\u00f3lnej ostro\u017cno\u015bci i przestrzegania \u015bcis\u0142ych protoko\u0142\u00f3w bezpiecze\u0144stwa. Ten produkt jest przeznaczony wy\u0142\u0105cznie do u\u017cytku badawczego i laboratoryjnego i nie mo\u017ce by\u0107 u\u017cywany do spo\u017cycia przez ludzi. <b>W konsekwencji<\/b> niezb\u0119dne jest noszenie odpowiedniego sprz\u0119tu ochrony osobistej (PPE), w tym okular\u00f3w ochronnych, r\u0119kawic i fartuch\u00f3w laboratoryjnych.<\/p>\n<p><b>Ponadto<\/b> wszystkie prace nale\u017cy wykonywa\u0107 w dobrze wentylowanym miejscu lub pod wyci\u0105giem, aby zminimalizowa\u0107 nara\u017cenie na opary lub py\u0142y. Szczeg\u00f3\u0142owe informacje na temat przechowywania, obs\u0142ugi i utylizacji mo\u017cna zawsze znale\u017a\u0107 w karcie charakterystyki substancji niebezpiecznej (SDS). A <b>bezpieczny zakup<\/b> w Chemgramx obejmuje r\u00f3wnie\u017c dostarczanie wszystkich istotnych informacji dotycz\u0105cych bezpiecze\u0144stwa.<\/p>\n<h2>Chemgramx: Tw\u00f3j partner w zakresie chemikali\u00f3w badawczych<\/h2>\n<p>Chemgramx ugruntowa\u0142 swoj\u0105 pozycj\u0119 jako zaufany dostawca chemikali\u00f3w badawczych, charakteryzuj\u0105cy si\u0119 jako\u015bci\u0105, niezawodno\u015bci\u0105 i doskona\u0142\u0105 obs\u0142ug\u0105 klienta. Rozumiemy potrzeby spo\u0142eczno\u015bci naukowej. <b>Dlatego<\/b> oferujemy szerok\u0105 gam\u0119 produkt\u00f3w, kt\u00f3re spe\u0142niaj\u0105 wysokie wymagania wsp\u00f3\u0142czesnych bada\u0144. Nasza wiedza i zaanga\u017cowanie w rzetelno\u015b\u0107 naukow\u0105 sprawiaj\u0105, \u017ce jeste\u015bmy idealnym partnerem.<\/p>\n<p><b>Ponadto<\/b> Przywi\u0105zujemy du\u017c\u0105 wag\u0119 do dyskretnego i starannego przetwarzania wszystkich zam\u00f3wie\u0144. Ka\u017cdy etap, od testowania produktu po dostaw\u0119, jest przeprowadzany z najwy\u017csz\u0105 staranno\u015bci\u0105, aby zachowa\u0107 jako\u015b\u0107 i integralno\u015b\u0107 naszych substancji. Je\u015bli <b>zam\u00f3w teraz online<\/b> chcieliby podzieli\u0107 si\u0119 swoimi badaniami z <b>Najwy\u017cszej jako\u015bci 3-CPM (3-chlorofenmetrazyna)<\/b> mo\u017cesz to zrobi\u0107 bez obaw. <b>znale\u017a\u0107 w Chemgramx<\/b>. Zawsze staramy si\u0119 przekracza\u0107 Twoje oczekiwania.<\/p>\n<h3>Dlaczego warto wybra\u0107 Chemgramx?<\/h3>\n<ul>\n<li>Najbardziej rygorystyczne kontrole jako\u015bci i analizy.<\/li>\n<li>Przejrzysta dokumentacja produktu (CoAs).<\/li>\n<li>Szeroki zakres chemikali\u00f3w badawczych.<\/li>\n<li>Kompleksowe wsparcie dla projekt\u00f3w naukowych.<\/li>\n<\/ul>\n<h2>Podsumowanie i dost\u0119pno\u015b\u0107<\/h2>\n<p>Podsumowuj\u0105c mo\u017cna powiedzie\u0107, \u017ce <b>3-CPM (3-chlorofenmetrazyna)<\/b> jest wa\u017cn\u0105 i wszechstronn\u0105 substancj\u0105 chemiczn\u0105 do bada\u0144. Jego unikalne w\u0142a\u015bciwo\u015bci sprawiaj\u0105, \u017ce jest cennym narz\u0119dziem do szczeg\u00f3\u0142owych bada\u0144. <b>W konsekwencji<\/b> Niezwykle wa\u017cne jest, aby wybra\u0107 \u017ar\u00f3d\u0142o, kt\u00f3re mo\u017ce zagwarantowa\u0107 najwy\u017csz\u0105 czysto\u015b\u0107 i niezawodno\u015b\u0107.<\/p>\n<p>W Chemgramx jeste\u015bmy dumni, \u017ce mo\u017cemy zaoferowa\u0107 ten wysokiej jako\u015bci odczynnik w postaci <b>Badanie przydatno\u015bci do sprzeda\u017cy<\/b> do zaoferowania. Zapewniamy, \u017ce ka\u017cde zam\u00f3wienie jest starannie przetwarzane i obs\u0142ugiwane z najwy\u017csz\u0105 dyskrecj\u0105, aby zapewni\u0107 bezpiecze\u0144stwo i integralno\u015b\u0107. Dla naukowc\u00f3w, kt\u00f3rzy <a href=\"https:\/\/chemgramx.com\/product\/3-cpm-3-chlorophenmetrazine-online-kaufen\/\">3-CPM (3-chlorofenmetrazyna) na sprzeda\u017c<\/a> Chemgramx oferuje rozwi\u0105zanie najwy\u017cszej klasy. <b>Dlatego<\/b> Nie wahaj si\u0119 sprawdzi\u0107 swoich wymaga\u0144 ju\u017c dzi\u015b i osi\u0105gnij z nami swoje cele badawcze.<\/p>\n<p>Mo\u017cesz <b>Kup 3-CPM (3-Chlorophenmetrazine) online w Chemgramx<\/b>. Jeste\u015bmy zaufanym partnerem w zakresie wszystkich potrzeb badawczych i zapewniamy, \u017ce projekty naukowe s\u0105 oparte na solidnych podstawach.<\/p>","protected":false},"excerpt":{"rendered":"<p>Odkryj <b>3-CPM (3-chlorofenmetrazyna)<\/b> w Chemgramx, syntetyczny badany zwi\u0105zek chemiczny z klasy fenmetrazyny. Ten wysokiej czysto\u015bci produkt klasy laboratoryjnej jest idealny do bada\u0144 naukowych. Wspiera badania neuroprzeka\u017anik\u00f3w i farmakologiczne. <b>Kup 3-CPM<\/b> Bezpiecznie i pewnie <b>w Chemgramx<\/b>.<\/p>","protected":false},"featured_media":8416,"comment_status":"open","ping_status":"closed","template":"","meta":{"_joinchat":[]},"product_brand":[],"product_cat":[48],"product_tag":[994,1014,1018,1003,1004,1017,993,1012,1008,1013,1019,999,1001,1007,995,1000,1006,996,1011,1020,998,1015,1009,1005,1002,1016,1010,997],"class_list":{"0":"post-8386","1":"product","2":"type-product","3":"status-publish","4":"has-post-thumbnail","6":"product_cat-stimulants","7":"product_tag-3-chlorophenmetrazin","8":"product_tag-3-chlorophenmetrazin-effekte","9":"product_tag-3-chlorophenmetrazin-fur-forschung","10":"product_tag-3-chlorophenmetrazin-kaufen","11":"product_tag-3-chlorophenmetrazin-lieferant","12":"product_tag-3-chlorophenmetrazin-studien","13":"product_tag-3-cpm","14":"product_tag-3-cpm-analyse","15":"product_tag-3-cpm-anwendungen","16":"product_tag-3-cpm-chemie","17":"product_tag-3-cpm-eigenschaften","18":"product_tag-3-cpm-forschungschemikalie","19":"product_tag-3-cpm-groshandel","20":"product_tag-3-cpm-handhabung","21":"product_tag-3-cpm-kaufen","22":"product_tag-3-cpm-laboranwendung","23":"product_tag-3-cpm-lagerung","24":"product_tag-3-cpm-lieferant","25":"product_tag-3-cpm-markt","26":"product_tag-3-cpm-pharmakologie","27":"product_tag-3-cpm-preis","28":"product_tag-3-cpm-reinheit","29":"product_tag-3-cpm-risiken","30":"product_tag-3-cpm-sicherheit","31":"product_tag-3-cpm-verfugbarkeit","32":"product_tag-3-cpm-vertrieb","33":"product_tag-3-cpm-vorschriften","34":"product_tag-3-cpm-zum-verkauf","36":"first","37":"instock","38":"shipping-taxable","39":"purchasable","40":"product-type-variable"},"yoast_head":"<!-- This site is optimized with the Yoast SEO plugin v27.5 - https:\/\/yoast.com\/product\/yoast-seo-wordpress\/ -->\n<title>3-CPM online kaufen - Hochrein | Chemgramx<\/title>\n<meta name=\"description\" content=\"3-CPM Kaufen: Hochreines 3-Chlorophenmetrazine in Laborqualit\u00e4t f\u00fcr Ihre Forschung. Erzielen Sie pr\u00e4zise Ergebnisse mit zertifizierten Produkten von Chemgramx. Jetzt online bestellen.\" \/>\n<meta name=\"robots\" content=\"index, follow, max-snippet:-1, max-image-preview:large, max-video-preview:-1\" \/>\n<link rel=\"canonical\" href=\"https:\/\/chemgramx.com\/pl\/produkt-1\/3-cpm-3-chlorofenmetrazyna-kupic-online\/\" \/>\n<meta property=\"og:locale\" content=\"pl_PL\" \/>\n<meta property=\"og:type\" content=\"article\" \/>\n<meta property=\"og:title\" content=\"3-CPM online kaufen - Hochrein | Chemgramx\" \/>\n<meta property=\"og:description\" content=\"3-CPM Kaufen: Hochreines 3-Chlorophenmetrazine in Laborqualit\u00e4t f\u00fcr Ihre Forschung. Erzielen Sie pr\u00e4zise Ergebnisse mit zertifizierten Produkten von Chemgramx. Jetzt online bestellen.\" \/>\n<meta property=\"og:url\" content=\"https:\/\/chemgramx.com\/pl\/produkt-1\/3-cpm-3-chlorofenmetrazyna-kupic-online\/\" \/>\n<meta property=\"og:site_name\" content=\"Chemgramx\" \/>\n<meta property=\"article:modified_time\" content=\"2025-12-09T10:12:08+00:00\" \/>\n<meta property=\"og:image\" content=\"https:\/\/chemgramx.com\/wp-content\/uploads\/2025\/11\/Buy-3-CPM-online.webp\" \/>\n\t<meta property=\"og:image:width\" content=\"700\" \/>\n\t<meta property=\"og:image:height\" content=\"500\" \/>\n\t<meta property=\"og:image:type\" content=\"image\/webp\" \/>\n<meta name=\"twitter:card\" content=\"summary_large_image\" \/>\n<meta name=\"twitter:label1\" content=\"Szacowany czas czytania\" \/>\n\t<meta name=\"twitter:data1\" content=\"4 minuty\" \/>\n<script type=\"application\/ld+json\" class=\"yoast-schema-graph\">{\"@context\":\"https:\\\/\\\/schema.org\",\"@graph\":[{\"@type\":\"WebPage\",\"@id\":\"https:\\\/\\\/chemgramx.com\\\/product\\\/3-cpm-3-chlorophenmetrazine-online-kaufen\\\/\",\"url\":\"https:\\\/\\\/chemgramx.com\\\/product\\\/3-cpm-3-chlorophenmetrazine-online-kaufen\\\/\",\"name\":\"3-CPM online kaufen - Hochrein | Chemgramx\",\"isPartOf\":{\"@id\":\"https:\\\/\\\/chemgramx.com\\\/#website\"},\"primaryImageOfPage\":{\"@id\":\"https:\\\/\\\/chemgramx.com\\\/product\\\/3-cpm-3-chlorophenmetrazine-online-kaufen\\\/#primaryimage\"},\"image\":{\"@id\":\"https:\\\/\\\/chemgramx.com\\\/product\\\/3-cpm-3-chlorophenmetrazine-online-kaufen\\\/#primaryimage\"},\"thumbnailUrl\":\"https:\\\/\\\/chemgramx.com\\\/wp-content\\\/uploads\\\/2025\\\/11\\\/Buy-3-CPM-online.webp\",\"datePublished\":\"2025-11-21T18:18:27+00:00\",\"dateModified\":\"2025-12-09T10:12:08+00:00\",\"description\":\"3-CPM Kaufen: Hochreines 3-Chlorophenmetrazine in Laborqualit\u00e4t f\u00fcr Ihre Forschung. Erzielen Sie pr\u00e4zise Ergebnisse mit zertifizierten Produkten von Chemgramx. Jetzt online bestellen.\",\"breadcrumb\":{\"@id\":\"https:\\\/\\\/chemgramx.com\\\/product\\\/3-cpm-3-chlorophenmetrazine-online-kaufen\\\/#breadcrumb\"},\"inLanguage\":\"pl-PL\",\"potentialAction\":[{\"@type\":\"ReadAction\",\"target\":[\"https:\\\/\\\/chemgramx.com\\\/product\\\/3-cpm-3-chlorophenmetrazine-online-kaufen\\\/\"]}]},{\"@type\":\"ImageObject\",\"inLanguage\":\"pl-PL\",\"@id\":\"https:\\\/\\\/chemgramx.com\\\/product\\\/3-cpm-3-chlorophenmetrazine-online-kaufen\\\/#primaryimage\",\"url\":\"https:\\\/\\\/chemgramx.com\\\/wp-content\\\/uploads\\\/2025\\\/11\\\/Buy-3-CPM-online.webp\",\"contentUrl\":\"https:\\\/\\\/chemgramx.com\\\/wp-content\\\/uploads\\\/2025\\\/11\\\/Buy-3-CPM-online.webp\",\"width\":700,\"height\":500},{\"@type\":\"BreadcrumbList\",\"@id\":\"https:\\\/\\\/chemgramx.com\\\/product\\\/3-cpm-3-chlorophenmetrazine-online-kaufen\\\/#breadcrumb\",\"itemListElement\":[{\"@type\":\"ListItem\",\"position\":1,\"name\":\"Home\",\"item\":\"https:\\\/\\\/chemgramx.com\\\/\"},{\"@type\":\"ListItem\",\"position\":2,\"name\":\"Shop\",\"item\":\"https:\\\/\\\/chemgramx.com\\\/shop\\\/\"},{\"@type\":\"ListItem\",\"position\":3,\"name\":\"3-CPM online kaufen &#8211; Hochrein | Chemgramx\"}]},{\"@type\":\"WebSite\",\"@id\":\"https:\\\/\\\/chemgramx.com\\\/#website\",\"url\":\"https:\\\/\\\/chemgramx.com\\\/\",\"name\":\"Chemgramx\",\"description\":\"\",\"publisher\":{\"@id\":\"https:\\\/\\\/chemgramx.com\\\/#organization\"},\"potentialAction\":[{\"@type\":\"SearchAction\",\"target\":{\"@type\":\"EntryPoint\",\"urlTemplate\":\"https:\\\/\\\/chemgramx.com\\\/?s={search_term_string}\"},\"query-input\":{\"@type\":\"PropertyValueSpecification\",\"valueRequired\":true,\"valueName\":\"search_term_string\"}}],\"inLanguage\":\"pl-PL\"},{\"@type\":\"Organization\",\"@id\":\"https:\\\/\\\/chemgramx.com\\\/#organization\",\"name\":\"Chemgramx\",\"url\":\"https:\\\/\\\/chemgramx.com\\\/\",\"logo\":{\"@type\":\"ImageObject\",\"inLanguage\":\"pl-PL\",\"@id\":\"https:\\\/\\\/chemgramx.com\\\/#\\\/schema\\\/logo\\\/image\\\/\",\"url\":\"https:\\\/\\\/chemgramx.com\\\/wp-content\\\/uploads\\\/2024\\\/10\\\/final-logo.png\",\"contentUrl\":\"https:\\\/\\\/chemgramx.com\\\/wp-content\\\/uploads\\\/2024\\\/10\\\/final-logo.png\",\"width\":250,\"height\":48,\"caption\":\"Chemgramx\"},\"image\":{\"@id\":\"https:\\\/\\\/chemgramx.com\\\/#\\\/schema\\\/logo\\\/image\\\/\"}}]}<\/script>\n<!-- \/ Yoast SEO plugin. -->","yoast_head_json":{"title":"Kup 3-CPM online \u2013 wysoka czysto\u015b\u0107 | Chemgramx","description":"Kup 3-CPM: Metrazyny 3-chlorofenowe o wysokiej czysto\u015bci w jako\u015bci laboratoryjnej do bada\u0144. Uzyskaj precyzyjne wyniki dzi\u0119ki certyfikowanym produktom Chemgramx. Zam\u00f3w online ju\u017c teraz.","robots":{"index":"index","follow":"follow","max-snippet":"max-snippet:-1","max-image-preview":"max-image-preview:large","max-video-preview":"max-video-preview:-1"},"canonical":"https:\/\/chemgramx.com\/pl\/produkt-1\/3-cpm-3-chlorofenmetrazyna-kupic-online\/","og_locale":"pl_PL","og_type":"article","og_title":"3-CPM online kaufen - Hochrein | Chemgramx","og_description":"3-CPM Kaufen: Hochreines 3-Chlorophenmetrazine in Laborqualit\u00e4t f\u00fcr Ihre Forschung. Erzielen Sie pr\u00e4zise Ergebnisse mit zertifizierten Produkten von Chemgramx. Jetzt online bestellen.","og_url":"https:\/\/chemgramx.com\/pl\/produkt-1\/3-cpm-3-chlorofenmetrazyna-kupic-online\/","og_site_name":"Chemgramx","article_modified_time":"2025-12-09T10:12:08+00:00","og_image":[{"width":700,"height":500,"url":"https:\/\/chemgramx.com\/wp-content\/uploads\/2025\/11\/Buy-3-CPM-online.webp","type":"image\/webp"}],"twitter_card":"summary_large_image","twitter_misc":{"Szacowany czas czytania":"4 minuty"},"schema":{"@context":"https:\/\/schema.org","@graph":[{"@type":"WebPage","@id":"https:\/\/chemgramx.com\/product\/3-cpm-3-chlorophenmetrazine-online-kaufen\/","url":"https:\/\/chemgramx.com\/product\/3-cpm-3-chlorophenmetrazine-online-kaufen\/","name":"Kup 3-CPM online \u2013 wysoka czysto\u015b\u0107 | Chemgramx","isPartOf":{"@id":"https:\/\/chemgramx.com\/#website"},"primaryImageOfPage":{"@id":"https:\/\/chemgramx.com\/product\/3-cpm-3-chlorophenmetrazine-online-kaufen\/#primaryimage"},"image":{"@id":"https:\/\/chemgramx.com\/product\/3-cpm-3-chlorophenmetrazine-online-kaufen\/#primaryimage"},"thumbnailUrl":"https:\/\/chemgramx.com\/wp-content\/uploads\/2025\/11\/Buy-3-CPM-online.webp","datePublished":"2025-11-21T18:18:27+00:00","dateModified":"2025-12-09T10:12:08+00:00","description":"Kup 3-CPM: Metrazyny 3-chlorofenowe o wysokiej czysto\u015bci w jako\u015bci laboratoryjnej do bada\u0144. Uzyskaj precyzyjne wyniki dzi\u0119ki certyfikowanym produktom Chemgramx. Zam\u00f3w online ju\u017c teraz.","breadcrumb":{"@id":"https:\/\/chemgramx.com\/product\/3-cpm-3-chlorophenmetrazine-online-kaufen\/#breadcrumb"},"inLanguage":"pl-PL","potentialAction":[{"@type":"ReadAction","target":["https:\/\/chemgramx.com\/product\/3-cpm-3-chlorophenmetrazine-online-kaufen\/"]}]},{"@type":"ImageObject","inLanguage":"pl-PL","@id":"https:\/\/chemgramx.com\/product\/3-cpm-3-chlorophenmetrazine-online-kaufen\/#primaryimage","url":"https:\/\/chemgramx.com\/wp-content\/uploads\/2025\/11\/Buy-3-CPM-online.webp","contentUrl":"https:\/\/chemgramx.com\/wp-content\/uploads\/2025\/11\/Buy-3-CPM-online.webp","width":700,"height":500},{"@type":"BreadcrumbList","@id":"https:\/\/chemgramx.com\/product\/3-cpm-3-chlorophenmetrazine-online-kaufen\/#breadcrumb","itemListElement":[{"@type":"ListItem","position":1,"name":"Home","item":"https:\/\/chemgramx.com\/"},{"@type":"ListItem","position":2,"name":"Shop","item":"https:\/\/chemgramx.com\/shop\/"},{"@type":"ListItem","position":3,"name":"3-CPM online kaufen &#8211; Hochrein | Chemgramx"}]},{"@type":"WebSite","@id":"https:\/\/chemgramx.com\/#website","url":"https:\/\/chemgramx.com\/","name":"Chemgramx","description":"","publisher":{"@id":"https:\/\/chemgramx.com\/#organization"},"potentialAction":[{"@type":"SearchAction","target":{"@type":"EntryPoint","urlTemplate":"https:\/\/chemgramx.com\/?s={search_term_string}"},"query-input":{"@type":"PropertyValueSpecification","valueRequired":true,"valueName":"search_term_string"}}],"inLanguage":"pl-PL"},{"@type":"Organization","@id":"https:\/\/chemgramx.com\/#organization","name":"Chemgramx","url":"https:\/\/chemgramx.com\/","logo":{"@type":"ImageObject","inLanguage":"pl-PL","@id":"https:\/\/chemgramx.com\/#\/schema\/logo\/image\/","url":"https:\/\/chemgramx.com\/wp-content\/uploads\/2024\/10\/final-logo.png","contentUrl":"https:\/\/chemgramx.com\/wp-content\/uploads\/2024\/10\/final-logo.png","width":250,"height":48,"caption":"Chemgramx"},"image":{"@id":"https:\/\/chemgramx.com\/#\/schema\/logo\/image\/"}}]}},"_links":{"self":[{"href":"https:\/\/chemgramx.com\/pl\/wp-json\/wp\/v2\/product\/8386","targetHints":{"allow":["GET"]}}],"collection":[{"href":"https:\/\/chemgramx.com\/pl\/wp-json\/wp\/v2\/product"}],"about":[{"href":"https:\/\/chemgramx.com\/pl\/wp-json\/wp\/v2\/types\/product"}],"replies":[{"embeddable":true,"href":"https:\/\/chemgramx.com\/pl\/wp-json\/wp\/v2\/comments?post=8386"}],"wp:featuredmedia":[{"embeddable":true,"href":"https:\/\/chemgramx.com\/pl\/wp-json\/wp\/v2\/media\/8416"}],"wp:attachment":[{"href":"https:\/\/chemgramx.com\/pl\/wp-json\/wp\/v2\/media?parent=8386"}],"wp:term":[{"taxonomy":"product_brand","embeddable":true,"href":"https:\/\/chemgramx.com\/pl\/wp-json\/wp\/v2\/product_brand?post=8386"},{"taxonomy":"product_cat","embeddable":true,"href":"https:\/\/chemgramx.com\/pl\/wp-json\/wp\/v2\/product_cat?post=8386"},{"taxonomy":"product_tag","embeddable":true,"href":"https:\/\/chemgramx.com\/pl\/wp-json\/wp\/v2\/product_tag?post=8386"}],"curies":[{"name":"wp","href":"https:\/\/api.w.org\/{rel}","templated":true}]}}