{"id":8391,"date":"2025-11-21T18:18:29","date_gmt":"2025-11-21T18:18:29","guid":{"rendered":"https:\/\/chemgramx.com\/?post_type=product&#038;p=8391"},"modified":"2025-12-09T09:57:05","modified_gmt":"2025-12-09T09:57:05","slug":"23b-pvp-buy-online","status":"publish","type":"product","link":"https:\/\/chemgramx.com\/pl\/product\/23b-pvp-online-kaufen\/","title":{"rendered":"Kup 23b-PVP \u2013 wysokiej jako\u015bci, czysty"},"content":{"rendered":"<h2>Wysokiej jako\u015bci 23b-PVP do wymagaj\u0105cych projekt\u00f3w badawczych<\/h2>\n<p>Odkryj wyj\u0105tkow\u0105 jako\u015b\u0107 23b-PVP, specjalistycznego materia\u0142u chemicznego cenionego w \u015brodowisku naukowym za czysto\u015b\u0107 i niezawodno\u015b\u0107. Je\u015bli <b>23b-PVP na sprzeda\u017c<\/b> Chemgramx oferuje produkt spe\u0142niaj\u0105cy najwy\u017csze standardy. Nasze d\u0105\u017cenie do doskona\u0142o\u015bci gwarantuje, \u017ce otrzymujesz materia\u0142 niezb\u0119dny do uzyskania precyzyjnych i powtarzalnych wynik\u00f3w w swoich badaniach. Rozumiemy kluczowe znaczenie czysto\u015bci w analizie chemicznej i syntezie, dlatego te\u017c po\u015bwi\u0119camy si\u0119 dostarczaniu chemikali\u00f3w, na kt\u00f3rych mo\u017cna polega\u0107. Nie jest to tylko kolejna substancja; jest to starannie przygotowany surowiec, kt\u00f3ry ma na celu przekroczenie oczekiwa\u0144 wymagaj\u0105cych naukowc\u00f3w. <b>Najwy\u017csza jako\u015b\u0107 23b-PVP<\/b> to dla nas nie tylko slogan, ale obietnica, kt\u00f3r\u0105 realizujemy przy ka\u017cdym zam\u00f3wieniu. Zapraszamy Pa\u0144stwa do przekonania si\u0119, jak\u0105 r\u00f3\u017cnic\u0119 mo\u017ce zapewni\u0107 najwy\u017csza jako\u015b\u0107 w pracy laboratoryjnej.<\/p>\n<p>Nasze zaanga\u017cowanie w osi\u0105ganie najwy\u017cszej jako\u015bci zaczyna si\u0119 ju\u017c na etapie pozyskiwania surowc\u00f3w i obejmuje ca\u0142y proces przetwarzania. Dzi\u0119ki <b>Kup 23b-PVP online<\/b> mo\u017cesz mie\u0107 pewno\u015b\u0107, \u017ce otrzymujesz produkt poddany rygorystycznej kontroli jako\u015bci. Gwarantuje to sp\u00f3jny sk\u0142ad i najwy\u017csz\u0105 czysto\u015b\u0107, co ma kluczowe znaczenie dla wynik\u00f3w bada\u0144. Jeste\u015bmy dumni, \u017ce mo\u017cemy zapewni\u0107 naukowcom na ca\u0142ym \u015bwiecie dost\u0119p do najwy\u017cszej jako\u015bci odczynnik\u00f3w chemicznych. Dlatego te\u017c <b>Najlepszy dost\u0119pny 23b-PVP<\/b> zawsze naszym celem, je\u015bli chodzi o dostarczanie naszych produkt\u00f3w. Precyzyjna charakterystyka i weryfikacja ka\u017cdej partii gwarantuj\u0105, \u017ce otrzymujesz dok\u0142adnie to, czego oczekujesz \u2013 czyste, skuteczne i niezawodne narz\u0119dzie chemiczne do specjalistycznych zastosowa\u0144.<\/p>\n<h2>Dlaczego warto wybra\u0107 Chemgramx dla swojego 23b-PVP?<\/h2>\n<p>Wyb\u00f3r odpowiedniego dostawcy produkt\u00f3w chemicznych ma ogromne znaczenie. W Chemgramx przywi\u0105zujemy ogromn\u0105 wag\u0119 do czysto\u015bci i integralno\u015bci naszych produkt\u00f3w. Je\u015bli <b>23b-PVP na sprzeda\u017c<\/b> u nas kupuj\u0105 Pa\u0144stwo nie tylko substancj\u0119 chemiczn\u0105, ale tak\u017ce pewno\u015b\u0107, \u017ce zosta\u0142a ona wyprodukowana i przetworzona w kontrolowanych warunkach. Oferujemy <b>Wysoka czysto\u015b\u0107 na sprzeda\u017c<\/b>, co oznacza, \u017ce mo\u017cesz polega\u0107 na dok\u0142adnych i wiarygodnych wynikach swoich eksperyment\u00f3w. Nasze do\u015bwiadczenie w bran\u017cy chemicznej pozwala nam oferowa\u0107 produkt, kt\u00f3ry spe\u0142nia najsurowsze wymagania wsp\u00f3\u0142czesnych laboratori\u00f3w badawczych.<\/p>\n<p>Ponadto nasz proces ma na celu zachowanie integralno\u015bci produktu a\u017c do momentu, gdy trafi on do Pa\u0144stwa r\u0105k. Rozumiemy, \u017ce praca z delikatnymi substancjami chemicznymi wymaga precyzji i staramy si\u0119 j\u0105 zachowa\u0107 na ka\u017cdym etapie naszej dzia\u0142alno\u015bci. Dlatego te\u017c <b>Zam\u00f3w 23b-PVP online<\/b> Decyzja na rzecz jako\u015bci i niezawodno\u015bci. Mo\u017cesz mie\u0107 pewno\u015b\u0107, \u017ce zakupiony przez Ciebie 23b-PVP spe\u0142nia najwy\u017csze standardy. Staramy si\u0119 oferowa\u0107 nie tylko produkt, ale tak\u017ce us\u0142ugi, kt\u00f3re optymalnie wspieraj\u0105 Twoje projekty badawcze.<\/p>\n<h2>Specyfikacje produktu i gwarancja czysto\u015bci<\/h2>\n<p>Nasz 23b-PVP jest oferowany z naciskiem na najwy\u017csz\u0105 czysto\u015b\u0107. Wiemy, \u017ce zanieczyszczenia mog\u0105 zafa\u0142szowa\u0107 wyniki bada\u0144 naukowych. Dlatego dbamy o to, aby nasz produkt spe\u0142nia\u0142 wymagania dotycz\u0105ce <b>Stopie\u0144 badawczy na sprzeda\u017c<\/b> . Specyfikacje s\u0105 starannie dokumentowane i dost\u0119pne do wgl\u0105du. Podkre\u015bla to nasze zaanga\u017cowanie w zapewnienie przejrzysto\u015bci i jako\u015bci. Je\u015bli szukasz niezawodnego partnera w zakresie potrzeb chemicznych, Chemgramx jest w\u0142a\u015bciwym wyborem.<\/p>\n<p>Gwarantujemy, \u017ce ka\u017cda partia naszego 23b-PVP jest poddawana rygorystycznym analizom w celu potwierdzenia jej to\u017csamo\u015bci i czysto\u015bci. Dzi\u0119ki temu mo\u017cesz mie\u0107 pewno\u015b\u0107, \u017ce <b>Autentyczny 23b-PVP<\/b> odpowiedni do konkretnych zastosowa\u0144. Szczeg\u00f3\u0142owa dokumentacja, kt\u00f3r\u0105 udost\u0119pniamy, pozwala w pe\u0142ni zrozumie\u0107 jako\u015b\u0107 i sp\u00f3jno\u015b\u0107 produktu. Jest to istotny element naszej obietnicy, \u017ce oferujemy wy\u0142\u0105cznie produkty najwy\u017cszej jako\u015bci.<\/p>\n<h3>Obszary zastosowania i korzy\u015bci naukowe<\/h3>\n<p>23b-PVP znajduje zastosowanie w r\u00f3\u017cnych dziedzinach bada\u0144 i rozwoju chemicznego. Jego specyficzne w\u0142a\u015bciwo\u015bci sprawiaj\u0105, \u017ce jest cennym narz\u0119dziem dla naukowc\u00f3w, kt\u00f3rzy chc\u0105 syntetyzowa\u0107 nowe zwi\u0105zki lub optymalizowa\u0107 istniej\u0105ce procesy. Precyzyjny sk\u0142ad naszego produktu ma kluczowe znaczenie dla powtarzalno\u015bci eksperyment\u00f3w, kt\u00f3ra jest podstaw\u0105 metody naukowej. Dzi\u0119ki <b>Klasa laboratoryjna na sprzeda\u017c<\/b> zapewniamy, \u017ce Pa\u0144stwa laboratorium zostanie wyposa\u017cone w materia\u0142y spe\u0142niaj\u0105ce najwy\u017csze standardy profesjonalne.<\/p>\n<p>Umiej\u0119tno\u015b\u0107 pracy z chemikaliami o wysokiej czysto\u015bci ma fundamentalne znaczenie dla post\u0119p\u00f3w w takich dziedzinach, jak materia\u0142oznawstwo i badania farmaceutyczne. Jeste\u015bmy dumni, \u017ce mo\u017cemy przyczynia\u0107 si\u0119 do tych wa\u017cnych przedsi\u0119wzi\u0119\u0107 naukowych, dostarczaj\u0105c <b>Najwy\u017csza jako\u015b\u0107 23b-PVP<\/b> . Nasi klienci ufaj\u0105 sp\u00f3jno\u015bci i czysto\u015bci naszych produkt\u00f3w, aby osi\u0105gn\u0105\u0107 swoje cele badawcze. Odkryj potencja\u0142, jaki drzemie w stosowaniu najwy\u017cszej jako\u015bci chemikali\u00f3w.<\/p>\n<h3>Bezpiecze\u0144stwo i obs\u0142uga<\/h3>\n<p>Bezpieczne obchodzenie si\u0119 z substancjami chemicznymi ma ogromne znaczenie. Zalecamy wszystkim u\u017cytkownikom dok\u0142adne zapoznanie si\u0119 z niezb\u0119dnymi \u015brodkami bezpiecze\u0144stwa przed u\u017cyciem 23b-PVP. Nasze produkty s\u0105 przetwarzane w celu maksymalizacji ich integralno\u015bci i czysto\u015bci. Mo\u017cesz mie\u0107 pewno\u015b\u0107, \u017ce przestrzegamy najwy\u017cszych standard\u00f3w przetwarzania. Aby zapewni\u0107 bezpieczne obchodzenie si\u0119 z produktem, nale\u017cy zawsze przestrzega\u0107 odpowiednich kart charakterystyki (SDB). Staranna obr\u00f3bka i obchodzenie si\u0119 z produktem s\u0105 integraln\u0105 cz\u0119\u015bci\u0105 naszej obietnicy jako\u015bci.<\/p>\n<p>W Chemgramx zapewnienie jako\u015bci jest procesem ci\u0105g\u0142ym. Nieustannie sprawdzamy i ulepszamy nasze metody, aby mie\u0107 pewno\u015b\u0107, \u017ce nasze produkty spe\u0142niaj\u0105, a nawet przewy\u017cszaj\u0105 oczekiwania naszych klient\u00f3w. Je\u015bli wi\u0119c szukasz <b>Najlepszy dost\u0119pny 23b-PVP<\/b> , to trafi\u0142e\u015b we w\u0142a\u015bciwe miejsce. Staramy si\u0119 zapewni\u0107 najwy\u017csze standardy w zakresie dostaw chemikali\u00f3w, aby wesprze\u0107 Twoje badania naukowe. <b>Bezpieczny zakup<\/b> jest u nas gwarantowana, poniewa\u017c przywi\u0105zujemy ogromn\u0105 wag\u0119 do integralno\u015bci naszych proces\u00f3w.<\/p>\n<h3>Dlaczego wyb\u00f3r 23b-PVP ma kluczowe znaczenie?<\/h3>\n<p>Wyb\u00f3r odpowiedniego zwi\u0105zku chemicznego jest pierwszym krokiem do uzyskania pomy\u015blnych wynik\u00f3w bada\u0144. 23b-PVP posiada specyficzne w\u0142a\u015bciwo\u015bci, kt\u00f3re sprawiaj\u0105, \u017ce nadaje si\u0119 on szczeg\u00f3lnie do szeregu bada\u0144 naukowych. Dost\u0119pno\u015b\u0107 tego materia\u0142u o wysokiej czysto\u015bci, takiego jak oferowany przez Chemgramx, ma zasadnicze znaczenie dla wiarygodno\u015bci przeprowadzanych eksperyment\u00f3w. Je\u015bli <b>23b-PVP na sprzeda\u017c<\/b> Rozwa\u017caj\u0105c wyb\u00f3r narz\u0119dzia, kt\u00f3re zapewni precyzj\u0119 w pracy, nale\u017cy zdecydowa\u0107 si\u0119 na produkt wysokiej jako\u015bci. Inwestycja w wysokiej jako\u015bci chemikalia to inwestycja w wiarygodno\u015b\u0107 bada\u0144.<\/p>\n<p>Precyzyjna struktura i czysto\u015b\u0107 23b-PVP gwarantowana przez Chemgramx minimalizuje ryzyko niepo\u017c\u0105danych reakcji ubocznych i zapewnia jasno okre\u015blone wyniki. Naukowcy, dla kt\u00f3rych dok\u0142adno\u015b\u0107 ma kluczowe znaczenie, doceni\u0105 warto\u015b\u0107 <b>Wysoka czysto\u015b\u0107 na sprzeda\u017c<\/b> doceni\u0107. Jeste\u015bmy dumni, \u017ce mo\u017cemy zapewni\u0107 tak wysoki poziom jako\u015bci, aby Pa\u0144stwa wysi\u0142ki naukowe zako\u0144czy\u0142y si\u0119 sukcesem. Ten produkt to co\u015b wi\u0119cej ni\u017c tylko substancja chemiczna; to partner w procesie odkrywania.<\/p>\n<h3>Do\u015bwiadcz doskona\u0142o\u015bci dzi\u0119ki Chemgramx<\/h3>\n<p>Zapraszamy Pa\u0144stwa do, <b>Zam\u00f3w 23b-PVP online<\/b> w Chemgramx i skorzysta\u0107 z zalet wsp\u00f3\u0142pracy z godnym zaufania dostawc\u0105 wysokiej jako\u015bci odczynnik\u00f3w chemicznych. Nasze zaanga\u017cowanie w zapewnienie czysto\u015bci, niezawodno\u015bci i obs\u0142ugi klienta sprawia, \u017ce jeste\u015bmy idealnym wyborem dla Twoich potrzeb badawczych. Zapoznaj si\u0119 z nasz\u0105 ofert\u0105 i dowiedz si\u0119, jak mo\u017cemy wesprze\u0107 Twoje projekty naukowe. Je\u015bli <b>Autentyczny 23b-PVP<\/b> potrzebuj\u0105, jeste\u015bmy idealnym partnerem.<\/p>\n<p>Naszym celem jest wspieranie Pa\u0144stwa bada\u0144 naukowych poprzez dostarczanie najwy\u017cszej jako\u015bci substancji chemicznych. Zapraszamy do odwiedzenia naszej strony internetowej, aby dowiedzie\u0107 si\u0119 wi\u0119cej o naszej ofercie i o tym, jak mo\u017cemy pom\u00f3c Pa\u0144stwu w osi\u0105gni\u0119ciu cel\u00f3w naukowych. W przypadku wymagaj\u0105cych projekt\u00f3w badawczych decyduj\u0105ce znaczenie ma jako\u015b\u0107 stosowanych materia\u0142\u00f3w, a firma Chemgramx jest synonimem tej jako\u015bci. Staramy si\u0119 zapewni\u0107 Pa\u0144stwu <b>Najlepszy dost\u0119pny 23b-PVP<\/b> aby zapewni\u0107 sukces Twoim przedsi\u0119wzi\u0119ciom naukowym. Skorzystaj z okazji, <b>kup w Chemgramx<\/b> i przekonaj si\u0119 sam o r\u00f3\u017cnicy.<\/p>\n<p>Ponadto oferujemy szerok\u0105 gam\u0119 zwi\u0105zk\u00f3w chemicznych do r\u00f3\u017cnych zastosowa\u0144 badawczych. Zapraszamy do zapoznania si\u0119 z nasz\u0105 ofert\u0105 produkt\u00f3w pokrewnych, takich jak nasze wysokiej jako\u015bci <a href=\"https:\/\/chemgramx.com\/product\/boh-2c-b-hcl-kaufen\/\">BOH-2C-B HCl<\/a>, kt\u00f3ry r\u00f3wnie\u017c jest produkowany zgodnie z najwy\u017cszymi standardami czysto\u015bci. Konsystencja i jako\u015b\u0107 naszych chemikali\u00f3w maj\u0105 decyduj\u0105ce znaczenie dla wiarygodno\u015bci bada\u0144 naukowych. Jeste\u015bmy dumni, \u017ce mo\u017cemy zapewni\u0107 naukowcom na ca\u0142ym \u015bwiecie dost\u0119p do materia\u0142\u00f3w najwy\u017cszej jako\u015bci.<\/p>\n<p>Ci\u0105g\u0142e badania i rozw\u00f3j nowych zwi\u0105zk\u00f3w chemicznych maj\u0105 kluczowe znaczenie dla post\u0119pu naukowego. W Chemgramx wspieramy ten rozw\u00f3j, dostarczaj\u0105c produkty takie jak 23b-PVP w <b>Stopie\u0144 badawczy na sprzeda\u017c<\/b> . Dzi\u0119ki temu naukowcy mog\u0105 poszerza\u0107 granice wiedzy i znajdowa\u0107 innowacyjne rozwi\u0105zania z\u0142o\u017conych problem\u00f3w. Zapraszamy do udzia\u0142u w tej naukowej podr\u00f3\u017cy i skorzystania z zalet wsp\u00f3\u0142pracy z wiod\u0105cym dostawc\u0105 specjalistycznych chemikali\u00f3w. Je\u015bli chodzi o wszystkie Pa\u0144stwa potrzeby zwi\u0105zane z odczynnikami chemicznymi, prosz\u0119 pami\u0119ta\u0107 o Chemgramx.<\/p>\n<p>Mo\u017cesz polega\u0107 na Chemgramx w zakresie swoich potrzeb naukowych. Naszym celem jest dostarczanie produkt\u00f3w o wyj\u0105tkowej jako\u015bci, kt\u00f3re spe\u0142ni\u0105 Twoje wysokie wymagania. Bezpiecze\u0144stwo i czysto\u015b\u0107 naszych chemikali\u00f3w maj\u0105 dla nas ogromne znaczenie i nieustannie pracujemy nad utrzymaniem tych standard\u00f3w. Je\u015bli <b>Klasa laboratoryjna na sprzeda\u017c<\/b> , jeste\u015bmy w\u0142a\u015bciwym \u017ar\u00f3d\u0142em. Odkryj niezawodno\u015b\u0107 i doskona\u0142o\u015b\u0107, kt\u00f3re wyr\u00f3\u017cniaj\u0105 Chemgramx. Twoje badania zas\u0142uguj\u0105 tylko na to, co najlepsze, a my jeste\u015bmy tutaj, aby dostarczy\u0107 Ci to, co najlepsze.<\/p>\n<p>Wiemy, \u017ce zakup chemikali\u00f3w jest kluczowym etapem ka\u017cdego projektu badawczego. Dlatego staramy si\u0119, aby proces ten by\u0142 dla Pa\u0144stwa jak najprostszy i jak najbardziej p\u0142ynny, przy jednoczesnym zachowaniu najwy\u017cszych standard\u00f3w jako\u015bci. Dzi\u0119ki <b>Kup teraz online<\/b> mo\u017cesz szybko i sprawnie uzyska\u0107 dost\u0119p do potrzebnych materia\u0142\u00f3w. Integralno\u015b\u0107 naszych produkt\u00f3w i zadowolenie naszych klient\u00f3w s\u0105 dla nas najwa\u017cniejsze. Zapoznaj si\u0119 z nasz\u0105 ofert\u0105 i przekonaj si\u0119 sam o jako\u015bci, jak\u0105 oferuje Chemgramx.<\/p>","protected":false},"excerpt":{"rendered":"<p><b>23b-PVP<\/b> najwy\u017cszej czysto\u015bci, odpowiedni do wymagaj\u0105cych bada\u0144. Do\u015bwiadcz <b>Najwy\u017csza jako\u015b\u0107 23b-PVP<\/b>, kt\u00f3ry podlega rygorystycznej kontroli jako\u015bci. Zabezpiecz sobie <b>Autentyczny 23b-PVP<\/b> do swoich projekt\u00f3w naukowych. Zam\u00f3w ju\u017c dzi\u015b online w Chemgramx.<\/p>","protected":false},"featured_media":8427,"comment_status":"open","ping_status":"closed","template":"","meta":{"_joinchat":[]},"product_brand":[],"product_cat":[48],"product_tag":[2535,2539,2537,2543,2536,2542,2538,2540,2541,2015],"class_list":{"0":"post-8391","1":"product","2":"type-product","3":"status-publish","4":"has-post-thumbnail","6":"product_cat-stimulants","7":"product_tag-23b-pvp-kaufen","8":"product_tag-23b-pvp-kaufen-deutschland","9":"product_tag-23b-pvp-kristalle","10":"product_tag-23b-pvp-kristalle-kaufen","11":"product_tag-23b-pvp-online","12":"product_tag-23b-pvp-online-kaufen","13":"product_tag-23b-pvp-pulver","14":"product_tag-23b-pvp-research-chemical","15":"product_tag-23b-pvp-zum-verkauf","16":"product_tag-synthetische-drogen","18":"first","19":"instock","20":"shipping-taxable","21":"purchasable","22":"product-type-variable"},"yoast_head":"<!-- This site is optimized with the Yoast SEO plugin v27.5 - https:\/\/yoast.com\/product\/yoast-seo-wordpress\/ -->\n<title>23b-PVP Kaufen - Hochwertig, Rein<\/title>\n<meta name=\"description\" content=\"Holen Sie sich 23b-PVP in h\u00f6chster Reinheit f\u00fcr Ihre Forschung. Bestellen Sie 23b-PVP online und profitieren Sie von Top-Qualit\u00e4t. Jetzt kaufen bei Chemgramx.\" \/>\n<meta name=\"robots\" content=\"index, follow, max-snippet:-1, max-image-preview:large, max-video-preview:-1\" \/>\n<link rel=\"canonical\" href=\"https:\/\/chemgramx.com\/pl\/produkt-1\/23b-pvp-buy-online\/\" \/>\n<meta property=\"og:locale\" content=\"pl_PL\" \/>\n<meta property=\"og:type\" content=\"article\" \/>\n<meta property=\"og:title\" content=\"23b-PVP Kaufen - Hochwertig, Rein\" \/>\n<meta property=\"og:description\" content=\"Holen Sie sich 23b-PVP in h\u00f6chster Reinheit f\u00fcr Ihre Forschung. Bestellen Sie 23b-PVP online und profitieren Sie von Top-Qualit\u00e4t. Jetzt kaufen bei Chemgramx.\" \/>\n<meta property=\"og:url\" content=\"https:\/\/chemgramx.com\/pl\/produkt-1\/23b-pvp-buy-online\/\" \/>\n<meta property=\"og:site_name\" content=\"Chemgramx\" \/>\n<meta property=\"article:modified_time\" content=\"2025-12-09T09:57:05+00:00\" \/>\n<meta property=\"og:image\" content=\"https:\/\/chemgramx.com\/wp-content\/uploads\/2025\/11\/23pvp.png\" \/>\n\t<meta property=\"og:image:width\" content=\"600\" \/>\n\t<meta property=\"og:image:height\" content=\"400\" \/>\n\t<meta property=\"og:image:type\" content=\"image\/png\" \/>\n<meta name=\"twitter:card\" content=\"summary_large_image\" \/>\n<meta name=\"twitter:label1\" content=\"Szacowany czas czytania\" \/>\n\t<meta name=\"twitter:data1\" content=\"5 minut\" \/>\n<script type=\"application\/ld+json\" class=\"yoast-schema-graph\">{\"@context\":\"https:\\\/\\\/schema.org\",\"@graph\":[{\"@type\":\"WebPage\",\"@id\":\"https:\\\/\\\/chemgramx.com\\\/product\\\/23b-pvp-online-kaufen\\\/\",\"url\":\"https:\\\/\\\/chemgramx.com\\\/product\\\/23b-pvp-online-kaufen\\\/\",\"name\":\"23b-PVP Kaufen - Hochwertig, Rein\",\"isPartOf\":{\"@id\":\"https:\\\/\\\/chemgramx.com\\\/#website\"},\"primaryImageOfPage\":{\"@id\":\"https:\\\/\\\/chemgramx.com\\\/product\\\/23b-pvp-online-kaufen\\\/#primaryimage\"},\"image\":{\"@id\":\"https:\\\/\\\/chemgramx.com\\\/product\\\/23b-pvp-online-kaufen\\\/#primaryimage\"},\"thumbnailUrl\":\"https:\\\/\\\/chemgramx.com\\\/wp-content\\\/uploads\\\/2025\\\/11\\\/23pvp.png\",\"datePublished\":\"2025-11-21T18:18:29+00:00\",\"dateModified\":\"2025-12-09T09:57:05+00:00\",\"description\":\"Holen Sie sich 23b-PVP in h\u00f6chster Reinheit f\u00fcr Ihre Forschung. Bestellen Sie 23b-PVP online und profitieren Sie von Top-Qualit\u00e4t. Jetzt kaufen bei Chemgramx.\",\"breadcrumb\":{\"@id\":\"https:\\\/\\\/chemgramx.com\\\/product\\\/23b-pvp-online-kaufen\\\/#breadcrumb\"},\"inLanguage\":\"pl-PL\",\"potentialAction\":[{\"@type\":\"ReadAction\",\"target\":[\"https:\\\/\\\/chemgramx.com\\\/product\\\/23b-pvp-online-kaufen\\\/\"]}]},{\"@type\":\"ImageObject\",\"inLanguage\":\"pl-PL\",\"@id\":\"https:\\\/\\\/chemgramx.com\\\/product\\\/23b-pvp-online-kaufen\\\/#primaryimage\",\"url\":\"https:\\\/\\\/chemgramx.com\\\/wp-content\\\/uploads\\\/2025\\\/11\\\/23pvp.png\",\"contentUrl\":\"https:\\\/\\\/chemgramx.com\\\/wp-content\\\/uploads\\\/2025\\\/11\\\/23pvp.png\",\"width\":600,\"height\":400},{\"@type\":\"BreadcrumbList\",\"@id\":\"https:\\\/\\\/chemgramx.com\\\/product\\\/23b-pvp-online-kaufen\\\/#breadcrumb\",\"itemListElement\":[{\"@type\":\"ListItem\",\"position\":1,\"name\":\"Home\",\"item\":\"https:\\\/\\\/chemgramx.com\\\/\"},{\"@type\":\"ListItem\",\"position\":2,\"name\":\"Shop\",\"item\":\"https:\\\/\\\/chemgramx.com\\\/shop\\\/\"},{\"@type\":\"ListItem\",\"position\":3,\"name\":\"23b-PVP Kaufen &#8211; Hochwertig, Rein\"}]},{\"@type\":\"WebSite\",\"@id\":\"https:\\\/\\\/chemgramx.com\\\/#website\",\"url\":\"https:\\\/\\\/chemgramx.com\\\/\",\"name\":\"Chemgramx\",\"description\":\"\",\"publisher\":{\"@id\":\"https:\\\/\\\/chemgramx.com\\\/#organization\"},\"potentialAction\":[{\"@type\":\"SearchAction\",\"target\":{\"@type\":\"EntryPoint\",\"urlTemplate\":\"https:\\\/\\\/chemgramx.com\\\/?s={search_term_string}\"},\"query-input\":{\"@type\":\"PropertyValueSpecification\",\"valueRequired\":true,\"valueName\":\"search_term_string\"}}],\"inLanguage\":\"pl-PL\"},{\"@type\":\"Organization\",\"@id\":\"https:\\\/\\\/chemgramx.com\\\/#organization\",\"name\":\"Chemgramx\",\"url\":\"https:\\\/\\\/chemgramx.com\\\/\",\"logo\":{\"@type\":\"ImageObject\",\"inLanguage\":\"pl-PL\",\"@id\":\"https:\\\/\\\/chemgramx.com\\\/#\\\/schema\\\/logo\\\/image\\\/\",\"url\":\"https:\\\/\\\/chemgramx.com\\\/wp-content\\\/uploads\\\/2024\\\/10\\\/final-logo.png\",\"contentUrl\":\"https:\\\/\\\/chemgramx.com\\\/wp-content\\\/uploads\\\/2024\\\/10\\\/final-logo.png\",\"width\":250,\"height\":48,\"caption\":\"Chemgramx\"},\"image\":{\"@id\":\"https:\\\/\\\/chemgramx.com\\\/#\\\/schema\\\/logo\\\/image\\\/\"}}]}<\/script>\n<!-- \/ Yoast SEO plugin. -->","yoast_head_json":{"title":"Kup 23b-PVP \u2013 wysokiej jako\u015bci, czysty","description":"Zam\u00f3w 23b-PVP o najwy\u017cszej czysto\u015bci do swoich bada\u0144. Zam\u00f3w 23b-PVP online i ciesz si\u0119 najwy\u017csz\u0105 jako\u015bci\u0105. Kup teraz w Chemgramx.","robots":{"index":"index","follow":"follow","max-snippet":"max-snippet:-1","max-image-preview":"max-image-preview:large","max-video-preview":"max-video-preview:-1"},"canonical":"https:\/\/chemgramx.com\/pl\/produkt-1\/23b-pvp-buy-online\/","og_locale":"pl_PL","og_type":"article","og_title":"23b-PVP Kaufen - Hochwertig, Rein","og_description":"Holen Sie sich 23b-PVP in h\u00f6chster Reinheit f\u00fcr Ihre Forschung. Bestellen Sie 23b-PVP online und profitieren Sie von Top-Qualit\u00e4t. Jetzt kaufen bei Chemgramx.","og_url":"https:\/\/chemgramx.com\/pl\/produkt-1\/23b-pvp-buy-online\/","og_site_name":"Chemgramx","article_modified_time":"2025-12-09T09:57:05+00:00","og_image":[{"width":600,"height":400,"url":"https:\/\/chemgramx.com\/wp-content\/uploads\/2025\/11\/23pvp.png","type":"image\/png"}],"twitter_card":"summary_large_image","twitter_misc":{"Szacowany czas czytania":"5 minut"},"schema":{"@context":"https:\/\/schema.org","@graph":[{"@type":"WebPage","@id":"https:\/\/chemgramx.com\/product\/23b-pvp-online-kaufen\/","url":"https:\/\/chemgramx.com\/product\/23b-pvp-online-kaufen\/","name":"Kup 23b-PVP \u2013 wysokiej jako\u015bci, czysty","isPartOf":{"@id":"https:\/\/chemgramx.com\/#website"},"primaryImageOfPage":{"@id":"https:\/\/chemgramx.com\/product\/23b-pvp-online-kaufen\/#primaryimage"},"image":{"@id":"https:\/\/chemgramx.com\/product\/23b-pvp-online-kaufen\/#primaryimage"},"thumbnailUrl":"https:\/\/chemgramx.com\/wp-content\/uploads\/2025\/11\/23pvp.png","datePublished":"2025-11-21T18:18:29+00:00","dateModified":"2025-12-09T09:57:05+00:00","description":"Zam\u00f3w 23b-PVP o najwy\u017cszej czysto\u015bci do swoich bada\u0144. Zam\u00f3w 23b-PVP online i ciesz si\u0119 najwy\u017csz\u0105 jako\u015bci\u0105. Kup teraz w Chemgramx.","breadcrumb":{"@id":"https:\/\/chemgramx.com\/product\/23b-pvp-online-kaufen\/#breadcrumb"},"inLanguage":"pl-PL","potentialAction":[{"@type":"ReadAction","target":["https:\/\/chemgramx.com\/product\/23b-pvp-online-kaufen\/"]}]},{"@type":"ImageObject","inLanguage":"pl-PL","@id":"https:\/\/chemgramx.com\/product\/23b-pvp-online-kaufen\/#primaryimage","url":"https:\/\/chemgramx.com\/wp-content\/uploads\/2025\/11\/23pvp.png","contentUrl":"https:\/\/chemgramx.com\/wp-content\/uploads\/2025\/11\/23pvp.png","width":600,"height":400},{"@type":"BreadcrumbList","@id":"https:\/\/chemgramx.com\/product\/23b-pvp-online-kaufen\/#breadcrumb","itemListElement":[{"@type":"ListItem","position":1,"name":"Home","item":"https:\/\/chemgramx.com\/"},{"@type":"ListItem","position":2,"name":"Shop","item":"https:\/\/chemgramx.com\/shop\/"},{"@type":"ListItem","position":3,"name":"23b-PVP Kaufen &#8211; Hochwertig, Rein"}]},{"@type":"WebSite","@id":"https:\/\/chemgramx.com\/#website","url":"https:\/\/chemgramx.com\/","name":"Chemgramx","description":"","publisher":{"@id":"https:\/\/chemgramx.com\/#organization"},"potentialAction":[{"@type":"SearchAction","target":{"@type":"EntryPoint","urlTemplate":"https:\/\/chemgramx.com\/?s={search_term_string}"},"query-input":{"@type":"PropertyValueSpecification","valueRequired":true,"valueName":"search_term_string"}}],"inLanguage":"pl-PL"},{"@type":"Organization","@id":"https:\/\/chemgramx.com\/#organization","name":"Chemgramx","url":"https:\/\/chemgramx.com\/","logo":{"@type":"ImageObject","inLanguage":"pl-PL","@id":"https:\/\/chemgramx.com\/#\/schema\/logo\/image\/","url":"https:\/\/chemgramx.com\/wp-content\/uploads\/2024\/10\/final-logo.png","contentUrl":"https:\/\/chemgramx.com\/wp-content\/uploads\/2024\/10\/final-logo.png","width":250,"height":48,"caption":"Chemgramx"},"image":{"@id":"https:\/\/chemgramx.com\/#\/schema\/logo\/image\/"}}]}},"_links":{"self":[{"href":"https:\/\/chemgramx.com\/pl\/wp-json\/wp\/v2\/product\/8391","targetHints":{"allow":["GET"]}}],"collection":[{"href":"https:\/\/chemgramx.com\/pl\/wp-json\/wp\/v2\/product"}],"about":[{"href":"https:\/\/chemgramx.com\/pl\/wp-json\/wp\/v2\/types\/product"}],"replies":[{"embeddable":true,"href":"https:\/\/chemgramx.com\/pl\/wp-json\/wp\/v2\/comments?post=8391"}],"wp:featuredmedia":[{"embeddable":true,"href":"https:\/\/chemgramx.com\/pl\/wp-json\/wp\/v2\/media\/8427"}],"wp:attachment":[{"href":"https:\/\/chemgramx.com\/pl\/wp-json\/wp\/v2\/media?parent=8391"}],"wp:term":[{"taxonomy":"product_brand","embeddable":true,"href":"https:\/\/chemgramx.com\/pl\/wp-json\/wp\/v2\/product_brand?post=8391"},{"taxonomy":"product_cat","embeddable":true,"href":"https:\/\/chemgramx.com\/pl\/wp-json\/wp\/v2\/product_cat?post=8391"},{"taxonomy":"product_tag","embeddable":true,"href":"https:\/\/chemgramx.com\/pl\/wp-json\/wp\/v2\/product_tag?post=8391"}],"curies":[{"name":"wp","href":"https:\/\/api.w.org\/{rel}","templated":true}]}}