{"id":8393,"date":"2025-11-21T18:18:29","date_gmt":"2025-11-21T18:18:29","guid":{"rendered":"https:\/\/chemgramx.com\/?post_type=product&#038;p=8393"},"modified":"2025-12-09T10:06:02","modified_gmt":"2025-12-09T10:06:02","slug":"kup-mefedron-4-mmc-online","status":"publish","type":"product","link":"https:\/\/chemgramx.com\/pl\/product\/4-mmc-mephedrone-online-kaufen\/","title":{"rendered":"Kup 4 MMC \u2013 wysoka czysto\u015b\u0107 i jako\u015b\u0107 laboratoryjna"},"content":{"rendered":"<p>Dla wymagaj\u0105cych naukowc\u00f3w, kt\u00f3rzy <b>autentyczny mefedron<\/b> szukasz, Chemgramx oferuje doskona\u0142e rozwi\u0105zanie. Je\u015bli <b>4 MMC na sprzeda\u017c<\/b> w najczystszej postaci, to trafi\u0142e\u015b we w\u0142a\u015bciwe miejsce. Produkt ten zosta\u0142 opracowany specjalnie do cel\u00f3w naukowych i gwarantuje najwy\u017csze standardy w badaniach. <b>Jako\u015b\u0107 bada\u0144 naukowych na sprzeda\u017c<\/b> znalezienie nigdy nie by\u0142o tak proste i niezawodne.<\/p>\n<p>Rozumiemy znaczenie precyzyjnych wynik\u00f3w w pracy naukowej. Dlatego nasz 4 MMC, znany r\u00f3wnie\u017c jako mefedron, charakteryzuje si\u0119 wyj\u0105tkow\u0105 czysto\u015bci\u0105. Jest to idealny wyb\u00f3r dla laboratori\u00f3w i o\u015brodk\u00f3w badawczych, kt\u00f3re musz\u0105 polega\u0107 na integralno\u015bci swoich eksperyment\u00f3w. Dzi\u0119ki temu mo\u017cesz mie\u0107 pewno\u015b\u0107, \u017ce otrzymujesz produkt spe\u0142niaj\u0105cy Twoje wysokie wymagania.<\/p>\n<h2>Czym jest 4-MMC (mefedron)?<\/h2>\n<p>4-metylometkatynon, lepiej znany jako mefedron lub 4-MMC, jest syntetycznym zwi\u0105zkiem chemicznym z grupy katynon\u00f3w. Po raz pierwszy zosta\u0142 zsyntetyzowany w 1929 roku, ale dopiero w XXI wieku zyska\u0142 wi\u0119ksz\u0105 uwag\u0119 \u015bwiata naukowego. Ponadto mefedron jest strukturalnie blisko spokrewniony z innymi \u015brodkami pobudzaj\u0105cymi i charakteryzuje si\u0119 metylowan\u0105 struktur\u0105 ketonow\u0105.<\/p>\n<p>W badaniach naukowych 4-MMC s\u0142u\u017cy jako cenne narz\u0119dzie do badania okre\u015blonych proces\u00f3w neurochemicznych. Pozwala naukowcom dok\u0142adniej zrozumie\u0107 z\u0142o\u017cone interakcje neuroprzeka\u017anik\u00f3w w m\u00f3zgu. W zwi\u0105zku z tym zainteresowanie tym zwi\u0105zkiem w dziedzinie neuronauki i farmakologii stale ro\u015bnie. Dlatego u nas mo\u017cna <b>Zam\u00f3w 4 MMC online<\/b>, kt\u00f3ry zosta\u0142 przygotowany specjalnie do tych cel\u00f3w.<\/p>\n<h2>Chemia stoj\u0105ca za 4-MMC<\/h2>\n<p>Wz\u00f3r chemiczny 4-MMC to C<sub>11<\/sub>H<sub>15<\/sub>NIE. Jest to bia\u0142y, krystaliczny proszek, kt\u00f3ry zazwyczaj wyst\u0119puje w postaci soli chlorowodorkowej. Ponadto jego masa molowa wynosi oko\u0142o 177,24 g\/mol. Jego szczeg\u00f3ln\u0105 cech\u0105 jest grupa metylowa w pozycji 4 pier\u015bcienia fenylowego i funkcja ketonowa.<\/p>\n<p>Ta specyficzna struktura nadaje 4-MMC wyj\u0105tkowe w\u0142a\u015bciwo\u015bci farmakologiczne, kt\u00f3re sprawiaj\u0105, \u017ce jest on interesuj\u0105cym kandydatem do bada\u0144. Oddzia\u0142ywuje on przede wszystkim na transportery monoaminowe w o\u015brodkowym uk\u0142adzie nerwowym. W szczeg\u00f3lno\u015bci wp\u0142ywa na uwalnianie dopaminy, noradrenaliny i serotoniny, co czyni go wa\u017cnym obiektem bada\u0144. W celu przeprowadzenia bardziej szczeg\u00f3\u0142owych analiz, nasz <b>wysokiej jako\u015bci 4 MMC<\/b> dlatego jest to najlepszy wyb\u00f3r.<\/p>\n<h2>Zastosowania w badaniach<\/h2>\n<p>4-MMC ma szerokie zastosowanie w badaniach przedklinicznych, zw\u0142aszcza w neurofarmakologii i toksykologii. Naukowcy wykorzystuj\u0105 go do symulacji wp\u0142ywu \u015brodk\u00f3w pobudzaj\u0105cych na zachowanie i fizjologi\u0119. Badane s\u0105 r\u00f3wnie\u017c szczeg\u00f3\u0142owo mechanizmy uwalniania i ponownego wychwytywania neuroprzeka\u017anik\u00f3w.<\/p>\n<p>Ponadto 4-MMC idealnie nadaje si\u0119 do eksperyment\u00f3w in vitro, w kt\u00f3rych analizuje si\u0119 wp\u0142yw na kultury kom\u00f3rkowe lub receptory. Pomaga r\u00f3wnie\u017c w identyfikacji potencjalnych biomarker\u00f3w do oceny dzia\u0142ania \u015brodk\u00f3w pobudzaj\u0105cych. W zwi\u0105zku z tym jest niezb\u0119dnym odczynnikiem w wielu nowoczesnych laboratoriach badawczych. Je\u015bli chcesz to <b>najlepsze 4 dost\u0119pne MMC<\/b> chcesz wykorzysta\u0107 do swoich eksperyment\u00f3w, nasz produkt jest optymalnym wyborem.<\/p>\n<p>Wszechstronno\u015b\u0107 4-MMC pozwala odpowiedzie\u0107 na r\u00f3\u017cne pytania badawcze, od bada\u0144 podstawowych po badania stosowane. W ten spos\u00f3b znacz\u0105co przyczynia si\u0119 do poszerzenia naszej wiedzy na temat z\u0142o\u017conych system\u00f3w neurobiologicznych. Kup <b>Wysoka czysto\u015b\u0107 na sprzeda\u017c<\/b>, aby zweryfikowa\u0107 wyniki swoich bada\u0144.<\/p>\n<h2>Dlaczego warto wybra\u0107 Chemgramx dla 4-MMC?<\/h2>\n<p>W Chemgramx przywi\u0105zujemy najwi\u0119ksz\u0105 wag\u0119 do jako\u015bci i czysto\u015bci. Ka\u017cda partia naszego 4-MMC poddawana jest rygorystycznym testom laboratoryjnym, aby zapewni\u0107 czysto\u015b\u0107 powy\u017cej 98%. Gwarantuje to, \u017ce wyniki bada\u0144 nie zostan\u0105 zafa\u0142szowane przez zanieczyszczenia. Dlatego naszym celem jest dostarczenie Pa\u0144stwu <b>najlepsze 4 dost\u0119pne MMC<\/b> do zaoferowania.<\/p>\n<p>Zobowi\u0105zujemy si\u0119 do zachowania przejrzysto\u015bci i rzetelno\u015bci naukowej. Nasze produkty s\u0105 przechowywane w kontrolowanych warunkach i starannie przetwarzane w celu zachowania ich stabilno\u015bci. Dzi\u0119ki temu mo\u017cesz mie\u0107 pewno\u015b\u0107 co do sp\u00f3jno\u015bci i niezawodno\u015bci ka\u017cdego zakupu. A <b>Bezpieczny zakup<\/b> jest dla nas najwa\u017cniejsze.<\/p>\n<p>Ponadto wspieramy spo\u0142eczno\u015b\u0107 naukow\u0105, zapewniaj\u0105c \u0142atwy dost\u0119p do <b>Jako\u015b\u0107 laboratoryjna na sprzeda\u017c<\/b> . Zaufaj Chemgramx, je\u015bli <b>autentyczne 4 MMC<\/b> dla swoich profesjonalnych potrzeb. Mo\u017cesz <a href=\"https:\/\/chemgramx.com\/product\/4-mmc-mephedrone-online-kaufen\/\">ten wysoce czysty 4 MMC<\/a> \u0142atwo i niezawodnie.<\/p>\n<p>Nasze zaanga\u017cowanie w zapewnianie doskona\u0142ej obs\u0142ugi i jako\u015bci produkt\u00f3w sprawia, \u017ce jeste\u015bmy preferowanym partnerem naukowc\u00f3w na ca\u0142ym \u015bwiecie. Jeste\u015bmy dumni, \u017ce mo\u017cemy by\u0107 istotnym elementem Pa\u0144stwa odkry\u0107 naukowych. Kr\u00f3tko m\u00f3wi\u0105c, <b>Kup w Chemgramx<\/b> pewno\u015b\u0107, \u017ce pracujemy z materia\u0142ami wysokiej jako\u015bci.<\/p>\n<h2>Wytyczne dotycz\u0105ce obs\u0142ugi i przechowywania<\/h2>\n<p>Odpowiedzialne obchodzenie si\u0119 z 4-MMC ma kluczowe znaczenie dla bezpiecze\u0144stwa w laboratorium i integralno\u015bci produktu. Nale\u017cy zawsze nosi\u0107 odpowiednie \u015brodki ochrony osobistej, takie jak r\u0119kawiczki, okulary ochronne i fartuch laboratoryjny. Ponadto niezb\u0119dna jest dobra wentylacja w miejscu pracy, aby unikn\u0105\u0107 wdychania py\u0142\u00f3w.<\/p>\n<p>Aby zapewni\u0107 optymalne warunki przechowywania, zaleca si\u0119 przechowywanie 4-MMC w szczelnie zamkni\u0119tym pojemniku w ch\u0142odnym, suchym i chronionym przed \u015bwiat\u0142em miejscu. Pozwala to zmaksymalizowa\u0107 stabilno\u015b\u0107 chemiczn\u0105 i zachowa\u0107 czysto\u015b\u0107 przez d\u0142u\u017cszy czas. Nale\u017cy unika\u0107 ekstremalnych temperatur i wilgoci, aby zapobiec degradacji materia\u0142u.<\/p>\n<p>Wszystkie pozosta\u0142o\u015bci i materia\u0142y opakowaniowe nale\u017cy utylizowa\u0107 zgodnie z obowi\u0105zuj\u0105cymi lokalnymi i krajowymi przepisami dotycz\u0105cymi odpad\u00f3w chemicznych. Ostro\u017cne obchodzenie si\u0119 z nimi zapewnia nie tylko bezpiecze\u0144stwo, ale tak\u017ce ekologiczno\u015b\u0107 praktyk laboratoryjnych. W ten spos\u00f3b przyczyniacie si\u0119 Pa\u0144stwo do odpowiedzialnego prowadzenia dzia\u0142alno\u015bci naukowej.<\/p>\n<h2>Specyfikacja techniczna<\/h2>\n<p>Poni\u017csza tabela zawiera najwa\u017cniejsze dane techniczne dotycz\u0105ce naszego produktu 4-MMC. Informacje te maj\u0105 kluczowe znaczenie dla planowania i przeprowadzania eksperyment\u00f3w oraz zapewniaj\u0105 zgodno\u015b\u0107 z protoko\u0142ami badawczymi.<\/p>\n<table>\n<thead>\n<tr>\n<th>W\u0142a\u015bciwo\u015b\u0107<\/th>\n<th>warto\u015b\u0107<\/th>\n<\/tr>\n<\/thead>\n<tbody>\n<tr>\n<td>Nazwa chemiczna<\/td>\n<td>4-metylometkatynon (mefedron)<\/td>\n<\/tr>\n<tr>\n<td>Numer CAS<\/td>\n<td>1189805-46-6 (wolna zasada chlorowodorkowa)<\/td>\n<\/tr>\n<tr>\n<td>Wz\u00f3r chemiczny<\/td>\n<td>C<sub>11<\/sub>H<sub>15<\/sub>NIE<\/td>\n<\/tr>\n<tr>\n<td>masa molowa<\/td>\n<td>177,24 g\/mol<\/td>\n<\/tr>\n<tr>\n<td>Czysto\u015b\u0107<\/td>\n<td>&gt;98%<\/td>\n<\/tr>\n<tr>\n<td>Wygl\u0105d<\/td>\n<td>Bia\u0142y, krystaliczny proszek<\/td>\n<\/tr>\n<\/tbody>\n<\/table>\n<h2>Kwestie prawne i etyczne<\/h2>\n<p>Zastosowanie 4-MMC jest \u015bci\u015ble ograniczone do cel\u00f3w bada\u0144 naukowych. Nie jest ono przeznaczone do spo\u017cycia przez ludzi, zastosowa\u0144 terapeutycznych ani diagnostycznych. W zwi\u0105zku z tym wszyscy nabywcy i u\u017cytkownicy musz\u0105 przestrzega\u0107 odpowiednich przepis\u00f3w i regulacji obowi\u0105zuj\u0105cych w ich kraju w zakresie chemikali\u00f3w badawczych.<\/p>\n<p>Chemgramx nie zgadza si\u0119 na jakiekolwiek niew\u0142a\u015bciwe u\u017cycie tego produktu. Oczekujemy, \u017ce nasi klienci b\u0119d\u0105 u\u017cywa\u0107 4-MMC w spos\u00f3b odpowiedzialny i tylko w ramach zatwierdzonych projekt\u00f3w naukowych. W ten spos\u00f3b wsp\u00f3lnie dbamy o bezpiecze\u0144stwo i rzetelno\u015b\u0107 bada\u0144. Je\u015bli chcesz dowiedzie\u0107 si\u0119 wi\u0119cej <a href=\"https:\/\/chemgramx.com\/product\/2c-e-hcl-kaufen\/\">Chemikalia badawcze, takie jak <b>2C-E-HCl<\/b><\/a> potrzebujesz, znajdziesz je r\u00f3wnie\u017c w naszym asortymencie.<\/p>\n<p>Aby to podkre\u015bli\u0107, nasz 4-MMC s\u0142u\u017cy wy\u0142\u0105cznie jako odczynnik laboratoryjny. Prosz\u0119 upewni\u0107 si\u0119, \u017ce posiadaj\u0105 Pa\u0144stwo niezb\u0119dne zezwolenia i wyposa\u017cenie do obchodzenia si\u0119 z takimi substancjami. <b>Kup teraz online<\/b> u nas oznacza akceptacj\u0119 tych warunk\u00f3w.<\/p>\n<h2>Wnioski<\/h2>\n<p>Podsumowuj\u0105c, Chemgramx oferuje wysokiej czysto\u015bci 4-MMC (mefedron), opracowany specjalnie do wymagaj\u0105cych zastosowa\u0144 badawczych. Nasze zaanga\u017cowanie w jako\u015b\u0107, czysto\u015b\u0107 i rzetelno\u015b\u0107 naukow\u0105 sprawia, \u017ce jeste\u015bmy idealnym partnerem dla Pa\u0144stwa.<\/p>\n<p>Mo\u017cesz polega\u0107 na naszym produkcie, kt\u00f3ry zapewni precyzyjne i wiarygodne wyniki Twoich eksperyment\u00f3w. Ju\u017c dzi\u015b odkryj zalety <b>Najwy\u017csza jako\u015b\u0107 4 MMC<\/b> do realizacji projekt\u00f3w naukowych. Naszym celem jest dostarczanie najlepszych materia\u0142\u00f3w do bada\u0144 naukowych.<\/p>\n<p><b>Zam\u00f3w 4 karty MMC online<\/b> w Chemgramx i skorzystaj z naszej wiedzy specjalistycznej oraz zaanga\u017cowania w badania naukowe. Z przyjemno\u015bci\u0105 pomo\u017cemy Ci w osi\u0105gni\u0119ciu kolejnych prze\u0142omowych odkry\u0107 naukowych.<\/p>","protected":false},"excerpt":{"rendered":"<p>Odkryj nasze produkty o wysokiej czysto\u015bci <b>4 MMC (Mefedron)<\/b> w <b>Jako\u015b\u0107 bada\u0144 naukowych na sprzeda\u017c<\/b>, zaprojektowany specjalnie do precyzyjnych zastosowa\u0144 naukowych. Kup <b>autentyczne 4 MMC<\/b> do projekt\u00f3w laboratoryjnych. <b>Kup teraz online<\/b> w Chemgramx i skorzystaj z naszego zobowi\u0105zania do zapewnienia jako\u015bci i czysto\u015bci.<\/p>","protected":false},"featured_media":8433,"comment_status":"open","ping_status":"closed","template":"","meta":{"_joinchat":[]},"product_brand":[],"product_cat":[48],"product_tag":[2496,2499,2500,2502,1627,2498,2497,2501,2503,2015],"class_list":{"0":"post-8393","1":"product","2":"type-product","3":"status-publish","4":"has-post-thumbnail","6":"product_cat-stimulants","7":"product_tag-4-mmc","8":"product_tag-4-mmc-kristalle","9":"product_tag-4-mmc-online-kaufen","10":"product_tag-4-mmc-pulver","11":"product_tag-4-mmc-kaufen","12":"product_tag-mephedrone-4-mmc","13":"product_tag-mephedrone-kaufen","14":"product_tag-mephedrone-online-kaufen","15":"product_tag-mephedrone-zum-verkauf","16":"product_tag-synthetische-drogen","18":"first","19":"instock","20":"shipping-taxable","21":"purchasable","22":"product-type-variable"},"yoast_head":"<!-- This site is optimized with the Yoast SEO plugin v27.5 - https:\/\/yoast.com\/product\/yoast-seo-wordpress\/ -->\n<title>4 MMC Kaufen \u2013 Hohe Reinheit &amp; Laborqualit\u00e4t<\/title>\n<meta name=\"description\" content=\"M\u00f6chten Sie hochwertiges 4 MMC (Mephedron) f\u00fcr Ihre Forschung online bestellen? Entdecken Sie reine Forschungsqualit\u00e4t bei Chemgramx. Jetzt 4 MMC Kaufen.\" \/>\n<meta name=\"robots\" content=\"index, follow, max-snippet:-1, max-image-preview:large, max-video-preview:-1\" \/>\n<link rel=\"canonical\" href=\"https:\/\/chemgramx.com\/pl\/produkt-1\/kup-mefedron-4-mmc-online\/\" \/>\n<meta property=\"og:locale\" content=\"pl_PL\" \/>\n<meta property=\"og:type\" content=\"article\" \/>\n<meta property=\"og:title\" content=\"4 MMC Kaufen \u2013 Hohe Reinheit &amp; Laborqualit\u00e4t\" \/>\n<meta property=\"og:description\" content=\"M\u00f6chten Sie hochwertiges 4 MMC (Mephedron) f\u00fcr Ihre Forschung online bestellen? Entdecken Sie reine Forschungsqualit\u00e4t bei Chemgramx. Jetzt 4 MMC Kaufen.\" \/>\n<meta property=\"og:url\" content=\"https:\/\/chemgramx.com\/pl\/produkt-1\/kup-mefedron-4-mmc-online\/\" \/>\n<meta property=\"og:site_name\" content=\"Chemgramx\" \/>\n<meta property=\"article:modified_time\" content=\"2025-12-09T10:06:02+00:00\" \/>\n<meta property=\"og:image\" content=\"https:\/\/chemgramx.com\/wp-content\/uploads\/2025\/11\/4mmc.png\" \/>\n\t<meta property=\"og:image:width\" content=\"600\" \/>\n\t<meta property=\"og:image:height\" content=\"400\" \/>\n\t<meta property=\"og:image:type\" content=\"image\/png\" \/>\n<meta name=\"twitter:card\" content=\"summary_large_image\" \/>\n<meta name=\"twitter:label1\" content=\"Szacowany czas czytania\" \/>\n\t<meta name=\"twitter:data1\" content=\"4 minuty\" \/>\n<script type=\"application\/ld+json\" class=\"yoast-schema-graph\">{\"@context\":\"https:\\\/\\\/schema.org\",\"@graph\":[{\"@type\":\"WebPage\",\"@id\":\"https:\\\/\\\/chemgramx.com\\\/product\\\/4-mmc-mephedrone-online-kaufen\\\/\",\"url\":\"https:\\\/\\\/chemgramx.com\\\/product\\\/4-mmc-mephedrone-online-kaufen\\\/\",\"name\":\"4 MMC Kaufen \u2013 Hohe Reinheit & Laborqualit\u00e4t\",\"isPartOf\":{\"@id\":\"https:\\\/\\\/chemgramx.com\\\/#website\"},\"primaryImageOfPage\":{\"@id\":\"https:\\\/\\\/chemgramx.com\\\/product\\\/4-mmc-mephedrone-online-kaufen\\\/#primaryimage\"},\"image\":{\"@id\":\"https:\\\/\\\/chemgramx.com\\\/product\\\/4-mmc-mephedrone-online-kaufen\\\/#primaryimage\"},\"thumbnailUrl\":\"https:\\\/\\\/chemgramx.com\\\/wp-content\\\/uploads\\\/2025\\\/11\\\/4mmc.png\",\"datePublished\":\"2025-11-21T18:18:29+00:00\",\"dateModified\":\"2025-12-09T10:06:02+00:00\",\"description\":\"M\u00f6chten Sie hochwertiges 4 MMC (Mephedron) f\u00fcr Ihre Forschung online bestellen? Entdecken Sie reine Forschungsqualit\u00e4t bei Chemgramx. Jetzt 4 MMC Kaufen.\",\"breadcrumb\":{\"@id\":\"https:\\\/\\\/chemgramx.com\\\/product\\\/4-mmc-mephedrone-online-kaufen\\\/#breadcrumb\"},\"inLanguage\":\"pl-PL\",\"potentialAction\":[{\"@type\":\"ReadAction\",\"target\":[\"https:\\\/\\\/chemgramx.com\\\/product\\\/4-mmc-mephedrone-online-kaufen\\\/\"]}]},{\"@type\":\"ImageObject\",\"inLanguage\":\"pl-PL\",\"@id\":\"https:\\\/\\\/chemgramx.com\\\/product\\\/4-mmc-mephedrone-online-kaufen\\\/#primaryimage\",\"url\":\"https:\\\/\\\/chemgramx.com\\\/wp-content\\\/uploads\\\/2025\\\/11\\\/4mmc.png\",\"contentUrl\":\"https:\\\/\\\/chemgramx.com\\\/wp-content\\\/uploads\\\/2025\\\/11\\\/4mmc.png\",\"width\":600,\"height\":400},{\"@type\":\"BreadcrumbList\",\"@id\":\"https:\\\/\\\/chemgramx.com\\\/product\\\/4-mmc-mephedrone-online-kaufen\\\/#breadcrumb\",\"itemListElement\":[{\"@type\":\"ListItem\",\"position\":1,\"name\":\"Home\",\"item\":\"https:\\\/\\\/chemgramx.com\\\/\"},{\"@type\":\"ListItem\",\"position\":2,\"name\":\"Shop\",\"item\":\"https:\\\/\\\/chemgramx.com\\\/shop\\\/\"},{\"@type\":\"ListItem\",\"position\":3,\"name\":\"4 MMC Kaufen \u2013 Hohe Reinheit &amp; Laborqualit\u00e4t\"}]},{\"@type\":\"WebSite\",\"@id\":\"https:\\\/\\\/chemgramx.com\\\/#website\",\"url\":\"https:\\\/\\\/chemgramx.com\\\/\",\"name\":\"Chemgramx\",\"description\":\"\",\"publisher\":{\"@id\":\"https:\\\/\\\/chemgramx.com\\\/#organization\"},\"potentialAction\":[{\"@type\":\"SearchAction\",\"target\":{\"@type\":\"EntryPoint\",\"urlTemplate\":\"https:\\\/\\\/chemgramx.com\\\/?s={search_term_string}\"},\"query-input\":{\"@type\":\"PropertyValueSpecification\",\"valueRequired\":true,\"valueName\":\"search_term_string\"}}],\"inLanguage\":\"pl-PL\"},{\"@type\":\"Organization\",\"@id\":\"https:\\\/\\\/chemgramx.com\\\/#organization\",\"name\":\"Chemgramx\",\"url\":\"https:\\\/\\\/chemgramx.com\\\/\",\"logo\":{\"@type\":\"ImageObject\",\"inLanguage\":\"pl-PL\",\"@id\":\"https:\\\/\\\/chemgramx.com\\\/#\\\/schema\\\/logo\\\/image\\\/\",\"url\":\"https:\\\/\\\/chemgramx.com\\\/wp-content\\\/uploads\\\/2024\\\/10\\\/final-logo.png\",\"contentUrl\":\"https:\\\/\\\/chemgramx.com\\\/wp-content\\\/uploads\\\/2024\\\/10\\\/final-logo.png\",\"width\":250,\"height\":48,\"caption\":\"Chemgramx\"},\"image\":{\"@id\":\"https:\\\/\\\/chemgramx.com\\\/#\\\/schema\\\/logo\\\/image\\\/\"}}]}<\/script>\n<!-- \/ Yoast SEO plugin. -->","yoast_head_json":{"title":"Kup 4 MMC \u2013 wysoka czysto\u015b\u0107 i jako\u015b\u0107 laboratoryjna","description":"Chcesz zam\u00f3wi\u0107 online wysokiej jako\u015bci 4 MMC (mefedron) do cel\u00f3w badawczych? Odkryj czyst\u0105 jako\u015b\u0107 badawcz\u0105 w Chemgramx. Kup teraz 4 MMC.","robots":{"index":"index","follow":"follow","max-snippet":"max-snippet:-1","max-image-preview":"max-image-preview:large","max-video-preview":"max-video-preview:-1"},"canonical":"https:\/\/chemgramx.com\/pl\/produkt-1\/kup-mefedron-4-mmc-online\/","og_locale":"pl_PL","og_type":"article","og_title":"4 MMC Kaufen \u2013 Hohe Reinheit & Laborqualit\u00e4t","og_description":"M\u00f6chten Sie hochwertiges 4 MMC (Mephedron) f\u00fcr Ihre Forschung online bestellen? Entdecken Sie reine Forschungsqualit\u00e4t bei Chemgramx. Jetzt 4 MMC Kaufen.","og_url":"https:\/\/chemgramx.com\/pl\/produkt-1\/kup-mefedron-4-mmc-online\/","og_site_name":"Chemgramx","article_modified_time":"2025-12-09T10:06:02+00:00","og_image":[{"width":600,"height":400,"url":"https:\/\/chemgramx.com\/wp-content\/uploads\/2025\/11\/4mmc.png","type":"image\/png"}],"twitter_card":"summary_large_image","twitter_misc":{"Szacowany czas czytania":"4 minuty"},"schema":{"@context":"https:\/\/schema.org","@graph":[{"@type":"WebPage","@id":"https:\/\/chemgramx.com\/product\/4-mmc-mephedrone-online-kaufen\/","url":"https:\/\/chemgramx.com\/product\/4-mmc-mephedrone-online-kaufen\/","name":"Kup 4 MMC \u2013 wysoka czysto\u015b\u0107 i jako\u015b\u0107 laboratoryjna","isPartOf":{"@id":"https:\/\/chemgramx.com\/#website"},"primaryImageOfPage":{"@id":"https:\/\/chemgramx.com\/product\/4-mmc-mephedrone-online-kaufen\/#primaryimage"},"image":{"@id":"https:\/\/chemgramx.com\/product\/4-mmc-mephedrone-online-kaufen\/#primaryimage"},"thumbnailUrl":"https:\/\/chemgramx.com\/wp-content\/uploads\/2025\/11\/4mmc.png","datePublished":"2025-11-21T18:18:29+00:00","dateModified":"2025-12-09T10:06:02+00:00","description":"Chcesz zam\u00f3wi\u0107 online wysokiej jako\u015bci 4 MMC (mefedron) do cel\u00f3w badawczych? Odkryj czyst\u0105 jako\u015b\u0107 badawcz\u0105 w Chemgramx. Kup teraz 4 MMC.","breadcrumb":{"@id":"https:\/\/chemgramx.com\/product\/4-mmc-mephedrone-online-kaufen\/#breadcrumb"},"inLanguage":"pl-PL","potentialAction":[{"@type":"ReadAction","target":["https:\/\/chemgramx.com\/product\/4-mmc-mephedrone-online-kaufen\/"]}]},{"@type":"ImageObject","inLanguage":"pl-PL","@id":"https:\/\/chemgramx.com\/product\/4-mmc-mephedrone-online-kaufen\/#primaryimage","url":"https:\/\/chemgramx.com\/wp-content\/uploads\/2025\/11\/4mmc.png","contentUrl":"https:\/\/chemgramx.com\/wp-content\/uploads\/2025\/11\/4mmc.png","width":600,"height":400},{"@type":"BreadcrumbList","@id":"https:\/\/chemgramx.com\/product\/4-mmc-mephedrone-online-kaufen\/#breadcrumb","itemListElement":[{"@type":"ListItem","position":1,"name":"Home","item":"https:\/\/chemgramx.com\/"},{"@type":"ListItem","position":2,"name":"Shop","item":"https:\/\/chemgramx.com\/shop\/"},{"@type":"ListItem","position":3,"name":"4 MMC Kaufen \u2013 Hohe Reinheit &amp; Laborqualit\u00e4t"}]},{"@type":"WebSite","@id":"https:\/\/chemgramx.com\/#website","url":"https:\/\/chemgramx.com\/","name":"Chemgramx","description":"","publisher":{"@id":"https:\/\/chemgramx.com\/#organization"},"potentialAction":[{"@type":"SearchAction","target":{"@type":"EntryPoint","urlTemplate":"https:\/\/chemgramx.com\/?s={search_term_string}"},"query-input":{"@type":"PropertyValueSpecification","valueRequired":true,"valueName":"search_term_string"}}],"inLanguage":"pl-PL"},{"@type":"Organization","@id":"https:\/\/chemgramx.com\/#organization","name":"Chemgramx","url":"https:\/\/chemgramx.com\/","logo":{"@type":"ImageObject","inLanguage":"pl-PL","@id":"https:\/\/chemgramx.com\/#\/schema\/logo\/image\/","url":"https:\/\/chemgramx.com\/wp-content\/uploads\/2024\/10\/final-logo.png","contentUrl":"https:\/\/chemgramx.com\/wp-content\/uploads\/2024\/10\/final-logo.png","width":250,"height":48,"caption":"Chemgramx"},"image":{"@id":"https:\/\/chemgramx.com\/#\/schema\/logo\/image\/"}}]}},"_links":{"self":[{"href":"https:\/\/chemgramx.com\/pl\/wp-json\/wp\/v2\/product\/8393","targetHints":{"allow":["GET"]}}],"collection":[{"href":"https:\/\/chemgramx.com\/pl\/wp-json\/wp\/v2\/product"}],"about":[{"href":"https:\/\/chemgramx.com\/pl\/wp-json\/wp\/v2\/types\/product"}],"replies":[{"embeddable":true,"href":"https:\/\/chemgramx.com\/pl\/wp-json\/wp\/v2\/comments?post=8393"}],"wp:featuredmedia":[{"embeddable":true,"href":"https:\/\/chemgramx.com\/pl\/wp-json\/wp\/v2\/media\/8433"}],"wp:attachment":[{"href":"https:\/\/chemgramx.com\/pl\/wp-json\/wp\/v2\/media?parent=8393"}],"wp:term":[{"taxonomy":"product_brand","embeddable":true,"href":"https:\/\/chemgramx.com\/pl\/wp-json\/wp\/v2\/product_brand?post=8393"},{"taxonomy":"product_cat","embeddable":true,"href":"https:\/\/chemgramx.com\/pl\/wp-json\/wp\/v2\/product_cat?post=8393"},{"taxonomy":"product_tag","embeddable":true,"href":"https:\/\/chemgramx.com\/pl\/wp-json\/wp\/v2\/product_tag?post=8393"}],"curies":[{"name":"wp","href":"https:\/\/api.w.org\/{rel}","templated":true}]}}