{"id":8398,"date":"2025-11-21T18:18:31","date_gmt":"2025-11-21T18:18:31","guid":{"rendered":"https:\/\/chemgramx.com\/?post_type=product&#038;p=8398"},"modified":"2025-12-09T09:54:35","modified_gmt":"2025-12-09T09:54:35","slug":"4-mec-zamowienie-online","status":"publish","type":"product","link":"https:\/\/chemgramx.com\/pl\/product\/4-mec-online-bestellung\/","title":{"rendered":"Kup 4-MEC \u2013 wysoka czysto\u015b\u0107"},"content":{"rendered":"<p>Odkryj wyj\u0105tkow\u0105 czysto\u015b\u0107 i jako\u015b\u0107 4-MEC, produktu chemicznego przeznaczonego do bada\u0144, opracowanego specjalnie z my\u015bl\u0105 o wymagaj\u0105cych zastosowaniach naukowych. Je\u015bli szukasz niezawodnego \u017ar\u00f3d\u0142a dla swojego kolejnego projektu, trafi\u0142e\u015b we w\u0142a\u015bciwe miejsce. Oferujemy <b>4-MEC do kupienia<\/b>, kt\u00f3ry spe\u0142nia najwy\u017csze standardy bran\u017cowe. Produkt ten charakteryzuje si\u0119 niezwyk\u0142\u0105 konsystencj\u0105 i czysto\u015bci\u0105, co czyni go idealnym wyborem dla laboratori\u00f3w i o\u015brodk\u00f3w badawczych, kt\u00f3re musz\u0105 uzyskiwa\u0107 precyzyjne wyniki.<\/p>\n<h2>Czym jest 4-MEC?<\/h2>\n<p>4-MEC, znany r\u00f3wnie\u017c jako 4-metyloetylokatynon, jest zwi\u0105zkiem chemicznym nale\u017c\u0105cym do klasy katynon\u00f3w. Pod wzgl\u0119dem struktury jest spokrewniony z innymi substancjami badanymi w badaniach farmaceutycznych i chemicznych. Jego unikalna struktura molekularna sprawia, \u017ce jest on interesuj\u0105cym narz\u0119dziem dla r\u00f3\u017cnych dyscyplin naukowych, zw\u0142aszcza w dziedzinach zajmuj\u0105cych si\u0119 interakcjami receptor\u00f3w i procesami biochemicznymi. Dost\u0119pno\u015b\u0107 <b>Wysokiej czysto\u015bci 4-MEC na sprzeda\u017c<\/b> ma decyduj\u0105ce znaczenie dla powtarzalno\u015bci i wiarygodno\u015bci wynik\u00f3w bada\u0144.<\/p>\n<h3>W\u0142a\u015bciwo\u015bci chemiczne i specyfikacje<\/h3>\n<p>Nasz 4-MEC jest produkowany w \u015bci\u015ble kontrolowanych warunkach, aby zapewni\u0107 maksymaln\u0105 czysto\u015b\u0107. Oznacza to, \u017ce otrzymujesz produkt wolny od niepo\u017c\u0105danych zanieczyszcze\u0144. Dlatego jest to <b>najlepsza dost\u0119pna jako\u015b\u0107 4-MEC<\/b>. Szczeg\u00f3\u0142owe specyfikacje obejmuj\u0105:<\/p>\n<ul>\n<li><b>Czysto\u015b\u0107:<\/b> Zazwyczaj powy\u017cej 99% (w zale\u017cno\u015bci od partii, analizowane metod\u0105 HPLC i GC-MS)<\/li>\n<li><b>Forma:<\/b> Proszek lub kryszta\u0142ki (r\u00f3\u017cni\u0105 si\u0119 w zale\u017cno\u015bci od partii i procesu przetwarzania)<\/li>\n<li><b>Rozpuszczalno\u015b\u0107:<\/b> Dobrze rozpuszczalny w popularnych rozpuszczalnikach organicznych<\/li>\n<li><b>Przechowywanie:<\/b> Przechowywa\u0107 w ch\u0142odnym, suchym i ciemnym miejscu, aby zachowa\u0107 stabilno\u015b\u0107.<\/li>\n<\/ul>\n<p>Staranna obs\u0142uga i obr\u00f3bka gwarantuj\u0105, \u017ce <b>autentyczny 4-MEC<\/b> otrzyma\u0107, kt\u00f3ry jest zoptymalizowany do cel\u00f3w badawczych. Je\u015bli <b>Zam\u00f3w 4-MEC online<\/b> Chemgramx jest pierwszym wyborem dla os\u00f3b poszukuj\u0105cych jako\u015bci i zaufania.<\/p>\n<h2>Dlaczego warto wybra\u0107 najwy\u017cszej jako\u015bci 4-MEC?<\/h2>\n<p>W \u015bwiecie bada\u0144 chemicznych jako\u015b\u0107 materia\u0142\u00f3w wyj\u015bciowych ma ogromne znaczenie. Ni\u017csza czysto\u015b\u0107 mo\u017ce prowadzi\u0107 do niewiarygodnych wynik\u00f3w, fa\u0142szywie pozytywnych lub negatywnych wynik\u00f3w, a ostatecznie do op\u00f3\u017anienia lub nawet niepowodzenia projekt\u00f3w badawczych. Dlatego w Chemgramx stawiamy na dostarczanie <b>Najwy\u017csza jako\u015b\u0107 4-MEC<\/b>. Rozumiemy, \u017ce Twoja praca ma kluczowe znaczenie i staramy si\u0119 zapewni\u0107 Ci narz\u0119dzia niezb\u0119dne do osi\u0105gni\u0119cia sukcesu.<\/p>\n<p>Nasze zobowi\u0105zanie do zapewnienia wysokiej jako\u015bci zaczyna si\u0119 ju\u017c na etapie pozyskiwania surowc\u00f3w i obejmuje ca\u0142y proces produkcji. Ka\u017cda partia poddawana jest rygorystycznym testom, aby zapewni\u0107 zgodno\u015b\u0107 z naszymi surowymi normami czysto\u015bci i specyfikacji. Wybieraj\u0105c nasze <b>4-MEC na sprzeda\u017c<\/b> Postaw na niezawodno\u015b\u0107 i precyzj\u0119. Jest to szczeg\u00f3lnie wa\u017cne, gdy pracujesz z substancjami przeznaczonymi do wra\u017cliwych analiz lub z\u0142o\u017conych syntez.<\/p>\n<h3>Obszary zastosowania w badaniach<\/h3>\n<p>4-MEC znajduje zastosowanie w wielu obszarach badawczych. Jego w\u0142a\u015bciwo\u015bci strukturalne sprawiaj\u0105, \u017ce jest to interesuj\u0105ca cz\u0105steczka dla:<\/p>\n<ul>\n<li><b>Badania farmakologiczne:<\/b> Badanie interakcji z r\u00f3\u017cnymi uk\u0142adami receptor\u00f3w w o\u015brodkowym uk\u0142adzie nerwowym.<\/li>\n<li><b>Badania neurochemiczne:<\/b> Analiza transporter\u00f3w neuroprzeka\u017anik\u00f3w i proces\u00f3w uwalniania.<\/li>\n<li><b>Chemia syntezy:<\/b> Jako element sk\u0142adowy do opracowywania nowych zwi\u0105zk\u00f3w chemicznych.<\/li>\n<li><b>Chemia analityczna:<\/b> Opracowanie i walidacja metod wykrywania.<\/li>\n<\/ul>\n<p>Dost\u0119pno\u015b\u0107 <b>Najwy\u017cszej jako\u015bci chemikalia badawcze<\/b> jest niezb\u0119dny do dalszego rozwoju tych dziedzin. Dlatego w Chemgramx przywi\u0105zujemy du\u017c\u0105 wag\u0119 do oferowania wy\u0142\u0105cznie produkt\u00f3w, kt\u00f3re spe\u0142niaj\u0105 nasze wysokie standardy. Je\u015bli <b>Zam\u00f3w 4-MEC online<\/b> mo\u017cesz polega\u0107 na jako\u015bci i sp\u00f3jno\u015bci, kt\u00f3rych potrzebujesz do swoich bada\u0144.<\/p>\n<h2>Proces zaopatrzenia: bezpiecze\u0144stwo i wydajno\u015b\u0107<\/h2>\n<p>Wiemy, \u017ce zakup chemikali\u00f3w do bada\u0144 wymaga zaufania i niezawodno\u015bci. Nasz proces zamawiania zosta\u0142 zaprojektowany tak, aby zapewni\u0107 Pa\u0144stwu p\u0142ynn\u0105 i bezpieczn\u0105 obs\u0142ug\u0119. Je\u015bli zdecyduj\u0105 si\u0119 Pa\u0144stwo, <b>Zam\u00f3w 4-MEC online<\/b>, Twoje zam\u00f3wienie przechodzi staranny proces przetwarzania. Przywi\u0105zujemy du\u017c\u0105 wag\u0119 do tego, aby wszystkie produkty by\u0142y obs\u0142ugiwane w bezpieczny spos\u00f3b. Gwarantuje to integralno\u015b\u0107 substancji do momentu, gdy b\u0119dzie ona gotowa do u\u017cycia w Twojej pracy.<\/p>\n<p>Ponadto staramy si\u0119 zapewni\u0107 Pa\u0144stwu przejrzyst\u0105 i sprawn\u0105 obs\u0142ug\u0119. Nasza platforma jest przyjazna dla u\u017cytkownika, dzi\u0119ki czemu szybko i \u0142atwo znajd\u0105 Pa\u0144stwo to, czego szukaj\u0105. Je\u015bli maj\u0105 Pa\u0144stwo szczeg\u00f3lne wymagania lub pytania dotycz\u0105ce naszych produkt\u00f3w, nasz zesp\u00f3\u0142 obs\u0142ugi klienta jest do Pa\u0144stwa dyspozycji. Mo\u017cliwo\u015b\u0107, <b>zakup wysokiej jako\u015bci 4-MEC<\/b>, nigdy nie by\u0142o tak proste i dost\u0119pne.<\/p>\n<h3>Por\u00f3wnanie z podobnymi zwi\u0105zkami<\/h3>\n<p>Aby w pe\u0142ni zrozumie\u0107 znaczenie 4-MEC w badaniach naukowych, warto por\u00f3wna\u0107 go z podobnymi zwi\u0105zkami. Chocia\u017c wiele katynon\u00f3w wykazuje podobie\u0144stwa strukturalne, r\u00f3\u017cni\u0105 si\u0119 one subtelnymi, ale istotnymi w\u0142a\u015bciwo\u015bciami chemicznymi i farmakologicznymi. R\u00f3\u017cnice te mog\u0105 mie\u0107 znacz\u0105cy wp\u0142yw na ich aktywno\u015b\u0107 biologiczn\u0105 i przydatno\u015b\u0107 do okre\u015blonych zagadnie\u0144 badawczych. Dlatego wa\u017cne jest, aby <b>najbardziej odpowiedni zwi\u0105zek 4-MEC do konkretnego zastosowania<\/b> wybra\u0107.<\/p>\n<p>Nasz <b>4-MEC na sprzeda\u017c<\/b> zosta\u0142 dok\u0142adnie scharakteryzowany, aby zapewni\u0107 zgodno\u015b\u0107 z wymaganymi specyfikacjami do cel\u00f3w badawczych. Oferujemy r\u00f3wnie\u017c inne powi\u0105zane zwi\u0105zki, takie jak chlorowodorek metyloeskaliny, kt\u00f3ry r\u00f3wnie\u017c mo\u017cna znale\u017a\u0107 tutaj. Umo\u017cliwia to naukowcom por\u00f3wnywanie i badanie szerokiej gamy substancji. Dost\u0119pno\u015b\u0107 takich substancji chemicznych ma kluczowe znaczenie dla bada\u0144 podstawowych w r\u00f3\u017cnych dyscyplinach naukowych.<\/p>\n<h2>Kontrola jako\u015bci i certyfikaty analityczne<\/h2>\n<p>W Chemgramx jako\u015b\u0107 jest najwa\u017cniejsza. Przeprowadzamy rygorystyczne kontrole jako\u015bci ka\u017cdej partii naszego 4-MEC. Odbywa si\u0119 to za pomoc\u0105 zaawansowanych technik analitycznych, takich jak wysokosprawna chromatografia cieczowa (HPLC) i chromatografia gazowa sprz\u0119\u017cona ze spektrometri\u0105 masow\u0105 (GC-MS). Metody te dostarczaj\u0105 precyzyjnych danych dotycz\u0105cych czysto\u015bci i to\u017csamo\u015bci zwi\u0105zku.<\/p>\n<p>Jeste\u015bmy dumni, \u017ce mo\u017cemy Pa\u0144stwu zaoferowa\u0107 <b>4-MEC w jako\u015bci laboratoryjnej na sprzeda\u017c<\/b> . Oznacza to, \u017ce produkty spe\u0142niaj\u0105 surowe wymagania dotycz\u0105ce stosowania w laboratoriach naukowych. Na \u017cyczenie klienta mo\u017cemy dostarczy\u0107 certyfikaty analizy (Certificates of Analysis, CoA), kt\u00f3re zawieraj\u0105 szczeg\u00f3\u0142owe informacje na temat konkretnej partii, w tym czysto\u015b\u0107, testy identyfikacyjne i inne istotne parametry. Podkre\u015bla to nasze zaanga\u017cowanie w zapewnienie przejrzysto\u015bci i jako\u015bci. Je\u015bli <b>autentyczny 4-MEC<\/b> potrzebujesz, jeste\u015bmy Twoim godnym zaufania \u017ar\u00f3d\u0142em.<\/p>\n<h3>Bezpieczne i odpowiedzialne obchodzenie si\u0119 z produktem<\/h3>\n<p>Bezpieczne obchodzenie si\u0119 z substancjami chemicznymi jest podstaw\u0105 naszej dzia\u0142alno\u015bci. Zalecamy wszystkim naszym klientom przestrzeganie odpowiednich protoko\u0142\u00f3w bezpiecze\u0144stwa podczas pracy z 4-MEC lub innymi chemikaliami badawczymi. Obejmuje to stosowanie odpowiednich \u015brodk\u00f3w ochrony indywidualnej (PPE), takich jak r\u0119kawiczki i okulary ochronne, a tak\u017ce prac\u0119 w dobrze wentylowanych pomieszczeniach lub pod wyci\u0105giem.<\/p>\n<p>Ponadto pragniemy podkre\u015bli\u0107, \u017ce nasze produkty s\u0105 przeznaczone wy\u0142\u0105cznie do cel\u00f3w badawczych. Nie s\u0105 one przeznaczone do stosowania u ludzi ani zwierz\u0105t. Prawid\u0142owe przechowywanie i obchodzenie si\u0119 z produktem ma kluczowe znaczenie dla zapewnienia jego integralno\u015bci i bezpiecze\u0144stwa. Je\u015bli <b>Zam\u00f3w 4-MEC online<\/b>, jako klient ponosisz r\u00f3wnie\u017c odpowiedzialno\u015b\u0107 za bezpieczne i zgodne z przeznaczeniem u\u017cytkowanie. Jeste\u015bmy Twoim partnerem w zakresie <b>wysokiej jako\u015bci 4-MEC<\/b>.<\/p>\n<h2>Chemgramx: Tw\u00f3j partner w zakresie chemikali\u00f3w badawczych<\/h2>\n<p>W Chemgramx zobowi\u0105zali\u015bmy si\u0119 do dostarczania spo\u0142eczno\u015bci naukowej najwy\u017cszej jako\u015bci chemikali\u00f3w badawczych. Rozumiemy wyzwania, przed kt\u00f3rymi staj\u0105 naukowcy, i staramy si\u0119 je u\u0142atwi\u0107, dostarczaj\u0105c niezawodne produkty o wysokiej czysto\u015bci. Je\u015bli <b>4-MEC na sprzeda\u017c<\/b> Chemgramx oferuje niezawodn\u0105 i wygodn\u0105 opcj\u0119.<\/p>\n<p>Naszym celem jest budowanie d\u0142ugotrwa\u0142ych relacji z klientami opartych na zaufaniu, jako\u015bci i doskona\u0142ej obs\u0142udze. Stale aktualizujemy nasz\u0105 ofert\u0119 produkt\u00f3w i ulepszamy procesy, aby zapewni\u0107 spe\u0142nienie zmieniaj\u0105cych si\u0119 potrzeb spo\u0142eczno\u015bci naukowej. Wybierz nas, je\u015bli potrzebujesz <b>Najlepsza opcja 4-MEC na rynku<\/b> szuka\u0107. Umo\u017cliwiamy Pa\u0144stwu dost\u0119p do <b>Chemikalia badawcze najwy\u017cszej jako\u015bci<\/b>.<\/p>\n<p>Nieustannie d\u0105\u017cymy do zapewnienia Pa\u0144stwu jak najlepszych wra\u017ce\u0144 z zakup\u00f3w, od \u0142atwej nawigacji po naszej stronie internetowej po szybk\u0105 i sprawn\u0105 realizacj\u0119 Pa\u0144stwa zam\u00f3wie\u0144. Pa\u0144stwa zadowolenie i sukces Pa\u0144stwa projekt\u00f3w badawczych s\u0105 dla nas najwa\u017cniejsze. Zapraszamy do zapoznania si\u0119 z naszym asortymentem i przekonania si\u0119, dlaczego Chemgramx jest preferowanym wyborem wielu naukowc\u00f3w, kt\u00f3rzy <b>autentyczny 4-MEC<\/b> i inne specjalistyczne chemikalia.<\/p>","protected":false},"excerpt":{"rendered":"<p>Wysokiej czysto\u015bci 4-MEC, idealny do wymagaj\u0105cych zastosowa\u0144 badawczych. Zapewnia wyj\u0105tkow\u0105 sp\u00f3jno\u015b\u0107 i niezawodno\u015b\u0107. <b>Najwy\u017csza jako\u015b\u0107 4-MEC<\/b> dla precyzyjnych wynik\u00f3w. <b>Zam\u00f3w 4-MEC online<\/b> w Chemgramx dla Twoich potrzeb naukowych.<\/p>","protected":false},"featured_media":8443,"comment_status":"open","ping_status":"closed","template":"","meta":{"_joinchat":[]},"product_brand":[],"product_cat":[48],"product_tag":[2451,2454,1602,1595,2455,2453,1597,2452,2456,2182],"class_list":{"0":"post-8398","1":"product","2":"type-product","3":"status-publish","4":"has-post-thumbnail","6":"product_cat-stimulants","7":"product_tag-4-mec","8":"product_tag-4-mec-chemikalien","9":"product_tag-4-mec-forschung","10":"product_tag-4-mec-kaufen","11":"product_tag-4-mec-kaufen-online","12":"product_tag-4-mec-kristalle","13":"product_tag-4-mec-online","14":"product_tag-4-mec-pulver","15":"product_tag-forschung-4-mec","16":"product_tag-synthetische-chemikalien","18":"first","19":"instock","20":"shipping-taxable","21":"purchasable","22":"product-type-variable"},"yoast_head":"<!-- This site is optimized with the Yoast SEO plugin v27.5 - https:\/\/yoast.com\/product\/yoast-seo-wordpress\/ -->\n<title>4-MEC Kaufen - Reinheit Hoch<\/title>\n<meta name=\"description\" content=\"Entdecken Sie 4-MEC zum Kauf. H\u00f6chste Reinheit f\u00fcr Ihre Forschungsprojekte. Bestellen Sie jetzt online. Sichere Abwicklung und Top-Qualit\u00e4t.\" \/>\n<meta name=\"robots\" content=\"index, follow, max-snippet:-1, max-image-preview:large, max-video-preview:-1\" \/>\n<link rel=\"canonical\" href=\"https:\/\/chemgramx.com\/pl\/produkt-1\/4-mec-zamowienie-online\/\" \/>\n<meta property=\"og:locale\" content=\"pl_PL\" \/>\n<meta property=\"og:type\" content=\"article\" \/>\n<meta property=\"og:title\" content=\"4-MEC Kaufen - Reinheit Hoch\" \/>\n<meta property=\"og:description\" content=\"Entdecken Sie 4-MEC zum Kauf. H\u00f6chste Reinheit f\u00fcr Ihre Forschungsprojekte. Bestellen Sie jetzt online. Sichere Abwicklung und Top-Qualit\u00e4t.\" \/>\n<meta property=\"og:url\" content=\"https:\/\/chemgramx.com\/pl\/produkt-1\/4-mec-zamowienie-online\/\" \/>\n<meta property=\"og:site_name\" content=\"Chemgramx\" \/>\n<meta property=\"article:modified_time\" content=\"2025-12-09T09:54:35+00:00\" \/>\n<meta property=\"og:image\" content=\"https:\/\/chemgramx.com\/wp-content\/uploads\/2025\/11\/4mec.png\" \/>\n\t<meta property=\"og:image:width\" content=\"600\" \/>\n\t<meta property=\"og:image:height\" content=\"400\" \/>\n\t<meta property=\"og:image:type\" content=\"image\/png\" \/>\n<meta name=\"twitter:card\" content=\"summary_large_image\" \/>\n<meta name=\"twitter:label1\" content=\"Szacowany czas czytania\" \/>\n\t<meta name=\"twitter:data1\" content=\"5 minut\" \/>\n<script type=\"application\/ld+json\" class=\"yoast-schema-graph\">{\"@context\":\"https:\\\/\\\/schema.org\",\"@graph\":[{\"@type\":\"WebPage\",\"@id\":\"https:\\\/\\\/chemgramx.com\\\/product\\\/4-mec-online-bestellung\\\/\",\"url\":\"https:\\\/\\\/chemgramx.com\\\/product\\\/4-mec-online-bestellung\\\/\",\"name\":\"4-MEC Kaufen - Reinheit Hoch\",\"isPartOf\":{\"@id\":\"https:\\\/\\\/chemgramx.com\\\/#website\"},\"primaryImageOfPage\":{\"@id\":\"https:\\\/\\\/chemgramx.com\\\/product\\\/4-mec-online-bestellung\\\/#primaryimage\"},\"image\":{\"@id\":\"https:\\\/\\\/chemgramx.com\\\/product\\\/4-mec-online-bestellung\\\/#primaryimage\"},\"thumbnailUrl\":\"https:\\\/\\\/chemgramx.com\\\/wp-content\\\/uploads\\\/2025\\\/11\\\/4mec.png\",\"datePublished\":\"2025-11-21T18:18:31+00:00\",\"dateModified\":\"2025-12-09T09:54:35+00:00\",\"description\":\"Entdecken Sie 4-MEC zum Kauf. H\u00f6chste Reinheit f\u00fcr Ihre Forschungsprojekte. Bestellen Sie jetzt online. Sichere Abwicklung und Top-Qualit\u00e4t.\",\"breadcrumb\":{\"@id\":\"https:\\\/\\\/chemgramx.com\\\/product\\\/4-mec-online-bestellung\\\/#breadcrumb\"},\"inLanguage\":\"pl-PL\",\"potentialAction\":[{\"@type\":\"ReadAction\",\"target\":[\"https:\\\/\\\/chemgramx.com\\\/product\\\/4-mec-online-bestellung\\\/\"]}]},{\"@type\":\"ImageObject\",\"inLanguage\":\"pl-PL\",\"@id\":\"https:\\\/\\\/chemgramx.com\\\/product\\\/4-mec-online-bestellung\\\/#primaryimage\",\"url\":\"https:\\\/\\\/chemgramx.com\\\/wp-content\\\/uploads\\\/2025\\\/11\\\/4mec.png\",\"contentUrl\":\"https:\\\/\\\/chemgramx.com\\\/wp-content\\\/uploads\\\/2025\\\/11\\\/4mec.png\",\"width\":600,\"height\":400},{\"@type\":\"BreadcrumbList\",\"@id\":\"https:\\\/\\\/chemgramx.com\\\/product\\\/4-mec-online-bestellung\\\/#breadcrumb\",\"itemListElement\":[{\"@type\":\"ListItem\",\"position\":1,\"name\":\"Home\",\"item\":\"https:\\\/\\\/chemgramx.com\\\/\"},{\"@type\":\"ListItem\",\"position\":2,\"name\":\"Shop\",\"item\":\"https:\\\/\\\/chemgramx.com\\\/shop\\\/\"},{\"@type\":\"ListItem\",\"position\":3,\"name\":\"4-MEC Kaufen &#8211; Reinheit Hoch\"}]},{\"@type\":\"WebSite\",\"@id\":\"https:\\\/\\\/chemgramx.com\\\/#website\",\"url\":\"https:\\\/\\\/chemgramx.com\\\/\",\"name\":\"Chemgramx\",\"description\":\"\",\"publisher\":{\"@id\":\"https:\\\/\\\/chemgramx.com\\\/#organization\"},\"potentialAction\":[{\"@type\":\"SearchAction\",\"target\":{\"@type\":\"EntryPoint\",\"urlTemplate\":\"https:\\\/\\\/chemgramx.com\\\/?s={search_term_string}\"},\"query-input\":{\"@type\":\"PropertyValueSpecification\",\"valueRequired\":true,\"valueName\":\"search_term_string\"}}],\"inLanguage\":\"pl-PL\"},{\"@type\":\"Organization\",\"@id\":\"https:\\\/\\\/chemgramx.com\\\/#organization\",\"name\":\"Chemgramx\",\"url\":\"https:\\\/\\\/chemgramx.com\\\/\",\"logo\":{\"@type\":\"ImageObject\",\"inLanguage\":\"pl-PL\",\"@id\":\"https:\\\/\\\/chemgramx.com\\\/#\\\/schema\\\/logo\\\/image\\\/\",\"url\":\"https:\\\/\\\/chemgramx.com\\\/wp-content\\\/uploads\\\/2024\\\/10\\\/final-logo.png\",\"contentUrl\":\"https:\\\/\\\/chemgramx.com\\\/wp-content\\\/uploads\\\/2024\\\/10\\\/final-logo.png\",\"width\":250,\"height\":48,\"caption\":\"Chemgramx\"},\"image\":{\"@id\":\"https:\\\/\\\/chemgramx.com\\\/#\\\/schema\\\/logo\\\/image\\\/\"}}]}<\/script>\n<!-- \/ Yoast SEO plugin. -->","yoast_head_json":{"title":"Kup 4-MEC \u2013 wysoka czysto\u015b\u0107","description":"Odkryj 4-MEC na sprzeda\u017c. Najwy\u017csza czysto\u015b\u0107 dla Twoich projekt\u00f3w badawczych. Zam\u00f3w teraz online. Bezpieczna realizacja i najwy\u017csza jako\u015b\u0107.","robots":{"index":"index","follow":"follow","max-snippet":"max-snippet:-1","max-image-preview":"max-image-preview:large","max-video-preview":"max-video-preview:-1"},"canonical":"https:\/\/chemgramx.com\/pl\/produkt-1\/4-mec-zamowienie-online\/","og_locale":"pl_PL","og_type":"article","og_title":"4-MEC Kaufen - Reinheit Hoch","og_description":"Entdecken Sie 4-MEC zum Kauf. H\u00f6chste Reinheit f\u00fcr Ihre Forschungsprojekte. Bestellen Sie jetzt online. Sichere Abwicklung und Top-Qualit\u00e4t.","og_url":"https:\/\/chemgramx.com\/pl\/produkt-1\/4-mec-zamowienie-online\/","og_site_name":"Chemgramx","article_modified_time":"2025-12-09T09:54:35+00:00","og_image":[{"width":600,"height":400,"url":"https:\/\/chemgramx.com\/wp-content\/uploads\/2025\/11\/4mec.png","type":"image\/png"}],"twitter_card":"summary_large_image","twitter_misc":{"Szacowany czas czytania":"5 minut"},"schema":{"@context":"https:\/\/schema.org","@graph":[{"@type":"WebPage","@id":"https:\/\/chemgramx.com\/product\/4-mec-online-bestellung\/","url":"https:\/\/chemgramx.com\/product\/4-mec-online-bestellung\/","name":"Kup 4-MEC \u2013 wysoka czysto\u015b\u0107","isPartOf":{"@id":"https:\/\/chemgramx.com\/#website"},"primaryImageOfPage":{"@id":"https:\/\/chemgramx.com\/product\/4-mec-online-bestellung\/#primaryimage"},"image":{"@id":"https:\/\/chemgramx.com\/product\/4-mec-online-bestellung\/#primaryimage"},"thumbnailUrl":"https:\/\/chemgramx.com\/wp-content\/uploads\/2025\/11\/4mec.png","datePublished":"2025-11-21T18:18:31+00:00","dateModified":"2025-12-09T09:54:35+00:00","description":"Odkryj 4-MEC na sprzeda\u017c. Najwy\u017csza czysto\u015b\u0107 dla Twoich projekt\u00f3w badawczych. Zam\u00f3w teraz online. Bezpieczna realizacja i najwy\u017csza jako\u015b\u0107.","breadcrumb":{"@id":"https:\/\/chemgramx.com\/product\/4-mec-online-bestellung\/#breadcrumb"},"inLanguage":"pl-PL","potentialAction":[{"@type":"ReadAction","target":["https:\/\/chemgramx.com\/product\/4-mec-online-bestellung\/"]}]},{"@type":"ImageObject","inLanguage":"pl-PL","@id":"https:\/\/chemgramx.com\/product\/4-mec-online-bestellung\/#primaryimage","url":"https:\/\/chemgramx.com\/wp-content\/uploads\/2025\/11\/4mec.png","contentUrl":"https:\/\/chemgramx.com\/wp-content\/uploads\/2025\/11\/4mec.png","width":600,"height":400},{"@type":"BreadcrumbList","@id":"https:\/\/chemgramx.com\/product\/4-mec-online-bestellung\/#breadcrumb","itemListElement":[{"@type":"ListItem","position":1,"name":"Home","item":"https:\/\/chemgramx.com\/"},{"@type":"ListItem","position":2,"name":"Shop","item":"https:\/\/chemgramx.com\/shop\/"},{"@type":"ListItem","position":3,"name":"4-MEC Kaufen &#8211; Reinheit Hoch"}]},{"@type":"WebSite","@id":"https:\/\/chemgramx.com\/#website","url":"https:\/\/chemgramx.com\/","name":"Chemgramx","description":"","publisher":{"@id":"https:\/\/chemgramx.com\/#organization"},"potentialAction":[{"@type":"SearchAction","target":{"@type":"EntryPoint","urlTemplate":"https:\/\/chemgramx.com\/?s={search_term_string}"},"query-input":{"@type":"PropertyValueSpecification","valueRequired":true,"valueName":"search_term_string"}}],"inLanguage":"pl-PL"},{"@type":"Organization","@id":"https:\/\/chemgramx.com\/#organization","name":"Chemgramx","url":"https:\/\/chemgramx.com\/","logo":{"@type":"ImageObject","inLanguage":"pl-PL","@id":"https:\/\/chemgramx.com\/#\/schema\/logo\/image\/","url":"https:\/\/chemgramx.com\/wp-content\/uploads\/2024\/10\/final-logo.png","contentUrl":"https:\/\/chemgramx.com\/wp-content\/uploads\/2024\/10\/final-logo.png","width":250,"height":48,"caption":"Chemgramx"},"image":{"@id":"https:\/\/chemgramx.com\/#\/schema\/logo\/image\/"}}]}},"_links":{"self":[{"href":"https:\/\/chemgramx.com\/pl\/wp-json\/wp\/v2\/product\/8398","targetHints":{"allow":["GET"]}}],"collection":[{"href":"https:\/\/chemgramx.com\/pl\/wp-json\/wp\/v2\/product"}],"about":[{"href":"https:\/\/chemgramx.com\/pl\/wp-json\/wp\/v2\/types\/product"}],"replies":[{"embeddable":true,"href":"https:\/\/chemgramx.com\/pl\/wp-json\/wp\/v2\/comments?post=8398"}],"wp:featuredmedia":[{"embeddable":true,"href":"https:\/\/chemgramx.com\/pl\/wp-json\/wp\/v2\/media\/8443"}],"wp:attachment":[{"href":"https:\/\/chemgramx.com\/pl\/wp-json\/wp\/v2\/media?parent=8398"}],"wp:term":[{"taxonomy":"product_brand","embeddable":true,"href":"https:\/\/chemgramx.com\/pl\/wp-json\/wp\/v2\/product_brand?post=8398"},{"taxonomy":"product_cat","embeddable":true,"href":"https:\/\/chemgramx.com\/pl\/wp-json\/wp\/v2\/product_cat?post=8398"},{"taxonomy":"product_tag","embeddable":true,"href":"https:\/\/chemgramx.com\/pl\/wp-json\/wp\/v2\/product_tag?post=8398"}],"curies":[{"name":"wp","href":"https:\/\/api.w.org\/{rel}","templated":true}]}}