{"id":8594,"date":"2025-11-21T20:37:09","date_gmt":"2025-11-21T20:37:09","guid":{"rendered":"https:\/\/chemgramx.com\/?post_type=product&#038;p=8594"},"modified":"2025-12-09T09:47:20","modified_gmt":"2025-12-09T09:47:20","slug":"kupic-ghb-gamma-hydroksymaslan-online","status":"publish","type":"product","link":"https:\/\/chemgramx.com\/pl\/product\/ghb-gamma-hydroxybutyrat-online-kaufen\/","title":{"rendered":"Kup GHB \u2013 wysoka czysto\u015b\u0107 Chemgramx"},"content":{"rendered":"<h2>Witamy w Chemgramx: Twoim \u017ar\u00f3dle wysokiej jako\u015bci GHB (gamma-hydroksyma\u015blan).<\/h2>\n<p>Witamy w Chemgramx, wiod\u0105cym \u017ar\u00f3dle wysokiej jako\u015bci chemikali\u00f3w badawczych. Je\u015bli <b>GHB (gamma-hydroksyma\u015blan) na sprzeda\u017c<\/b> to trafi\u0142e\u015b we w\u0142a\u015bciwe miejsce. Oferujemy wy\u0142\u0105cznie <b>Najwy\u017cszej jako\u015bci gamma-hydroksyma\u015blan<\/b>, kt\u00f3re podlega najsurowszym kontrolom jako\u015bci. Naszym celem jest zapewnienie naukowcom i badaczom dost\u0119pu do <b>autentyczny GHB<\/b> w jako\u015bci laboratoryjnej.<\/p>\n<p>Chemgramx rozumie kluczowe znaczenie precyzyjnych i niezawodnych odczynnik\u00f3w dla ka\u017cdego badania naukowego. <b>Ponadto<\/b> gwarantujemy, \u017ce ka\u017cdy zakupiony u nas produkt spe\u0142nia najwy\u017csze standardy. Dlatego mo\u017cesz mie\u0107 pewno\u015b\u0107, \u017ce u nas otrzymasz <b>najlepszy GHB dost\u0119pny<\/b> znajd\u017a takie, kt\u00f3re najlepiej wspiera Twoje cele badawcze.<\/p>\n<h2>W\u0142a\u015bciwo\u015bci chemiczne i struktura GHB<\/h2>\n<p>Gamma-hydroksyma\u015blan, w skr\u00f3cie GHB, jest substancj\u0105 naturalnie wyst\u0119puj\u0105c\u0105 w organizmie cz\u0142owieka, kt\u00f3ra jest r\u00f3wnie\u017c wytwarzana syntetycznie. Jego wz\u00f3r chemiczny to C\u2084H\u2088O\u2083. <b>Ponadto<\/b> jest znany jako kr\u00f3tko\u0142a\u0144cuchowy kwas t\u0142uszczowy i pod wzgl\u0119dem struktury jest blisko spokrewniony z substancj\u0105 neuroprzeka\u017anikow\u0105 GABA (kwas gamma-aminomas\u0142owy). To podobie\u0144stwo chemiczne ma decyduj\u0105ce znaczenie dla jego aktywno\u015bci biologicznej.<\/p>\n<p><b>Ponadto<\/b> GHB jest pochodn\u0105 kwasu mas\u0142owego, w kt\u00f3rym grupa hydroksylowa jest podstawiona na trzecim atomie w\u0119gla. Ta specyficzna konfiguracja nadaje GHB jego wyj\u0105tkowe w\u0142a\u015bciwo\u015bci fizyczne i chemiczne. <b>W konsekwencji<\/b> sprawia, \u017ce struktura ta jest interesuj\u0105c\u0105 cz\u0105steczk\u0105 dla r\u00f3\u017cnorodnych projekt\u00f3w badawczych w dziedzinie chemii i biologii.<\/p>\n<h2>Obszary zastosowania gamma-hydroksyma\u015blanu w badaniach naukowych<\/h2>\n<p>W \u015brodowisku naukowym gamma-hydroksyma\u015blan jest przedmiotem intensywnych bada\u0144 ze wzgl\u0119du na swoje r\u00f3\u017cnorodne dzia\u0142anie. <b>W szczeg\u00f3lno\u015bci<\/b> jest wykorzystywany w badaniach nad uk\u0142adami neuroprzeka\u017anik\u00f3w, mechanizmami snu i niekt\u00f3rymi zaburzeniami neurologicznymi. <b>Ponadto<\/b> jest cennym narz\u0119dziem do badania interakcji receptor\u00f3w w m\u00f3zgu.<\/p>\n<p>GHB s\u0142u\u017cy naukowcom jako substancja modelowa do rozszyfrowania z\u0142o\u017conych szlak\u00f3w biochemicznych. <b>Na przyk\u0142ad<\/b> jego wp\u0142yw na receptory GHB i GABA mo\u017ce dostarczy\u0107 nowych informacji na temat obwod\u00f3w neuronowych. W przypadku tych wra\u017cliwych zastosowa\u0144 niezb\u0119dne jest <b>Jako\u015b\u0107 bada\u0144 naukowych na sprzeda\u017c<\/b> , co gwarantuje najwy\u017csz\u0105 czysto\u015b\u0107 i sp\u00f3jno\u015b\u0107.<\/p>\n<h2>Znaczenie czysto\u015bci GHB do cel\u00f3w badawczych<\/h2>\n<p>Czysto\u015b\u0107 GHB ma ogromne znaczenie dla uzyskania precyzyjnych i powtarzalnych wynik\u00f3w bada\u0144. Zanieczyszczenia mog\u0105 zafa\u0142szowa\u0107 dane eksperymentalne i prowadzi\u0107 do b\u0142\u0119dnych wniosk\u00f3w. <b>Dlatego<\/b> Chemgramx przywi\u0105zuje najwi\u0119ksz\u0105 wag\u0119 do jako\u015bci oferowanych substancji. Ka\u017cda partia naszego gamma-hydroksyma\u015blanu poddawana jest kompleksowej analizie czysto\u015bci.<\/p>\n<p>Dbamy o to, aby nasz produkt by\u0142 <b>wysoka czysto\u015b\u0107 na sprzeda\u017c<\/b> niezb\u0119dn\u0105 do wykonywania wymagaj\u0105cych prac laboratoryjnych. <b>Podobnie<\/b> niezwykle wa\u017cne jest jednoznaczne potwierdzenie to\u017csamo\u015bci chemicznej produktu, aby unikn\u0105\u0107 b\u0142\u0119dnych interpretacji w badaniach. Otrzymuj\u0105 Pa\u0144stwo od nas wy\u0142\u0105cznie <b>Jako\u015b\u0107 laboratoryjna na sprzeda\u017c<\/b>, spe\u0142niaj\u0105cy najwy\u017csze standardy analityczne.<\/p>\n<h2>Proces zakupu GHB w Chemgramx<\/h2>\n<p>Zakup chemikali\u00f3w do bada\u0144 naukowych powinien by\u0107 prosty i bezpieczny. W Chemgramx mo\u017cna <b>Zam\u00f3w GHB online<\/b> z zachowaniem pe\u0142nej przejrzysto\u015bci i poufno\u015bci. Nasz intuicyjny sklep internetowy zosta\u0142 zaprojektowany tak, aby zapewni\u0107 Pa\u0144stwu p\u0142ynny proces sk\u0142adania zam\u00f3wie\u0144. <b>Ponadto<\/b> nasza obs\u0142uga klienta jest zawsze gotowa odpowiedzie\u0107 na Pa\u0144stwa pytania.<\/p>\n<p>Aby <b>wysokiej jako\u015bci gamma-hydroksyma\u015blan<\/b> aby naby\u0107 je do swoich bada\u0144, wystarczy odwiedzi\u0107 nasz\u0105 stron\u0119 produktu pod adresem <a href=\"https:\/\/chemgramx.com\/product\/ghb-gamma-hydroxybutyrat-online-kaufen\/\">Kup GHB (gamma-hydroksyma\u015blan) online<\/a>. Znajdziesz tam szczeg\u00f3\u0142owe informacje i b\u0119dziesz m\u00f3g\u0142 dokona\u0107 zakupu. <b>Oczywi\u015bcie<\/b> przywi\u0105zujemy najwi\u0119ksz\u0105 wag\u0119 do <b>bezpieczny zakup<\/b> i ochron\u0119 Twoich danych. <b>Ponadto<\/b> oferujemy r\u00f3wnie\u017c szeroki zakres innych <b>Produkty specjalne<\/b> . Odkryj na przyk\u0142ad nasz\u0105 ofert\u0119 <a href=\"https:\/\/chemgramx.com\/product\/mushroom-edibles-kaufen\/\">Grzyby jadalne<\/a> do bada\u0144 botanicznych.<\/p>\n<p>Wiemy, \u017ce czas w laboratorium jest cenny. <b>Z tego powodu<\/b> zoptymalizowali\u015bmy nasz proces tak, aby\u015b m\u00f3g\u0142 szybko i sprawnie zrealizowa\u0107 swoje zam\u00f3wienie. Mo\u017cesz <b>kup teraz online<\/b> i polega\u0107 na jako\u015bci, kt\u00f3r\u0105 oferuje tylko Chemgramx. Pami\u0119taj, \u017ce wystarczy tylko raz \u201e<b>kup w Chemgramx<\/b>\u201c, aby przekona\u0107 si\u0119 o wysokiej jako\u015bci naszych us\u0142ug.<\/p>\n<h2>Bezpiecze\u0144stwo i przechowywanie gamma-hydroksyma\u015blanu<\/h2>\n<p>Bezpieczne obchodzenie si\u0119 z chemikaliami badawczymi i ich przechowywanie ma ogromne znaczenie. Gamma-hydroksyma\u015blan nale\u017cy zawsze przechowywa\u0107 w ch\u0142odnym, suchym i dobrze wentylowanym miejscu, z dala od bezpo\u015bredniego \u015bwiat\u0142a s\u0142onecznego i \u017ar\u00f3de\u0142 ciep\u0142a. <b>Ponadto<\/b> wa\u017cne jest przechowywanie produktu w szczelnie zamkni\u0119tym pojemniku, aby unikn\u0105\u0107 zanieczyszczenia i utraty jako\u015bci.<\/p>\n<p><b>Na przyk\u0142ad<\/b> Przed rozpocz\u0119ciem pracy z GHB nale\u017cy zawsze zapozna\u0107 si\u0119 z kartami charakterystyki produktu (SDB). Dokumenty te zawieraj\u0105 wa\u017cne informacje dotycz\u0105ce potencjalnych zagro\u017ce\u0144, \u015brodk\u00f3w ochronnych i pierwszej pomocy. <b>Podsumowuj\u0105c<\/b> W celu zapewnienia bezpiecze\u0144stwa podczas obs\u0142ugi zalecamy stosowanie odpowiednich \u015brodk\u00f3w ochrony osobistej, takich jak r\u0119kawiczki i okulary ochronne. Wszystkie nasze produkty s\u0105 obs\u0142ugiwane i przetwarzane z najwy\u017csz\u0105 staranno\u015bci\u0105.<\/p>\n<h2>Cz\u0119sto zadawane pytania dotycz\u0105ce GHB (FAQ)<\/h2>\n<h3>Czy GHB mo\u017cna legalnie kupi\u0107?<\/h3>\n<p>Legalno\u015b\u0107 GHB r\u00f3\u017cni si\u0119 w zale\u017cno\u015bci od kraju i jurysdykcji i w wielu regionach podlega surowym regulacjom. <b>Dlatego<\/b> kupuj\u0105cy musz\u0105 dok\u0142adnie zapozna\u0107 si\u0119 z lokalnymi przepisami i regulacjami przed dokonaniem zakupu i przestrzega\u0107 ich. Chemgramx oferuje GHB wy\u0142\u0105cznie do cel\u00f3w badawczych i laboratoryjnych, a kupuj\u0105cy jest odpowiedzialny za przestrzeganie wszystkich odpowiednich przepis\u00f3w.<\/p>\n<h3>Jakiej czysto\u015bci mog\u0119 oczekiwa\u0107 od waszego GHB?<\/h3>\n<p>Gwarantujemy wysok\u0105 czysto\u015b\u0107 naszego gamma-hydroksyma\u015blanu, zazwyczaj powy\u017cej 98%. Ka\u017cda partia jest dok\u0142adnie testowana i analizowana przed sprzeda\u017c\u0105. <b>Tak wi\u0119c<\/b> mo\u017cesz mie\u0107 pewno\u015b\u0107, \u017ce otrzymujesz produkt spe\u0142niaj\u0105cy najwy\u017csze standardy do cel\u00f3w badawczych. Nasze szczeg\u00f3\u0142owe certyfikaty analizy s\u0105 dost\u0119pne na \u017c\u0105danie.<\/p>\n<h3>Czy mog\u0119 zam\u00f3wi\u0107 GHB w wi\u0119kszych ilo\u015bciach?<\/h3>\n<p>Tak, Chemgramx jest przygotowany do dostarczania zar\u00f3wno ma\u0142ych, jak i wi\u0119kszych ilo\u015bci gamma-hydroksyma\u015blanu do cel\u00f3w badawczych. <b>W przypadku du\u017cych zam\u00f3wie\u0144<\/b> Prosimy o kontakt z naszym dzia\u0142em obs\u0142ugi klienta, aby uzyska\u0107 indywidualn\u0105 ofert\u0119 i dodatkowe informacje. <b>W szczeg\u00f3lno\u015bci<\/b> staramy si\u0119 znale\u017a\u0107 rozwi\u0105zania dostosowane do Pa\u0144stwa konkretnych potrzeb.<\/p>\n<h2>Wniosek: Tw\u00f3j niezawodny partner w zakresie chemikali\u00f3w badawczych GHB<\/h2>\n<p>Podsumowuj\u0105c, Chemgramx jest godnym zaufania partnerem, je\u015bli: <b>autentyczny gamma-hydroksyma\u015blan na sprzeda\u017c<\/b> Szukamy. Jeste\u015bmy zobowi\u0105zani do zapewnienia jako\u015bci, czysto\u015bci i obs\u0142ugi klienta. <b>Ponadto<\/b> wspieramy Pa\u0144stwa wa\u017cne prace badawcze, oferuj\u0105c niezawodne produkty wysokiej jako\u015bci. Nasza szeroka oferta <b>Najwy\u017cszej jako\u015bci chemikalia badawcze<\/b> zapewnia, \u017ce zawsze otrzymujesz najlepsze materia\u0142y do nauki.<\/p>\n<p>Wybierz Chemgramx, aby przeprowadzi\u0107 badania z wykorzystaniem <b>wysokiej czysto\u015bci GHB<\/b> przenie\u015b\u0107 na wy\u017cszy poziom. <b>Wreszcie<\/b> oferujemy nie tylko produkty, ale tak\u017ce pewno\u015b\u0107 ich jako\u015bci i gwarancj\u0119, \u017ce Pa\u0144stwa eksperymenty b\u0119d\u0105 oparte na solidnych podstawach. Zapraszamy do odwiedzenia nas ju\u017c dzi\u015b, aby <b>Gamma-hydroksyma\u015blan zam\u00f3wi\u0107 online<\/b> i do\u015bwiadczy\u0107 r\u00f3\u017cnicy.<\/p>","protected":false},"excerpt":{"rendered":"<p>Odkryj <b>GHB (gamma-hydroksyma\u015blan)<\/b> najwy\u017cszej jako\u015bci badawczej w Chemgramx. Nasza czysta formu\u0142a jest idealna do precyzyjnych bada\u0144 laboratoryjnych i zastosowa\u0144 naukowych. Zabezpiecz sobie <b>autentyczny gamma-hydroksyma\u015blan<\/b>, kt\u00f3ry podlega surowym kontrolom jako\u015bci. Aby uzyska\u0107 wiarygodne wyniki, <b>Zam\u00f3w teraz online w Chemgramx<\/b>.<\/p>","protected":false},"featured_media":8615,"comment_status":"open","ping_status":"closed","template":"","meta":{"_joinchat":[]},"product_brand":[],"product_cat":[65],"product_tag":[88,559,90,548,558,547,555,546,572,564,573,561,577,576,87,562,565,560,570,563,575,567,566,574,568,571,569,552,553,556,550,89,551,557,554,549],"class_list":{"0":"post-8594","1":"product","2":"type-product","3":"status-publish","4":"has-post-thumbnail","6":"product_cat-arylcyclohexylamine","7":"product_tag-gamma-hydroxybutyrat-bestellen","8":"product_tag-abhangigkeit","9":"product_tag-beruhigende-chemikalien-kaufen","10":"product_tag-chemische-formel-ghb","11":"product_tag-euphorie","12":"product_tag-gamma-hydroxybutyrate","13":"product_tag-gesundheitliche-risiken-von-ghb","14":"product_tag-ghb","15":"product_tag-ghb-analyse","16":"product_tag-ghb-anwendung","17":"product_tag-ghb-chemie","18":"product_tag-ghb-forschung","19":"product_tag-ghb-forschungslabor","20":"product_tag-ghb-groshandel","21":"product_tag-ghb-kaufen","22":"product_tag-ghb-labor","23":"product_tag-ghb-lagerung","24":"product_tag-ghb-lieferant","25":"product_tag-ghb-markt","26":"product_tag-ghb-preis","27":"product_tag-ghb-referenzmaterial","28":"product_tag-ghb-risiken","29":"product_tag-ghb-sicherheit","30":"product_tag-ghb-substanz","31":"product_tag-ghb-verfugbarkeit","32":"product_tag-ghb-vertrieb","33":"product_tag-ghb-vorschriften","34":"product_tag-medizinische-anwendungen-ghb","35":"product_tag-missbrauchspotenzial-ghb","36":"product_tag-narkolepsie-behandlung","37":"product_tag-rechtlicher-status-ghb","38":"product_tag-research-chemicals-kaufen","39":"product_tag-risiken-ghb","40":"product_tag-sedativa","41":"product_tag-uberdosierung-ghb","42":"product_tag-wirkungen-von-ghb","44":"first","45":"instock","46":"shipping-taxable","47":"purchasable","48":"product-type-variable"},"yoast_head":"<!-- This site is optimized with the Yoast SEO plugin v27.5 - https:\/\/yoast.com\/product\/yoast-seo-wordpress\/ -->\n<title>GHB Kaufen - Hohe Reinheit Chemgramx<\/title>\n<meta name=\"description\" content=\"Entdecken Sie hochreines GHB (Gamma-Hydroxybutyrat) f\u00fcr Forschungszwecke. GHB Kaufen in bester Laborqualit\u00e4t f\u00fcr pr\u00e4zise wissenschaftliche Anwendungen.\" \/>\n<meta name=\"robots\" content=\"index, follow, max-snippet:-1, max-image-preview:large, max-video-preview:-1\" \/>\n<link rel=\"canonical\" href=\"https:\/\/chemgramx.com\/pl\/produkt-1\/kupic-ghb-gamma-hydroksymaslan-online\/\" \/>\n<meta property=\"og:locale\" content=\"pl_PL\" \/>\n<meta property=\"og:type\" content=\"article\" \/>\n<meta property=\"og:title\" content=\"GHB Kaufen - Hohe Reinheit Chemgramx\" \/>\n<meta property=\"og:description\" content=\"Entdecken Sie hochreines GHB (Gamma-Hydroxybutyrat) f\u00fcr Forschungszwecke. GHB Kaufen in bester Laborqualit\u00e4t f\u00fcr pr\u00e4zise wissenschaftliche Anwendungen.\" \/>\n<meta property=\"og:url\" content=\"https:\/\/chemgramx.com\/pl\/produkt-1\/kupic-ghb-gamma-hydroksymaslan-online\/\" \/>\n<meta property=\"og:site_name\" content=\"Chemgramx\" \/>\n<meta property=\"article:modified_time\" content=\"2025-12-09T09:47:20+00:00\" \/>\n<meta property=\"og:image\" content=\"https:\/\/chemgramx.com\/wp-content\/uploads\/2025\/11\/GHB-Gamma-Hydroxybutyrat.jpeg\" \/>\n\t<meta property=\"og:image:width\" content=\"1500\" \/>\n\t<meta property=\"og:image:height\" content=\"1000\" \/>\n\t<meta property=\"og:image:type\" content=\"image\/jpeg\" \/>\n<meta name=\"twitter:card\" content=\"summary_large_image\" \/>\n<meta name=\"twitter:label1\" content=\"Szacowany czas czytania\" \/>\n\t<meta name=\"twitter:data1\" content=\"3 minuty\" \/>\n<script type=\"application\/ld+json\" class=\"yoast-schema-graph\">{\"@context\":\"https:\\\/\\\/schema.org\",\"@graph\":[{\"@type\":\"WebPage\",\"@id\":\"https:\\\/\\\/chemgramx.com\\\/product\\\/ghb-gamma-hydroxybutyrat-online-kaufen\\\/\",\"url\":\"https:\\\/\\\/chemgramx.com\\\/product\\\/ghb-gamma-hydroxybutyrat-online-kaufen\\\/\",\"name\":\"GHB Kaufen - Hohe Reinheit Chemgramx\",\"isPartOf\":{\"@id\":\"https:\\\/\\\/chemgramx.com\\\/#website\"},\"primaryImageOfPage\":{\"@id\":\"https:\\\/\\\/chemgramx.com\\\/product\\\/ghb-gamma-hydroxybutyrat-online-kaufen\\\/#primaryimage\"},\"image\":{\"@id\":\"https:\\\/\\\/chemgramx.com\\\/product\\\/ghb-gamma-hydroxybutyrat-online-kaufen\\\/#primaryimage\"},\"thumbnailUrl\":\"https:\\\/\\\/chemgramx.com\\\/wp-content\\\/uploads\\\/2025\\\/11\\\/GHB-Gamma-Hydroxybutyrat.jpeg\",\"datePublished\":\"2025-11-21T20:37:09+00:00\",\"dateModified\":\"2025-12-09T09:47:20+00:00\",\"description\":\"Entdecken Sie hochreines GHB (Gamma-Hydroxybutyrat) f\u00fcr Forschungszwecke. GHB Kaufen in bester Laborqualit\u00e4t f\u00fcr pr\u00e4zise wissenschaftliche Anwendungen.\",\"breadcrumb\":{\"@id\":\"https:\\\/\\\/chemgramx.com\\\/product\\\/ghb-gamma-hydroxybutyrat-online-kaufen\\\/#breadcrumb\"},\"inLanguage\":\"pl-PL\",\"potentialAction\":[{\"@type\":\"ReadAction\",\"target\":[\"https:\\\/\\\/chemgramx.com\\\/product\\\/ghb-gamma-hydroxybutyrat-online-kaufen\\\/\"]}]},{\"@type\":\"ImageObject\",\"inLanguage\":\"pl-PL\",\"@id\":\"https:\\\/\\\/chemgramx.com\\\/product\\\/ghb-gamma-hydroxybutyrat-online-kaufen\\\/#primaryimage\",\"url\":\"https:\\\/\\\/chemgramx.com\\\/wp-content\\\/uploads\\\/2025\\\/11\\\/GHB-Gamma-Hydroxybutyrat.jpeg\",\"contentUrl\":\"https:\\\/\\\/chemgramx.com\\\/wp-content\\\/uploads\\\/2025\\\/11\\\/GHB-Gamma-Hydroxybutyrat.jpeg\",\"width\":1500,\"height\":1000},{\"@type\":\"BreadcrumbList\",\"@id\":\"https:\\\/\\\/chemgramx.com\\\/product\\\/ghb-gamma-hydroxybutyrat-online-kaufen\\\/#breadcrumb\",\"itemListElement\":[{\"@type\":\"ListItem\",\"position\":1,\"name\":\"Home\",\"item\":\"https:\\\/\\\/chemgramx.com\\\/\"},{\"@type\":\"ListItem\",\"position\":2,\"name\":\"Shop\",\"item\":\"https:\\\/\\\/chemgramx.com\\\/shop\\\/\"},{\"@type\":\"ListItem\",\"position\":3,\"name\":\"GHB Kaufen &#8211; Hohe Reinheit Chemgramx\"}]},{\"@type\":\"WebSite\",\"@id\":\"https:\\\/\\\/chemgramx.com\\\/#website\",\"url\":\"https:\\\/\\\/chemgramx.com\\\/\",\"name\":\"Chemgramx\",\"description\":\"\",\"publisher\":{\"@id\":\"https:\\\/\\\/chemgramx.com\\\/#organization\"},\"potentialAction\":[{\"@type\":\"SearchAction\",\"target\":{\"@type\":\"EntryPoint\",\"urlTemplate\":\"https:\\\/\\\/chemgramx.com\\\/?s={search_term_string}\"},\"query-input\":{\"@type\":\"PropertyValueSpecification\",\"valueRequired\":true,\"valueName\":\"search_term_string\"}}],\"inLanguage\":\"pl-PL\"},{\"@type\":\"Organization\",\"@id\":\"https:\\\/\\\/chemgramx.com\\\/#organization\",\"name\":\"Chemgramx\",\"url\":\"https:\\\/\\\/chemgramx.com\\\/\",\"logo\":{\"@type\":\"ImageObject\",\"inLanguage\":\"pl-PL\",\"@id\":\"https:\\\/\\\/chemgramx.com\\\/#\\\/schema\\\/logo\\\/image\\\/\",\"url\":\"https:\\\/\\\/chemgramx.com\\\/wp-content\\\/uploads\\\/2024\\\/10\\\/final-logo.png\",\"contentUrl\":\"https:\\\/\\\/chemgramx.com\\\/wp-content\\\/uploads\\\/2024\\\/10\\\/final-logo.png\",\"width\":250,\"height\":48,\"caption\":\"Chemgramx\"},\"image\":{\"@id\":\"https:\\\/\\\/chemgramx.com\\\/#\\\/schema\\\/logo\\\/image\\\/\"}}]}<\/script>\n<!-- \/ Yoast SEO plugin. -->","yoast_head_json":{"title":"Kup GHB \u2013 wysoka czysto\u015b\u0107 Chemgramx","description":"Odkryj GHB (gamma-hydroksyma\u015blan) o wysokiej czysto\u015bci do cel\u00f3w badawczych. Kup GHB w najlepszej jako\u015bci laboratoryjnej do precyzyjnych zastosowa\u0144 naukowych.","robots":{"index":"index","follow":"follow","max-snippet":"max-snippet:-1","max-image-preview":"max-image-preview:large","max-video-preview":"max-video-preview:-1"},"canonical":"https:\/\/chemgramx.com\/pl\/produkt-1\/kupic-ghb-gamma-hydroksymaslan-online\/","og_locale":"pl_PL","og_type":"article","og_title":"GHB Kaufen - Hohe Reinheit Chemgramx","og_description":"Entdecken Sie hochreines GHB (Gamma-Hydroxybutyrat) f\u00fcr Forschungszwecke. GHB Kaufen in bester Laborqualit\u00e4t f\u00fcr pr\u00e4zise wissenschaftliche Anwendungen.","og_url":"https:\/\/chemgramx.com\/pl\/produkt-1\/kupic-ghb-gamma-hydroksymaslan-online\/","og_site_name":"Chemgramx","article_modified_time":"2025-12-09T09:47:20+00:00","og_image":[{"width":1500,"height":1000,"url":"https:\/\/chemgramx.com\/wp-content\/uploads\/2025\/11\/GHB-Gamma-Hydroxybutyrat.jpeg","type":"image\/jpeg"}],"twitter_card":"summary_large_image","twitter_misc":{"Szacowany czas czytania":"3 minuty"},"schema":{"@context":"https:\/\/schema.org","@graph":[{"@type":"WebPage","@id":"https:\/\/chemgramx.com\/product\/ghb-gamma-hydroxybutyrat-online-kaufen\/","url":"https:\/\/chemgramx.com\/product\/ghb-gamma-hydroxybutyrat-online-kaufen\/","name":"Kup GHB \u2013 wysoka czysto\u015b\u0107 Chemgramx","isPartOf":{"@id":"https:\/\/chemgramx.com\/#website"},"primaryImageOfPage":{"@id":"https:\/\/chemgramx.com\/product\/ghb-gamma-hydroxybutyrat-online-kaufen\/#primaryimage"},"image":{"@id":"https:\/\/chemgramx.com\/product\/ghb-gamma-hydroxybutyrat-online-kaufen\/#primaryimage"},"thumbnailUrl":"https:\/\/chemgramx.com\/wp-content\/uploads\/2025\/11\/GHB-Gamma-Hydroxybutyrat.jpeg","datePublished":"2025-11-21T20:37:09+00:00","dateModified":"2025-12-09T09:47:20+00:00","description":"Odkryj GHB (gamma-hydroksyma\u015blan) o wysokiej czysto\u015bci do cel\u00f3w badawczych. Kup GHB w najlepszej jako\u015bci laboratoryjnej do precyzyjnych zastosowa\u0144 naukowych.","breadcrumb":{"@id":"https:\/\/chemgramx.com\/product\/ghb-gamma-hydroxybutyrat-online-kaufen\/#breadcrumb"},"inLanguage":"pl-PL","potentialAction":[{"@type":"ReadAction","target":["https:\/\/chemgramx.com\/product\/ghb-gamma-hydroxybutyrat-online-kaufen\/"]}]},{"@type":"ImageObject","inLanguage":"pl-PL","@id":"https:\/\/chemgramx.com\/product\/ghb-gamma-hydroxybutyrat-online-kaufen\/#primaryimage","url":"https:\/\/chemgramx.com\/wp-content\/uploads\/2025\/11\/GHB-Gamma-Hydroxybutyrat.jpeg","contentUrl":"https:\/\/chemgramx.com\/wp-content\/uploads\/2025\/11\/GHB-Gamma-Hydroxybutyrat.jpeg","width":1500,"height":1000},{"@type":"BreadcrumbList","@id":"https:\/\/chemgramx.com\/product\/ghb-gamma-hydroxybutyrat-online-kaufen\/#breadcrumb","itemListElement":[{"@type":"ListItem","position":1,"name":"Home","item":"https:\/\/chemgramx.com\/"},{"@type":"ListItem","position":2,"name":"Shop","item":"https:\/\/chemgramx.com\/shop\/"},{"@type":"ListItem","position":3,"name":"GHB Kaufen &#8211; Hohe Reinheit Chemgramx"}]},{"@type":"WebSite","@id":"https:\/\/chemgramx.com\/#website","url":"https:\/\/chemgramx.com\/","name":"Chemgramx","description":"","publisher":{"@id":"https:\/\/chemgramx.com\/#organization"},"potentialAction":[{"@type":"SearchAction","target":{"@type":"EntryPoint","urlTemplate":"https:\/\/chemgramx.com\/?s={search_term_string}"},"query-input":{"@type":"PropertyValueSpecification","valueRequired":true,"valueName":"search_term_string"}}],"inLanguage":"pl-PL"},{"@type":"Organization","@id":"https:\/\/chemgramx.com\/#organization","name":"Chemgramx","url":"https:\/\/chemgramx.com\/","logo":{"@type":"ImageObject","inLanguage":"pl-PL","@id":"https:\/\/chemgramx.com\/#\/schema\/logo\/image\/","url":"https:\/\/chemgramx.com\/wp-content\/uploads\/2024\/10\/final-logo.png","contentUrl":"https:\/\/chemgramx.com\/wp-content\/uploads\/2024\/10\/final-logo.png","width":250,"height":48,"caption":"Chemgramx"},"image":{"@id":"https:\/\/chemgramx.com\/#\/schema\/logo\/image\/"}}]}},"_links":{"self":[{"href":"https:\/\/chemgramx.com\/pl\/wp-json\/wp\/v2\/product\/8594","targetHints":{"allow":["GET"]}}],"collection":[{"href":"https:\/\/chemgramx.com\/pl\/wp-json\/wp\/v2\/product"}],"about":[{"href":"https:\/\/chemgramx.com\/pl\/wp-json\/wp\/v2\/types\/product"}],"replies":[{"embeddable":true,"href":"https:\/\/chemgramx.com\/pl\/wp-json\/wp\/v2\/comments?post=8594"}],"wp:featuredmedia":[{"embeddable":true,"href":"https:\/\/chemgramx.com\/pl\/wp-json\/wp\/v2\/media\/8615"}],"wp:attachment":[{"href":"https:\/\/chemgramx.com\/pl\/wp-json\/wp\/v2\/media?parent=8594"}],"wp:term":[{"taxonomy":"product_brand","embeddable":true,"href":"https:\/\/chemgramx.com\/pl\/wp-json\/wp\/v2\/product_brand?post=8594"},{"taxonomy":"product_cat","embeddable":true,"href":"https:\/\/chemgramx.com\/pl\/wp-json\/wp\/v2\/product_cat?post=8594"},{"taxonomy":"product_tag","embeddable":true,"href":"https:\/\/chemgramx.com\/pl\/wp-json\/wp\/v2\/product_tag?post=8594"}],"curies":[{"name":"wp","href":"https:\/\/api.w.org\/{rel}","templated":true}]}}