{"id":8595,"date":"2025-11-21T20:37:09","date_gmt":"2025-11-21T20:37:09","guid":{"rendered":"https:\/\/chemgramx.com\/?post_type=product&#038;p=8595"},"modified":"2025-12-09T09:48:45","modified_gmt":"2025-12-09T09:48:45","slug":"14-kup-butanodiol-online","status":"publish","type":"product","link":"https:\/\/chemgramx.com\/pl\/product\/14-butanediol-online-kaufen\/","title":{"rendered":"Kup 1,4-butanodiol \u2013 wysoka czysto\u015b\u0107 i badania naukowe"},"content":{"rendered":"<p>Chemgramx to zaufany partner w zakresie wysokiej jako\u015bci chemikali\u00f3w. Je\u015bli <b>1,4-Butanodiol na sprzeda\u017c<\/b> trafi\u0142e\u015b we w\u0142a\u015bciwe miejsce. Oferujemy wyj\u0105tkow\u0105 jako\u015b\u0107, specjalnie zaprojektowan\u0105 do wymagaj\u0105cych zastosowa\u0144 badawczych i laboratoryjnych. Nasze zaanga\u017cowanie w czysto\u015b\u0107 i niezawodno\u015b\u0107 gwarantuje, \u017ce zawsze otrzymasz produkt spe\u0142niaj\u0105cy najwy\u017csze standardy.<\/p>\n<p><b>Wysokiej jako\u015bci 1,4-butanodiol<\/b> to wszechstronny zwi\u0105zek organiczny, kt\u00f3ry jest niezb\u0119dny w wielu procesach naukowych i przemys\u0142owych. Zapewniamy, \u017ce nasz 1,4-butanodiol od <b>wysokiej czysto\u015bci na sprzeda\u017c<\/b> aby zapewni\u0107 integralno\u015b\u0107 eksperyment\u00f3w i projekt\u00f3w. Naszym celem jest zapewnienie jak naj\u0142atwiejszego i najbezpieczniejszego dost\u0119pu do najwy\u017cszej klasy substancji chemicznych.<\/p>\n<h2>Czym jest 1,4-butanodiol (BDO)? Przegl\u0105d naukowy<\/h2>\n<p>1,4-butanodiol, cz\u0119sto okre\u015blany skr\u00f3tem BDO, to alkohol pierwszorz\u0119dowy o wzorze chemicznym HOCH\u2082(CH\u2082)\u2082CH\u2082OH. Jest to bezbarwna, lepka ciecz o charakterystycznym s\u0142odkim zapachu. <b>Ponadto<\/b> BDO jest ca\u0142kowicie mieszalny z wod\u0105 i wi\u0119kszo\u015bci\u0105 rozpuszczalnik\u00f3w organicznych, co podkre\u015bla jego wszechstronno\u015b\u0107.<\/p>\n<p>Zwi\u0105zek ten jest wa\u017cnym podstawowym budulcem w syntezie organicznej. <b>Ponadto<\/b> odgrywa kluczow\u0105 rol\u0119 w produkcji r\u00f3\u017cnych polimer\u00f3w i innych specjalistycznych chemikali\u00f3w. Struktura chemiczna BDO, z dwiema ko\u0144cowymi grupami hydroksylowymi, predestynuje go do r\u00f3\u017cnych reakcji, w tym estryfikacji, uretanizacji i polimeryzacji.<\/p>\n<h3>Synteza i w\u0142a\u015bciwo\u015bci chemiczne<\/h3>\n<p>1,4-butanodiol mo\u017ce by\u0107 syntetyzowany na r\u00f3\u017cne sposoby. W przesz\u0142o\u015bci by\u0142 on cz\u0119sto otrzymywany z acetylenu w wyniku syntezy Reppe'a. <b>Obecnie<\/b> Produkcja przemys\u0142owa zwykle odbywa si\u0119 poprzez uwodornienie bezwodnika maleinowego lub syntez\u0119 propylenu. <b>Dlatego<\/b> Zwracamy uwag\u0119 na starannie kontrolowane procesy produkcyjne naszych produkt\u00f3w, aby zapewni\u0107 ich najwy\u017csz\u0105 jako\u015b\u0107. <b>autentyczny 1,4-butanodiol<\/b> aby zapewni\u0107, \u017ce.<\/p>\n<ul>\n<li><b>Masa cz\u0105steczkowa:<\/b> 90,12 g\/mol<\/li>\n<li><b>G\u0119sto\u015b\u0107:<\/b> 1,017 g\/cm\u00b3 przy 20 \u00b0C<\/li>\n<li><b>Temperatura topnienia:<\/b> 20 \u00b0C<\/li>\n<li><b>Temperatura wrzenia:<\/b> 230 \u00b0C<\/li>\n<li><b>Czysto\u015b\u0107:<\/b> Jako\u015b\u0107 laboratoryjna \u2265 99%<\/li>\n<\/ul>\n<p>W\u0142a\u015bciwo\u015bci te sprawiaj\u0105, \u017ce 1,4-butanodiol jest cennym odczynnikiem. <b>Podobnie<\/b> Wa\u017cne jest, aby dok\u0142adnie zna\u0107 w\u0142a\u015bciwo\u015bci fizyczne i chemiczne, aby zagwarantowa\u0107 bezpieczne i skuteczne stosowanie. Oferujemy wy\u0142\u0105cznie <b>Jako\u015b\u0107 bada\u0144 naukowych na sprzeda\u017c<\/b>, kt\u00f3ry spe\u0142nia te wymagania.<\/p>\n<h2>Zastosowania i przemys\u0142owe wykorzystanie BDO<\/h2>\n<p>Obszary zastosowania 1,4-butanodiolu s\u0105 niezwykle zr\u00f3\u017cnicowane i obejmuj\u0105 wiele ga\u0142\u0119zi przemys\u0142u. <b>Jako wa\u017cny produkt po\u015bredni<\/b> BDO jest stosowany w chemii polimer\u00f3w, przemy\u015ble farmaceutycznym i w produkcji rozpuszczalnik\u00f3w. Popyt na <b>najlepszy dost\u0119pny 1,4-butanodiol<\/b> jest stale wysoka, co podkre\u015bla jej znaczenie jako surowca.<\/p>\n<h3>Kluczowe bran\u017ce i produkty<\/h3>\n<p>Jednym z g\u0142\u00f3wnych obszar\u00f3w zastosowa\u0144 jest produkcja tetrahydrofuranu (THF), wa\u017cnego rozpuszczalnika dla polimer\u00f3w takich jak PVC i do syntez chemicznych. <b>Ponadto<\/b> BDO jest wykorzystywany do produkcji politereftalanu butylenu (PBT), technicznego tworzywa termoplastycznego cenionego w przemy\u015ble motoryzacyjnym i elektronicznym. <b>Dodatkowo<\/b> S\u0142u\u017cy jako surowiec do produkcji poliuretan\u00f3w, kt\u00f3re s\u0105 stosowane w piankach, klejach i pow\u0142okach.<\/p>\n<ul>\n<li><b>Polimery:<\/b> PBT, THF, poliuretany, GBL (gamma-butyrolakton)<\/li>\n<li><b>Rozpuszczalnik:<\/b> Do \u017cywic, tworzyw sztucznych i barwnik\u00f3w<\/li>\n<li><b>Plastyfikator:<\/b> Do tworzyw sztucznych i gumy<\/li>\n<li><b>Synteza chemiczna:<\/b> Jako prekursor r\u00f3\u017cnych specjalistycznych chemikali\u00f3w<\/li>\n<\/ul>\n<p>Ten szeroki zakres zastosowa\u0144 podkre\u015bla potrzeb\u0119 czystego i niezawodnego 1,4-butanodiolu. <b>Dlatego<\/b> Kluczowe znaczenie ma wyb\u00f3r dostawcy spe\u0142niaj\u0105cego najwy\u017csze standardy jako\u015bci. Czy chcia\u0142by\u015b <b>Zam\u00f3w 1,4-butanodiol online<\/b>, Chemgramx jest w\u0142a\u015bciwym miejscem dla Ciebie. Oferujemy niezawodne \u017ar\u00f3d\u0142o dla Twoich wymaga\u0144 chemicznych, w tym innych chemikali\u00f3w badawczych, takich jak <a href=\"https:\/\/chemgramx.com\/product\/lsd-kaufen\/\">Kup LSD<\/a> do konkretnych bada\u0144.<\/p>\n<h2>Jako\u015b\u0107 i czysto\u015b\u0107: nasza obietnica<\/h2>\n<p>W Chemgramx rozumiemy, \u017ce jako\u015b\u0107 materia\u0142\u00f3w wyj\u015bciowych ma bezpo\u015bredni wp\u0142yw na wyniki bada\u0144 i wydajno\u015b\u0107 produkt\u00f3w. <b>Z tego powodu<\/b> Przywi\u0105zujemy du\u017c\u0105 wag\u0119 do czysto\u015bci i specyfikacji naszego 1,4-butanodiolu. Ka\u017cda partia jest poddawana \u015bcis\u0142ej kontroli jako\u015bci, aby zapewni\u0107, \u017ce spe\u0142nia nasze wysokie standardy.<\/p>\n<p>Oferujemy <b>Najwy\u017cszej jako\u015bci 1,4-butanodiol<\/b>, kt\u00f3ry jest specjalnie zoptymalizowany do u\u017cytku w laboratoriach i \u015brodowiskach przemys\u0142owych. <b>Nasz 1,4-butanodiol<\/b> ma czysto\u015b\u0107 co najmniej 99%, co potwierdzaj\u0105 szczeg\u00f3\u0142owe certyfikaty analizy. <b>W konsekwencji<\/b> mo\u017cesz polega\u0107 na sp\u00f3jno\u015bci i niezawodno\u015bci naszych produkt\u00f3w.<\/p>\n<h3>Kompleksowa kontrola jako\u015bci<\/h3>\n<p>Nasze procesy obejmuj\u0105 najnowocze\u015bniejsze techniki analityczne, takie jak chromatografia gazowa (GC) i miareczkowanie Karla Fischera w celu sprawdzenia czysto\u015bci i zawarto\u015bci wody. <b>To dok\u0142adne badanie<\/b> zapewnia, \u017ce zawsze masz <b>Jako\u015b\u0107 laboratoryjna na sprzeda\u017c<\/b> produkt wolny od niepo\u017c\u0105danych zanieczyszcze\u0144. Nasz\u0105 trosk\u0105 jest Tw\u00f3j sukces badawczy.<\/p>\n<p><b>Ponadto<\/b> Nasz system zarz\u0105dzania jako\u015bci\u0105 ma na celu monitorowanie wszystkich etap\u00f3w, od zakupu surowc\u00f3w po dostarczenie produktu ko\u0144cowego. Je\u015bli <b>Kup 1,4-butanodiol online<\/b>, mo\u017cesz mie\u0107 pewno\u015b\u0107, \u017ce otrzymujesz produkt, kt\u00f3ry zosta\u0142 przetworzony z najwy\u017csz\u0105 staranno\u015bci\u0105 i zgodnie z najsurowszymi protoko\u0142ami.<\/p>\n<h2>Bezpieczne obchodzenie si\u0119 i przechowywanie 1,4-butanodiolu<\/h2>\n<p>Bezpieczne obchodzenie si\u0119 z chemikaliami ma ogromne znaczenie. <b>Chocia\u017c 1,4-butanodiol jest og\u00f3lnie klasyfikowany jako mniej niebezpieczny ni\u017c niekt\u00f3re inne rozpuszczalniki<\/b>, \u015brodki ostro\u017cno\u015bci s\u0105 niezb\u0119dne. Dostarczamy szczeg\u00f3\u0142owe karty charakterystyki substancji niebezpiecznych (MSDS), kt\u00f3re zawieraj\u0105 wyczerpuj\u0105ce informacje na temat prawid\u0142owych procedur przechowywania, obs\u0142ugi i utylizacji.<\/p>\n<p>Podczas pracy z 1,4-butanodiolem nale\u017cy zawsze nosi\u0107 odpowiednie \u015brodki ochrony indywidualnej (PPE), takie jak okulary ochronne i r\u0119kawice. <b>Podobnie<\/b> Zalecana jest dobra wentylacja miejsca pracy. <b>Odpowiedzialna obs\u0142uga<\/b> znacz\u0105co przyczynia si\u0119 do bezpiecze\u0144stwa w laboratorium i w miejscu pracy. Nasz <b>Kup 1,4-butanodiol online<\/b> Ofercie zawsze towarzysz\u0105 niezb\u0119dne informacje dotycz\u0105ce bezpiecze\u0144stwa.<\/p>\n<h3>Zalecenia dotycz\u0105ce przechowywania<\/h3>\n<ul>\n<li><b>Przechowywanie:<\/b> Przechowywa\u0107 w szczelnie zamkni\u0119tych pojemnikach w ch\u0142odnym, suchym i dobrze wentylowanym miejscu.<\/li>\n<li><b>Ochrona:<\/b> Chroni\u0107 przed bezpo\u015brednim dzia\u0142aniem promieni s\u0142onecznych i \u017ar\u00f3de\u0142 ciep\u0142a.<\/li>\n<li><b>Niezgodno\u015bci:<\/b> Przechowywa\u0107 z dala od \u015brodk\u00f3w utleniaj\u0105cych i kwas\u00f3w.<\/li>\n<\/ul>\n<p>Ostro\u017cna obs\u0142uga zapewnia nie tylko jako\u015b\u0107 produktu, ale tak\u017ce zdrowie personelu. Produkt jest obs\u0142ugiwany ostro\u017cnie i przygotowany do u\u017cycia. <b>Dlatego<\/b> Mo\u017cesz na nas polega\u0107, \u017ce profesjonalnie i sumiennie zajmiemy si\u0119 wszystkimi aspektami obs\u0142ugi produkt\u00f3w.<\/p>\n<h2>Dlaczego warto kupi\u0107 1,4-butanodiol w Chemgramx?<\/h2>\n<p>Wyb\u00f3r odpowiedniego dostawcy ma kluczowe znaczenie dla powodzenia projekt\u00f3w. W Chemgramx jeste\u015bmy dumni z bycia zaufanym dostawc\u0105 wysokiej jako\u015bci substancji chemicznych. Oferujemy nie tylko <b>Wysokiej jako\u015bci 1,4-butanodiol<\/b>, ale tak\u017ce us\u0142ug\u0119, kt\u00f3ra jest dostosowana do Twoich potrzeb.<\/p>\n<p><b>Przede wszystkim<\/b> Gwarantujemy czysto\u015b\u0107 i jako\u015b\u0107 ka\u017cdego produktu, kt\u00f3ry opuszcza nasz\u0105 firm\u0119. Nasze rygorystyczne procedury testowe i certyfikaty analizy daj\u0105 pewno\u015b\u0107, \u017ce otrzymujesz niezawodny materia\u0142, kt\u00f3ry jest zgodny ze specyfikacj\u0105. <b>Ponadto<\/b> Nasz asortyment produkt\u00f3w jest bardzo zr\u00f3\u017cnicowany, aby spe\u0142ni\u0107 r\u00f3\u017cne wymagania w dziedzinie bada\u0144 i przemys\u0142u. Nasze <b>Zam\u00f3w 1,4-butanodiol online<\/b> Proces zosta\u0142 zaprojektowany tak, aby by\u0142 prosty i skuteczny, aby u\u0142atwi\u0107 zakup.<\/p>\n<h3>Korzy\u015bci w skr\u00f3cie<\/h3>\n<p>Je\u015bli zdecydujesz si\u0119, <b>kupi\u0107 1,4-butanodiol w Chemgramx<\/b>, u\u017cytkownik czerpie liczne korzy\u015bci:<\/p>\n<ul>\n<li><b>Niezr\u00f3wnana jako\u015b\u0107:<\/b> Dostarczamy wy\u0142\u0105cznie produkty o najwy\u017cszej czysto\u015bci, idealne do wymagaj\u0105cych zastosowa\u0144.<\/li>\n<li><b>Kompleksowa dokumentacja:<\/b> Do ka\u017cdego produktu do\u0142\u0105czony jest certyfikat analizy i karty charakterystyki.<\/li>\n<li><b>Bezpieczny zakup:<\/b> Nasz system zam\u00f3wie\u0144 online zosta\u0142 zaprojektowany z my\u015bl\u0105 o maksymalnym bezpiecze\u0144stwie w celu ochrony danych i transakcji.<\/li>\n<li><b>Wiedza specjalistyczna i wsparcie:<\/b> Nasz zesp\u00f3\u0142 ch\u0119tnie odpowie na pytania i udzieli fachowych porad.<\/li>\n<\/ul>\n<p>Rozumiemy, jak wa\u017cny jest niezawodny partner. <b>Dlatego<\/b> staramy si\u0119 dostarcza\u0107 nie tylko produkty, ale tak\u017ce zaufanie. Je\u015bli <b>Kup 1,4-butanodiol online<\/b> wybra\u0107 Chemgramx dla <b>Najlepsza dost\u0119pna jako\u015b\u0107 1,4-butanodiolu<\/b>. Zapoznaj si\u0119 z nasz\u0105 pe\u0142n\u0105 ofert\u0105 produkt\u00f3w i zam\u00f3w <a href=\"https:\/\/chemgramx.com\/product\/14-butanediol-online-kaufen\/\">1,4-butanodiol<\/a> nadal bezpieczne.<\/p>\n<h2>Cz\u0119sto zadawane pytania dotycz\u0105ce 1,4-butanodiolu (FAQ)<\/h2>\n<h3>Co oznacza \u201ejako\u015b\u0107 badawcza\u201c w przypadku 1,4-butanodiolu?<\/h3>\n<p>\u201eJako\u015b\u0107 badawcza\u201c oznacza, \u017ce 1,4-butanodiol ma wysoki stopie\u0144 czysto\u015bci i jest specjalnie zoptymalizowany do u\u017cytku w badaniach naukowych, eksperymentach i zastosowaniach laboratoryjnych. <b>Gwarantuje<\/b> sp\u00f3jne i wiarygodne wyniki, poniewa\u017c zanieczyszczenia s\u0105 zredukowane do minimum. W Chemgramx zawsze oferujemy t\u0119 jako\u015b\u0107.<\/p>\n<h3>Czy 1,4-butanodiol jest niebezpieczny?<\/h3>\n<p>Jak w przypadku ka\u017cdej substancji chemicznej, obchodzenie si\u0119 z 1,4-butanodiolem wi\u0105\u017ce si\u0119 z pewnym ryzykiem. <b>Mo\u017ce<\/b> mog\u0105 by\u0107 szkodliwe w przypadku po\u0142kni\u0119cia i powodowa\u0107 podra\u017cnienia. Przestrzeganie instrukcji bezpiecze\u0144stwa, noszenie sprz\u0119tu ochronnego i praca w dobrze wentylowanych pomieszczeniach s\u0105 zatem kluczowe. Szczeg\u00f3\u0142owe informacje mo\u017cna znale\u017a\u0107 w karcie charakterystyki.<\/p>\n<h3>Czy mog\u0119 kupi\u0107 1,4-butanodiol w du\u017cych ilo\u015bciach?<\/h3>\n<p>Tak, w Chemgramx oferujemy <b>1,4-Butanodiol na sprzeda\u017c<\/b> w r\u00f3\u017cnych ilo\u015bciach, aby spe\u0142ni\u0107 zar\u00f3wno ma\u0142e projekty badawcze, jak i wi\u0119ksze wymagania przemys\u0142owe. <b>Prosimy o kontakt<\/b> w przypadku specjalnych zapyta\u0144 lub wi\u0119kszych zam\u00f3wie\u0144. Zawsze staramy si\u0119 elastycznie reagowa\u0107 na potrzeby klient\u00f3w.<\/p>\n<h3>Jak mog\u0119 sprawdzi\u0107 czysto\u015b\u0107 1,4-butanodiolu?<\/h3>\n<p>Ka\u017cdej dostawie 1,4-butanodiolu od Chemgramx towarzyszy szczeg\u00f3\u0142owy certyfikat analizy potwierdzaj\u0105cy czysto\u015b\u0107 i inne wa\u017cne specyfikacje. <b>Niniejszy dokument<\/b> zapewnia pe\u0142n\u0105 przejrzysto\u015b\u0107 i bezpiecze\u0144stwo w odniesieniu do jako\u015bci naszego produktu. Otrzymujesz <b>autentyczny 1,4-butanodiol<\/b>.<\/p>\n<h3>Jakie opcje p\u0142atno\u015bci s\u0105 dost\u0119pne, je\u015bli chc\u0119 kupi\u0107 1,4-butanodiol online?<\/h3>\n<p>Oferujemy r\u00f3\u017cne bezpieczne opcje p\u0142atno\u015bci, aby proces zamawiania by\u0142 jak najwygodniejszy. <b>Nasz bezpieczny proces zakupu<\/b> chroni dane transakcji. <b>Szczeg\u00f3\u0142y dotycz\u0105ce dost\u0119pnych metod<\/b> mo\u017cna znale\u017a\u0107 podczas p\u0142atno\u015bci. Chcieliby\u015bmy, aby\u015b <b>kup teraz online<\/b> z pe\u0142nym zaufaniem.<\/p>","protected":false},"excerpt":{"rendered":"<p>Odkryj wysok\u0105 czysto\u015b\u0107 <b>Kup 1,4-butanodiol<\/b> dla wymagaj\u0105cych cel\u00f3w badawczych i laboratoryjnych. Ten wszechstronny p\u00f3\u0142produkt organiczny jest niezb\u0119dny do polimeryzacji i syntezy. W Chemgramx znajdziesz <b>Jako\u015b\u0107 laboratoryjna na sprzeda\u017c<\/b>, kt\u00f3ry gwarantuje maksymaln\u0105 czysto\u015b\u0107 dzi\u0119ki \u015bcis\u0142ej kontroli. Zabezpiecz sw\u00f3j produkt, aby uzyska\u0107 precyzyjne wyniki i <b>bezpieczny zakup<\/b> w Chemgramx.<\/p>","protected":false},"featured_media":8616,"comment_status":"open","ping_status":"closed","template":"","meta":{"_joinchat":[]},"product_brand":[],"product_cat":[65],"product_tag":[627,628,636,637,643,645,642,634,644,640,635,629,639,630,646,632,638,633,641,631],"class_list":{"0":"post-8595","1":"product","2":"type-product","3":"status-publish","4":"has-post-thumbnail","6":"product_cat-arylcyclohexylamine","7":"product_tag-627","8":"product_tag-4-butandiol","9":"product_tag-4-butandiol-anwendung","10":"product_tag-4-butandiol-chemische-herstellung","11":"product_tag-4-butandiol-eigenschaften","12":"product_tag-4-butandiol-forschung","13":"product_tag-4-butandiol-fur-laboranwendungen","14":"product_tag-4-butandiol-groshandel","15":"product_tag-4-butandiol-groshandler","16":"product_tag-4-butandiol-handhabung","17":"product_tag-4-butandiol-industrielle-verwendung","18":"product_tag-4-butandiol-kaufen","19":"product_tag-4-butandiol-lagerung","20":"product_tag-4-butandiol-lieferant","21":"product_tag-4-butandiol-nutzung","22":"product_tag-4-butandiol-preis","23":"product_tag-4-butandiol-sicherheit","24":"product_tag-4-butandiol-verfugbarkeit","25":"product_tag-4-butandiol-vorschriften","26":"product_tag-4-butandiol-zum-verkauf","28":"first","29":"instock","30":"shipping-taxable","31":"purchasable","32":"product-type-variable"},"yoast_head":"<!-- This site is optimized with the Yoast SEO plugin v27.5 - https:\/\/yoast.com\/product\/yoast-seo-wordpress\/ -->\n<title>1,4-Butandiol kaufen - Hohe Reinheit &amp; Forschung<\/title>\n<meta name=\"description\" content=\"Entdecken Sie hochreines 1,4-Butandiol f\u00fcr Ihre Forschungs- und Laborzwecke. Bei Chemgramx k\u00f6nnen Sie 1,4-Butandiol kaufen. Jetzt sicher bestellen und h\u00f6chste Qualit\u00e4t erhalten.\" \/>\n<meta name=\"robots\" content=\"index, follow, max-snippet:-1, max-image-preview:large, max-video-preview:-1\" \/>\n<link rel=\"canonical\" href=\"https:\/\/chemgramx.com\/pl\/produkt-1\/14-kup-butanodiol-online\/\" \/>\n<meta property=\"og:locale\" content=\"pl_PL\" \/>\n<meta property=\"og:type\" content=\"article\" \/>\n<meta property=\"og:title\" content=\"1,4-Butandiol kaufen - Hohe Reinheit &amp; Forschung\" \/>\n<meta property=\"og:description\" content=\"Entdecken Sie hochreines 1,4-Butandiol f\u00fcr Ihre Forschungs- und Laborzwecke. Bei Chemgramx k\u00f6nnen Sie 1,4-Butandiol kaufen. Jetzt sicher bestellen und h\u00f6chste Qualit\u00e4t erhalten.\" \/>\n<meta property=\"og:url\" content=\"https:\/\/chemgramx.com\/pl\/produkt-1\/14-kup-butanodiol-online\/\" \/>\n<meta property=\"og:site_name\" content=\"Chemgramx\" \/>\n<meta property=\"article:modified_time\" content=\"2025-12-09T09:48:45+00:00\" \/>\n<meta property=\"og:image\" content=\"https:\/\/chemgramx.com\/wp-content\/uploads\/2025\/11\/Butanediol-Online.jpg\" \/>\n\t<meta property=\"og:image:width\" content=\"607\" \/>\n\t<meta property=\"og:image:height\" content=\"551\" \/>\n\t<meta property=\"og:image:type\" content=\"image\/jpeg\" \/>\n<meta name=\"twitter:card\" content=\"summary_large_image\" \/>\n<meta name=\"twitter:label1\" content=\"Szacowany czas czytania\" \/>\n\t<meta name=\"twitter:data1\" content=\"4 minuty\" \/>\n<script type=\"application\/ld+json\" class=\"yoast-schema-graph\">{\"@context\":\"https:\\\/\\\/schema.org\",\"@graph\":[{\"@type\":\"WebPage\",\"@id\":\"https:\\\/\\\/chemgramx.com\\\/product\\\/14-butanediol-online-kaufen\\\/\",\"url\":\"https:\\\/\\\/chemgramx.com\\\/product\\\/14-butanediol-online-kaufen\\\/\",\"name\":\"1,4-Butandiol kaufen - Hohe Reinheit & Forschung\",\"isPartOf\":{\"@id\":\"https:\\\/\\\/chemgramx.com\\\/#website\"},\"primaryImageOfPage\":{\"@id\":\"https:\\\/\\\/chemgramx.com\\\/product\\\/14-butanediol-online-kaufen\\\/#primaryimage\"},\"image\":{\"@id\":\"https:\\\/\\\/chemgramx.com\\\/product\\\/14-butanediol-online-kaufen\\\/#primaryimage\"},\"thumbnailUrl\":\"https:\\\/\\\/chemgramx.com\\\/wp-content\\\/uploads\\\/2025\\\/11\\\/Butanediol-Online.jpg\",\"datePublished\":\"2025-11-21T20:37:09+00:00\",\"dateModified\":\"2025-12-09T09:48:45+00:00\",\"description\":\"Entdecken Sie hochreines 1,4-Butandiol f\u00fcr Ihre Forschungs- und Laborzwecke. Bei Chemgramx k\u00f6nnen Sie 1,4-Butandiol kaufen. Jetzt sicher bestellen und h\u00f6chste Qualit\u00e4t erhalten.\",\"breadcrumb\":{\"@id\":\"https:\\\/\\\/chemgramx.com\\\/product\\\/14-butanediol-online-kaufen\\\/#breadcrumb\"},\"inLanguage\":\"pl-PL\",\"potentialAction\":[{\"@type\":\"ReadAction\",\"target\":[\"https:\\\/\\\/chemgramx.com\\\/product\\\/14-butanediol-online-kaufen\\\/\"]}]},{\"@type\":\"ImageObject\",\"inLanguage\":\"pl-PL\",\"@id\":\"https:\\\/\\\/chemgramx.com\\\/product\\\/14-butanediol-online-kaufen\\\/#primaryimage\",\"url\":\"https:\\\/\\\/chemgramx.com\\\/wp-content\\\/uploads\\\/2025\\\/11\\\/Butanediol-Online.jpg\",\"contentUrl\":\"https:\\\/\\\/chemgramx.com\\\/wp-content\\\/uploads\\\/2025\\\/11\\\/Butanediol-Online.jpg\",\"width\":607,\"height\":551},{\"@type\":\"BreadcrumbList\",\"@id\":\"https:\\\/\\\/chemgramx.com\\\/product\\\/14-butanediol-online-kaufen\\\/#breadcrumb\",\"itemListElement\":[{\"@type\":\"ListItem\",\"position\":1,\"name\":\"Home\",\"item\":\"https:\\\/\\\/chemgramx.com\\\/\"},{\"@type\":\"ListItem\",\"position\":2,\"name\":\"Shop\",\"item\":\"https:\\\/\\\/chemgramx.com\\\/shop\\\/\"},{\"@type\":\"ListItem\",\"position\":3,\"name\":\"1,4-Butandiol kaufen &#8211; Hohe Reinheit &amp; Forschung\"}]},{\"@type\":\"WebSite\",\"@id\":\"https:\\\/\\\/chemgramx.com\\\/#website\",\"url\":\"https:\\\/\\\/chemgramx.com\\\/\",\"name\":\"Chemgramx\",\"description\":\"\",\"publisher\":{\"@id\":\"https:\\\/\\\/chemgramx.com\\\/#organization\"},\"potentialAction\":[{\"@type\":\"SearchAction\",\"target\":{\"@type\":\"EntryPoint\",\"urlTemplate\":\"https:\\\/\\\/chemgramx.com\\\/?s={search_term_string}\"},\"query-input\":{\"@type\":\"PropertyValueSpecification\",\"valueRequired\":true,\"valueName\":\"search_term_string\"}}],\"inLanguage\":\"pl-PL\"},{\"@type\":\"Organization\",\"@id\":\"https:\\\/\\\/chemgramx.com\\\/#organization\",\"name\":\"Chemgramx\",\"url\":\"https:\\\/\\\/chemgramx.com\\\/\",\"logo\":{\"@type\":\"ImageObject\",\"inLanguage\":\"pl-PL\",\"@id\":\"https:\\\/\\\/chemgramx.com\\\/#\\\/schema\\\/logo\\\/image\\\/\",\"url\":\"https:\\\/\\\/chemgramx.com\\\/wp-content\\\/uploads\\\/2024\\\/10\\\/final-logo.png\",\"contentUrl\":\"https:\\\/\\\/chemgramx.com\\\/wp-content\\\/uploads\\\/2024\\\/10\\\/final-logo.png\",\"width\":250,\"height\":48,\"caption\":\"Chemgramx\"},\"image\":{\"@id\":\"https:\\\/\\\/chemgramx.com\\\/#\\\/schema\\\/logo\\\/image\\\/\"}}]}<\/script>\n<!-- \/ Yoast SEO plugin. -->","yoast_head_json":{"title":"Kup 1,4-butanodiol \u2013 wysoka czysto\u015b\u0107 i badania naukowe","description":"Odkryj wysokiej czysto\u015bci 1,4-butanodiol do cel\u00f3w badawczych i laboratoryjnych. W Chemgramx mo\u017cesz kupi\u0107 1,4-butanodiol. Zam\u00f3w teraz bezpiecznie i otrzymaj najwy\u017csz\u0105 jako\u015b\u0107.","robots":{"index":"index","follow":"follow","max-snippet":"max-snippet:-1","max-image-preview":"max-image-preview:large","max-video-preview":"max-video-preview:-1"},"canonical":"https:\/\/chemgramx.com\/pl\/produkt-1\/14-kup-butanodiol-online\/","og_locale":"pl_PL","og_type":"article","og_title":"1,4-Butandiol kaufen - Hohe Reinheit & Forschung","og_description":"Entdecken Sie hochreines 1,4-Butandiol f\u00fcr Ihre Forschungs- und Laborzwecke. Bei Chemgramx k\u00f6nnen Sie 1,4-Butandiol kaufen. Jetzt sicher bestellen und h\u00f6chste Qualit\u00e4t erhalten.","og_url":"https:\/\/chemgramx.com\/pl\/produkt-1\/14-kup-butanodiol-online\/","og_site_name":"Chemgramx","article_modified_time":"2025-12-09T09:48:45+00:00","og_image":[{"width":607,"height":551,"url":"https:\/\/chemgramx.com\/wp-content\/uploads\/2025\/11\/Butanediol-Online.jpg","type":"image\/jpeg"}],"twitter_card":"summary_large_image","twitter_misc":{"Szacowany czas czytania":"4 minuty"},"schema":{"@context":"https:\/\/schema.org","@graph":[{"@type":"WebPage","@id":"https:\/\/chemgramx.com\/product\/14-butanediol-online-kaufen\/","url":"https:\/\/chemgramx.com\/product\/14-butanediol-online-kaufen\/","name":"Kup 1,4-butanodiol \u2013 wysoka czysto\u015b\u0107 i badania naukowe","isPartOf":{"@id":"https:\/\/chemgramx.com\/#website"},"primaryImageOfPage":{"@id":"https:\/\/chemgramx.com\/product\/14-butanediol-online-kaufen\/#primaryimage"},"image":{"@id":"https:\/\/chemgramx.com\/product\/14-butanediol-online-kaufen\/#primaryimage"},"thumbnailUrl":"https:\/\/chemgramx.com\/wp-content\/uploads\/2025\/11\/Butanediol-Online.jpg","datePublished":"2025-11-21T20:37:09+00:00","dateModified":"2025-12-09T09:48:45+00:00","description":"Odkryj wysokiej czysto\u015bci 1,4-butanodiol do cel\u00f3w badawczych i laboratoryjnych. W Chemgramx mo\u017cesz kupi\u0107 1,4-butanodiol. Zam\u00f3w teraz bezpiecznie i otrzymaj najwy\u017csz\u0105 jako\u015b\u0107.","breadcrumb":{"@id":"https:\/\/chemgramx.com\/product\/14-butanediol-online-kaufen\/#breadcrumb"},"inLanguage":"pl-PL","potentialAction":[{"@type":"ReadAction","target":["https:\/\/chemgramx.com\/product\/14-butanediol-online-kaufen\/"]}]},{"@type":"ImageObject","inLanguage":"pl-PL","@id":"https:\/\/chemgramx.com\/product\/14-butanediol-online-kaufen\/#primaryimage","url":"https:\/\/chemgramx.com\/wp-content\/uploads\/2025\/11\/Butanediol-Online.jpg","contentUrl":"https:\/\/chemgramx.com\/wp-content\/uploads\/2025\/11\/Butanediol-Online.jpg","width":607,"height":551},{"@type":"BreadcrumbList","@id":"https:\/\/chemgramx.com\/product\/14-butanediol-online-kaufen\/#breadcrumb","itemListElement":[{"@type":"ListItem","position":1,"name":"Home","item":"https:\/\/chemgramx.com\/"},{"@type":"ListItem","position":2,"name":"Shop","item":"https:\/\/chemgramx.com\/shop\/"},{"@type":"ListItem","position":3,"name":"1,4-Butandiol kaufen &#8211; Hohe Reinheit &amp; Forschung"}]},{"@type":"WebSite","@id":"https:\/\/chemgramx.com\/#website","url":"https:\/\/chemgramx.com\/","name":"Chemgramx","description":"","publisher":{"@id":"https:\/\/chemgramx.com\/#organization"},"potentialAction":[{"@type":"SearchAction","target":{"@type":"EntryPoint","urlTemplate":"https:\/\/chemgramx.com\/?s={search_term_string}"},"query-input":{"@type":"PropertyValueSpecification","valueRequired":true,"valueName":"search_term_string"}}],"inLanguage":"pl-PL"},{"@type":"Organization","@id":"https:\/\/chemgramx.com\/#organization","name":"Chemgramx","url":"https:\/\/chemgramx.com\/","logo":{"@type":"ImageObject","inLanguage":"pl-PL","@id":"https:\/\/chemgramx.com\/#\/schema\/logo\/image\/","url":"https:\/\/chemgramx.com\/wp-content\/uploads\/2024\/10\/final-logo.png","contentUrl":"https:\/\/chemgramx.com\/wp-content\/uploads\/2024\/10\/final-logo.png","width":250,"height":48,"caption":"Chemgramx"},"image":{"@id":"https:\/\/chemgramx.com\/#\/schema\/logo\/image\/"}}]}},"_links":{"self":[{"href":"https:\/\/chemgramx.com\/pl\/wp-json\/wp\/v2\/product\/8595","targetHints":{"allow":["GET"]}}],"collection":[{"href":"https:\/\/chemgramx.com\/pl\/wp-json\/wp\/v2\/product"}],"about":[{"href":"https:\/\/chemgramx.com\/pl\/wp-json\/wp\/v2\/types\/product"}],"replies":[{"embeddable":true,"href":"https:\/\/chemgramx.com\/pl\/wp-json\/wp\/v2\/comments?post=8595"}],"wp:featuredmedia":[{"embeddable":true,"href":"https:\/\/chemgramx.com\/pl\/wp-json\/wp\/v2\/media\/8616"}],"wp:attachment":[{"href":"https:\/\/chemgramx.com\/pl\/wp-json\/wp\/v2\/media?parent=8595"}],"wp:term":[{"taxonomy":"product_brand","embeddable":true,"href":"https:\/\/chemgramx.com\/pl\/wp-json\/wp\/v2\/product_brand?post=8595"},{"taxonomy":"product_cat","embeddable":true,"href":"https:\/\/chemgramx.com\/pl\/wp-json\/wp\/v2\/product_cat?post=8595"},{"taxonomy":"product_tag","embeddable":true,"href":"https:\/\/chemgramx.com\/pl\/wp-json\/wp\/v2\/product_tag?post=8595"}],"curies":[{"name":"wp","href":"https:\/\/api.w.org\/{rel}","templated":true}]}}