{"id":8596,"date":"2025-11-21T20:37:09","date_gmt":"2025-11-21T20:37:09","guid":{"rendered":"https:\/\/chemgramx.com\/?post_type=product&#038;p=8596"},"modified":"2025-12-09T09:48:50","modified_gmt":"2025-12-09T09:48:50","slug":"kup-metoksyetamine-mxe-online","status":"publish","type":"product","link":"https:\/\/chemgramx.com\/pl\/product\/methoxetamin-mxe-online-kaufen\/","title":{"rendered":"Kup metoksyetamin\u0119 \u2013 badania naukowe | Wysoka czysto\u015b\u0107"},"content":{"rendered":"<p>Chemgramx przedstawia <b>Metoksyetamina (MXE) na sprzeda\u017c<\/b>, substancja o wyj\u0105tkowej jako\u015bci, opracowana specjalnie do wymagaj\u0105cych zastosowa\u0144 badawczych. Rozumiemy kluczowe znaczenie czysto\u015bci i niezawodno\u015bci w badaniach naukowych. Dlatego gwarantujemy wyj\u0105tkowo wysok\u0105 czysto\u015b\u0107 naszego MXE, idealn\u0105 do precyzyjnych zastosowa\u0144 laboratoryjnych i rzetelnych bada\u0144 naukowych. Produkt ten jest arylocykloheksyloamin\u0105 i ze wzgl\u0119du na swoje wyj\u0105tkowe w\u0142a\u015bciwo\u015bci by\u0142 intensywnie badany w ramach bada\u0144 naukowych. Nale\u017cy do klasy substancji dysocjacyjnych, kt\u00f3re dzia\u0142aj\u0105 jako antagoni\u015bci receptora NMDA.<\/p>\n<p>Nasz <b>Najlepsza metoksyetamina dost\u0119pna na rynku<\/b> jest produkowany pod \u015bcis\u0142\u0105 kontrol\u0105 jako\u015bci i przeznaczony wy\u0142\u0105cznie do cel\u00f3w badawczych i laboratoryjnych. Zapewniamy, \u017ce ka\u017cda partia spe\u0142nia nasze wysokie standardy. Dok\u0142adny sk\u0142ad chemiczny i integralno\u015b\u0107 strukturalna s\u0105 niezb\u0119dne do uzyskania wiarygodnych wynik\u00f3w. Ponadto dokumentacja czysto\u015bci jest kluczowym elementem naszej oferty. Dowiedz si\u0119 wi\u0119cej o tej fascynuj\u0105cej substancji chemicznej i jej potencjalnych zastosowaniach.<\/p>\n<h2>Czym jest metoksyetamina (MXE)?<\/h2>\n<p>Metoksyetamina, cz\u0119sto okre\u015blana skr\u00f3tem MXE, jest syntetyczn\u0105 arylocykloheksyloamin\u0105, kt\u00f3ra pod wzgl\u0119dem struktury jest spokrewniona z ketamin\u0105 i fencyklidyn\u0105 (PCP). Pierwotnie badano j\u0105 jako potencjalny \u015brodek znieczulaj\u0105cy i przeciwdepresyjny. Jednak jej g\u0142\u00f3wne zastosowanie przenios\u0142o si\u0119 do dziedziny chemikali\u00f3w badawczych. Wz\u00f3r cz\u0105steczkowy MXE to C<sub>15<\/sub>H<sub>21<\/sub>NO i ma mas\u0119 molow\u0105 231,33 g\/mol. Jego struktura chemiczna charakteryzuje si\u0119 podstaw\u0105 cykloheksyloaminy, kt\u00f3ra ma decyduj\u0105ce znaczenie dla jego dzia\u0142ania farmakologicznego.<\/p>\n<p>Cz\u0105steczka ta zosta\u0142a zsyntetyzowana na pocz\u0105tku XXI wieku i szybko wzbudzi\u0142a zainteresowanie spo\u0142eczno\u015bci naukowej. Stanowi ona interesuj\u0105c\u0105 alternatyw\u0119 dla innych substancji dysocjacyjnych w przypadku konkretnych zagadnie\u0144 badawczych. W zwi\u0105zku z tym dok\u0142adna znajomo\u015b\u0107 jej w\u0142a\u015bciwo\u015bci jest niezb\u0119dna w ka\u017cdym badaniu. Dlatego dostarczamy wyczerpuj\u0105cych informacji i zapewniamy, \u017ce nasz produkt spe\u0142nia najwy\u017csze wymagania naukowe.<\/p>\n<h3>Farmakologia MXE<\/h3>\n<p>G\u0142\u00f3wne dzia\u0142anie metoksyetaminy wynika z jej antagonizmu wobec receptor\u00f3w N-metylo-D-asparaginianowych (NMDA). Prowadzi to do efekt\u00f3w dysocjacyjnych, kt\u00f3re s\u0105 wykorzystywane w badaniach nad sieciami neuronowymi i modelowaniem okre\u015blonych stan\u00f3w neurologicznych. Ponadto MXE oddzia\u0142uje r\u00f3wnie\u017c z transporterem dopaminy, co prowadzi do hamowania wychwytu zwrotnego dopaminy. To podw\u00f3jne dzia\u0142anie sprawia, \u017ce MXE jest cennym narz\u0119dziem w neurofarmakologii do badania z\u0142o\u017conych interakcji w m\u00f3zgu.<\/p>\n<p>Ponadto w niekt\u00f3rych badaniach zaobserwowano r\u00f3wnie\u017c powinowactwo do receptor\u00f3w serotoninowych, co dodatkowo r\u00f3\u017cnicuje profil farmakologiczny MXE. W przeciwie\u0144stwie do ketaminy uwa\u017ca si\u0119, \u017ce MXE ma d\u0142u\u017cszy czas dzia\u0142ania i wy\u017csz\u0105 biodost\u0119pno\u015b\u0107. S\u0105 to wa\u017cne czynniki dla projektowania eksperyment\u00f3w. Istotne znaczenie ma r\u00f3wnie\u017c dok\u0142adne dawkowanie i interakcje w <i>in vitro<\/i> oraz <i>in vivo<\/i> Modele. Tylko w ten spos\u00f3b mo\u017cna uzyska\u0107 precyzyjne i powtarzalne wyniki bada\u0144.<\/p>\n<h2>Zastosowania w badaniach<\/h2>\n<p>Jak <b>Jako\u015b\u0107 bada\u0144 naukowych na sprzeda\u017c<\/b> Oferowana metoksyetamina znajduje zastosowanie w r\u00f3\u017cnych dyscyplinach naukowych. Jest szczeg\u00f3lnie przydatna w neurobiologii i psychofarmakologii. Naukowcy wykorzystuj\u0105 MXE do badania mechanizm\u00f3w dysocjacji, znieczulenia i modulacji b\u00f3lu. Ponadto mo\u017ce ona przyczyni\u0107 si\u0119 do bada\u0144 nad neuroplastyczno\u015bci\u0105 i opracowaniem nowych terapii chor\u00f3b neurologicznych lub psychiatrycznych. Precyzyjny charakter naszych substancji umo\u017cliwia tworzenie niezawodnych uk\u0142ad\u00f3w eksperymentalnych.<\/p>\n<p>Kolejnym obiecuj\u0105cym obszarem bada\u0144 jest badanie potencja\u0142u substancji dysocjacyjnych w leczeniu depresji i zespo\u0142u stresu pourazowego (PTSD). Chocia\u017c badania s\u0105 jeszcze w pocz\u0105tkowej fazie, MXE dostarcza cennych informacji na temat tych z\u0142o\u017conych proces\u00f3w. W rezultacie naukowcy mog\u0105 <b>Autentyczna metoksyetamina<\/b> szczeg\u00f3\u0142owo analizowa\u0107 specyficzny wp\u0142yw na uk\u0142ady neuroprzeka\u017anik\u00f3w i aktywno\u015b\u0107 kory m\u00f3zgowej. Dlatego dost\u0119pno\u015b\u0107 czystego materia\u0142u badawczego ma ogromne znaczenie dla tych pionierskich prac.<\/p>\n<h3>Badanie antagonizmu receptora NMDA<\/h3>\n<p>Antagonizm receptora NMDA jest g\u0142\u00f3wnym mechanizmem dzia\u0142ania wielu \u015brodk\u00f3w znieczulaj\u0105cych dysocjacyjnych. MXE umo\u017cliwia naukowcom szczeg\u00f3\u0142owe badanie tego mechanizmu. Mo\u017ce to prowadzi\u0107 do lepszego zrozumienia proces\u00f3w tworzenia pami\u0119ci, uczenia si\u0119 i uszkodze\u0144 neuron\u00f3w. Badane s\u0105 r\u00f3wnie\u017c skutki dla plastyczno\u015bci synaptycznej. W szczeg\u00f3lno\u015bci analizowane s\u0105 specyficzne miejsca wi\u0105zania i powinowactwo MXE do r\u00f3\u017cnych podjednostek receptora NMDA. Pozwala to lepiej oceni\u0107 potencja\u0142 terapeutyczny antagonist\u00f3w NMDA.<\/p>\n<h3>Modelowanie chor\u00f3b psychicznych<\/h3>\n<p>W badaniach przedklinicznych MXE mo\u017ce by\u0107 stosowany do modelowania objaw\u00f3w chor\u00f3b psychicznych, takich jak schizofrenia, w celu testowania nowych interwencji farmakologicznych. Stan dysocjacyjny, kt\u00f3ry mo\u017ce wywo\u0142a\u0107 MXE, przypomina niekt\u00f3re aspekty stan\u00f3w psychotycznych. Dlatego stanowi on cenn\u0105 platform\u0119 do opracowywania i oceny nowych lek\u00f3w. Ponadto mo\u017cna dok\u0142adnie zbada\u0107 wp\u0142yw MXE na funkcje poznawcze i wzorce zachowa\u0144, co przyczynia si\u0119 do g\u0142\u0119bszego zrozumienia patofizjologii zaburze\u0144 psychicznych.<\/p>\n<h2>Jako\u015b\u0107 i czysto\u015b\u0107 w Chemgramx<\/h2>\n<p>W Chemgramx przywi\u0105zujemy ogromn\u0105 wag\u0119 do jako\u015bci naszych produkt\u00f3w. Nasze <b>Wysokiej jako\u015bci metoksyetamina<\/b> jest przyk\u0142adem naszego zaanga\u017cowania w d\u0105\u017cenie do doskona\u0142o\u015bci. Ka\u017cda partia poddawana jest rygorystycznym testom analitycznym w celu zapewnienia czysto\u015bci i to\u017csamo\u015bci. Stosujemy najnowocze\u015bniejsze techniki, takie jak HPLC (wysokosprawna chromatografia cieczowa) i spektroskopia NMR (j\u0105drowo-magnetyczny rezonans magnetyczny), aby wykluczy\u0107 zanieczyszczenia i potwierdzi\u0107 struktur\u0119 chemiczn\u0105. Dzi\u0119ki temu masz pewno\u015b\u0107, \u017ce <b>Jako\u015b\u0107 laboratoryjna na sprzeda\u017c<\/b> spe\u0142niaj\u0105ce najwy\u017csze standardy.<\/p>\n<p>Nasze produkty s\u0105 znane ze sta\u0142ej jako\u015bci, co jest niezb\u0119dne do uzyskania powtarzalnych wynik\u00f3w bada\u0144. Dzi\u0119ki temu zawsze otrzymujesz materia\u0142, na kt\u00f3rym mo\u017cesz polega\u0107. Oferujemy kompleksow\u0105 dokumentacj\u0119 dotycz\u0105c\u0105 naszych chemikali\u00f3w badawczych. Obejmuje ona szczeg\u00f3\u0142owe certyfikaty analizy (CoA), kt\u00f3re potwierdzaj\u0105 czysto\u015b\u0107, to\u017csamo\u015b\u0107 i st\u0119\u017cenie ka\u017cdej substancji. Ta przejrzysto\u015b\u0107 jest podstaw\u0105 naszej obietnicy dotycz\u0105cej us\u0142ug. Pomaga ona r\u00f3wnie\u017c naszym klientom w prowadzeniu bada\u0144 z najwi\u0119ksz\u0105 pewno\u015bci\u0105.<\/p>\n<h3>Standardy analityczne i gwarancje<\/h3>\n<p>Przestrzeganie mi\u0119dzynarodowych standard\u00f3w analitycznych jest dla nas oczywisto\u015bci\u0105. Wsp\u00f3\u0142pracujemy z akredytowanymi laboratoriami, aby zapewni\u0107 najwy\u017csz\u0105 integralno\u015b\u0107 naszych produkt\u00f3w. Oznacza to, \u017ce nasze <b>Najwy\u017cszej jako\u015bci metoksyetamina<\/b> zawsze odpowiada deklarowanym specyfikacjom. Ponadto nasz\u0105 misj\u0105 jest dostarczanie spo\u0142eczno\u015bci naukowej niezawodnych i bezpiecznych substancji chemicznych. Dlatego wszystkie nasze substancje s\u0105 dok\u0142adnie sprawdzane i bezpiecznie przetwarzane w celu zachowania ich stabilno\u015bci i czysto\u015bci.<\/p>\n<h2>Bezpiecze\u0144stwo i obs\u0142uga w badaniach naukowych<\/h2>\n<p>Bezpieczne obchodzenie si\u0119 z chemikaliami badawczymi ma ogromne znaczenie. Metoksyetamina powinna by\u0107 stosowana wy\u0142\u0105cznie przez przeszkolony personel w kontrolowanym \u015brodowisku laboratoryjnym. Zalecamy \u015bcis\u0142e przestrzeganie wszystkich odpowiednich przepis\u00f3w bezpiecze\u0144stwa i noszenie \u015brodk\u00f3w ochrony indywidualnej (\u015aOI), w tym r\u0119kawic ochronnych, okular\u00f3w ochronnych i fartuch\u00f3w laboratoryjnych. Ponadto niezb\u0119dna jest dobra wentylacja miejsca pracy. W razie w\u0105tpliwo\u015bci dotycz\u0105cych bezpiecznego stosowania nale\u017cy zawsze zapozna\u0107 si\u0119 z kartami charakterystyki substancji niebezpiecznej (MSDS).<\/p>\n<p>Nale\u017cy podkre\u015bli\u0107, \u017ce metoksyetamina jest przeznaczona wy\u0142\u0105cznie do cel\u00f3w badawczych i <b>nieprzeznaczone do spo\u017cycia przez ludzi ani do zastosowa\u0144 terapeutycznych<\/b> . Ka\u017cde niew\u0142a\u015bciwe u\u017cycie mo\u017ce mie\u0107 powa\u017cne konsekwencje dla zdrowia. Dlatego nale\u017cy podj\u0105\u0107 wszelkie \u015brodki ostro\u017cno\u015bci, aby unikn\u0105\u0107 nara\u017cenia. Produkt nale\u017cy przechowywa\u0107 w miejscu niedost\u0119pnym dla os\u00f3b nieuprawnionych, a w szczeg\u00f3lno\u015bci dla dzieci. Odpowiedzialne stosowanie w ramach bada\u0144 naukowych jest naszym najwy\u017cszym priorytetem.<\/p>\n<h3>Zalecenia dotycz\u0105ce przechowywania<\/h3>\n<ul>\n<li>Metoksyetamin\u0119 nale\u017cy przechowywa\u0107 w ch\u0142odnym, suchym i dobrze wentylowanym miejscu.<\/li>\n<li>Przechowuj w szczelnie zamkni\u0119tym pojemniku, aby zapobiec zanieczyszczeniu i rozk\u0142adowi.<\/li>\n<li>Chro\u0144 przed bezpo\u015brednim dzia\u0142aniem promieni s\u0142onecznych, wilgoci\u0105 i wysok\u0105 temperatur\u0105.<\/li>\n<li>Zapewnij bezpieczne i oznaczone miejsce przechowywania, aby unikn\u0105\u0107 pomy\u0142ek.<\/li>\n<\/ul>\n<p>\u015arodki te przyczyniaj\u0105 si\u0119 do zachowania integralno\u015bci i skuteczno\u015bci produktu przez d\u0142u\u017cszy czas. Zapewniaj\u0105 r\u00f3wnie\u017c bezpiecze\u0144stwo w laboratorium. <b>Autentyczna metoksyetamina<\/b> najlepiej zachowuje swoje w\u0142a\u015bciwo\u015bci, gdy jest przechowywany w tych optymalnych warunkach.<\/p>\n<h2>Jak kupi\u0107 metoksyetamin\u0119 (MXE) przez Internet<\/h2>\n<p>Je\u015bli <b>Zam\u00f3w metoksyetamin\u0119 online<\/b> Chemgramx oferuje bezpieczn\u0105 i wydajn\u0105 platform\u0119. Nasz sklep internetowy zosta\u0142 zaprojektowany tak, aby zapewni\u0107 Pa\u0144stwu \u0142atwy dost\u0119p do wysokiej jako\u015bci chemikali\u00f3w badawczych. Aby nasz <b>Najlepsza metoksyetamina dost\u0119pna na rynku<\/b> aby dokona\u0107 zakupu, wystarczy odwiedzi\u0107 nasz\u0105 stron\u0119 produktu. Znajdziesz tam wszystkie istotne informacje i b\u0119dziesz m\u00f3g\u0142 z\u0142o\u017cy\u0107 zam\u00f3wienie. Ca\u0142y proces zosta\u0142 zoptymalizowany, aby zapewni\u0107 maksymalne bezpiecze\u0144stwo i dyskrecj\u0119. Mo\u017cesz <b>Kup teraz online<\/b> i skorzystaj z naszej wiedzy specjalistycznej.<\/p>\n<p>Rozumiemy konieczno\u015b\u0107 <b>Bezpieczny zakup<\/b>-Procesu. Dlatego wdro\u017cyli\u015bmy najnowocze\u015bniejsze technologie bezpiecze\u0144stwa, aby chroni\u0107 Twoje dane i transakcje. Nasza oddana obs\u0142uga klienta jest zawsze do Twojej dyspozycji, aby odpowiedzie\u0107 na wszelkie pytania i pom\u00f3c Ci w wyborze i zakupie odpowiednich produkt\u00f3w. Jeste\u015bmy dumni z tego, \u017ce jeste\u015bmy niezawodnym \u017ar\u00f3d\u0142em chemikali\u00f3w badawczych. Ponadto u nas mo\u017cesz r\u00f3wnie\u017c znale\u017a\u0107 inne <a href=\"https:\/\/chemgramx.com\/product\/legal-psychedelics-kaufen\/\">kupi\u0107 legalne psychodeliki<\/a>, kt\u00f3re s\u0105 istotne dla bada\u0144 naukowych. Odwied\u017a nasz\u0105 stron\u0119 g\u0142\u00f3wn\u0105, aby uzyska\u0107 <a href=\"https:\/\/chemgramx.com\/product\/methoxetamin-mxe-online-kaufen\/\">Kup metoksetamin\u0119 (MXE) online<\/a>, aby zaspokoi\u0107 swoje potrzeby badawcze.<\/p>\n<h2>Dlaczego warto kupowa\u0107 w Chemgramx?<\/h2>\n<p>Chemgramx jest godnym zaufania partnerem w zakresie wysokiej jako\u015bci chemikali\u00f3w badawczych. Oferujemy nie tylko <b>Wysokiej jako\u015bci metoksyetamina<\/b>, ale tak\u017ce niezr\u00f3wnan\u0105 obs\u0142ug\u0119 i wsparcie techniczne. Nasze zaanga\u017cowanie w zapewnienie czysto\u015bci i jako\u015bci jest niezachwiane, co sprawia, \u017ce jeste\u015bmy preferowanym wyborem dla naukowc\u00f3w na ca\u0142ym \u015bwiecie. W ko\u0144cu dbamy o to, aby wszystkie nasze produkty by\u0142y starannie przetwarzane i przechowywane w optymalnych warunkach.<\/p>\n<p>Zawsze staramy si\u0119 przekracza\u0107 oczekiwania naszych klient\u00f3w. Je\u015bli <b>Metoksyetamina na sprzeda\u017c<\/b>, inwestuj w niezawodno\u015b\u0107 swoich bada\u0144. Nasze do\u015bwiadczenie w dziedzinie chemikali\u00f3w badawczych gwarantuje, \u017ce otrzymujesz tylko to, co najlepsze. Ponadto stale poszerzamy nasz asortyment, aby sprosta\u0107 zmieniaj\u0105cym si\u0119 wymaganiom spo\u0142eczno\u015bci naukowej. Kupowanie w Chemgramx oznacza wyb\u00f3r precyzji, jako\u015bci i doskona\u0142ej obs\u0142ugi.<\/p>","protected":false},"excerpt":{"rendered":"<p>Odkryj <b>Metoksetamina (MXE)<\/b> w Chemgramx, arylocykloheksyloamina z <b>najwy\u017cszej czysto\u015bci<\/b>, idealny do wymagaj\u0105cych bada\u0144 naukowych. Ta cz\u0105steczka dysocjacyjna dzia\u0142a jako antagonista receptora NMDA i inhibitor wychwytu zwrotnego dopaminy. Jest przeznaczona wy\u0142\u0105cznie do bada\u0144 laboratoryjnych, nie nadaje si\u0119 do spo\u017cycia przez ludzi. Kup <b>Jako\u015b\u0107 bada\u0144 naukowych na sprzeda\u017c<\/b> oraz <a href=\"https:\/\/chemgramx.com\/product\/methoxetamin-mxe-online-kaufen\/\">Kup metoksyetamin\u0119 w Chemgramx<\/a> dla precyzyjnych wynik\u00f3w.<\/p>\n<ul>\n<li>Czysta jako\u015b\u0107 bada\u0144<\/li>\n<li>W\u0142a\u015bciwo\u015bci antagonisty NMDA<\/li>\n<li>Wy\u0142\u0105cznie do bada\u0144 laboratoryjnych<\/li>\n<\/ul>","protected":false},"featured_media":8617,"comment_status":"open","ping_status":"closed","template":"","meta":{"_joinchat":[]},"product_brand":[],"product_cat":[65],"product_tag":[188,1814,2048,2050,2054,2052,2049,2053,2051,2046],"class_list":{"0":"post-8596","1":"product","2":"type-product","3":"status-publish","4":"has-post-thumbnail","6":"product_cat-arylcyclohexylamine","7":"product_tag-forschungschemikalien","8":"product_tag-forschungsstoffe-kaufen","9":"product_tag-methoxetamine","10":"product_tag-methoxetamine-kaufen","11":"product_tag-methoxetamine-online","12":"product_tag-methoxetamine-pulver","13":"product_tag-mxe-kaufen","14":"product_tag-mxe-kristalle","15":"product_tag-mxe-zum-verkauf","16":"product_tag-synthetische-dissoziativa","18":"first","19":"instock","20":"shipping-taxable","21":"purchasable","22":"product-type-variable"},"yoast_head":"<!-- This site is optimized with the Yoast SEO plugin v27.5 - https:\/\/yoast.com\/product\/yoast-seo-wordpress\/ -->\n<title>Methoxetamin Kaufen \u2013 Forschung | Hohe Reinheit<\/title>\n<meta name=\"description\" content=\"Erwerben Sie hochwertiges Methoxetamin (MXE) f\u00fcr Ihre Forschung. Top Qualit\u00e4t und Laborstandard zum Verkauf bei Chemgramx. Jetzt sicher online bestellen.\" \/>\n<meta name=\"robots\" content=\"index, follow, max-snippet:-1, max-image-preview:large, max-video-preview:-1\" \/>\n<link rel=\"canonical\" href=\"https:\/\/chemgramx.com\/pl\/produkt-1\/kup-metoksyetamine-mxe-online\/\" \/>\n<meta property=\"og:locale\" content=\"pl_PL\" \/>\n<meta property=\"og:type\" content=\"article\" \/>\n<meta property=\"og:title\" content=\"Methoxetamin Kaufen \u2013 Forschung | Hohe Reinheit\" \/>\n<meta property=\"og:description\" content=\"Erwerben Sie hochwertiges Methoxetamin (MXE) f\u00fcr Ihre Forschung. Top Qualit\u00e4t und Laborstandard zum Verkauf bei Chemgramx. Jetzt sicher online bestellen.\" \/>\n<meta property=\"og:url\" content=\"https:\/\/chemgramx.com\/pl\/produkt-1\/kup-metoksyetamine-mxe-online\/\" \/>\n<meta property=\"og:site_name\" content=\"Chemgramx\" \/>\n<meta property=\"article:modified_time\" content=\"2025-12-09T09:48:50+00:00\" \/>\n<meta property=\"og:image\" content=\"https:\/\/chemgramx.com\/wp-content\/uploads\/2025\/11\/mxe.png\" \/>\n\t<meta property=\"og:image:width\" content=\"600\" \/>\n\t<meta property=\"og:image:height\" content=\"400\" \/>\n\t<meta property=\"og:image:type\" content=\"image\/png\" \/>\n<meta name=\"twitter:card\" content=\"summary_large_image\" \/>\n<meta name=\"twitter:label1\" content=\"Szacowany czas czytania\" \/>\n\t<meta name=\"twitter:data1\" content=\"4 minuty\" \/>\n<script type=\"application\/ld+json\" class=\"yoast-schema-graph\">{\"@context\":\"https:\\\/\\\/schema.org\",\"@graph\":[{\"@type\":\"WebPage\",\"@id\":\"https:\\\/\\\/chemgramx.com\\\/product\\\/methoxetamin-mxe-online-kaufen\\\/\",\"url\":\"https:\\\/\\\/chemgramx.com\\\/product\\\/methoxetamin-mxe-online-kaufen\\\/\",\"name\":\"Methoxetamin Kaufen \u2013 Forschung | Hohe Reinheit\",\"isPartOf\":{\"@id\":\"https:\\\/\\\/chemgramx.com\\\/#website\"},\"primaryImageOfPage\":{\"@id\":\"https:\\\/\\\/chemgramx.com\\\/product\\\/methoxetamin-mxe-online-kaufen\\\/#primaryimage\"},\"image\":{\"@id\":\"https:\\\/\\\/chemgramx.com\\\/product\\\/methoxetamin-mxe-online-kaufen\\\/#primaryimage\"},\"thumbnailUrl\":\"https:\\\/\\\/chemgramx.com\\\/wp-content\\\/uploads\\\/2025\\\/11\\\/mxe.png\",\"datePublished\":\"2025-11-21T20:37:09+00:00\",\"dateModified\":\"2025-12-09T09:48:50+00:00\",\"description\":\"Erwerben Sie hochwertiges Methoxetamin (MXE) f\u00fcr Ihre Forschung. Top Qualit\u00e4t und Laborstandard zum Verkauf bei Chemgramx. Jetzt sicher online bestellen.\",\"breadcrumb\":{\"@id\":\"https:\\\/\\\/chemgramx.com\\\/product\\\/methoxetamin-mxe-online-kaufen\\\/#breadcrumb\"},\"inLanguage\":\"pl-PL\",\"potentialAction\":[{\"@type\":\"ReadAction\",\"target\":[\"https:\\\/\\\/chemgramx.com\\\/product\\\/methoxetamin-mxe-online-kaufen\\\/\"]}]},{\"@type\":\"ImageObject\",\"inLanguage\":\"pl-PL\",\"@id\":\"https:\\\/\\\/chemgramx.com\\\/product\\\/methoxetamin-mxe-online-kaufen\\\/#primaryimage\",\"url\":\"https:\\\/\\\/chemgramx.com\\\/wp-content\\\/uploads\\\/2025\\\/11\\\/mxe.png\",\"contentUrl\":\"https:\\\/\\\/chemgramx.com\\\/wp-content\\\/uploads\\\/2025\\\/11\\\/mxe.png\",\"width\":600,\"height\":400},{\"@type\":\"BreadcrumbList\",\"@id\":\"https:\\\/\\\/chemgramx.com\\\/product\\\/methoxetamin-mxe-online-kaufen\\\/#breadcrumb\",\"itemListElement\":[{\"@type\":\"ListItem\",\"position\":1,\"name\":\"Home\",\"item\":\"https:\\\/\\\/chemgramx.com\\\/\"},{\"@type\":\"ListItem\",\"position\":2,\"name\":\"Shop\",\"item\":\"https:\\\/\\\/chemgramx.com\\\/shop\\\/\"},{\"@type\":\"ListItem\",\"position\":3,\"name\":\"Methoxetamin Kaufen \u2013 Forschung | Hohe Reinheit\"}]},{\"@type\":\"WebSite\",\"@id\":\"https:\\\/\\\/chemgramx.com\\\/#website\",\"url\":\"https:\\\/\\\/chemgramx.com\\\/\",\"name\":\"Chemgramx\",\"description\":\"\",\"publisher\":{\"@id\":\"https:\\\/\\\/chemgramx.com\\\/#organization\"},\"potentialAction\":[{\"@type\":\"SearchAction\",\"target\":{\"@type\":\"EntryPoint\",\"urlTemplate\":\"https:\\\/\\\/chemgramx.com\\\/?s={search_term_string}\"},\"query-input\":{\"@type\":\"PropertyValueSpecification\",\"valueRequired\":true,\"valueName\":\"search_term_string\"}}],\"inLanguage\":\"pl-PL\"},{\"@type\":\"Organization\",\"@id\":\"https:\\\/\\\/chemgramx.com\\\/#organization\",\"name\":\"Chemgramx\",\"url\":\"https:\\\/\\\/chemgramx.com\\\/\",\"logo\":{\"@type\":\"ImageObject\",\"inLanguage\":\"pl-PL\",\"@id\":\"https:\\\/\\\/chemgramx.com\\\/#\\\/schema\\\/logo\\\/image\\\/\",\"url\":\"https:\\\/\\\/chemgramx.com\\\/wp-content\\\/uploads\\\/2024\\\/10\\\/final-logo.png\",\"contentUrl\":\"https:\\\/\\\/chemgramx.com\\\/wp-content\\\/uploads\\\/2024\\\/10\\\/final-logo.png\",\"width\":250,\"height\":48,\"caption\":\"Chemgramx\"},\"image\":{\"@id\":\"https:\\\/\\\/chemgramx.com\\\/#\\\/schema\\\/logo\\\/image\\\/\"}}]}<\/script>\n<!-- \/ Yoast SEO plugin. -->","yoast_head_json":{"title":"Kup metoksyetamin\u0119 \u2013 badania naukowe | Wysoka czysto\u015b\u0107","description":"Kup wysokiej jako\u015bci metoksyetamin\u0119 (MXE) do swoich bada\u0144. Najwy\u017csza jako\u015b\u0107 i standard laboratoryjny w sprzeda\u017cy w Chemgramx. Zam\u00f3w teraz bezpiecznie online.","robots":{"index":"index","follow":"follow","max-snippet":"max-snippet:-1","max-image-preview":"max-image-preview:large","max-video-preview":"max-video-preview:-1"},"canonical":"https:\/\/chemgramx.com\/pl\/produkt-1\/kup-metoksyetamine-mxe-online\/","og_locale":"pl_PL","og_type":"article","og_title":"Methoxetamin Kaufen \u2013 Forschung | Hohe Reinheit","og_description":"Erwerben Sie hochwertiges Methoxetamin (MXE) f\u00fcr Ihre Forschung. Top Qualit\u00e4t und Laborstandard zum Verkauf bei Chemgramx. Jetzt sicher online bestellen.","og_url":"https:\/\/chemgramx.com\/pl\/produkt-1\/kup-metoksyetamine-mxe-online\/","og_site_name":"Chemgramx","article_modified_time":"2025-12-09T09:48:50+00:00","og_image":[{"width":600,"height":400,"url":"https:\/\/chemgramx.com\/wp-content\/uploads\/2025\/11\/mxe.png","type":"image\/png"}],"twitter_card":"summary_large_image","twitter_misc":{"Szacowany czas czytania":"4 minuty"},"schema":{"@context":"https:\/\/schema.org","@graph":[{"@type":"WebPage","@id":"https:\/\/chemgramx.com\/product\/methoxetamin-mxe-online-kaufen\/","url":"https:\/\/chemgramx.com\/product\/methoxetamin-mxe-online-kaufen\/","name":"Kup metoksyetamin\u0119 \u2013 badania naukowe | Wysoka czysto\u015b\u0107","isPartOf":{"@id":"https:\/\/chemgramx.com\/#website"},"primaryImageOfPage":{"@id":"https:\/\/chemgramx.com\/product\/methoxetamin-mxe-online-kaufen\/#primaryimage"},"image":{"@id":"https:\/\/chemgramx.com\/product\/methoxetamin-mxe-online-kaufen\/#primaryimage"},"thumbnailUrl":"https:\/\/chemgramx.com\/wp-content\/uploads\/2025\/11\/mxe.png","datePublished":"2025-11-21T20:37:09+00:00","dateModified":"2025-12-09T09:48:50+00:00","description":"Kup wysokiej jako\u015bci metoksyetamin\u0119 (MXE) do swoich bada\u0144. Najwy\u017csza jako\u015b\u0107 i standard laboratoryjny w sprzeda\u017cy w Chemgramx. Zam\u00f3w teraz bezpiecznie online.","breadcrumb":{"@id":"https:\/\/chemgramx.com\/product\/methoxetamin-mxe-online-kaufen\/#breadcrumb"},"inLanguage":"pl-PL","potentialAction":[{"@type":"ReadAction","target":["https:\/\/chemgramx.com\/product\/methoxetamin-mxe-online-kaufen\/"]}]},{"@type":"ImageObject","inLanguage":"pl-PL","@id":"https:\/\/chemgramx.com\/product\/methoxetamin-mxe-online-kaufen\/#primaryimage","url":"https:\/\/chemgramx.com\/wp-content\/uploads\/2025\/11\/mxe.png","contentUrl":"https:\/\/chemgramx.com\/wp-content\/uploads\/2025\/11\/mxe.png","width":600,"height":400},{"@type":"BreadcrumbList","@id":"https:\/\/chemgramx.com\/product\/methoxetamin-mxe-online-kaufen\/#breadcrumb","itemListElement":[{"@type":"ListItem","position":1,"name":"Home","item":"https:\/\/chemgramx.com\/"},{"@type":"ListItem","position":2,"name":"Shop","item":"https:\/\/chemgramx.com\/shop\/"},{"@type":"ListItem","position":3,"name":"Methoxetamin Kaufen \u2013 Forschung | Hohe Reinheit"}]},{"@type":"WebSite","@id":"https:\/\/chemgramx.com\/#website","url":"https:\/\/chemgramx.com\/","name":"Chemgramx","description":"","publisher":{"@id":"https:\/\/chemgramx.com\/#organization"},"potentialAction":[{"@type":"SearchAction","target":{"@type":"EntryPoint","urlTemplate":"https:\/\/chemgramx.com\/?s={search_term_string}"},"query-input":{"@type":"PropertyValueSpecification","valueRequired":true,"valueName":"search_term_string"}}],"inLanguage":"pl-PL"},{"@type":"Organization","@id":"https:\/\/chemgramx.com\/#organization","name":"Chemgramx","url":"https:\/\/chemgramx.com\/","logo":{"@type":"ImageObject","inLanguage":"pl-PL","@id":"https:\/\/chemgramx.com\/#\/schema\/logo\/image\/","url":"https:\/\/chemgramx.com\/wp-content\/uploads\/2024\/10\/final-logo.png","contentUrl":"https:\/\/chemgramx.com\/wp-content\/uploads\/2024\/10\/final-logo.png","width":250,"height":48,"caption":"Chemgramx"},"image":{"@id":"https:\/\/chemgramx.com\/#\/schema\/logo\/image\/"}}]}},"_links":{"self":[{"href":"https:\/\/chemgramx.com\/pl\/wp-json\/wp\/v2\/product\/8596","targetHints":{"allow":["GET"]}}],"collection":[{"href":"https:\/\/chemgramx.com\/pl\/wp-json\/wp\/v2\/product"}],"about":[{"href":"https:\/\/chemgramx.com\/pl\/wp-json\/wp\/v2\/types\/product"}],"replies":[{"embeddable":true,"href":"https:\/\/chemgramx.com\/pl\/wp-json\/wp\/v2\/comments?post=8596"}],"wp:featuredmedia":[{"embeddable":true,"href":"https:\/\/chemgramx.com\/pl\/wp-json\/wp\/v2\/media\/8617"}],"wp:attachment":[{"href":"https:\/\/chemgramx.com\/pl\/wp-json\/wp\/v2\/media?parent=8596"}],"wp:term":[{"taxonomy":"product_brand","embeddable":true,"href":"https:\/\/chemgramx.com\/pl\/wp-json\/wp\/v2\/product_brand?post=8596"},{"taxonomy":"product_cat","embeddable":true,"href":"https:\/\/chemgramx.com\/pl\/wp-json\/wp\/v2\/product_cat?post=8596"},{"taxonomy":"product_tag","embeddable":true,"href":"https:\/\/chemgramx.com\/pl\/wp-json\/wp\/v2\/product_tag?post=8596"}],"curies":[{"name":"wp","href":"https:\/\/api.w.org\/{rel}","templated":true}]}}