{"id":8618,"date":"2025-11-21T20:47:52","date_gmt":"2025-11-21T20:47:52","guid":{"rendered":"https:\/\/chemgramx.com\/?post_type=product&#038;p=8618"},"modified":"2025-12-09T09:47:10","modified_gmt":"2025-12-09T09:47:10","slug":"kup-mdma-online-2","status":"publish","type":"product","link":"https:\/\/chemgramx.com\/pl\/product\/mdma-online-kaufen\/","title":{"rendered":"Kup MDMA online \u2013 czysty i dost\u0119pny"},"content":{"rendered":"<p>W przypadku wymagaj\u0105cych bada\u0144 naukowych jako\u015b\u0107 ma kluczowe znaczenie. Dlatego oferujemy Pa\u0144stwu mo\u017cliwo\u015b\u0107, <b>MDMA na sprzeda\u017c<\/b> spe\u0142niaj\u0105ce najsurowsze normy czysto\u015bci. Naszym celem jest dostarczanie substancji, kt\u00f3re spe\u0142niaj\u0105 wymagania bada\u0144 naukowych. W zwi\u0105zku z tym przywi\u0105zujemy du\u017c\u0105 wag\u0119 do starannego przetwarzania.<\/p>\n<p>Rozumiemy potrzeb\u0119 uzyskania precyzyjnych i wiarygodnych wynik\u00f3w bada\u0144. Z tego powodu przedstawiamy Pa\u0144stwu produkt firmy <b>wysokiej czysto\u015bci na sprzeda\u017c<\/b>, przeznaczone specjalnie do zastosowa\u0144 laboratoryjnych i badawczych. W szczeg\u00f3lno\u015bci zyskujesz pewno\u015b\u0107, \u017ce otrzymujesz substancj\u0119, kt\u00f3rej jako\u015b\u0107 zosta\u0142a dok\u0142adnie sprawdzona. Jest to niezb\u0119dne do przeprowadzenia miarodajnych eksperyment\u00f3w.<\/p>\n<h2>Zrozumie\u0107 czysto\u015b\u0107 MDMA<\/h2>\n<p>Czysto\u015b\u0107 substancji chemicznej ma decyduj\u0105cy wp\u0142yw na wiarygodno\u015b\u0107 danych eksperymentalnych. Zanieczyszczenia mog\u0105 powodowa\u0107 niepo\u017c\u0105dane reakcje uboczne lub zmienia\u0107 oczekiwane w\u0142a\u015bciwo\u015bci cz\u0105steczki pierwotnej. Dlatego te\u017c pozyskiwanie <b>wysokiej jako\u015bci MDMA<\/b> ma ogromne znaczenie dla ka\u017cdego badania naukowego. Tylko w ten spos\u00f3b mo\u017cna uzyska\u0107 precyzyjne wyniki.<\/p>\n<p>W kontek\u015bcie bada\u0144 naukowych czysto\u015b\u0107 oznacza, \u017ce produkt nie zawiera niepo\u017c\u0105danych produkt\u00f3w ubocznych, pozosta\u0142o\u015bci rozpuszczalnik\u00f3w ani innych domieszek. Ponadto dzi\u0119ki zaawansowanym metodom analitycznym gwarantujemy najwy\u017csz\u0105 jako\u015b\u0107 naszego MDMA. Na przyk\u0142ad ka\u017cda partia jest dok\u0142adnie sprawdzana pod k\u0105tem zgodno\u015bci z naszymi specyfikacjami.<\/p>\n<h3>Znaczenie czysto\u015bci dla bada\u0144 naukowych<\/h3>\n<p>Wysoka czysto\u015b\u0107 pozwala naukowcom dok\u0142adnie bada\u0107 specyficzne dzia\u0142anie i mechanizmy MDMA bez wp\u0142ywu czynnik\u00f3w zewn\u0119trznych. Ponadto przyczynia si\u0119 to do uzyskania powtarzalnych i por\u00f3wnywalnych wynik\u00f3w bada\u0144. W zwi\u0105zku z tym inwestycja w substancje o najwy\u017cszej czysto\u015bci jest inwestycj\u0105 w integralno\u015b\u0107 samej nauki.<\/p>\n<p>Szczeg\u00f3lnie podczas badania z\u0142o\u017conych system\u00f3w biologicznych lub interakcji farmakologicznych nawet najmniejsze zanieczyszczenia stanowi\u0105 problem. Mog\u0105 one bowiem powodowa\u0107 b\u0142\u0119dne wnioski i konieczno\u015b\u0107 kosztownego powtarzania eksperyment\u00f3w. Z tego powodu zapewniamy, \u017ce u nas otrzymuj\u0105 Pa\u0144stwo wy\u0142\u0105cznie <b>autentyczny MDMA<\/b> otrzymane.<\/p>\n<h2>Zastosowania i potencja\u0142 badawczy MDMA<\/h2>\n<p>MDMA (3,4-metylenodioksymetamfetamina) jest substancj\u0105, kt\u00f3ra cieszy si\u0119 coraz wi\u0119kszym zainteresowaniem \u015brodowisk naukowych ze wzgl\u0119du na sw\u00f3j potencja\u0142 terapeutyczny. R\u00f3\u017cne badania analizuj\u0105 na przyk\u0142ad jej zastosowanie w kontek\u015bcie psychoterapii, zw\u0142aszcza w przypadku zespo\u0142u stresu pourazowego (PTSD). Dlatego dost\u0119p do <b>Jako\u015b\u0107 bada\u0144 naukowych na sprzeda\u017c<\/b> niezb\u0119dne do przeprowadzenia tych bada\u0144.<\/p>\n<p>Potencja\u0142 MDMA wykracza jednak poza badania nad zespo\u0142em stresu pourazowego (PTSD). Obecnie prowadzone s\u0105 r\u00f3wnie\u017c badania nad zaburzeniami l\u0119kowymi, fobi\u0105 spo\u0142eczn\u0105 w autyzmie i opiek\u0105 paliatywn\u0105. W zwi\u0105zku z tym istnieje zapotrzebowanie na niezawodne \u017ar\u00f3d\u0142a zaopatrzenia w <b>Jako\u015b\u0107 laboratoryjna na sprzeda\u017c<\/b> stale ro\u015bnie. Poprzez nasz\u0105 ofert\u0119 wspieramy t\u0119 wa\u017cn\u0105 prac\u0119.<\/p>\n<h3>Aktualne obszary bada\u0144<\/h3>\n<ul>\n<li><b>Psychoterapia w przypadku zespo\u0142u stresu pourazowego (PTSD):<\/b> Badania nad skuteczno\u015bci\u0105 psychoterapii wspomaganej MDMA.<\/li>\n<li><b>L\u0119k spo\u0142eczny:<\/b> Badania nad popraw\u0105 interakcji spo\u0142ecznych w okre\u015blonych warunkach.<\/li>\n<li><b>Opieka nad osobami w ostatnim okresie \u017cycia:<\/b> Badania nad mo\u017cliwo\u015bci\u0105 \u0142agodzenia l\u0119ku i depresji u pacjent\u00f3w nieuleczalnie chorych.<\/li>\n<\/ul>\n<p>Nasza oferta skierowana jest wy\u0142\u0105cznie do instytucji badawczych i uprawnionych specjalist\u00f3w. W ten spos\u00f3b zapewniamy, \u017ce dost\u0119p do tych cennych substancji maj\u0105 wy\u0142\u0105cznie wykwalifikowane podmioty. W ten spos\u00f3b wspieramy odpowiedzialne i etyczne badania naukowe. W przypadku innych interesuj\u0105cych obszar\u00f3w badawczych mo\u017cna r\u00f3wnie\u017c skorzysta\u0107 z <a href=\"https:\/\/chemgramx.com\/product\/getrocknete-magic-mushrooms-kaufen\/\">Kup suszone magiczne grzyby<\/a> dla Pa\u0144stwa projekt\u00f3w.<\/p>\n<h2>Bezpieczne zakupy i standardy jako\u015bci w Chemgramx<\/h2>\n<p>The <b>bezpieczny zakup<\/b> Chemikali\u00f3w badawczych jest podstaw\u0105 naszej filozofii biznesowej. Wiemy, \u017ce zaufanie i dyskrecja maj\u0105 dla naszych klient\u00f3w ogromne znaczenie. Dlatego stworzyli\u015bmy procesy, kt\u00f3re spe\u0142niaj\u0105 Twoje wymagania dotycz\u0105ce bezpiecze\u0144stwa i integralno\u015bci. Naszym celem jest zapewnienie Ci p\u0142ynnego i bezpiecznego do\u015bwiadczenia.<\/p>\n<p>Je\u015bli <b>Zam\u00f3w MDMA online<\/b>, mo\u017cesz oczekiwa\u0107 nie tylko produktu o najwy\u017cszej czysto\u015bci, ale tak\u017ce przejrzystego i bezpiecznego procesu zamawiania. Stosujemy nowoczesne technologie bezpiecze\u0144stwa, aby chroni\u0107 Twoje dane. Ponadto ka\u017cde zam\u00f3wienie jest traktowane z najwy\u017csz\u0105 staranno\u015bci\u0105, aby zapewni\u0107 integralno\u015b\u0107 produktu.<\/p>\n<h3>Nasza obietnica jako\u015bci<\/h3>\n<p>Ka\u017cda substancja zakupiona w Chemgramx przechodzi rygorystyczn\u0105 kontrol\u0119 jako\u015bci. Proces ten rozpoczyna si\u0119 od wyboru surowc\u00f3w i obejmuje ca\u0142y proces produkcji, a\u017c po ko\u0144cow\u0105 analiz\u0119. Ponadto stawiamy na niezale\u017cne analizy laboratoryjne, aby potwierdzi\u0107 czysto\u015b\u0107 i to\u017csamo\u015b\u0107 ka\u017cdej partii. Gwarantuje to Pa\u0144stwu <b>najlepszy dost\u0119pny MDMA<\/b>.<\/p>\n<p>Zobowi\u0105zujemy si\u0119 do pe\u0142nego przestrzegania odpowiednich standard\u00f3w naukowych. Dlatego mo\u017cesz mie\u0107 pewno\u015b\u0107, \u017ce nasz MDMA jest nie tylko <b>Najwy\u017cszej jako\u015bci MDMA<\/b> ale tak\u017ce spe\u0142nia wszystkie wymagania dotycz\u0105ce rzetelnych bada\u0144 naukowych. Nasz szczeg\u00f3\u0142owy protok\u00f3\u0142 analizy jest dost\u0119pny na \u017c\u0105danie, aby zapewni\u0107 Pa\u0144stwu pe\u0142n\u0105 przejrzysto\u015b\u0107.<\/p>\n<h2>Cz\u0119sto zadawane pytania dotycz\u0105ce MDMA (FAQ)<\/h2>\n<h3>Czym jest MDMA?<\/h3>\n<p>MDMA jest cz\u0105steczk\u0105 psychoaktywn\u0105, kt\u00f3ra chemicznie nale\u017cy do rodziny substytucyjnych amfetamin. Znana jest ze swoich empatiogennych i entaktogennych w\u0142a\u015bciwo\u015bci. Ponadto od lat 70. XX wieku jest przedmiotem bada\u0144 naukowych, zw\u0142aszcza w dziedzinie psychoterapii. Prawid\u0142owa identyfikacja chemiczna ma znaczenie dla prac naukowych.<\/p>\n<h3>W jaki spos\u00f3b zapewniana jest czysto\u015b\u0107 MDMA?<\/h3>\n<p>Czysto\u015b\u0107 naszego MDMA jest zapewniona dzi\u0119ki po\u0142\u0105czeniu precyzyjnych proces\u00f3w syntezy i zaawansowanej chemii analitycznej. Obejmuje to techniki takie jak chromatografia gazowa sprz\u0119\u017cona ze spektrometri\u0105 masow\u0105 (GC-MS) i wysokosprawna chromatografia cieczowa (HPLC). Metody te umo\u017cliwiaj\u0105 dok\u0142adn\u0105 identyfikacj\u0119 i kwantyfikacj\u0119 wszystkich sk\u0142adnik\u00f3w. Dzi\u0119ki temu oferujemy produkt o doskona\u0142ej czysto\u015bci.<\/p>\n<h3>Czy MDMA jest dost\u0119pne w jako\u015bci badawczej?<\/h3>\n<p>Tak, w Chemgramx MDMA jest dost\u0119pne specjalnie do cel\u00f3w badawczych. Oferujemy Pa\u0144stwu <b>Jako\u015b\u0107 bada\u0144 naukowych na sprzeda\u017c<\/b>, kt\u00f3ra spe\u0142nia wysokie wymagania bada\u0144 naukowych. Nasza oferta skierowana jest do akredytowanych instytucji badawczych i profesjonalnych u\u017cytkownik\u00f3w, kt\u00f3rzy potrzebuj\u0105 MDMA do legalnych i zatwierdzonych projekt\u00f3w. Dlatego zawsze koncentrujemy si\u0119 na przestrzeganiu najwy\u017cszych standard\u00f3w.<\/p>\n<h3>Jakie \u015brodki ostro\u017cno\u015bci nale\u017cy zachowa\u0107 podczas stosowania MDMA?<\/h3>\n<p>Post\u0119powanie z chemikaliami badawczymi wymaga zawsze najwy\u017cszej ostro\u017cno\u015bci. Niezb\u0119dne jest noszenie \u015brodk\u00f3w ochrony indywidualnej (\u015aOI), praca w dobrze wentylowanych pomieszczeniach oraz przestrzeganie wszystkich lokalnych i mi\u0119dzynarodowych wytycznych dotycz\u0105cych post\u0119powania z substancjami kontrolowanymi. Fachowe przechowywanie ma r\u00f3wnie\u017c kluczowe znaczenie dla zapewnienia stabilno\u015bci i bezpiecze\u0144stwa produktu.<\/p>\n<h2>Dlaczego Chemgramx jest najlepszym wyborem<\/h2>\n<p>Chemgramx sta\u0142 si\u0119 zaufanym partnerem w dziedzinie chemikali\u00f3w badawczych. Oferujemy nie tylko produkty o niezr\u00f3wnanej czysto\u015bci i jako\u015bci, ale tak\u017ce obs\u0142ug\u0119 klienta dostosowan\u0105 do specyficznych potrzeb spo\u0142eczno\u015bci naukowej. Dlatego u nas mo\u017cesz <b>Kup MDMA online<\/b> z pewno\u015bci\u0105, \u017ce s\u0105 Pa\u0144stwo w najlepszych r\u0119kach. Nasze zaanga\u017cowanie w d\u0105\u017cenie do doskona\u0142o\u015bci jest nasz\u0105 obietnic\u0105 dla Pa\u0144stwa.<\/p>\n<p>U\u0142atwiamy dost\u0119p do potrzebnych substancji, aby\u015b m\u00f3g\u0142 w pe\u0142ni skoncentrowa\u0107 si\u0119 na swoich badaniach. Nasz zoptymalizowany proces umo\u017cliwia, <b>teraz dost\u0119pne online<\/b> i realizowa\u0107 swoje projekty bez zb\u0119dnych op\u00f3\u017anie\u0144. Do\u015bwiadcz r\u00f3\u017cnicy, korzystaj\u0105c z <b>Kup w Chemgramx<\/b> \u2013 Jako\u015b\u0107, bezpiecze\u0144stwo i niezawodno\u015b\u0107 w jednym kompleksowym pakiecie. Zapraszamy do zapoznania si\u0119 z nasz\u0105 pe\u0142n\u0105 ofert\u0105. <a href=\"https:\/\/chemgramx.com\/product\/mdma-online-kaufen\/\">Asortyment MDMA<\/a> i przekona\u0107 si\u0119 o naszej wiedzy fachowej.<\/p>","protected":false},"excerpt":{"rendered":"<p>Odkryj <b>wysokiej jako\u015bci MDMA<\/b> w doskona\u0142ej <b>Jako\u015b\u0107 bada\u0144<\/b> w Chemgramx.<\/p>\n<ul>\n<li>Najczystsza 3,4-metylenodioksymetamfetamina do zastosowa\u0144 naukowych.<\/li>\n<li>Rygorystyczne analizy laboratoryjne gwarantuj\u0105 najwy\u017csz\u0105 jako\u015b\u0107 i autentyczno\u015b\u0107.<\/li>\n<li>Idealny do wymagaj\u0105cych projekt\u00f3w, w kt\u00f3rych precyzja ma kluczowe znaczenie.<\/li>\n<\/ul>\n<p><b>Kup MDMA<\/b> Bezpiecznie i dyskretnie <b>w Chemgramx<\/b>.<\/p>","protected":false},"featured_media":732,"comment_status":"closed","ping_status":"closed","template":"","meta":{"_joinchat":[]},"product_brand":[],"product_cat":[98],"product_tag":[],"class_list":{"0":"post-8618","1":"product","2":"type-product","3":"status-publish","4":"has-post-thumbnail","6":"product_cat-ecstasy","8":"first","9":"instock","10":"shipping-taxable","11":"purchasable","12":"product-type-variable"},"yoast_head":"<!-- This site is optimized with the Yoast SEO plugin v27.5 - https:\/\/yoast.com\/product\/yoast-seo-wordpress\/ -->\n<title>MDMA online kaufen - Rein &amp; Verf\u00fcgbar<\/title>\n<meta name=\"description\" content=\"Entdecken Sie hochwertiges MDMA in Forschungsqualit\u00e4t bei Chemgramx. Bestellen Sie authentisches MDMA sicher und diskret f\u00fcr Ihre wissenschaftlichen Projekte.\" \/>\n<meta name=\"robots\" content=\"index, follow, max-snippet:-1, max-image-preview:large, max-video-preview:-1\" \/>\n<link rel=\"canonical\" href=\"https:\/\/chemgramx.com\/pl\/produkt-1\/kup-mdma-online-2\/\" \/>\n<meta property=\"og:locale\" content=\"pl_PL\" \/>\n<meta property=\"og:type\" content=\"article\" \/>\n<meta property=\"og:title\" content=\"MDMA online kaufen - Rein &amp; Verf\u00fcgbar\" \/>\n<meta property=\"og:description\" content=\"Entdecken Sie hochwertiges MDMA in Forschungsqualit\u00e4t bei Chemgramx. Bestellen Sie authentisches MDMA sicher und diskret f\u00fcr Ihre wissenschaftlichen Projekte.\" \/>\n<meta property=\"og:url\" content=\"https:\/\/chemgramx.com\/pl\/produkt-1\/kup-mdma-online-2\/\" \/>\n<meta property=\"og:site_name\" content=\"Chemgramx\" \/>\n<meta property=\"article:modified_time\" content=\"2025-12-09T09:47:10+00:00\" \/>\n<meta property=\"og:image\" content=\"https:\/\/chemgramx.com\/wp-content\/uploads\/2024\/10\/MDMA.jpg\" \/>\n\t<meta property=\"og:image:width\" content=\"1000\" \/>\n\t<meta property=\"og:image:height\" content=\"1000\" \/>\n\t<meta property=\"og:image:type\" content=\"image\/jpeg\" \/>\n<meta name=\"twitter:card\" content=\"summary_large_image\" \/>\n<meta name=\"twitter:label1\" content=\"Szacowany czas czytania\" \/>\n\t<meta name=\"twitter:data1\" content=\"3 minuty\" \/>\n<script type=\"application\/ld+json\" class=\"yoast-schema-graph\">{\"@context\":\"https:\\\/\\\/schema.org\",\"@graph\":[{\"@type\":\"WebPage\",\"@id\":\"https:\\\/\\\/chemgramx.com\\\/product\\\/mdma-online-kaufen\\\/\",\"url\":\"https:\\\/\\\/chemgramx.com\\\/product\\\/mdma-online-kaufen\\\/\",\"name\":\"MDMA online kaufen - Rein & Verf\u00fcgbar\",\"isPartOf\":{\"@id\":\"https:\\\/\\\/chemgramx.com\\\/#website\"},\"primaryImageOfPage\":{\"@id\":\"https:\\\/\\\/chemgramx.com\\\/product\\\/mdma-online-kaufen\\\/#primaryimage\"},\"image\":{\"@id\":\"https:\\\/\\\/chemgramx.com\\\/product\\\/mdma-online-kaufen\\\/#primaryimage\"},\"thumbnailUrl\":\"https:\\\/\\\/chemgramx.com\\\/wp-content\\\/uploads\\\/2024\\\/10\\\/MDMA.jpg\",\"datePublished\":\"2025-11-21T20:47:52+00:00\",\"dateModified\":\"2025-12-09T09:47:10+00:00\",\"description\":\"Entdecken Sie hochwertiges MDMA in Forschungsqualit\u00e4t bei Chemgramx. Bestellen Sie authentisches MDMA sicher und diskret f\u00fcr Ihre wissenschaftlichen Projekte.\",\"breadcrumb\":{\"@id\":\"https:\\\/\\\/chemgramx.com\\\/product\\\/mdma-online-kaufen\\\/#breadcrumb\"},\"inLanguage\":\"pl-PL\",\"potentialAction\":[{\"@type\":\"ReadAction\",\"target\":[\"https:\\\/\\\/chemgramx.com\\\/product\\\/mdma-online-kaufen\\\/\"]}]},{\"@type\":\"ImageObject\",\"inLanguage\":\"pl-PL\",\"@id\":\"https:\\\/\\\/chemgramx.com\\\/product\\\/mdma-online-kaufen\\\/#primaryimage\",\"url\":\"https:\\\/\\\/chemgramx.com\\\/wp-content\\\/uploads\\\/2024\\\/10\\\/MDMA.jpg\",\"contentUrl\":\"https:\\\/\\\/chemgramx.com\\\/wp-content\\\/uploads\\\/2024\\\/10\\\/MDMA.jpg\",\"width\":1000,\"height\":1000,\"caption\":\"MDMA online kaufen\"},{\"@type\":\"BreadcrumbList\",\"@id\":\"https:\\\/\\\/chemgramx.com\\\/product\\\/mdma-online-kaufen\\\/#breadcrumb\",\"itemListElement\":[{\"@type\":\"ListItem\",\"position\":1,\"name\":\"Home\",\"item\":\"https:\\\/\\\/chemgramx.com\\\/\"},{\"@type\":\"ListItem\",\"position\":2,\"name\":\"Shop\",\"item\":\"https:\\\/\\\/chemgramx.com\\\/shop\\\/\"},{\"@type\":\"ListItem\",\"position\":3,\"name\":\"MDMA online kaufen &#8211; Rein &amp; Verf\u00fcgbar\"}]},{\"@type\":\"WebSite\",\"@id\":\"https:\\\/\\\/chemgramx.com\\\/#website\",\"url\":\"https:\\\/\\\/chemgramx.com\\\/\",\"name\":\"Chemgramx\",\"description\":\"\",\"publisher\":{\"@id\":\"https:\\\/\\\/chemgramx.com\\\/#organization\"},\"potentialAction\":[{\"@type\":\"SearchAction\",\"target\":{\"@type\":\"EntryPoint\",\"urlTemplate\":\"https:\\\/\\\/chemgramx.com\\\/?s={search_term_string}\"},\"query-input\":{\"@type\":\"PropertyValueSpecification\",\"valueRequired\":true,\"valueName\":\"search_term_string\"}}],\"inLanguage\":\"pl-PL\"},{\"@type\":\"Organization\",\"@id\":\"https:\\\/\\\/chemgramx.com\\\/#organization\",\"name\":\"Chemgramx\",\"url\":\"https:\\\/\\\/chemgramx.com\\\/\",\"logo\":{\"@type\":\"ImageObject\",\"inLanguage\":\"pl-PL\",\"@id\":\"https:\\\/\\\/chemgramx.com\\\/#\\\/schema\\\/logo\\\/image\\\/\",\"url\":\"https:\\\/\\\/chemgramx.com\\\/wp-content\\\/uploads\\\/2024\\\/10\\\/final-logo.png\",\"contentUrl\":\"https:\\\/\\\/chemgramx.com\\\/wp-content\\\/uploads\\\/2024\\\/10\\\/final-logo.png\",\"width\":250,\"height\":48,\"caption\":\"Chemgramx\"},\"image\":{\"@id\":\"https:\\\/\\\/chemgramx.com\\\/#\\\/schema\\\/logo\\\/image\\\/\"}}]}<\/script>\n<!-- \/ Yoast SEO plugin. -->","yoast_head_json":{"title":"Kup MDMA online \u2013 czysty i dost\u0119pny","description":"Odkryj wysokiej jako\u015bci MDMA klasy badawczej w Chemgramx. Zam\u00f3w autentyczny MDMA w bezpieczny i dyskretny spos\u00f3b do swoich projekt\u00f3w naukowych.","robots":{"index":"index","follow":"follow","max-snippet":"max-snippet:-1","max-image-preview":"max-image-preview:large","max-video-preview":"max-video-preview:-1"},"canonical":"https:\/\/chemgramx.com\/pl\/produkt-1\/kup-mdma-online-2\/","og_locale":"pl_PL","og_type":"article","og_title":"MDMA online kaufen - Rein & Verf\u00fcgbar","og_description":"Entdecken Sie hochwertiges MDMA in Forschungsqualit\u00e4t bei Chemgramx. Bestellen Sie authentisches MDMA sicher und diskret f\u00fcr Ihre wissenschaftlichen Projekte.","og_url":"https:\/\/chemgramx.com\/pl\/produkt-1\/kup-mdma-online-2\/","og_site_name":"Chemgramx","article_modified_time":"2025-12-09T09:47:10+00:00","og_image":[{"width":1000,"height":1000,"url":"https:\/\/chemgramx.com\/wp-content\/uploads\/2024\/10\/MDMA.jpg","type":"image\/jpeg"}],"twitter_card":"summary_large_image","twitter_misc":{"Szacowany czas czytania":"3 minuty"},"schema":{"@context":"https:\/\/schema.org","@graph":[{"@type":"WebPage","@id":"https:\/\/chemgramx.com\/product\/mdma-online-kaufen\/","url":"https:\/\/chemgramx.com\/product\/mdma-online-kaufen\/","name":"Kup MDMA online \u2013 czysty i dost\u0119pny","isPartOf":{"@id":"https:\/\/chemgramx.com\/#website"},"primaryImageOfPage":{"@id":"https:\/\/chemgramx.com\/product\/mdma-online-kaufen\/#primaryimage"},"image":{"@id":"https:\/\/chemgramx.com\/product\/mdma-online-kaufen\/#primaryimage"},"thumbnailUrl":"https:\/\/chemgramx.com\/wp-content\/uploads\/2024\/10\/MDMA.jpg","datePublished":"2025-11-21T20:47:52+00:00","dateModified":"2025-12-09T09:47:10+00:00","description":"Odkryj wysokiej jako\u015bci MDMA klasy badawczej w Chemgramx. Zam\u00f3w autentyczny MDMA w bezpieczny i dyskretny spos\u00f3b do swoich projekt\u00f3w naukowych.","breadcrumb":{"@id":"https:\/\/chemgramx.com\/product\/mdma-online-kaufen\/#breadcrumb"},"inLanguage":"pl-PL","potentialAction":[{"@type":"ReadAction","target":["https:\/\/chemgramx.com\/product\/mdma-online-kaufen\/"]}]},{"@type":"ImageObject","inLanguage":"pl-PL","@id":"https:\/\/chemgramx.com\/product\/mdma-online-kaufen\/#primaryimage","url":"https:\/\/chemgramx.com\/wp-content\/uploads\/2024\/10\/MDMA.jpg","contentUrl":"https:\/\/chemgramx.com\/wp-content\/uploads\/2024\/10\/MDMA.jpg","width":1000,"height":1000,"caption":"MDMA online kaufen"},{"@type":"BreadcrumbList","@id":"https:\/\/chemgramx.com\/product\/mdma-online-kaufen\/#breadcrumb","itemListElement":[{"@type":"ListItem","position":1,"name":"Home","item":"https:\/\/chemgramx.com\/"},{"@type":"ListItem","position":2,"name":"Shop","item":"https:\/\/chemgramx.com\/shop\/"},{"@type":"ListItem","position":3,"name":"MDMA online kaufen &#8211; Rein &amp; Verf\u00fcgbar"}]},{"@type":"WebSite","@id":"https:\/\/chemgramx.com\/#website","url":"https:\/\/chemgramx.com\/","name":"Chemgramx","description":"","publisher":{"@id":"https:\/\/chemgramx.com\/#organization"},"potentialAction":[{"@type":"SearchAction","target":{"@type":"EntryPoint","urlTemplate":"https:\/\/chemgramx.com\/?s={search_term_string}"},"query-input":{"@type":"PropertyValueSpecification","valueRequired":true,"valueName":"search_term_string"}}],"inLanguage":"pl-PL"},{"@type":"Organization","@id":"https:\/\/chemgramx.com\/#organization","name":"Chemgramx","url":"https:\/\/chemgramx.com\/","logo":{"@type":"ImageObject","inLanguage":"pl-PL","@id":"https:\/\/chemgramx.com\/#\/schema\/logo\/image\/","url":"https:\/\/chemgramx.com\/wp-content\/uploads\/2024\/10\/final-logo.png","contentUrl":"https:\/\/chemgramx.com\/wp-content\/uploads\/2024\/10\/final-logo.png","width":250,"height":48,"caption":"Chemgramx"},"image":{"@id":"https:\/\/chemgramx.com\/#\/schema\/logo\/image\/"}}]}},"_links":{"self":[{"href":"https:\/\/chemgramx.com\/pl\/wp-json\/wp\/v2\/product\/8618","targetHints":{"allow":["GET"]}}],"collection":[{"href":"https:\/\/chemgramx.com\/pl\/wp-json\/wp\/v2\/product"}],"about":[{"href":"https:\/\/chemgramx.com\/pl\/wp-json\/wp\/v2\/types\/product"}],"replies":[{"embeddable":true,"href":"https:\/\/chemgramx.com\/pl\/wp-json\/wp\/v2\/comments?post=8618"}],"wp:featuredmedia":[{"embeddable":true,"href":"https:\/\/chemgramx.com\/pl\/wp-json\/wp\/v2\/media\/732"}],"wp:attachment":[{"href":"https:\/\/chemgramx.com\/pl\/wp-json\/wp\/v2\/media?parent=8618"}],"wp:term":[{"taxonomy":"product_brand","embeddable":true,"href":"https:\/\/chemgramx.com\/pl\/wp-json\/wp\/v2\/product_brand?post=8618"},{"taxonomy":"product_cat","embeddable":true,"href":"https:\/\/chemgramx.com\/pl\/wp-json\/wp\/v2\/product_cat?post=8618"},{"taxonomy":"product_tag","embeddable":true,"href":"https:\/\/chemgramx.com\/pl\/wp-json\/wp\/v2\/product_tag?post=8618"}],"curies":[{"name":"wp","href":"https:\/\/api.w.org\/{rel}","templated":true}]}}