{"id":8723,"date":"2025-12-11T00:49:25","date_gmt":"2025-12-11T00:49:25","guid":{"rendered":"https:\/\/chemgramx.com\/?post_type=product&#038;p=8723"},"modified":"2025-12-11T01:06:36","modified_gmt":"2025-12-11T01:06:36","slug":"4-ho-mipt-20mg-granulki-kupic","status":"publish","type":"product","link":"https:\/\/chemgramx.com\/pl\/product\/4-ho-mipt-20mg-pellets-kaufen\/","title":{"rendered":"Kup 4-HO-MiPT 20mg granulki"},"content":{"rendered":"<p data-start=\"105\" data-end=\"514\"><strong data-start=\"105\" data-end=\"131\">4-HO-MiPT 20mg granulki<\/strong> s\u0105 precyzyjnie dozowanym, przetestowanym laboratoryjnie produktem badawczym, zaprojektowanym specjalnie do bada\u0144 naukowych w kontrolowanych \u015brodowiskach laboratoryjnych. Peletki te zapewniaj\u0105 dok\u0142adne dozowanie i r\u00f3wnomiern\u0105 dystrybucj\u0119 leku, co czyni je preferowanym wyborem dla instytut\u00f3w akademickich, farmaceutycznych o\u015brodk\u00f3w badawczych i laboratori\u00f3w analitycznych.<\/p>\n<p data-start=\"516\" data-end=\"967\">Produkt zawiera <strong data-start=\"536\" data-end=\"591\">4-hydroksy-N-metylo-N-izopropylotryptamina (4-HO-MiPT)<\/strong> - pochodna tryptaminy nale\u017c\u0105ca do tej samej rodziny chemicznej co psylocyna i psylocybina. Jest wykorzystywana w farmakologii eksperymentalnej do badania mechanizm\u00f3w dzia\u0142ania, interakcji receptorowych i zale\u017cno\u015bci struktura-aktywno\u015b\u0107. <strong data-start=\"835\" data-end=\"856\">Granulat 4-HO-MiPT<\/strong> s\u0105 przeznaczone wy\u0142\u0105cznie do bada\u0144 i analiz oraz <strong data-start=\"916\" data-end=\"953\">nie dla <a href=\"\/product\/kaufen-sie-kokain-online\/\">cz\u0142owiek<\/a> Zu\u017cycie<\/strong> autoryzowany.<\/p>\n<h2 data-start=\"974\" data-end=\"1005\">W\u0142a\u015bciwo\u015bci i jako\u015b\u0107<\/h2>\n<p data-start=\"1007\" data-end=\"1401\">Ka\u017cda jednostka zawiera <strong data-start=\"1028\" data-end=\"1046\">20 mg 4-HO-MiPT<\/strong> z maksymalnym odchyleniem \u00b11 mg. Substancja jest prasowana w formie mikrotabletek, aby zapewni\u0107 maksymaln\u0105 dok\u0142adno\u015b\u0107 dozowania i \u0142atw\u0105 obs\u0142ug\u0119. Czysto\u015b\u0107 <strong data-start=\"1241\" data-end=\"1264\">\u226597% (testowane metod\u0105 HPLC)<\/strong> i udowodniona d\u0142ugoterminowa stabilno\u015b\u0107, granulki te s\u0105 idealne do powtarzalnych i wiarygodnych wynik\u00f3w bada\u0144.<\/p>\n<p data-start=\"1403\" data-end=\"1726\">Wszystkie partie s\u0105 analizowane indywidualnie i dostarczane z pe\u0142n\u0105 <strong data-start=\"1470\" data-end=\"1497\">Certyfikat analizy (COA)<\/strong> kt\u00f3ry dokumentuje to\u017csamo\u015b\u0107 chemiczn\u0105, czysto\u015b\u0107 i stabilno\u015b\u0107. Kontrola jako\u015bci przeprowadzana jest zgodnie ze standardami laboratori\u00f3w farmaceutycznych, co oznacza, \u017ce <strong data-start=\"1653\" data-end=\"1674\">Granulat 4-HO-MiPT<\/strong> zapewniaj\u0105 maksymaln\u0105 precyzj\u0119 i bezpiecze\u0144stwo.<\/p>\n<p data-start=\"1728\" data-end=\"1760\"><strong data-start=\"1728\" data-end=\"1758\">Specyfikacje chemiczne:<\/strong><\/p>\n<ul data-start=\"1761\" data-end=\"2039\">\n<li data-start=\"1761\" data-end=\"1814\">\n<p data-start=\"1763\" data-end=\"1814\">Substancja: 4-hydroksy-N-metylo-N-izopropylotryptamina<\/p>\n<\/li>\n<li data-start=\"1815\" data-end=\"1862\">\n<p data-start=\"1817\" data-end=\"1862\">Posta\u0107 dawkowania: granulki mikrotabletki<\/p>\n<\/li>\n<li data-start=\"1863\" data-end=\"1893\">\n<p data-start=\"1865\" data-end=\"1893\">Dawkowanie: 20 mg na peletk\u0119<\/p>\n<\/li>\n<li data-start=\"1894\" data-end=\"1927\">\n<p data-start=\"1896\" data-end=\"1927\">Czysto\u015b\u0107: \u226597% (testowane metod\u0105 HPLC)<\/p>\n<\/li>\n<li data-start=\"1928\" data-end=\"1985\">\n<p data-start=\"1930\" data-end=\"1985\">Wygl\u0105d: Kolor od bia\u0142ego do kremowego, mocno sprasowany<\/p>\n<\/li>\n<li data-start=\"1986\" data-end=\"2039\">\n<p data-start=\"1988\" data-end=\"2039\">Stabilno\u015b\u0107: D\u0142ugotrwa\u0142a stabilno\u015b\u0107 przy prawid\u0142owym przechowywaniu<\/p>\n<\/li>\n<\/ul>\n<h2 data-start=\"2046\" data-end=\"2072\">Zastosowania badawcze<\/h2>\n<p data-start=\"2074\" data-end=\"2203\"><strong data-start=\"2074\" data-end=\"2100\">4-HO-MiPT 20mg granulki<\/strong> s\u0105 u\u017cywane wy\u0142\u0105cznie do <a href=\"\/product\/kokain-volkswagen-90-rein\/\">naukowy<\/a> cele. Typowe obszary zastosowa\u0144 obejmuj\u0105<\/p>\n<ul data-start=\"2205\" data-end=\"2640\">\n<li data-start=\"2205\" data-end=\"2297\">\n<p data-start=\"2207\" data-end=\"2297\"><strong data-start=\"2207\" data-end=\"2236\">Badania farmakologiczne:<\/strong> Badanie wi\u0105zania receptor\u00f3w serotoninowych (5-HT2A, 5-HT1A)<\/p>\n<\/li>\n<li data-start=\"2298\" data-end=\"2412\">\n<p data-start=\"2300\" data-end=\"2412\"><strong data-start=\"2300\" data-end=\"2327\">Analizy por\u00f3wnawcze:<\/strong> Ocena zale\u017cno\u015bci struktura-aktywno\u015b\u0107 w por\u00f3wnaniu z pokrewnymi tryptaminami<\/p>\n<\/li>\n<li data-start=\"2413\" data-end=\"2486\">\n<p data-start=\"2415\" data-end=\"2486\"><strong data-start=\"2415\" data-end=\"2439\">Badanie dawkowania:<\/strong> Precyzyjna aplikacja do walidacji sk\u0142adnik\u00f3w aktywnych<\/p>\n<\/li>\n<li data-start=\"2487\" data-end=\"2561\">\n<p data-start=\"2489\" data-end=\"2561\"><strong data-start=\"2489\" data-end=\"2512\">Badania stabilno\u015bci:<\/strong> Obserwacja zmian chemicznych w czasie<\/p>\n<\/li>\n<li data-start=\"2562\" data-end=\"2640\">\n<p data-start=\"2564\" data-end=\"2640\"><strong data-start=\"2564\" data-end=\"2594\">Charakterystyka materia\u0142u:<\/strong> W\u0142a\u015bciwo\u015bci fizyczne i analityczne<\/p>\n<\/li>\n<\/ul>\n<p data-start=\"2642\" data-end=\"2799\">Standaryzowana forma granulatu pozwala badaczom na przeprowadzanie precyzyjnych i kontrolowanych eksperyment\u00f3w - jest to zdecydowana przewaga nad sypkim proszkiem.<\/p>\n<h2 data-start=\"2806\" data-end=\"2836\">Bezpiecze\u0144stwo i obs\u0142uga<\/h2>\n<p data-start=\"2838\" data-end=\"3073\">Ten produkt jest przeznaczony wy\u0142\u0105cznie dla <strong data-start=\"2880\" data-end=\"2911\">zastosowanie naukowe<\/strong> Przeznaczenie. Obs\u0142uga 4-HO-MiPT wymaga profesjonalnego \u015brodowiska laboratoryjnego i zgodno\u015bci ze wszystkimi przepisami prawa i bezpiecze\u0144stwa.<\/p>\n<p data-start=\"3075\" data-end=\"3104\"><strong data-start=\"3075\" data-end=\"3102\">Wytyczne dotycz\u0105ce bezpiecze\u0144stwa:<\/strong><\/p>\n<ul data-start=\"3105\" data-end=\"3401\">\n<li data-start=\"3105\" data-end=\"3154\">\n<p data-start=\"3107\" data-end=\"3154\">U\u017cywanie wy\u0142\u0105cznie przez przeszkolony personel laboratoryjny<\/p>\n<\/li>\n<li data-start=\"3155\" data-end=\"3223\">\n<p data-start=\"3157\" data-end=\"3223\">Praca pod wyci\u0105giem lub w dobrze wentylowanym \u015brodowisku<\/p>\n<\/li>\n<li data-start=\"3224\" data-end=\"3293\">\n<p data-start=\"3226\" data-end=\"3293\">Nosi\u0107 odzie\u017c ochronn\u0105 (fartuch laboratoryjny, r\u0119kawice, okulary ochronne)<\/p>\n<\/li>\n<li data-start=\"3294\" data-end=\"3340\">\n<p data-start=\"3296\" data-end=\"3340\">Brak bezpo\u015bredniego kontaktu sk\u00f3ry z substancj\u0105<\/p>\n<\/li>\n<li data-start=\"3341\" data-end=\"3401\">\n<p data-start=\"3343\" data-end=\"3401\">Dokumentacja i bezpieczna utylizacja zgodnie ze standardami laboratoryjnymi<\/p>\n<\/li>\n<\/ul>\n<p data-start=\"3403\" data-end=\"3431\"><strong data-start=\"3403\" data-end=\"3429\">Zalecenia dotycz\u0105ce przechowywania:<\/strong><\/p>\n<ul data-start=\"3432\" data-end=\"3643\">\n<li data-start=\"3432\" data-end=\"3467\">\n<p data-start=\"3434\" data-end=\"3467\">Temperatura: 2-8\u00b0C (lod\u00f3wka)<\/p>\n<\/li>\n<li data-start=\"3468\" data-end=\"3526\">\n<p data-start=\"3470\" data-end=\"3526\">Wilgotno\u015b\u0107: sucho (wilgotno\u015b\u0107 wzgl\u0119dna &lt;60%)<\/p>\n<\/li>\n<li data-start=\"3527\" data-end=\"3584\">\n<p data-start=\"3529\" data-end=\"3584\">Ochrona przed \u015bwiat\u0142em: Chroni\u0107 przed bezpo\u015brednim dzia\u0142aniem promieni s\u0142onecznych<\/p>\n<\/li>\n<li data-start=\"3585\" data-end=\"3643\">\n<p data-start=\"3587\" data-end=\"3643\">Opakowanie: Przechowywa\u0107 oryginalny pojemnik szczelnie zamkni\u0119ty<\/p>\n<\/li>\n<\/ul>\n<p data-start=\"3645\" data-end=\"3721\">W tych warunkach okres trwa\u0142o\u015bci wynosi <strong data-start=\"3694\" data-end=\"3718\">co najmniej 18 miesi\u0119cy<\/strong>.<\/p>\n<h2 data-start=\"3728\" data-end=\"3753\">Informacje o zam\u00f3wieniu<\/h2>\n<p data-start=\"3755\" data-end=\"3873\"><strong data-start=\"3755\" data-end=\"3781\">4-HO-MiPT 20mg granulki<\/strong> s\u0105 dost\u0119pne w r\u00f3\u017cnych rozmiarach badawczych, w zale\u017cno\u015bci od zakresu projektu i wymaga\u0144 laboratoryjnych:<\/p>\n<ul data-start=\"3875\" data-end=\"4003\">\n<li data-start=\"3875\" data-end=\"3903\">\n<p data-start=\"3877\" data-end=\"3903\">Ma\u0142e opakowanie: 10 granulek<\/p>\n<\/li>\n<li data-start=\"3904\" data-end=\"3935\">\n<p data-start=\"3906\" data-end=\"3935\">Opakowanie standardowe: 25 granulek<\/p>\n<\/li>\n<li data-start=\"3936\" data-end=\"3964\">\n<p data-start=\"3938\" data-end=\"3964\">Opakowanie zbiorcze: 100 granulek<\/p>\n<\/li>\n<li data-start=\"3965\" data-end=\"4003\">\n<p data-start=\"3967\" data-end=\"4003\">Badawcze opakowanie zbiorcze: 250 granulek<\/p>\n<\/li>\n<\/ul>\n<p data-start=\"4005\" data-end=\"4034\"><strong data-start=\"4005\" data-end=\"4032\">Wymagania dotycz\u0105ce zam\u00f3wienia:<\/strong><\/p>\n<ul data-start=\"4035\" data-end=\"4230\">\n<li data-start=\"4035\" data-end=\"4107\">\n<p data-start=\"4037\" data-end=\"4107\">Dow\u00f3d posiadania zarejestrowanej instytucji lub laboratorium badawczego<\/p>\n<\/li>\n<li data-start=\"4108\" data-end=\"4165\">\n<p data-start=\"4110\" data-end=\"4165\">Opis celu naukowego<\/p>\n<\/li>\n<li data-start=\"4166\" data-end=\"4230\">\n<p data-start=\"4168\" data-end=\"4230\">Potwierdzenie wiedzy na temat bezpiecze\u0144stwa zgodnie z wytycznymi laboratoryjnymi<\/p>\n<\/li>\n<\/ul>\n<p data-start=\"4232\" data-end=\"4333\">Wysy\u0142ka ma miejsce <strong data-start=\"4252\" data-end=\"4284\">Dyskretne i neutralne opakowanie<\/strong>, w celu zapewnienia ca\u0142kowitej poufno\u015bci.<\/p>\n<h2 data-start=\"4340\" data-end=\"4374\">Cz\u0119sto zadawane pytania (FAQ)<\/h2>\n<p data-start=\"4376\" data-end=\"4517\"><strong data-start=\"4376\" data-end=\"4439\">P: Czy granulki nadaj\u0105 si\u0119 do spo\u017cycia przez ludzi?<\/strong><br data-start=\"4439\" data-end=\"4442\" \/>O: Nie, ten produkt jest przeznaczony wy\u0142\u0105cznie do cel\u00f3w badawczych.<\/p>\n<p data-start=\"4519\" data-end=\"4637\"><strong data-start=\"4519\" data-end=\"4561\">P: Jakie dane analityczne s\u0105 dost\u0119pne?<\/strong><br data-start=\"4561\" data-end=\"4564\" \/>O: Ka\u017cda partia zawiera kompletne dane HPLC, GC\/MS i stabilno\u015bci.<\/p>\n<p data-start=\"4639\" data-end=\"4737\"><strong data-start=\"4639\" data-end=\"4681\">P: Jaki jest okres trwa\u0142o\u015bci granulek?<\/strong><br data-start=\"4681\" data-end=\"4684\" \/>O: Co najmniej 18 miesi\u0119cy przy prawid\u0142owym przechowywaniu.<\/p>\n<p data-start=\"4739\" data-end=\"4847\"><strong data-start=\"4739\" data-end=\"4783\">P: Czy wysy\u0142ka odbywa si\u0119 dyskretnie?<\/strong><br data-start=\"4783\" data-end=\"4786\" \/>O: Tak, wszystkie przesy\u0142ki s\u0105 anonimowe i neutralnie zapakowane.<\/p>\n<p data-start=\"4849\" data-end=\"4983\"><strong data-start=\"4849\" data-end=\"4886\">P: Czy potrzebuj\u0119 licencji?<\/strong><br data-start=\"4886\" data-end=\"4889\" \/>O: Tak, nabycie wymaga cz\u0142onkostwa w uznanej instytucji badawczej.<\/p>\n<h2 data-start=\"4849\" data-end=\"4983\">Informacja prawna<\/h2>\n<p data-start=\"5016\" data-end=\"5306\"><strong data-start=\"5016\" data-end=\"5042\">4-HO-MiPT 20mg granulki<\/strong> s\u0105 produktem badawczym i <strong data-start=\"5074\" data-end=\"5141\">nie do stosowania u ludzi ani w weterynarii<\/strong> autoryzowany. Wraz z zakupem nabywca wyra\u017ca zgod\u0119 na wy\u0142\u0105czne korzystanie z produktu <strong data-start=\"5233\" data-end=\"5290\">w zakresie prawnie dozwolonych dzia\u0142a\u0144 badawczych<\/strong> do u\u017cycia.<\/p>\n<p data-start=\"5308\" data-end=\"5495\">Odpowiedzialno\u015b\u0107 za zgodno\u015b\u0107 ze wszystkimi lokalnymi i mi\u0119dzynarodowymi przepisami ponosi kupuj\u0105cy. Jakiekolwiek niew\u0142a\u015bciwe u\u017cycie lub odsprzeda\u017c do nieautoryzowanych cel\u00f3w s\u0105 zabronione.<\/p>","protected":false},"excerpt":{"rendered":"<p>Kup granulat 4-HO-MiPT 20 mg: Chemikalia badawcze w postaci r\u00f3wnomiernie dozowanych granulek do precyzyjnej pracy naukowej. Wy\u0142\u0105cznie do cel\u00f3w badawczych w \u015brodowiskach laboratoryjnych.<\/p>","protected":false},"featured_media":8753,"comment_status":"open","ping_status":"closed","template":"","meta":{"_joinchat":[]},"product_brand":[],"product_cat":[54],"product_tag":[],"class_list":{"0":"post-8723","1":"product","2":"type-product","3":"status-publish","4":"has-post-thumbnail","6":"product_cat-tryptamines","8":"first","9":"instock","10":"shipping-taxable","11":"purchasable","12":"product-type-variable"},"yoast_head":"<!-- This site is optimized with the Yoast SEO plugin v27.5 - https:\/\/yoast.com\/product\/yoast-seo-wordpress\/ -->\n<title>4-HO-MiPT Pellets Kaufen | 20mg | Research Chemical Chemgramx<\/title>\n<meta name=\"description\" content=\"4-HO-MiPT 20mg Pellets kaufen - Forschungschemikalie in pelletierter Form. F\u00fcr wissenschaftliche Analysen. Laborgepr\u00fcft &amp; diskret.\" \/>\n<meta name=\"robots\" content=\"index, follow, max-snippet:-1, max-image-preview:large, max-video-preview:-1\" \/>\n<link rel=\"canonical\" href=\"https:\/\/chemgramx.com\/pl\/produkt-1\/4-ho-mipt-20mg-granulki-kupic\/\" \/>\n<meta property=\"og:locale\" content=\"pl_PL\" \/>\n<meta property=\"og:type\" content=\"article\" \/>\n<meta property=\"og:title\" content=\"4-HO-MiPT Pellets Kaufen | 20mg | Research Chemical Chemgramx\" \/>\n<meta property=\"og:description\" content=\"4-HO-MiPT 20mg Pellets kaufen - Forschungschemikalie in pelletierter Form. F\u00fcr wissenschaftliche Analysen. Laborgepr\u00fcft &amp; diskret.\" \/>\n<meta property=\"og:url\" content=\"https:\/\/chemgramx.com\/pl\/produkt-1\/4-ho-mipt-20mg-granulki-kupic\/\" \/>\n<meta property=\"og:site_name\" content=\"Chemgramx\" \/>\n<meta property=\"article:modified_time\" content=\"2025-12-11T01:06:36+00:00\" \/>\n<meta property=\"og:image\" content=\"https:\/\/chemgramx.com\/wp-content\/uploads\/2025\/12\/buy-4-ho-mipt-20-mg-pellets-chem-store-online.png\" \/>\n\t<meta property=\"og:image:width\" content=\"524\" \/>\n\t<meta property=\"og:image:height\" content=\"559\" \/>\n\t<meta property=\"og:image:type\" content=\"image\/png\" \/>\n<meta name=\"twitter:card\" content=\"summary_large_image\" \/>\n<meta name=\"twitter:label1\" content=\"Szacowany czas czytania\" \/>\n\t<meta name=\"twitter:data1\" content=\"3 minuty\" \/>\n<script type=\"application\/ld+json\" class=\"yoast-schema-graph\">{\"@context\":\"https:\\\/\\\/schema.org\",\"@graph\":[{\"@type\":\"WebPage\",\"@id\":\"https:\\\/\\\/chemgramx.com\\\/product\\\/4-ho-mipt-20mg-pellets-kaufen\\\/\",\"url\":\"https:\\\/\\\/chemgramx.com\\\/product\\\/4-ho-mipt-20mg-pellets-kaufen\\\/\",\"name\":\"4-HO-MiPT Pellets Kaufen | 20mg | Research Chemical Chemgramx\",\"isPartOf\":{\"@id\":\"https:\\\/\\\/chemgramx.com\\\/#website\"},\"primaryImageOfPage\":{\"@id\":\"https:\\\/\\\/chemgramx.com\\\/product\\\/4-ho-mipt-20mg-pellets-kaufen\\\/#primaryimage\"},\"image\":{\"@id\":\"https:\\\/\\\/chemgramx.com\\\/product\\\/4-ho-mipt-20mg-pellets-kaufen\\\/#primaryimage\"},\"thumbnailUrl\":\"https:\\\/\\\/chemgramx.com\\\/wp-content\\\/uploads\\\/2025\\\/12\\\/buy-4-ho-mipt-20-mg-pellets-chem-store-online.png\",\"datePublished\":\"2025-12-11T00:49:25+00:00\",\"dateModified\":\"2025-12-11T01:06:36+00:00\",\"description\":\"4-HO-MiPT 20mg Pellets kaufen - Forschungschemikalie in pelletierter Form. F\u00fcr wissenschaftliche Analysen. Laborgepr\u00fcft &amp; diskret.\",\"breadcrumb\":{\"@id\":\"https:\\\/\\\/chemgramx.com\\\/product\\\/4-ho-mipt-20mg-pellets-kaufen\\\/#breadcrumb\"},\"inLanguage\":\"pl-PL\",\"potentialAction\":[{\"@type\":\"ReadAction\",\"target\":[\"https:\\\/\\\/chemgramx.com\\\/product\\\/4-ho-mipt-20mg-pellets-kaufen\\\/\"]}]},{\"@type\":\"ImageObject\",\"inLanguage\":\"pl-PL\",\"@id\":\"https:\\\/\\\/chemgramx.com\\\/product\\\/4-ho-mipt-20mg-pellets-kaufen\\\/#primaryimage\",\"url\":\"https:\\\/\\\/chemgramx.com\\\/wp-content\\\/uploads\\\/2025\\\/12\\\/buy-4-ho-mipt-20-mg-pellets-chem-store-online.png\",\"contentUrl\":\"https:\\\/\\\/chemgramx.com\\\/wp-content\\\/uploads\\\/2025\\\/12\\\/buy-4-ho-mipt-20-mg-pellets-chem-store-online.png\",\"width\":524,\"height\":559},{\"@type\":\"BreadcrumbList\",\"@id\":\"https:\\\/\\\/chemgramx.com\\\/product\\\/4-ho-mipt-20mg-pellets-kaufen\\\/#breadcrumb\",\"itemListElement\":[{\"@type\":\"ListItem\",\"position\":1,\"name\":\"Home\",\"item\":\"https:\\\/\\\/chemgramx.com\\\/\"},{\"@type\":\"ListItem\",\"position\":2,\"name\":\"Shop\",\"item\":\"https:\\\/\\\/chemgramx.com\\\/shop\\\/\"},{\"@type\":\"ListItem\",\"position\":3,\"name\":\"4-HO-MiPT 20mg Pellets kaufen\"}]},{\"@type\":\"WebSite\",\"@id\":\"https:\\\/\\\/chemgramx.com\\\/#website\",\"url\":\"https:\\\/\\\/chemgramx.com\\\/\",\"name\":\"Chemgramx\",\"description\":\"\",\"publisher\":{\"@id\":\"https:\\\/\\\/chemgramx.com\\\/#organization\"},\"potentialAction\":[{\"@type\":\"SearchAction\",\"target\":{\"@type\":\"EntryPoint\",\"urlTemplate\":\"https:\\\/\\\/chemgramx.com\\\/?s={search_term_string}\"},\"query-input\":{\"@type\":\"PropertyValueSpecification\",\"valueRequired\":true,\"valueName\":\"search_term_string\"}}],\"inLanguage\":\"pl-PL\"},{\"@type\":\"Organization\",\"@id\":\"https:\\\/\\\/chemgramx.com\\\/#organization\",\"name\":\"Chemgramx\",\"url\":\"https:\\\/\\\/chemgramx.com\\\/\",\"logo\":{\"@type\":\"ImageObject\",\"inLanguage\":\"pl-PL\",\"@id\":\"https:\\\/\\\/chemgramx.com\\\/#\\\/schema\\\/logo\\\/image\\\/\",\"url\":\"https:\\\/\\\/chemgramx.com\\\/wp-content\\\/uploads\\\/2024\\\/10\\\/final-logo.png\",\"contentUrl\":\"https:\\\/\\\/chemgramx.com\\\/wp-content\\\/uploads\\\/2024\\\/10\\\/final-logo.png\",\"width\":250,\"height\":48,\"caption\":\"Chemgramx\"},\"image\":{\"@id\":\"https:\\\/\\\/chemgramx.com\\\/#\\\/schema\\\/logo\\\/image\\\/\"}}]}<\/script>\n<!-- \/ Yoast SEO plugin. -->","yoast_head_json":{"title":"Kup 4-HO-MiPT Pellets | 20mg | Research Chemical Chemgramx","description":"Kup 4-HO-MiPT 20mg Pellets - Badawczy \u015brodek chemiczny w postaci granulatu. Do analiz naukowych. Testowany laboratoryjnie i dyskretny.","robots":{"index":"index","follow":"follow","max-snippet":"max-snippet:-1","max-image-preview":"max-image-preview:large","max-video-preview":"max-video-preview:-1"},"canonical":"https:\/\/chemgramx.com\/pl\/produkt-1\/4-ho-mipt-20mg-granulki-kupic\/","og_locale":"pl_PL","og_type":"article","og_title":"4-HO-MiPT Pellets Kaufen | 20mg | Research Chemical Chemgramx","og_description":"4-HO-MiPT 20mg Pellets kaufen - Forschungschemikalie in pelletierter Form. F\u00fcr wissenschaftliche Analysen. Laborgepr\u00fcft &amp; diskret.","og_url":"https:\/\/chemgramx.com\/pl\/produkt-1\/4-ho-mipt-20mg-granulki-kupic\/","og_site_name":"Chemgramx","article_modified_time":"2025-12-11T01:06:36+00:00","og_image":[{"width":524,"height":559,"url":"https:\/\/chemgramx.com\/wp-content\/uploads\/2025\/12\/buy-4-ho-mipt-20-mg-pellets-chem-store-online.png","type":"image\/png"}],"twitter_card":"summary_large_image","twitter_misc":{"Szacowany czas czytania":"3 minuty"},"schema":{"@context":"https:\/\/schema.org","@graph":[{"@type":"WebPage","@id":"https:\/\/chemgramx.com\/product\/4-ho-mipt-20mg-pellets-kaufen\/","url":"https:\/\/chemgramx.com\/product\/4-ho-mipt-20mg-pellets-kaufen\/","name":"Kup 4-HO-MiPT Pellets | 20mg | Research Chemical Chemgramx","isPartOf":{"@id":"https:\/\/chemgramx.com\/#website"},"primaryImageOfPage":{"@id":"https:\/\/chemgramx.com\/product\/4-ho-mipt-20mg-pellets-kaufen\/#primaryimage"},"image":{"@id":"https:\/\/chemgramx.com\/product\/4-ho-mipt-20mg-pellets-kaufen\/#primaryimage"},"thumbnailUrl":"https:\/\/chemgramx.com\/wp-content\/uploads\/2025\/12\/buy-4-ho-mipt-20-mg-pellets-chem-store-online.png","datePublished":"2025-12-11T00:49:25+00:00","dateModified":"2025-12-11T01:06:36+00:00","description":"Kup 4-HO-MiPT 20mg Pellets - Badawczy \u015brodek chemiczny w postaci granulatu. Do analiz naukowych. Testowany laboratoryjnie i dyskretny.","breadcrumb":{"@id":"https:\/\/chemgramx.com\/product\/4-ho-mipt-20mg-pellets-kaufen\/#breadcrumb"},"inLanguage":"pl-PL","potentialAction":[{"@type":"ReadAction","target":["https:\/\/chemgramx.com\/product\/4-ho-mipt-20mg-pellets-kaufen\/"]}]},{"@type":"ImageObject","inLanguage":"pl-PL","@id":"https:\/\/chemgramx.com\/product\/4-ho-mipt-20mg-pellets-kaufen\/#primaryimage","url":"https:\/\/chemgramx.com\/wp-content\/uploads\/2025\/12\/buy-4-ho-mipt-20-mg-pellets-chem-store-online.png","contentUrl":"https:\/\/chemgramx.com\/wp-content\/uploads\/2025\/12\/buy-4-ho-mipt-20-mg-pellets-chem-store-online.png","width":524,"height":559},{"@type":"BreadcrumbList","@id":"https:\/\/chemgramx.com\/product\/4-ho-mipt-20mg-pellets-kaufen\/#breadcrumb","itemListElement":[{"@type":"ListItem","position":1,"name":"Home","item":"https:\/\/chemgramx.com\/"},{"@type":"ListItem","position":2,"name":"Shop","item":"https:\/\/chemgramx.com\/shop\/"},{"@type":"ListItem","position":3,"name":"4-HO-MiPT 20mg Pellets kaufen"}]},{"@type":"WebSite","@id":"https:\/\/chemgramx.com\/#website","url":"https:\/\/chemgramx.com\/","name":"Chemgramx","description":"","publisher":{"@id":"https:\/\/chemgramx.com\/#organization"},"potentialAction":[{"@type":"SearchAction","target":{"@type":"EntryPoint","urlTemplate":"https:\/\/chemgramx.com\/?s={search_term_string}"},"query-input":{"@type":"PropertyValueSpecification","valueRequired":true,"valueName":"search_term_string"}}],"inLanguage":"pl-PL"},{"@type":"Organization","@id":"https:\/\/chemgramx.com\/#organization","name":"Chemgramx","url":"https:\/\/chemgramx.com\/","logo":{"@type":"ImageObject","inLanguage":"pl-PL","@id":"https:\/\/chemgramx.com\/#\/schema\/logo\/image\/","url":"https:\/\/chemgramx.com\/wp-content\/uploads\/2024\/10\/final-logo.png","contentUrl":"https:\/\/chemgramx.com\/wp-content\/uploads\/2024\/10\/final-logo.png","width":250,"height":48,"caption":"Chemgramx"},"image":{"@id":"https:\/\/chemgramx.com\/#\/schema\/logo\/image\/"}}]}},"_links":{"self":[{"href":"https:\/\/chemgramx.com\/pl\/wp-json\/wp\/v2\/product\/8723","targetHints":{"allow":["GET"]}}],"collection":[{"href":"https:\/\/chemgramx.com\/pl\/wp-json\/wp\/v2\/product"}],"about":[{"href":"https:\/\/chemgramx.com\/pl\/wp-json\/wp\/v2\/types\/product"}],"replies":[{"embeddable":true,"href":"https:\/\/chemgramx.com\/pl\/wp-json\/wp\/v2\/comments?post=8723"}],"wp:featuredmedia":[{"embeddable":true,"href":"https:\/\/chemgramx.com\/pl\/wp-json\/wp\/v2\/media\/8753"}],"wp:attachment":[{"href":"https:\/\/chemgramx.com\/pl\/wp-json\/wp\/v2\/media?parent=8723"}],"wp:term":[{"taxonomy":"product_brand","embeddable":true,"href":"https:\/\/chemgramx.com\/pl\/wp-json\/wp\/v2\/product_brand?post=8723"},{"taxonomy":"product_cat","embeddable":true,"href":"https:\/\/chemgramx.com\/pl\/wp-json\/wp\/v2\/product_cat?post=8723"},{"taxonomy":"product_tag","embeddable":true,"href":"https:\/\/chemgramx.com\/pl\/wp-json\/wp\/v2\/product_tag?post=8723"}],"curies":[{"name":"wp","href":"https:\/\/api.w.org\/{rel}","templated":true}]}}