{"id":8733,"date":"2025-12-11T00:49:46","date_gmt":"2025-12-11T00:49:46","guid":{"rendered":"https:\/\/chemgramx.com\/?post_type=product&#038;p=8733"},"modified":"2025-12-11T01:04:29","modified_gmt":"2025-12-11T01:04:29","slug":"1b-lsd-100mcg-zamowienie-online","status":"publish","type":"product","link":"https:\/\/chemgramx.com\/pl\/product\/1b-lsd-100mcg-online-bestellung\/","title":{"rendered":"1B-LSD 100mcg Zam\u00f3w online"},"content":{"rendered":"<p data-start=\"469\" data-end=\"1006\"><strong data-start=\"469\" data-end=\"487\">1B-LSD 100 mcg<\/strong> to nowoczesna substancja chemiczna z rodziny lizergamid\u00f3w, kt\u00f3ra przyci\u0105ga coraz wi\u0119ksze zainteresowanie spo\u0142eczno\u015bci naukowej. Strukturalnie jest bardzo podobny do klasycznego <strong data-start=\"670\" data-end=\"680\">LSD-25<\/strong> i zapewnia badaczom stabiln\u0105 podstaw\u0119 do ukierunkowanego badania \u015bwiadomo\u015bci, percepcji i proces\u00f3w poznawczych. Dzi\u0119ki znormalizowanej dawce <strong data-start=\"842\" data-end=\"872\">100 mikrogram\u00f3w na jednostk\u0119<\/strong> Substancja mo\u017ce by\u0107 u\u017cywana w niezwykle kontrolowany i powtarzalny spos\u00f3b - co jest decyduj\u0105c\u0105 zalet\u0105 dla precyzyjnych wynik\u00f3w laboratoryjnych.<\/p>\n<p data-start=\"1008\" data-end=\"1410\">Ponadto 1B-LSD umo\u017cliwia bezpieczn\u0105 obs\u0142ug\u0119, poniewa\u017c jest stabilny chemicznie i \u0142atwy do przechowywania. Naukowcy z dziedziny neurochemii, psychologii i farmakologii wykorzystuj\u0105 go do lepszego zrozumienia neurobiologicznych mechanizm\u00f3w stan\u00f3w psychodelicznych. Dzi\u0119ki niezawodnym w\u0142a\u015bciwo\u015bciom dozowania, zachowanie substancji mo\u017ce by\u0107 metodycznie analizowane w r\u00f3\u017cnych warunkach.<\/p>\n<h2 data-start=\"1417\" data-end=\"1449\">Co to jest 1B-LSD 100 mcg?<\/h2>\n<p data-start=\"1451\" data-end=\"1732\"><strong data-start=\"1451\" data-end=\"1497\">1B-LSD (dietyloamid kwasu 1-butanoilo-lizergowego)<\/strong> jest pochodn\u0105 LSD-25 i dzia\u0142a jako tzw. <strong data-start=\"1550\" data-end=\"1561\">Prodrug<\/strong>. Po spo\u017cyciu jest cz\u0119\u015bciowo przekszta\u0142cany w aktywne LSD w organizmie. Daje to podobne efekty, ale o nieco \u0142agodniejszym, wyra\u017aniejszym charakterze.<\/p>\n<p data-start=\"1734\" data-end=\"2069\">W przeciwie\u0144stwie do LSD-25, u\u017cytkownicy zg\u0142aszaj\u0105 zr\u00f3wnowa\u017cone, skoncentrowane do\u015bwiadczenie. W\u0142a\u015bciwo\u015bci te sprawiaj\u0105, \u017ce 1B-LSD jest szczeg\u00f3lnie interesuj\u0105cy w badaniach koncentruj\u0105cych si\u0119 na percepcji, kreatywno\u015bci i my\u015bleniu introspekcyjnym. Zwi\u0105zek ten jest r\u00f3wnie\u017c uwa\u017cany za bardziej stabilny, co znacznie u\u0142atwia jego przechowywanie i transport.<\/p>\n<h2 data-start=\"2076\" data-end=\"2108\">Efekty i zastosowanie<\/h2>\n<p data-start=\"2110\" data-end=\"2339\">Efekt <strong data-start=\"2126\" data-end=\"2144\">1B-LSD 100 mcg<\/strong> mo\u017ce si\u0119 r\u00f3\u017cni\u0107 w zale\u017cno\u015bci od osoby, dawki i \u015brodowiska. W <a href=\"\/product\/kolumbianisches-kokain-96-rein\/\">\u015arodowiska badawcze<\/a> zwykle wykazuj\u0105 subtelne, ale wyra\u017ane zmiany w percepcji sensorycznej i przetwarzaniu emocjonalnym.<\/p>\n<p data-start=\"2341\" data-end=\"2389\">Cz\u0119sto obserwowane efekty obejmuj\u0105<\/p>\n<ul data-start=\"2390\" data-end=\"2615\">\n<li data-start=\"2390\" data-end=\"2436\">\n<p data-start=\"2392\" data-end=\"2436\">Wzmocnione wra\u017cenia wzrokowe i s\u0142uchowe<\/p>\n<\/li>\n<li data-start=\"2437\" data-end=\"2478\">\n<p data-start=\"2439\" data-end=\"2478\">Zmiana poczucia czasu i przestrzeni<\/p>\n<\/li>\n<li data-start=\"2479\" data-end=\"2510\">\n<p data-start=\"2481\" data-end=\"2510\">G\u0142\u0119bszy rezonans emocjonalny<\/p>\n<\/li>\n<li data-start=\"2511\" data-end=\"2560\">\n<p data-start=\"2513\" data-end=\"2560\">Zwi\u0119kszona kreatywno\u015b\u0107 i jasno\u015b\u0107 umys\u0142u<\/p>\n<\/li>\n<li data-start=\"2561\" data-end=\"2615\">\n<p data-start=\"2563\" data-end=\"2615\">Lepsze skupienie przy umiarkowanych dawkach<\/p>\n<\/li>\n<\/ul>\n<p data-start=\"2617\" data-end=\"2828\">Podczas dzia\u0142ania, wielu badanych zg\u0142asza r\u00f3wnomierny, p\u0142ynny przebieg bez nadmiernego pobudzenia. Substancja ta dobrze nadaje si\u0119 zatem do bada\u0144 nad procesami neurokognitywnymi i tw\u00f3rczymi.<\/p>\n<h2 data-start=\"2835\" data-end=\"2879\">Dlaczego warto kupi\u0107 1B-LSD 100 mcg online?<\/h2>\n<p data-start=\"2881\" data-end=\"3187\">Zakupy przez Internet oferuj\u0105 badaczom i laboratoriom liczne korzy\u015bci. Z jednej strony <strong data-start=\"2974\" data-end=\"2994\">zweryfikowane \u017ar\u00f3d\u0142a<\/strong> \u0142atwiej dost\u0119pne online ni\u017c w sklepach stacjonarnych. Z drugiej strony, wielu dostawc\u00f3w <strong data-start=\"3085\" data-end=\"3130\">Certyfikaty COA (certyfikat analizy)<\/strong> gotowy do potwierdzenia czysto\u015bci i dok\u0142adno\u015bci dozowania.<\/p>\n<p data-start=\"3189\" data-end=\"3446\">Kto <strong data-start=\"3193\" data-end=\"3222\">1B-LSD 100 mcg kupi\u0107 online<\/strong> korzysta r\u00f3wnie\u017c z du\u017cego wyboru produkt\u00f3w i opcji wysy\u0142ki mi\u0119dzynarodowej. Ponadto przejrzyste struktury cenowe i wygodne metody p\u0142atno\u015bci sprawiaj\u0105, \u017ce proces zamawiania jest prosty i bezpieczny.<\/p>\n<p data-start=\"3448\" data-end=\"3486\">Do najwa\u017cniejszych zalet nale\u017c\u0105<\/p>\n<ul data-start=\"3487\" data-end=\"3664\">\n<li data-start=\"3487\" data-end=\"3534\">\n<p data-start=\"3489\" data-end=\"3534\">Dostawa na ca\u0142y \u015bwiat w neutralnym opakowaniu<\/p>\n<\/li>\n<li data-start=\"3535\" data-end=\"3570\">\n<p data-start=\"3537\" data-end=\"3570\">Sprawdzona, przetestowana jako\u015b\u0107<\/p>\n<\/li>\n<li data-start=\"3571\" data-end=\"3615\">\n<p data-start=\"3573\" data-end=\"3615\">Szybka i profesjonalna obs\u0142uga klienta<\/p>\n<\/li>\n<li data-start=\"3616\" data-end=\"3664\">\n<p data-start=\"3618\" data-end=\"3664\">Atrakcyjne rabaty przy wi\u0119kszych zam\u00f3wieniach<\/p>\n<\/li>\n<\/ul>\n<p data-start=\"3666\" data-end=\"3800\">Coraz wi\u0119cej instytucji badawczych decyduje si\u0119 zatem na pozyskiwanie pr\u00f3bek wy\u0142\u0105cznie z certyfikowanych \u017ar\u00f3de\u0142 internetowych.<\/p>\n<h3>Status prawny<\/h3>\n<p data-start=\"4150\" data-end=\"4543\">W Niemczech 1B-LSD znajduje si\u0119 obecnie w szarej strefie: nie jest wyra\u017anie wymieniony w ustawie o \u015brodkach odurzaj\u0105cych, ale mo\u017ce podlega\u0107 przepisom dotycz\u0105cym analog\u00f3w. Dlatego te\u017c zaleca si\u0119 szczeg\u00f3\u0142owe zapoznanie si\u0119 z sytuacj\u0105 prawn\u0105 przed z\u0142o\u017ceniem zam\u00f3wienia. <strong data-start=\"4403\" data-end=\"4442\">obowi\u0105zuj\u0105ce przepisy prawne<\/strong> w swoim kraju. W ten spos\u00f3b mo\u017cna unikn\u0105\u0107 ewentualnego ryzyka prawnego.<\/p>\n<h2 data-start=\"4150\" data-end=\"4543\">Dyskretna dostawa i bezpieczne zamawianie<\/h2>\n<p data-start=\"4602\" data-end=\"4944\">G\u0142\u00f3wn\u0105 zalet\u0105 <strong data-start=\"4632\" data-end=\"4664\">Kup 1B-LSD 100 mcg online<\/strong> jest dyskretna i bezpieczna dostawa. Renomowani dostawcy stosuj\u0105 niepozorne opakowania, na kt\u00f3rych nie wida\u0107 zawarto\u015bci. Ponadto przesy\u0142ki s\u0105 zazwyczaj ubezpieczone i oznaczone numerem \u015bledzenia. Gwarantuje to, \u017ce ca\u0142y proces pozostaje identyfikowalny i poufny.<\/p>\n<p data-start=\"4946\" data-end=\"5130\">Ponadto wiele sklep\u00f3w oferuje elastyczne opcje wysy\u0142ki, takie jak ekspresowa lub mi\u0119dzynarodowa us\u0142uga priorytetowa. Oznacza to, \u017ce badacze otrzymuj\u0105 swoje produkty niezawodnie i na czas.<\/p>\n<h3 data-start=\"5137\" data-end=\"5178\">Wyb\u00f3r renomowanego dostawcy<\/h3>\n<p data-start=\"5180\" data-end=\"5339\">Zaufanie ma kluczowe znaczenie przy zakupie chemikali\u00f3w badawczych. Dlatego te\u017c nale\u017cy sk\u0142ada\u0107 zam\u00f3wienia wy\u0142\u0105cznie u sprzedawc\u00f3w detalicznych, kt\u00f3rzy oferuj\u0105 produkty o udowodnionym bezpiecze\u0144stwie.<\/p>\n<p data-start=\"5341\" data-end=\"5387\">Zwr\u00f3\u0107 szczeg\u00f3ln\u0105 uwag\u0119 na nast\u0119puj\u0105ce punkty:<\/p>\n<ul data-start=\"5388\" data-end=\"5620\">\n<li data-start=\"5388\" data-end=\"5440\">\n<p data-start=\"5390\" data-end=\"5440\">Istniej\u0105cy <strong data-start=\"5401\" data-end=\"5418\">Raporty laboratoryjne<\/strong> i certyfikaty COA<\/p>\n<\/li>\n<li data-start=\"5441\" data-end=\"5497\">\n<p data-start=\"5443\" data-end=\"5497\">Przezroczysty <strong data-start=\"5456\" data-end=\"5495\">Wytyczne dotycz\u0105ce wysy\u0142ki i ochrony danych<\/strong><\/p>\n<\/li>\n<li data-start=\"5498\" data-end=\"5532\">\n<p data-start=\"5500\" data-end=\"5532\">Pozytywny <strong data-start=\"5509\" data-end=\"5530\">Oceny klient\u00f3w<\/strong><\/p>\n<\/li>\n<li data-start=\"5533\" data-end=\"5572\">\n<p data-start=\"5535\" data-end=\"5572\"><strong data-start=\"5535\" data-end=\"5557\">Szyfrowanie SSL<\/strong> Metody p\u0142atno\u015bci<\/p>\n<\/li>\n<li data-start=\"5573\" data-end=\"5620\">\n<p data-start=\"5575\" data-end=\"5620\">Kompetentny <strong data-start=\"5586\" data-end=\"5603\">Wsparcie dla<\/strong> Dla zapyta\u0144<\/p>\n<\/li>\n<\/ul>\n<p data-start=\"5622\" data-end=\"5704\">Cechy te pokazuj\u0105, \u017ce dostawca dzia\u0142a niezawodnie i profesjonalnie.<\/p>\n<h2 data-start=\"5711\" data-end=\"5768\">Bezpiecze\u0144stwo i odpowiedzialne u\u017cytkowanie<\/h2>\n<p data-start=\"5770\" data-end=\"5988\">Mimo \u017ce 1B-LSD jest uwa\u017cany za substancj\u0119 chemiczn\u0105 do bada\u0144, zawsze nale\u017cy go traktowa\u0107 z ostro\u017cno\u015bci\u0105. Znormalizowana dawka <strong data-start=\"5899\" data-end=\"5910\">100 mcg<\/strong> u\u0142atwia obs\u0142ug\u0119, ale nie zast\u0119puje \u015brodk\u00f3w bezpiecze\u0144stwa.<\/p>\n<p data-start=\"5990\" data-end=\"6027\">Zalecenia dotycz\u0105ce zastosowa\u0144 laboratoryjnych:<\/p>\n<ul data-start=\"6028\" data-end=\"6236\">\n<li data-start=\"6028\" data-end=\"6074\">\n<p data-start=\"6030\" data-end=\"6074\">U\u017cywanie wy\u0142\u0105cznie do cel\u00f3w naukowych<\/p>\n<\/li>\n<li data-start=\"6075\" data-end=\"6136\">\n<p data-start=\"6077\" data-end=\"6136\">Unika\u0107 \u0142\u0105czenia z alkoholem lub innymi substancjami<\/p>\n<\/li>\n<li data-start=\"6137\" data-end=\"6192\">\n<p data-start=\"6139\" data-end=\"6192\">Przechowywa\u0107 w ch\u0142odnym, suchym i ciemnym miejscu<\/p>\n<\/li>\n<li data-start=\"6193\" data-end=\"6236\">\n<p data-start=\"6195\" data-end=\"6236\">Prowad\u017a starann\u0105 dokumentacj\u0119 test\u00f3w<\/p>\n<\/li>\n<\/ul>\n<p data-start=\"6238\" data-end=\"6350\">Zdyscyplinowana praca i precyzyjne rejestrowanie zapewniaj\u0105 powtarzalno\u015b\u0107 i wiarygodno\u015b\u0107 wynik\u00f3w bada\u0144.<\/p>\n<h2 data-start=\"6238\" data-end=\"6350\">\u00a0Wnioski<\/h2>\n<p data-start=\"6373\" data-end=\"6652\"><strong data-start=\"6373\" data-end=\"6391\">1B-LSD 100 mcg<\/strong> jest przyk\u0142adem nowej generacji precyzyjnych pochodnych lizergamidu. \u0141\u0105czy w sobie stabilno\u015b\u0107, czysto\u015b\u0107 i zr\u00f3wnowa\u017cony efekt, co czyni go niezwykle cennym dla bada\u0144 w dziedzinie neurochemii, psychologii i bada\u0144 nad \u015bwiadomo\u015bci\u0105.<\/p>\n<p data-start=\"6654\" data-end=\"7090\">Kto <strong data-start=\"6658\" data-end=\"6690\">Kup 1B-LSD 100 mcg online<\/strong> powinny korzysta\u0107 wy\u0142\u0105cznie z renomowanych dostawc\u00f3w posiadaj\u0105cych certyfikaty laboratoryjne. Gwarantuje to, \u017ce substancja spe\u0142nia najwy\u017csze standardy jako\u015bci i bezpiecze\u0144stwa. W po\u0142\u0105czeniu z odpowiedzialnym stosowaniem i metodologi\u0105 naukow\u0105, 1B-LSD otwiera nowe perspektywy dla bada\u0144 nad ludzk\u0105 \u015bwiadomo\u015bci\u0105 - precyzyjne, bezpieczne i zgodne z prawem.<\/p>","protected":false},"excerpt":{"rendered":"<p><strong>1B-LSD 100mcg<\/strong> to wysoce czysty zwi\u0105zek chemiczny, kt\u00f3ry zosta\u0142 opracowany na potrzeby bada\u0144 naukowych. Substancja ta jest cz\u0119sto wykorzystywana w badaniach psychofarmakologicznych w celu zbadania jej wp\u0142ywu na ludzki m\u00f3zg. <strong>1B-LSD<\/strong> jest przeznaczony wy\u0142\u0105cznie do u\u017cytku w \u015brodowisku laboratoryjnym i nie mo\u017ce by\u0107 spo\u017cywany przez ludzi.<\/p>","protected":false},"featured_media":8755,"comment_status":"open","ping_status":"closed","template":"","meta":{"_joinchat":[]},"product_brand":[],"product_cat":[1802],"product_tag":[2103,2105,2110,2111,2112,2104,2108,2106,2107,2109],"class_list":{"0":"post-8733","1":"product","2":"type-product","3":"status-publish","4":"has-post-thumbnail","6":"product_cat-blotters","7":"product_tag-1b-lsd-100mcg","8":"product_tag-1b-lsd-100mcg-zum-verkauf","9":"product_tag-1b-lsd-chemikalien","10":"product_tag-1b-lsd-forschung","11":"product_tag-1b-lsd-fur-forschung","12":"product_tag-1b-lsd-kaufen","13":"product_tag-1b-lsd-kristalle","14":"product_tag-1b-lsd-online","15":"product_tag-1b-lsd-pulver","16":"product_tag-lsd-derivate","18":"first","19":"instock","20":"shipping-taxable","21":"purchasable","22":"product-type-variable"},"yoast_head":"<!-- This site is optimized with the Yoast SEO plugin v27.5 - https:\/\/yoast.com\/product\/yoast-seo-wordpress\/ -->\n<title>1B-LSD 100mcg online Kaufen \u2013 1B-LSD 100mcg zu verkaufen<\/title>\n<meta name=\"description\" content=\"Finden Sie erstklassiges 1B-LSD 100mcg zu verkaufen in unserem Online-Shop, der eine sichere Plattform bietet, um 1B-LSD 100mcg ganz einfach online zu kaufen und Ihren Forschungsanforderungen gerecht zu werden.\" \/>\n<meta name=\"robots\" content=\"index, follow, max-snippet:-1, max-image-preview:large, max-video-preview:-1\" \/>\n<link rel=\"canonical\" href=\"https:\/\/chemgramx.com\/pl\/produkt-1\/1b-lsd-100mcg-zamowienie-online\/\" \/>\n<meta property=\"og:locale\" content=\"pl_PL\" \/>\n<meta property=\"og:type\" content=\"article\" \/>\n<meta property=\"og:title\" content=\"1B-LSD 100mcg online Kaufen \u2013 1B-LSD 100mcg zu verkaufen\" \/>\n<meta property=\"og:description\" content=\"Finden Sie erstklassiges 1B-LSD 100mcg zu verkaufen in unserem Online-Shop, der eine sichere Plattform bietet, um 1B-LSD 100mcg ganz einfach online zu kaufen und Ihren Forschungsanforderungen gerecht zu werden.\" \/>\n<meta property=\"og:url\" content=\"https:\/\/chemgramx.com\/pl\/produkt-1\/1b-lsd-100mcg-zamowienie-online\/\" \/>\n<meta property=\"og:site_name\" content=\"Chemgramx\" \/>\n<meta property=\"article:modified_time\" content=\"2025-12-11T01:04:29+00:00\" \/>\n<meta property=\"og:image\" content=\"https:\/\/chemgramx.com\/wp-content\/uploads\/2025\/12\/1b-1.png\" \/>\n\t<meta property=\"og:image:width\" content=\"600\" \/>\n\t<meta property=\"og:image:height\" content=\"400\" \/>\n\t<meta property=\"og:image:type\" content=\"image\/png\" \/>\n<meta name=\"twitter:card\" content=\"summary_large_image\" \/>\n<meta name=\"twitter:label1\" content=\"Szacowany czas czytania\" \/>\n\t<meta name=\"twitter:data1\" content=\"4 minuty\" \/>\n<script type=\"application\/ld+json\" class=\"yoast-schema-graph\">{\"@context\":\"https:\\\/\\\/schema.org\",\"@graph\":[{\"@type\":\"WebPage\",\"@id\":\"https:\\\/\\\/chemgramx.com\\\/product\\\/1b-lsd-100mcg-online-bestellung\\\/\",\"url\":\"https:\\\/\\\/chemgramx.com\\\/product\\\/1b-lsd-100mcg-online-bestellung\\\/\",\"name\":\"1B-LSD 100mcg online Kaufen \u2013 1B-LSD 100mcg zu verkaufen\",\"isPartOf\":{\"@id\":\"https:\\\/\\\/chemgramx.com\\\/#website\"},\"primaryImageOfPage\":{\"@id\":\"https:\\\/\\\/chemgramx.com\\\/product\\\/1b-lsd-100mcg-online-bestellung\\\/#primaryimage\"},\"image\":{\"@id\":\"https:\\\/\\\/chemgramx.com\\\/product\\\/1b-lsd-100mcg-online-bestellung\\\/#primaryimage\"},\"thumbnailUrl\":\"https:\\\/\\\/chemgramx.com\\\/wp-content\\\/uploads\\\/2025\\\/12\\\/1b-1.png\",\"datePublished\":\"2025-12-11T00:49:46+00:00\",\"dateModified\":\"2025-12-11T01:04:29+00:00\",\"description\":\"Finden Sie erstklassiges 1B-LSD 100mcg zu verkaufen in unserem Online-Shop, der eine sichere Plattform bietet, um 1B-LSD 100mcg ganz einfach online zu kaufen und Ihren Forschungsanforderungen gerecht zu werden.\",\"breadcrumb\":{\"@id\":\"https:\\\/\\\/chemgramx.com\\\/product\\\/1b-lsd-100mcg-online-bestellung\\\/#breadcrumb\"},\"inLanguage\":\"pl-PL\",\"potentialAction\":[{\"@type\":\"ReadAction\",\"target\":[\"https:\\\/\\\/chemgramx.com\\\/product\\\/1b-lsd-100mcg-online-bestellung\\\/\"]}]},{\"@type\":\"ImageObject\",\"inLanguage\":\"pl-PL\",\"@id\":\"https:\\\/\\\/chemgramx.com\\\/product\\\/1b-lsd-100mcg-online-bestellung\\\/#primaryimage\",\"url\":\"https:\\\/\\\/chemgramx.com\\\/wp-content\\\/uploads\\\/2025\\\/12\\\/1b-1.png\",\"contentUrl\":\"https:\\\/\\\/chemgramx.com\\\/wp-content\\\/uploads\\\/2025\\\/12\\\/1b-1.png\",\"width\":600,\"height\":400},{\"@type\":\"BreadcrumbList\",\"@id\":\"https:\\\/\\\/chemgramx.com\\\/product\\\/1b-lsd-100mcg-online-bestellung\\\/#breadcrumb\",\"itemListElement\":[{\"@type\":\"ListItem\",\"position\":1,\"name\":\"Home\",\"item\":\"https:\\\/\\\/chemgramx.com\\\/\"},{\"@type\":\"ListItem\",\"position\":2,\"name\":\"Shop\",\"item\":\"https:\\\/\\\/chemgramx.com\\\/shop\\\/\"},{\"@type\":\"ListItem\",\"position\":3,\"name\":\"1B-LSD 100mcg Online Bestellung\"}]},{\"@type\":\"WebSite\",\"@id\":\"https:\\\/\\\/chemgramx.com\\\/#website\",\"url\":\"https:\\\/\\\/chemgramx.com\\\/\",\"name\":\"Chemgramx\",\"description\":\"\",\"publisher\":{\"@id\":\"https:\\\/\\\/chemgramx.com\\\/#organization\"},\"potentialAction\":[{\"@type\":\"SearchAction\",\"target\":{\"@type\":\"EntryPoint\",\"urlTemplate\":\"https:\\\/\\\/chemgramx.com\\\/?s={search_term_string}\"},\"query-input\":{\"@type\":\"PropertyValueSpecification\",\"valueRequired\":true,\"valueName\":\"search_term_string\"}}],\"inLanguage\":\"pl-PL\"},{\"@type\":\"Organization\",\"@id\":\"https:\\\/\\\/chemgramx.com\\\/#organization\",\"name\":\"Chemgramx\",\"url\":\"https:\\\/\\\/chemgramx.com\\\/\",\"logo\":{\"@type\":\"ImageObject\",\"inLanguage\":\"pl-PL\",\"@id\":\"https:\\\/\\\/chemgramx.com\\\/#\\\/schema\\\/logo\\\/image\\\/\",\"url\":\"https:\\\/\\\/chemgramx.com\\\/wp-content\\\/uploads\\\/2024\\\/10\\\/final-logo.png\",\"contentUrl\":\"https:\\\/\\\/chemgramx.com\\\/wp-content\\\/uploads\\\/2024\\\/10\\\/final-logo.png\",\"width\":250,\"height\":48,\"caption\":\"Chemgramx\"},\"image\":{\"@id\":\"https:\\\/\\\/chemgramx.com\\\/#\\\/schema\\\/logo\\\/image\\\/\"}}]}<\/script>\n<!-- \/ Yoast SEO plugin. -->","yoast_head_json":{"title":"Kup 1B-LSD 100mcg online \u2013 1B-LSD 100mcg na sprzeda\u017c","description":"Znajd\u017a najwy\u017cszej jako\u015bci preparat 1B-LSD 100mcg w sprzeda\u017cy w naszym sklepie internetowym, kt\u00f3ry stanowi bezpieczn\u0105 platform\u0119 umo\u017cliwiaj\u0105c\u0105 \u0142atwy zakup 1B-LSD 100mcg online i zaspokojenie Twoich potrzeb badawczych.","robots":{"index":"index","follow":"follow","max-snippet":"max-snippet:-1","max-image-preview":"max-image-preview:large","max-video-preview":"max-video-preview:-1"},"canonical":"https:\/\/chemgramx.com\/pl\/produkt-1\/1b-lsd-100mcg-zamowienie-online\/","og_locale":"pl_PL","og_type":"article","og_title":"1B-LSD 100mcg online Kaufen \u2013 1B-LSD 100mcg zu verkaufen","og_description":"Finden Sie erstklassiges 1B-LSD 100mcg zu verkaufen in unserem Online-Shop, der eine sichere Plattform bietet, um 1B-LSD 100mcg ganz einfach online zu kaufen und Ihren Forschungsanforderungen gerecht zu werden.","og_url":"https:\/\/chemgramx.com\/pl\/produkt-1\/1b-lsd-100mcg-zamowienie-online\/","og_site_name":"Chemgramx","article_modified_time":"2025-12-11T01:04:29+00:00","og_image":[{"width":600,"height":400,"url":"https:\/\/chemgramx.com\/wp-content\/uploads\/2025\/12\/1b-1.png","type":"image\/png"}],"twitter_card":"summary_large_image","twitter_misc":{"Szacowany czas czytania":"4 minuty"},"schema":{"@context":"https:\/\/schema.org","@graph":[{"@type":"WebPage","@id":"https:\/\/chemgramx.com\/product\/1b-lsd-100mcg-online-bestellung\/","url":"https:\/\/chemgramx.com\/product\/1b-lsd-100mcg-online-bestellung\/","name":"Kup 1B-LSD 100mcg online \u2013 1B-LSD 100mcg na sprzeda\u017c","isPartOf":{"@id":"https:\/\/chemgramx.com\/#website"},"primaryImageOfPage":{"@id":"https:\/\/chemgramx.com\/product\/1b-lsd-100mcg-online-bestellung\/#primaryimage"},"image":{"@id":"https:\/\/chemgramx.com\/product\/1b-lsd-100mcg-online-bestellung\/#primaryimage"},"thumbnailUrl":"https:\/\/chemgramx.com\/wp-content\/uploads\/2025\/12\/1b-1.png","datePublished":"2025-12-11T00:49:46+00:00","dateModified":"2025-12-11T01:04:29+00:00","description":"Znajd\u017a najwy\u017cszej jako\u015bci preparat 1B-LSD 100mcg w sprzeda\u017cy w naszym sklepie internetowym, kt\u00f3ry stanowi bezpieczn\u0105 platform\u0119 umo\u017cliwiaj\u0105c\u0105 \u0142atwy zakup 1B-LSD 100mcg online i zaspokojenie Twoich potrzeb badawczych.","breadcrumb":{"@id":"https:\/\/chemgramx.com\/product\/1b-lsd-100mcg-online-bestellung\/#breadcrumb"},"inLanguage":"pl-PL","potentialAction":[{"@type":"ReadAction","target":["https:\/\/chemgramx.com\/product\/1b-lsd-100mcg-online-bestellung\/"]}]},{"@type":"ImageObject","inLanguage":"pl-PL","@id":"https:\/\/chemgramx.com\/product\/1b-lsd-100mcg-online-bestellung\/#primaryimage","url":"https:\/\/chemgramx.com\/wp-content\/uploads\/2025\/12\/1b-1.png","contentUrl":"https:\/\/chemgramx.com\/wp-content\/uploads\/2025\/12\/1b-1.png","width":600,"height":400},{"@type":"BreadcrumbList","@id":"https:\/\/chemgramx.com\/product\/1b-lsd-100mcg-online-bestellung\/#breadcrumb","itemListElement":[{"@type":"ListItem","position":1,"name":"Home","item":"https:\/\/chemgramx.com\/"},{"@type":"ListItem","position":2,"name":"Shop","item":"https:\/\/chemgramx.com\/shop\/"},{"@type":"ListItem","position":3,"name":"1B-LSD 100mcg Online Bestellung"}]},{"@type":"WebSite","@id":"https:\/\/chemgramx.com\/#website","url":"https:\/\/chemgramx.com\/","name":"Chemgramx","description":"","publisher":{"@id":"https:\/\/chemgramx.com\/#organization"},"potentialAction":[{"@type":"SearchAction","target":{"@type":"EntryPoint","urlTemplate":"https:\/\/chemgramx.com\/?s={search_term_string}"},"query-input":{"@type":"PropertyValueSpecification","valueRequired":true,"valueName":"search_term_string"}}],"inLanguage":"pl-PL"},{"@type":"Organization","@id":"https:\/\/chemgramx.com\/#organization","name":"Chemgramx","url":"https:\/\/chemgramx.com\/","logo":{"@type":"ImageObject","inLanguage":"pl-PL","@id":"https:\/\/chemgramx.com\/#\/schema\/logo\/image\/","url":"https:\/\/chemgramx.com\/wp-content\/uploads\/2024\/10\/final-logo.png","contentUrl":"https:\/\/chemgramx.com\/wp-content\/uploads\/2024\/10\/final-logo.png","width":250,"height":48,"caption":"Chemgramx"},"image":{"@id":"https:\/\/chemgramx.com\/#\/schema\/logo\/image\/"}}]}},"_links":{"self":[{"href":"https:\/\/chemgramx.com\/pl\/wp-json\/wp\/v2\/product\/8733","targetHints":{"allow":["GET"]}}],"collection":[{"href":"https:\/\/chemgramx.com\/pl\/wp-json\/wp\/v2\/product"}],"about":[{"href":"https:\/\/chemgramx.com\/pl\/wp-json\/wp\/v2\/types\/product"}],"replies":[{"embeddable":true,"href":"https:\/\/chemgramx.com\/pl\/wp-json\/wp\/v2\/comments?post=8733"}],"wp:featuredmedia":[{"embeddable":true,"href":"https:\/\/chemgramx.com\/pl\/wp-json\/wp\/v2\/media\/8755"}],"wp:attachment":[{"href":"https:\/\/chemgramx.com\/pl\/wp-json\/wp\/v2\/media?parent=8733"}],"wp:term":[{"taxonomy":"product_brand","embeddable":true,"href":"https:\/\/chemgramx.com\/pl\/wp-json\/wp\/v2\/product_brand?post=8733"},{"taxonomy":"product_cat","embeddable":true,"href":"https:\/\/chemgramx.com\/pl\/wp-json\/wp\/v2\/product_cat?post=8733"},{"taxonomy":"product_tag","embeddable":true,"href":"https:\/\/chemgramx.com\/pl\/wp-json\/wp\/v2\/product_tag?post=8733"}],"curies":[{"name":"wp","href":"https:\/\/api.w.org\/{rel}","templated":true}]}}