{"id":8734,"date":"2025-12-11T00:49:48","date_gmt":"2025-12-11T00:49:48","guid":{"rendered":"https:\/\/chemgramx.com\/?post_type=product&#038;p=8734"},"modified":"2025-12-11T01:04:30","modified_gmt":"2025-12-11T01:04:30","slug":"kupic-etizolam-2mg-online","status":"publish","type":"product","link":"https:\/\/chemgramx.com\/pl\/product\/etizolam-2mg-online-kaufen\/","title":{"rendered":"Kup Etizolam 2mg online"},"content":{"rendered":"<p data-start=\"606\" data-end=\"948\"><strong data-start=\"606\" data-end=\"622\">Etizolam 2mg<\/strong> to substancja chemiczna z grupy tienodiazepin, kt\u00f3ra odgrywa wa\u017cn\u0105 rol\u0119 w badaniach farmakologicznych i neurochemicznych. Jest ona cz\u0119sto stosowana do <strong data-start=\"803\" data-end=\"837\">anksjolityczne (\u0142agodz\u0105ce niepok\u00f3j)<\/strong>, <strong data-start=\"839\" data-end=\"854\">uspokajaj\u0105cy<\/strong> oraz <strong data-start=\"859\" data-end=\"882\">\u015brodek zwiotczaj\u0105cy mi\u0119\u015bnie<\/strong> w\u0142a\u015bciwo\u015bci substancji benzodiazepinopodobnych.<\/p>\n<p data-start=\"950\" data-end=\"1393\">Badacze, kt\u00f3rzy u\u017cywaj\u0105 prawdziwych lub fa\u0142szywych <strong data-start=\"988\" data-end=\"1011\">Kup Etizolam 2mg<\/strong> robi\u0105 to wy\u0142\u0105cznie w celach naukowych. W warunkach laboratoryjnych etizolam jest wykorzystywany do analizy wp\u0142ywu cz\u0105steczek wzmacniaj\u0105cych GABA na o\u015brodkowy uk\u0142ad nerwowy. Ze wzgl\u0119du na sp\u00f3jn\u0105 struktur\u0119 chemiczn\u0105 i wysok\u0105 czysto\u015b\u0107, jest to preferowany zwi\u0105zek w badaniach nad reakcjami na stres, zarz\u0105dzaniem l\u0119kiem i regulacj\u0105 snu.<\/p>\n<h2 data-start=\"1400\" data-end=\"1461\">T\u0142o badawcze i znaczenie farmakologiczne<\/h2>\n<p data-start=\"1463\" data-end=\"1740\">W badaniach farmakologicznych <strong data-start=\"1504\" data-end=\"1520\">Etizolam 2mg<\/strong> jako substancja referencyjna pozwalaj\u0105ca lepiej zrozumie\u0107 mechanizmy dzia\u0142ania receptor\u00f3w GABA-A. Receptory te maj\u0105 kluczowe znaczenie dla hamowania neuron\u00f3w w m\u00f3zgu, a tym samym dla stan\u00f3w relaksu, uspokojenia i snu.<\/p>\n<p data-start=\"1742\" data-end=\"2075\">W przeciwie\u0144stwie do klasycznych benzodiazepin, etizolam ma nieco inn\u0105 struktur\u0119 chemiczn\u0105, co czyni go interesuj\u0105cym obiektem bada\u0144 dla alternatywnych substancji anksjolitycznych. Naukowcy wykorzystuj\u0105 go do uzyskania nowego wgl\u0105du w interakcj\u0119 mi\u0119dzy struktur\u0105 chemiczn\u0105 a efektem farmakologicznym.<\/p>\n<p data-start=\"2077\" data-end=\"2274\">Ponadto etizolam jest analizowany w projektach eksperymentalnych, kt\u00f3re dotycz\u0105 <strong data-start=\"2160\" data-end=\"2183\">Rozw\u00f3j tolerancji<\/strong>, <strong data-start=\"2185\" data-end=\"2211\">Potencja\u0142 zale\u017cno\u015bci<\/strong> oraz <a href=\"\/product\/mexikanisches-kokain\/\"><strong data-start=\"2216\" data-end=\"2237\">Efekty d\u0142ugoterminowe<\/strong> <\/a>substancji GABAergicznych.<\/p>\n<h2 data-start=\"2281\" data-end=\"2320\">Wp\u0142yw i znaczenie bada\u0144<\/h2>\n<p data-start=\"2322\" data-end=\"2614\">Efekt <strong data-start=\"2338\" data-end=\"2354\">Etizolam 2mg<\/strong> wynika g\u0142\u00f3wnie ze wzmocnienia hamuj\u0105cego neuroprzeka\u017anika <strong data-start=\"2434\" data-end=\"2467\">Kwas gamma-aminomas\u0142owy (GABA)<\/strong>. Wi\u0105\u017c\u0105c si\u0119 z receptorami GABA-A, zmniejsza aktywno\u015b\u0107 neuron\u00f3w, powoduj\u0105c stan g\u0142\u0119bokiego spokoju i relaksu.<\/p>\n<p data-start=\"2616\" data-end=\"2705\">Etizolam jest stosowany w eksperymentach naukowych do badania nast\u0119puj\u0105cych zjawisk:<\/p>\n<ul data-start=\"2706\" data-end=\"2878\">\n<li data-start=\"2706\" data-end=\"2746\">\n<p data-start=\"2708\" data-end=\"2746\">Redukcja l\u0119ku i zarz\u0105dzanie stresem<\/p>\n<\/li>\n<li data-start=\"2747\" data-end=\"2782\">\n<p data-start=\"2749\" data-end=\"2782\">Poprawa jako\u015bci snu<\/p>\n<\/li>\n<li data-start=\"2783\" data-end=\"2819\">\n<p data-start=\"2785\" data-end=\"2819\">Rozlu\u017anienie i uspokojenie mi\u0119\u015bni<\/p>\n<\/li>\n<li data-start=\"2820\" data-end=\"2878\">\n<p data-start=\"2822\" data-end=\"2878\">Zmiana wzorc\u00f3w reakcji poznawczych pod wp\u0142ywem sedacji<\/p>\n<\/li>\n<\/ul>\n<p data-start=\"2880\" data-end=\"3056\">Etizolam odgrywa zatem kluczow\u0105 rol\u0119 w projektach badawczych maj\u0105cych na celu opracowanie nowych terapii dla <strong data-start=\"2990\" data-end=\"3008\">Zaburzenia l\u0119kowe<\/strong>, <strong data-start=\"3010\" data-end=\"3027\">Ataki paniki<\/strong> oraz <strong data-start=\"3032\" data-end=\"3044\">Bezsenno\u015b\u0107<\/strong> cel.<\/p>\n<p data-start=\"3058\" data-end=\"3242\">Badacze, kt\u00f3rzy zadaj\u0105 sobie pytanie <strong data-start=\"3084\" data-end=\"3119\">Gdzie kupi\u0107 Etizolam 2mg<\/strong>, Klienci korzystaj\u0105 z przetestowanej jako\u015bci laboratoryjnej i certyfikowanych pr\u00f3bek, kt\u00f3re gwarantuj\u0105 czysto\u015b\u0107 i sp\u00f3jno\u015b\u0107 chemiczn\u0105.<\/p>\n<h2 data-start=\"3249\" data-end=\"3287\">Kontrola czysto\u015bci i jako\u015bci<\/h2>\n<p data-start=\"3289\" data-end=\"3559\">Ka\u017cda partia <strong data-start=\"3305\" data-end=\"3321\">Etizolam 2mg<\/strong>, Produkt, kt\u00f3ry jest dost\u0119pny online, jest regularnie testowany w niezale\u017cnych laboratoriach, aby zapewni\u0107 najwy\u017csz\u0105 czysto\u015b\u0107 i sp\u00f3jno\u015b\u0107. Tylko dzi\u0119ki tym kontrolom jako\u015bci mo\u017cna osi\u0105gn\u0105\u0107 precyzyjne i powtarzalne wyniki bada\u0144.<\/p>\n<p data-start=\"3561\" data-end=\"3750\">Analiza obejmuje testy chromatograficzne, oznaczenia czysto\u015bci oraz <a href=\"\/product\/death-star-hash-online\/\">Analizy widmowe<\/a>, aby upewni\u0107 si\u0119, \u017ce zwi\u0105zek jest wolny od zanieczyszcze\u0144 lub produkt\u00f3w ubocznych.<\/p>\n<p data-start=\"3752\" data-end=\"3837\">Ten wysoki standard oznacza, \u017ce <strong data-start=\"3784\" data-end=\"3814\">Kup Etizolam 2mg online<\/strong> idealny wyb\u00f3r dla:<\/p>\n<ul data-start=\"3838\" data-end=\"3991\">\n<li data-start=\"3838\" data-end=\"3885\">\n<p data-start=\"3840\" data-end=\"3885\">Badania farmakologiczne i neurochemiczne<\/p>\n<\/li>\n<li data-start=\"3886\" data-end=\"3926\">\n<p data-start=\"3888\" data-end=\"3926\">Testy toksykologiczne i analityczne<\/p>\n<\/li>\n<li data-start=\"3927\" data-end=\"3991\">\n<p data-start=\"3929\" data-end=\"3991\">Badania por\u00f3wnawcze z innymi pochodnymi benzodiazepiny<\/p>\n<\/li>\n<\/ul>\n<p data-start=\"3993\" data-end=\"4138\">Badacze, kt\u00f3rzy s\u0105 zale\u017cni od dok\u0142adnych danych i powtarzalnych wynik\u00f3w, znajd\u0105 w <strong data-start=\"4082\" data-end=\"4098\">Etizolam 2mg<\/strong> niezawodne narz\u0119dzie badawcze.<\/p>\n<h2 data-start=\"4145\" data-end=\"4189\">Instrukcje bezpiecze\u0144stwa i u\u017cytkowania<\/h2>\n<p data-start=\"4191\" data-end=\"4534\">Etizolam 2mg jest przeznaczony wy\u0142\u0105cznie dla <strong data-start=\"4231\" data-end=\"4262\">zastosowanie naukowe<\/strong> Przeznaczenie. Spo\u017cycie przez ludzi lub jakiekolwiek u\u017cycie inne ni\u017c laboratoryjne jest niedozwolone. <strong data-start=\"4344\" data-end=\"4369\">surowo zabronione<\/strong>. Organizacje badawcze powinny zapewni\u0107, \u017ce wszystkie eksperymenty s\u0105 przeprowadzane w kontrolowanych warunkach i wy\u0142\u0105cznie przez wykwalifikowany personel.<\/p>\n<p data-start=\"4536\" data-end=\"4587\">Wa\u017cne instrukcje bezpiecze\u0144stwa dla \u015brodowisk laboratoryjnych:<\/p>\n<ul data-start=\"4588\" data-end=\"4808\">\n<li data-start=\"4588\" data-end=\"4643\">\n<p data-start=\"4590\" data-end=\"4643\">Do u\u017cytku wy\u0142\u0105cznie przez przeszkolony personel<\/p>\n<\/li>\n<li data-start=\"4644\" data-end=\"4693\">\n<p data-start=\"4646\" data-end=\"4693\">Unika\u0107 kontaktu ze sk\u00f3r\u0105 lub b\u0142onami \u015bluzowymi<\/p>\n<\/li>\n<li data-start=\"4694\" data-end=\"4760\">\n<p data-start=\"4696\" data-end=\"4760\">Nosi\u0107 odpowiedni sprz\u0119t ochronny (r\u0119kawice, okulary ochronne, fartuch).<\/p>\n<\/li>\n<li data-start=\"4761\" data-end=\"4808\">\n<p data-start=\"4763\" data-end=\"4808\">Przechowywanie w oznakowanych pojemnikach laboratoryjnych<\/p>\n<\/li>\n<\/ul>\n<p data-start=\"4810\" data-end=\"5014\">Naukowcy, kt\u00f3rzy <strong data-start=\"4824\" data-end=\"4874\">Zam\u00f3w oryginalny lub podrobiony Etizolam 2mg<\/strong>, Dostawca powinien zawsze upewni\u0107 si\u0119, \u017ce posiada odpowiednie certyfikaty bezpiecze\u0144stwa i \u017ce wszystkie dostawy s\u0105 udokumentowane.<\/p>\n<h2 data-start=\"5021\" data-end=\"5054\">Przechowywanie i okres trwa\u0142o\u015bci<\/h2>\n<p data-start=\"5056\" data-end=\"5285\"><strong data-start=\"5056\" data-end=\"5072\">Etizolam 2mg<\/strong> powinien by\u0107 na poziomie <strong data-start=\"5089\" data-end=\"5114\">ch\u0142odne, suche miejsce<\/strong> z dala od bezpo\u015bredniego \u015bwiat\u0142a s\u0142onecznego, \u017ar\u00f3de\u0142 ciep\u0142a i wilgoci. Substancja jest wra\u017cliwa na \u015bwiat\u0142o i mo\u017ce ulec rozk\u0142adowi w przypadku nieprawid\u0142owego przechowywania.<\/p>\n<p data-start=\"5287\" data-end=\"5310\">W zwi\u0105zku z tym zaleca si\u0119:<\/p>\n<ul data-start=\"5311\" data-end=\"5452\">\n<li data-start=\"5311\" data-end=\"5365\">\n<p data-start=\"5313\" data-end=\"5365\">Przechowywa\u0107 w szczelnych pojemnikach<\/p>\n<\/li>\n<li data-start=\"5366\" data-end=\"5415\">\n<p data-start=\"5368\" data-end=\"5415\">Przechowywanie w stabilnej temperaturze poni\u017cej 25\u00b0C<\/p>\n<\/li>\n<li data-start=\"5416\" data-end=\"5452\">\n<p data-start=\"5418\" data-end=\"5452\">Ochrona przed nieautoryzowanym dost\u0119pem<\/p>\n<\/li>\n<\/ul>\n<p data-start=\"5454\" data-end=\"5617\">W\u0142a\u015bciwe przechowywanie pozwala zachowa\u0107 chemiczn\u0105 integralno\u015b\u0107 substancji przez d\u0142u\u017cszy czas, dzi\u0119ki czemu nadaje si\u0119 ona do test\u00f3w analitycznych.<\/p>\n<h2 data-start=\"5624\" data-end=\"5676\">Kluczowe cechy i zalety Etizolam 2mg<\/h2>\n<p data-start=\"5678\" data-end=\"5847\">Etizolam jest ceniony nie tylko za swoj\u0105 stabilno\u015b\u0107 chemiczn\u0105, ale tak\u017ce za szeroki zakres zastosowa\u0144 w badaniach farmakologicznych.<\/p>\n<p data-start=\"5849\" data-end=\"5887\">Do najwa\u017cniejszych zalet nale\u017c\u0105<\/p>\n<ul data-start=\"5888\" data-end=\"6251\">\n<li data-start=\"5888\" data-end=\"5980\">\n<p data-start=\"5890\" data-end=\"5980\"><strong data-start=\"5890\" data-end=\"5908\">Wysoka czysto\u015b\u0107:<\/strong> Idealny do precyzyjnych bada\u0144 farmakologicznych i psychofarmakologicznych<\/p>\n<\/li>\n<li data-start=\"5981\" data-end=\"6082\">\n<p data-start=\"5983\" data-end=\"6082\"><strong data-start=\"5983\" data-end=\"6008\">Specyficzne dla bada\u0144:<\/strong> Opracowany do badania efekt\u00f3w anksjolitycznych i uspokajaj\u0105cych<\/p>\n<\/li>\n<li data-start=\"6083\" data-end=\"6156\">\n<p data-start=\"6085\" data-end=\"6156\"><strong data-start=\"6085\" data-end=\"6112\">Certyfikowana jako\u015b\u0107:<\/strong> Ka\u017cda partia jest testowana i certyfikowana<\/p>\n<\/li>\n<li data-start=\"6157\" data-end=\"6251\">\n<p data-start=\"6159\" data-end=\"6251\"><strong data-start=\"6159\" data-end=\"6183\">Wszechstronne zastosowanie:<\/strong> Szczeg\u00f3lnie istotne w badaniach nad zaburzeniami l\u0119kowymi i snu<\/p>\n<\/li>\n<\/ul>\n<p data-start=\"6253\" data-end=\"6472\">Ponadto, zakup Etizolamu online oferuje badaczom prosty, bezpieczny i dyskretny spos\u00f3b bezpo\u015bredniego pozyskiwania wysokiej jako\u015bci zwi\u0105zk\u00f3w - co jest kluczow\u0105 zalet\u0105 dla globalnej wsp\u00f3\u0142pracy badawczej.<\/p>\n<h2 data-start=\"6479\" data-end=\"6493\">Wnioski<\/h2>\n<p data-start=\"6495\" data-end=\"6734\"><strong data-start=\"6495\" data-end=\"6511\">Etizolam 2mg<\/strong> jest wa\u017cnym narz\u0119dziem badawczym we wsp\u00f3\u0142czesnej farmakologii i neuronauce. Jego wp\u0142yw na receptory GABA czyni go centralnym elementem bada\u0144 eksperymentalnych nad l\u0119kiem, stresem i snem.<\/p>\n<p data-start=\"6736\" data-end=\"7020\">Kto <strong data-start=\"6740\" data-end=\"6770\">Kup Etizolam 2mg online<\/strong> Je\u015bli chcesz u\u017cywa\u0107 <strong data-start=\"6809\" data-end=\"6850\">Renomowani dostawcy z certyfikatami COA<\/strong> aby zapewni\u0107 czysto\u015b\u0107 i bezpiecze\u0144stwo. Ka\u017cda pr\u00f3bka podlega \u015bcis\u0142ej kontroli jako\u015bci, umo\u017cliwiaj\u0105c precyzyjn\u0105 prac\u0119 naukow\u0105.<\/p>\n<p data-start=\"7022\" data-end=\"7279\">Dzi\u0119ki odpowiedzialnej obs\u0142udze, kontrolowanym warunkom laboratoryjnym i przejrzystym strukturom dostawc\u00f3w, Etizolam mo\u017ce pom\u00f3c badaczom uzyska\u0107 cenny wgl\u0105d w ludzki uk\u0142ad nerwowy - bezpiecznie, legalnie i naukowo.<\/p>","protected":false},"excerpt":{"rendered":"<p><strong>Etizolam 2mg<\/strong> to wysoce czysty zwi\u0105zek chemiczny wykorzystywany do bada\u0144 naukowych i farmakologicznych. Substancja ta jest wykorzystywana do badania w\u0142a\u015bciwo\u015bci anksjolitycznych i uspokajaj\u0105cych. <strong>Etizolam<\/strong> jest przeznaczony do u\u017cytku wy\u0142\u0105cznie w \u015brodowisku laboratoryjnym i nie mo\u017ce by\u0107 u\u017cywany do spo\u017cycia przez ludzi.<\/p>","protected":false},"featured_media":8767,"comment_status":"open","ping_status":"closed","template":"","meta":{"_joinchat":[]},"product_brand":[],"product_cat":[1802],"product_tag":[2099,2093,2095,2100,2101,2102,2094,2098,2096,2097],"class_list":{"0":"post-8734","1":"product","2":"type-product","3":"status-publish","4":"has-post-thumbnail","6":"product_cat-blotters","7":"product_tag-beruhigungsmittel","8":"product_tag-etizolam-2mg","9":"product_tag-etizolam-2mg-zum-verkauf","10":"product_tag-etizolam-chemikalien","11":"product_tag-etizolam-forschung","12":"product_tag-etizolam-fur-forschung","13":"product_tag-etizolam-kaufen","14":"product_tag-etizolam-kristalle","15":"product_tag-etizolam-online","16":"product_tag-etizolam-pulver","18":"first","19":"instock","20":"shipping-taxable","21":"purchasable","22":"product-type-variable"},"yoast_head":"<!-- This site is optimized with the Yoast SEO plugin v27.5 - https:\/\/yoast.com\/product\/yoast-seo-wordpress\/ -->\n<title>Etizolam 2mg | Hochwirksame Chemikalie f\u00fcr pharmakologische<\/title>\n<meta name=\"description\" content=\"Untersuchen Sie Etizolam 2mg, eine hochwirksame chemische Verbindung f\u00fcr die Analyse von anxiolytischen und sedierenden Effekten. Nur f\u00fcr wissenschaftliche Studien.\" \/>\n<meta name=\"robots\" content=\"index, follow, max-snippet:-1, max-image-preview:large, max-video-preview:-1\" \/>\n<link rel=\"canonical\" href=\"https:\/\/chemgramx.com\/pl\/produkt-1\/kupic-etizolam-2mg-online\/\" \/>\n<meta property=\"og:locale\" content=\"pl_PL\" \/>\n<meta property=\"og:type\" content=\"article\" \/>\n<meta property=\"og:title\" content=\"Etizolam 2mg | Hochwirksame Chemikalie f\u00fcr pharmakologische\" \/>\n<meta property=\"og:description\" content=\"Untersuchen Sie Etizolam 2mg, eine hochwirksame chemische Verbindung f\u00fcr die Analyse von anxiolytischen und sedierenden Effekten. Nur f\u00fcr wissenschaftliche Studien.\" \/>\n<meta property=\"og:url\" content=\"https:\/\/chemgramx.com\/pl\/produkt-1\/kupic-etizolam-2mg-online\/\" \/>\n<meta property=\"og:site_name\" content=\"Chemgramx\" \/>\n<meta property=\"article:modified_time\" content=\"2025-12-11T01:04:30+00:00\" \/>\n<meta property=\"og:image\" content=\"https:\/\/chemgramx.com\/wp-content\/uploads\/2025\/12\/etizulam2mg.png\" \/>\n\t<meta property=\"og:image:width\" content=\"600\" \/>\n\t<meta property=\"og:image:height\" content=\"400\" \/>\n\t<meta property=\"og:image:type\" content=\"image\/png\" \/>\n<meta name=\"twitter:card\" content=\"summary_large_image\" \/>\n<meta name=\"twitter:label1\" content=\"Szacowany czas czytania\" \/>\n\t<meta name=\"twitter:data1\" content=\"4 minuty\" \/>\n<script type=\"application\/ld+json\" class=\"yoast-schema-graph\">{\"@context\":\"https:\\\/\\\/schema.org\",\"@graph\":[{\"@type\":\"WebPage\",\"@id\":\"https:\\\/\\\/chemgramx.com\\\/product\\\/etizolam-2mg-online-kaufen\\\/\",\"url\":\"https:\\\/\\\/chemgramx.com\\\/product\\\/etizolam-2mg-online-kaufen\\\/\",\"name\":\"Etizolam 2mg | Hochwirksame Chemikalie f\u00fcr pharmakologische\",\"isPartOf\":{\"@id\":\"https:\\\/\\\/chemgramx.com\\\/#website\"},\"primaryImageOfPage\":{\"@id\":\"https:\\\/\\\/chemgramx.com\\\/product\\\/etizolam-2mg-online-kaufen\\\/#primaryimage\"},\"image\":{\"@id\":\"https:\\\/\\\/chemgramx.com\\\/product\\\/etizolam-2mg-online-kaufen\\\/#primaryimage\"},\"thumbnailUrl\":\"https:\\\/\\\/chemgramx.com\\\/wp-content\\\/uploads\\\/2025\\\/12\\\/etizulam2mg.png\",\"datePublished\":\"2025-12-11T00:49:48+00:00\",\"dateModified\":\"2025-12-11T01:04:30+00:00\",\"description\":\"Untersuchen Sie Etizolam 2mg, eine hochwirksame chemische Verbindung f\u00fcr die Analyse von anxiolytischen und sedierenden Effekten. Nur f\u00fcr wissenschaftliche Studien.\",\"breadcrumb\":{\"@id\":\"https:\\\/\\\/chemgramx.com\\\/product\\\/etizolam-2mg-online-kaufen\\\/#breadcrumb\"},\"inLanguage\":\"pl-PL\",\"potentialAction\":[{\"@type\":\"ReadAction\",\"target\":[\"https:\\\/\\\/chemgramx.com\\\/product\\\/etizolam-2mg-online-kaufen\\\/\"]}]},{\"@type\":\"ImageObject\",\"inLanguage\":\"pl-PL\",\"@id\":\"https:\\\/\\\/chemgramx.com\\\/product\\\/etizolam-2mg-online-kaufen\\\/#primaryimage\",\"url\":\"https:\\\/\\\/chemgramx.com\\\/wp-content\\\/uploads\\\/2025\\\/12\\\/etizulam2mg.png\",\"contentUrl\":\"https:\\\/\\\/chemgramx.com\\\/wp-content\\\/uploads\\\/2025\\\/12\\\/etizulam2mg.png\",\"width\":600,\"height\":400},{\"@type\":\"BreadcrumbList\",\"@id\":\"https:\\\/\\\/chemgramx.com\\\/product\\\/etizolam-2mg-online-kaufen\\\/#breadcrumb\",\"itemListElement\":[{\"@type\":\"ListItem\",\"position\":1,\"name\":\"Home\",\"item\":\"https:\\\/\\\/chemgramx.com\\\/\"},{\"@type\":\"ListItem\",\"position\":2,\"name\":\"Shop\",\"item\":\"https:\\\/\\\/chemgramx.com\\\/shop\\\/\"},{\"@type\":\"ListItem\",\"position\":3,\"name\":\"Etizolam 2mg online kaufen\"}]},{\"@type\":\"WebSite\",\"@id\":\"https:\\\/\\\/chemgramx.com\\\/#website\",\"url\":\"https:\\\/\\\/chemgramx.com\\\/\",\"name\":\"Chemgramx\",\"description\":\"\",\"publisher\":{\"@id\":\"https:\\\/\\\/chemgramx.com\\\/#organization\"},\"potentialAction\":[{\"@type\":\"SearchAction\",\"target\":{\"@type\":\"EntryPoint\",\"urlTemplate\":\"https:\\\/\\\/chemgramx.com\\\/?s={search_term_string}\"},\"query-input\":{\"@type\":\"PropertyValueSpecification\",\"valueRequired\":true,\"valueName\":\"search_term_string\"}}],\"inLanguage\":\"pl-PL\"},{\"@type\":\"Organization\",\"@id\":\"https:\\\/\\\/chemgramx.com\\\/#organization\",\"name\":\"Chemgramx\",\"url\":\"https:\\\/\\\/chemgramx.com\\\/\",\"logo\":{\"@type\":\"ImageObject\",\"inLanguage\":\"pl-PL\",\"@id\":\"https:\\\/\\\/chemgramx.com\\\/#\\\/schema\\\/logo\\\/image\\\/\",\"url\":\"https:\\\/\\\/chemgramx.com\\\/wp-content\\\/uploads\\\/2024\\\/10\\\/final-logo.png\",\"contentUrl\":\"https:\\\/\\\/chemgramx.com\\\/wp-content\\\/uploads\\\/2024\\\/10\\\/final-logo.png\",\"width\":250,\"height\":48,\"caption\":\"Chemgramx\"},\"image\":{\"@id\":\"https:\\\/\\\/chemgramx.com\\\/#\\\/schema\\\/logo\\\/image\\\/\"}}]}<\/script>\n<!-- \/ Yoast SEO plugin. -->","yoast_head_json":{"title":"Etizolam 2 mg | Wysoce skuteczny \u015brodek chemiczny do stosowania w farmakoterapii","description":"Zbadaj Etizolam 2 mg, wysoce skuteczny zwi\u0105zek chemiczny, w celu analizy dzia\u0142ania przeciwl\u0119kowego i uspokajaj\u0105cego. Wy\u0142\u0105cznie do bada\u0144 naukowych.","robots":{"index":"index","follow":"follow","max-snippet":"max-snippet:-1","max-image-preview":"max-image-preview:large","max-video-preview":"max-video-preview:-1"},"canonical":"https:\/\/chemgramx.com\/pl\/produkt-1\/kupic-etizolam-2mg-online\/","og_locale":"pl_PL","og_type":"article","og_title":"Etizolam 2mg | Hochwirksame Chemikalie f\u00fcr pharmakologische","og_description":"Untersuchen Sie Etizolam 2mg, eine hochwirksame chemische Verbindung f\u00fcr die Analyse von anxiolytischen und sedierenden Effekten. Nur f\u00fcr wissenschaftliche Studien.","og_url":"https:\/\/chemgramx.com\/pl\/produkt-1\/kupic-etizolam-2mg-online\/","og_site_name":"Chemgramx","article_modified_time":"2025-12-11T01:04:30+00:00","og_image":[{"width":600,"height":400,"url":"https:\/\/chemgramx.com\/wp-content\/uploads\/2025\/12\/etizulam2mg.png","type":"image\/png"}],"twitter_card":"summary_large_image","twitter_misc":{"Szacowany czas czytania":"4 minuty"},"schema":{"@context":"https:\/\/schema.org","@graph":[{"@type":"WebPage","@id":"https:\/\/chemgramx.com\/product\/etizolam-2mg-online-kaufen\/","url":"https:\/\/chemgramx.com\/product\/etizolam-2mg-online-kaufen\/","name":"Etizolam 2 mg | Wysoce skuteczny \u015brodek chemiczny do stosowania w farmakoterapii","isPartOf":{"@id":"https:\/\/chemgramx.com\/#website"},"primaryImageOfPage":{"@id":"https:\/\/chemgramx.com\/product\/etizolam-2mg-online-kaufen\/#primaryimage"},"image":{"@id":"https:\/\/chemgramx.com\/product\/etizolam-2mg-online-kaufen\/#primaryimage"},"thumbnailUrl":"https:\/\/chemgramx.com\/wp-content\/uploads\/2025\/12\/etizulam2mg.png","datePublished":"2025-12-11T00:49:48+00:00","dateModified":"2025-12-11T01:04:30+00:00","description":"Zbadaj Etizolam 2 mg, wysoce skuteczny zwi\u0105zek chemiczny, w celu analizy dzia\u0142ania przeciwl\u0119kowego i uspokajaj\u0105cego. Wy\u0142\u0105cznie do bada\u0144 naukowych.","breadcrumb":{"@id":"https:\/\/chemgramx.com\/product\/etizolam-2mg-online-kaufen\/#breadcrumb"},"inLanguage":"pl-PL","potentialAction":[{"@type":"ReadAction","target":["https:\/\/chemgramx.com\/product\/etizolam-2mg-online-kaufen\/"]}]},{"@type":"ImageObject","inLanguage":"pl-PL","@id":"https:\/\/chemgramx.com\/product\/etizolam-2mg-online-kaufen\/#primaryimage","url":"https:\/\/chemgramx.com\/wp-content\/uploads\/2025\/12\/etizulam2mg.png","contentUrl":"https:\/\/chemgramx.com\/wp-content\/uploads\/2025\/12\/etizulam2mg.png","width":600,"height":400},{"@type":"BreadcrumbList","@id":"https:\/\/chemgramx.com\/product\/etizolam-2mg-online-kaufen\/#breadcrumb","itemListElement":[{"@type":"ListItem","position":1,"name":"Home","item":"https:\/\/chemgramx.com\/"},{"@type":"ListItem","position":2,"name":"Shop","item":"https:\/\/chemgramx.com\/shop\/"},{"@type":"ListItem","position":3,"name":"Etizolam 2mg online kaufen"}]},{"@type":"WebSite","@id":"https:\/\/chemgramx.com\/#website","url":"https:\/\/chemgramx.com\/","name":"Chemgramx","description":"","publisher":{"@id":"https:\/\/chemgramx.com\/#organization"},"potentialAction":[{"@type":"SearchAction","target":{"@type":"EntryPoint","urlTemplate":"https:\/\/chemgramx.com\/?s={search_term_string}"},"query-input":{"@type":"PropertyValueSpecification","valueRequired":true,"valueName":"search_term_string"}}],"inLanguage":"pl-PL"},{"@type":"Organization","@id":"https:\/\/chemgramx.com\/#organization","name":"Chemgramx","url":"https:\/\/chemgramx.com\/","logo":{"@type":"ImageObject","inLanguage":"pl-PL","@id":"https:\/\/chemgramx.com\/#\/schema\/logo\/image\/","url":"https:\/\/chemgramx.com\/wp-content\/uploads\/2024\/10\/final-logo.png","contentUrl":"https:\/\/chemgramx.com\/wp-content\/uploads\/2024\/10\/final-logo.png","width":250,"height":48,"caption":"Chemgramx"},"image":{"@id":"https:\/\/chemgramx.com\/#\/schema\/logo\/image\/"}}]}},"_links":{"self":[{"href":"https:\/\/chemgramx.com\/pl\/wp-json\/wp\/v2\/product\/8734","targetHints":{"allow":["GET"]}}],"collection":[{"href":"https:\/\/chemgramx.com\/pl\/wp-json\/wp\/v2\/product"}],"about":[{"href":"https:\/\/chemgramx.com\/pl\/wp-json\/wp\/v2\/types\/product"}],"replies":[{"embeddable":true,"href":"https:\/\/chemgramx.com\/pl\/wp-json\/wp\/v2\/comments?post=8734"}],"wp:featuredmedia":[{"embeddable":true,"href":"https:\/\/chemgramx.com\/pl\/wp-json\/wp\/v2\/media\/8767"}],"wp:attachment":[{"href":"https:\/\/chemgramx.com\/pl\/wp-json\/wp\/v2\/media?parent=8734"}],"wp:term":[{"taxonomy":"product_brand","embeddable":true,"href":"https:\/\/chemgramx.com\/pl\/wp-json\/wp\/v2\/product_brand?post=8734"},{"taxonomy":"product_cat","embeddable":true,"href":"https:\/\/chemgramx.com\/pl\/wp-json\/wp\/v2\/product_cat?post=8734"},{"taxonomy":"product_tag","embeddable":true,"href":"https:\/\/chemgramx.com\/pl\/wp-json\/wp\/v2\/product_tag?post=8734"}],"curies":[{"name":"wp","href":"https:\/\/api.w.org\/{rel}","templated":true}]}}