{"id":8757,"date":"2025-12-11T01:04:02","date_gmt":"2025-12-11T01:04:02","guid":{"rendered":"https:\/\/chemgramx.com\/?post_type=product&#038;p=8757"},"modified":"2025-12-11T01:06:20","modified_gmt":"2025-12-11T01:06:20","slug":"girl-scout-cookies-strain-28-thc-2","status":"publish","type":"product","link":"https:\/\/chemgramx.com\/pl\/product\/girl-scout-cookies-strain-28-thc-2\/","title":{"rendered":"Girl Scout Cookies Szczep 28% THC"},"content":{"rendered":"<p><b>Alprazolam<\/b>, lepiej znany na ca\u0142ym \u015bwiecie pod nazw\u0105 handlow\u0105 Xanax, jest <b>Silnie dzia\u0142aj\u0105ca, kr\u00f3tko dzia\u0142aj\u0105ca benzodiazepina<\/b>. <b>To<\/b> jest jedn\u0105 z najcz\u0119\u015bciej przepisywanych substancji psychoaktywnych na ca\u0142ym \u015bwiecie. <b>Jego<\/b> G\u0142\u00f3wnym wskazaniem jest leczenie <b>Zaburzenia l\u0119kowe, zaburzenia l\u0119kowe z agorafobi\u0105 lub bez agorafobii<\/b> oraz <b>Kr\u00f3tkotrwa\u0142y, silny niepok\u00f3j i napi\u0119cie<\/b>. <b>The<\/b> Posta\u0107 dawkowania <b>2 mg<\/b> reprezentuje <b>Wysoka pojedyncza dawka<\/b> g\u0142\u00f3wnie dla pacjent\u00f3w z <b>wyra\u017ane objawy<\/b> lub dla tych, kt\u00f3rzy ju\u017c maj\u0105 <b>pewna tolerancja<\/b> Pod uwag\u0119 brane jest ryzyko wyst\u0105pienia skutk\u00f3w ubocznych substancji. <b>W konsekwencji<\/b> stosowanie alprazolamu podlega najsurowszej kontroli medycznej i prawnej.<\/p>\n<p>Ten artyku\u0142 oferuje <b>szczeg\u00f3\u0142owe, naukowe badanie<\/b> mechanizmu dzia\u0142ania, w\u0142a\u015bciwo\u015bci farmakokinetycznych, zastosowania terapeutycznego oraz znacznego ryzyka i potencja\u0142u uzale\u017cnienia zwi\u0105zanego z przyjmowaniem tego silnego leku.<\/p>\n<h2><b>Mechanizm dzia\u0142ania i farmakodynamika<\/b><\/h2>\n<p>Alprazolam rozwija swoje dzia\u0142anie w o\u015brodkowym uk\u0142adzie nerwowym (OUN). <b>Tutaj<\/b> wzmacnia dzia\u0142anie najwa\u017cniejszych <b><a href=\"\/product\/green-mandala-mix-kaufen\/\">hamuj\u0105cy<\/a> Neuroprzeka\u017aniki<\/b>, kwas gamma-aminomas\u0142owy <b>(GABA)<\/b>.<\/p>\n<h4><b>Rola receptora GABA-A<\/b><\/h4>\n<p>Benzodiazepiny, takie jak alprazolam, wi\u0105\u017c\u0105 si\u0119 specyficznie z podjednostk\u0105 <b>Kompleks receptora GABA-A<\/b>. <b>Te<\/b> Wi\u0105zanie prowadzi do <b>wzmocnione otwarcie<\/b> kana\u0142\u00f3w chlorkowych. <b>Tym samym<\/b> ujemnie na\u0142adowane jony chlorkowe wp\u0142ywaj\u0105 do kom\u00f3rki nerwowej. <b>To<\/b> skutkuje <b>Hiperpolaryzacja<\/b> kom\u00f3rki. <b>Najwa\u017cniejsze informacje<\/b> pobudliwo\u015b\u0107 kom\u00f3rki nerwowej jest znacznie zmniejszona. <b>Tak wi\u0119c<\/b> a <b>T\u0142umienie og\u00f3lne<\/b> aktywno\u015bci neuronalnej w m\u00f3zgu.<\/p>\n<ul>\n<li><b>Dzia\u0142anie przeciwl\u0119kowe (anksjolityczne):<\/b> T\u0142umienie uk\u0142ad\u00f3w limbicznych prowadzi do szybkiego <b>Zmniejszenie niepokoju i nerwowo\u015bci<\/b>.<\/li>\n<li><b>Uspokajaj\u0105cy (uspokajaj\u0105cy\/nasenny):<\/b> Efekt ten prowadzi do <b>Promowanie wewn\u0119trznego spokoju i relaksu<\/b>.<\/li>\n<li><b>\u015arodek zwiotczaj\u0105cy mi\u0119\u015bnie i przeciwdrgawkowy:<\/b> <b>Dodatkowo<\/b> Alprazolam posiada w\u0142a\u015bciwo\u015bci, kt\u00f3re <b>Rozlu\u017anienie mi\u0119\u015bni<\/b> i do <b>Zapobieganie napadom<\/b> przyczyni\u0107 si\u0119.<\/li>\n<\/ul>\n<h4><b>Kinetyka efektu<\/b><\/h4>\n<p>Alprazolam charakteryzuje si\u0119 nast\u0119puj\u0105cymi w\u0142a\u015bciwo\u015bciami <b>szybki pocz\u0105tek dzia\u0142ania<\/b> od. <b>Normalnie<\/b> maksymalne st\u0119\u017cenie w osoczu jest ju\u017c <b>w ci\u0105gu jednej do dw\u00f3ch godzin<\/b> po podaniu doustnym. <b>To<\/b> Szybkie zalewanie jest powodem jego popularno\u015bci w\u015br\u00f3d <b>Leczenie ostre<\/b> atak\u00f3w paniki. <b>Jednak\u017ce<\/b> przenosi stosunkowo <b>Kr\u00f3tki okres p\u00f3\u0142trwania<\/b> (oko\u0142o 11 do 15 godzin) r\u00f3wnie\u017c do <b>zwi\u0119kszone ryzyko uzale\u017cnienia<\/b> poniewa\u017c pacjenci mog\u0105 szybko d\u0105\u017cy\u0107 do nowego pocz\u0105tku dzia\u0142ania.<\/p>\n<h2><b>Zastosowanie terapeutyczne i wytyczne<\/b><\/h2>\n<p>Dawka <b>2 mg alprazolamu<\/b> jest w terapii a <b>Wysoka pojedyncza dawka<\/b>, co wymaga precyzyjnego wskazania. <b>Aplikacja<\/b> jest \u015bci\u015ble ograniczona do <b>Leczenie kr\u00f3tkoterminowe<\/b> ograniczone.<\/p>\n<h4><b>Wskazania<\/b><\/h4>\n<p><b>G\u0142\u00f3wnie<\/b> Alprazolam jest przepisywany w leczeniu:<\/p>\n<ul>\n<li><b>Zaburzenia paniki:<\/b> <b>Tutaj<\/b> Szybki efekt odgrywa decyduj\u0105c\u0105 rol\u0119 w ostrym przerwaniu ataku paniki.<\/li>\n<li><b>Silny niepok\u00f3j:<\/b> <b>To<\/b> jest u\u017cywany tylko w przypadku warunk\u00f3w, kt\u00f3re <b>silnie upo\u015bledzaj\u0105cy<\/b> i nie reaguj\u0105 wystarczaj\u0105co na inne, mniej ryzykowne leki.<\/li>\n<\/ul>\n<h4><b>Ograniczenia u\u017cytkowania i \u015brodki ostro\u017cno\u015bci<\/b><\/h4>\n<p><b>Wytyczne medyczne<\/b> podkre\u015blaj\u0105, \u017ce benzodiazepiny, ze wzgl\u0119du na ich <b>Wysoki potencja\u0142 zale\u017cno\u015bci<\/b> tylko dla jednego <b>kr\u00f3tki okres<\/b> (zwykle nie d\u0142u\u017cej ni\u017c 2 do 4 tygodni). <b>To<\/b> dotyczy w szczeg\u00f3lno\u015bci postaci o wysokiej dawce 2 mg. <b>Ponadto<\/b> musz\u0105 by\u0107 zawsze brane pod uwag\u0119 <b>zgodnie z zaleceniami lekarza<\/b> mie\u0107 miejsce.<\/p>\n<ul>\n<li><b>Niebezpieczne kombinacje:<\/b> <b>The<\/b> Po\u0142\u0105czenie alprazolamu z <b>Alkohol<\/b> lub inny <b>\u015arodki uspokajaj\u0105ce<\/b> (takich jak opioidy, leki przeciwhistaminowe) jest <b>zagra\u017caj\u0105ce \u017cyciu<\/b>. <b>Te<\/b> Interakcje mog\u0105 prowadzi\u0107 do <b>potencjalnie \u015bmiertelna depresja oddechowa<\/b> prowadzi\u0107.<\/li>\n<\/ul>\n<h2><b>Ryzyko, uzale\u017cnienie i mo\u017cliwo\u015b\u0107 nadu\u017cycia<\/b><\/h2>\n<p>Alprazolam, zw\u0142aszcza w postaci 2 mg, zawiera <b>Istotne ryzyko<\/b> w odniesieniu do rozwoju <b>Uzale\u017cnienie i nadu\u017cywanie<\/b>.<\/p>\n<ul>\n<li><b>Uzale\u017cnienie fizyczne i psychiczne:<\/b> <b>Jeden<\/b> Tolerancja mo\u017ce rozwin\u0105\u0107 si\u0119 ju\u017c po kilku tygodniach regularnego stosowania. <b>W rezultacie<\/b> wymagane s\u0105 wy\u017csze dawki, aby osi\u0105gn\u0105\u0107 ten sam efekt terapeutyczny.<\/li>\n<li><b>Objawy odstawienia:<\/b> <b>Z<\/b> Po nag\u0142ym odstawieniu leku mog\u0105 wyst\u0105pi\u0107 powa\u017cne objawy odstawienia. <b>Te<\/b> zakres od l\u0119ku z odbicia, bezsenno\u015bci, stan\u00f3w pobudzenia do <b>napady zagra\u017caj\u0105ce \u017cyciu<\/b>. <b>Dlatego<\/b> lek musi zawsze <b>skradanie si\u0119<\/b> i przerwane pod nadzorem lekarza.<\/li>\n<\/ul>\n<h2><b>Regulacje prawne i niebezpiecze\u0144stwa zwi\u0105zane z nielegalnym pozyskiwaniem<\/b><\/h2>\n<p><b>W Niemczech<\/b> W wi\u0119kszo\u015bci kraj\u00f3w alprazolam nale\u017cy do kategorii <b>Ustawa o \u015brodkach odurzaj\u0105cych (BtMG)<\/b> lub podobnych surowych przepis\u00f3w.<\/p>\n<ul>\n<li><b>Tylko na recept\u0119:<\/b> Ka\u017cda dostawa, ka\u017cde posiadanie i ka\u017cde zastosowanie wymaga <b>wa\u017cna recepta lekarska<\/b>. <b>The<\/b> Dostawa ma miejsce <b>wy\u0142\u0105cznie za po\u015brednictwem licencjonowanych aptek<\/b>.<\/li>\n<li><b>Niebezpiecze\u0144stwo kupowania online:<\/b> <b>The<\/b> Nielegalny zakup Alprazolamu online bez recepty to <b>Niezwykle niebezpieczne<\/b>. <b>W trakcie<\/b> istnieje ryzyko, <b>podrobione preparaty<\/b> do odbioru. <b>Te<\/b> mog\u0105 zawiera\u0107 nieprawid\u0142owe dawki lub toksyczne sk\u0142adniki, kt\u00f3re <b>konsekwencje zagra\u017caj\u0105ce \u017cyciu<\/b> mo\u017ce mie\u0107.<\/li>\n<\/ul>","protected":false},"excerpt":{"rendered":"<p data-start=\"2615\" data-end=\"2732\">Girl Scout Cookies - hybryda z 28 % THC. S\u0142odki i ziemisty smak, silny haj i jako\u015b\u0107 premium dla do\u015bwiadczonych u\u017cytkownik\u00f3w.<\/p>","protected":false},"featured_media":8790,"comment_status":"open","ping_status":"closed","template":"","meta":{"_joinchat":[]},"product_brand":[],"product_cat":[62],"product_tag":[],"class_list":{"0":"post-8757","1":"product","2":"type-product","3":"status-publish","4":"has-post-thumbnail","6":"product_cat-marijuana","8":"first","9":"instock","10":"shipping-taxable","11":"purchasable","12":"product-type-variable"},"yoast_head":"<!-- This site is optimized with the Yoast SEO plugin v27.5 - https:\/\/yoast.com\/product\/yoast-seo-wordpress\/ -->\n<title>Girl Scout Cookies kaufen | 28% THC Hybrid<\/title>\n<meta name=\"description\" content=\"Girl Scout Cookies online kaufen \u2013 28 % THC, s\u00fc\u00df-erdiges Aroma, starkes High. Premium-Hybrid mit diskretem Versand in Deutschland &amp; EU.\" \/>\n<meta name=\"robots\" content=\"index, follow, max-snippet:-1, max-image-preview:large, max-video-preview:-1\" \/>\n<link rel=\"canonical\" href=\"https:\/\/chemgramx.com\/pl\/produkt-1\/girl-scout-cookies-strain-28-thc-2\/\" \/>\n<meta property=\"og:locale\" content=\"pl_PL\" \/>\n<meta property=\"og:type\" content=\"article\" \/>\n<meta property=\"og:title\" content=\"Girl Scout Cookies kaufen | 28% THC Hybrid\" \/>\n<meta property=\"og:description\" content=\"Girl Scout Cookies online kaufen \u2013 28 % THC, s\u00fc\u00df-erdiges Aroma, starkes High. Premium-Hybrid mit diskretem Versand in Deutschland &amp; EU.\" \/>\n<meta property=\"og:url\" content=\"https:\/\/chemgramx.com\/pl\/produkt-1\/girl-scout-cookies-strain-28-thc-2\/\" \/>\n<meta property=\"og:site_name\" content=\"Chemgramx\" \/>\n<meta property=\"article:modified_time\" content=\"2025-12-11T01:06:20+00:00\" \/>\n<meta property=\"og:image\" content=\"https:\/\/chemgramx.com\/wp-content\/uploads\/2025\/12\/girl-scout-cookies-strain-28-thc.jpg\" \/>\n\t<meta property=\"og:image:width\" content=\"800\" \/>\n\t<meta property=\"og:image:height\" content=\"800\" \/>\n\t<meta property=\"og:image:type\" content=\"image\/jpeg\" \/>\n<meta name=\"twitter:card\" content=\"summary_large_image\" \/>\n<meta name=\"twitter:label1\" content=\"Szacowany czas czytania\" \/>\n\t<meta name=\"twitter:data1\" content=\"3 minuty\" \/>\n<script type=\"application\/ld+json\" class=\"yoast-schema-graph\">{\"@context\":\"https:\\\/\\\/schema.org\",\"@graph\":[{\"@type\":\"WebPage\",\"@id\":\"https:\\\/\\\/chemgramx.com\\\/product\\\/girl-scout-cookies-strain-28-thc-2\\\/\",\"url\":\"https:\\\/\\\/chemgramx.com\\\/product\\\/girl-scout-cookies-strain-28-thc-2\\\/\",\"name\":\"Girl Scout Cookies kaufen | 28% THC Hybrid\",\"isPartOf\":{\"@id\":\"https:\\\/\\\/chemgramx.com\\\/#website\"},\"primaryImageOfPage\":{\"@id\":\"https:\\\/\\\/chemgramx.com\\\/product\\\/girl-scout-cookies-strain-28-thc-2\\\/#primaryimage\"},\"image\":{\"@id\":\"https:\\\/\\\/chemgramx.com\\\/product\\\/girl-scout-cookies-strain-28-thc-2\\\/#primaryimage\"},\"thumbnailUrl\":\"https:\\\/\\\/chemgramx.com\\\/wp-content\\\/uploads\\\/2025\\\/12\\\/girl-scout-cookies-strain-28-thc.jpg\",\"datePublished\":\"2025-12-11T01:04:02+00:00\",\"dateModified\":\"2025-12-11T01:06:20+00:00\",\"description\":\"Girl Scout Cookies online kaufen \u2013 28 % THC, s\u00fc\u00df-erdiges Aroma, starkes High. Premium-Hybrid mit diskretem Versand in Deutschland &amp; EU.\",\"breadcrumb\":{\"@id\":\"https:\\\/\\\/chemgramx.com\\\/product\\\/girl-scout-cookies-strain-28-thc-2\\\/#breadcrumb\"},\"inLanguage\":\"pl-PL\",\"potentialAction\":[{\"@type\":\"ReadAction\",\"target\":[\"https:\\\/\\\/chemgramx.com\\\/product\\\/girl-scout-cookies-strain-28-thc-2\\\/\"]}]},{\"@type\":\"ImageObject\",\"inLanguage\":\"pl-PL\",\"@id\":\"https:\\\/\\\/chemgramx.com\\\/product\\\/girl-scout-cookies-strain-28-thc-2\\\/#primaryimage\",\"url\":\"https:\\\/\\\/chemgramx.com\\\/wp-content\\\/uploads\\\/2025\\\/12\\\/girl-scout-cookies-strain-28-thc.jpg\",\"contentUrl\":\"https:\\\/\\\/chemgramx.com\\\/wp-content\\\/uploads\\\/2025\\\/12\\\/girl-scout-cookies-strain-28-thc.jpg\",\"width\":800,\"height\":800},{\"@type\":\"BreadcrumbList\",\"@id\":\"https:\\\/\\\/chemgramx.com\\\/product\\\/girl-scout-cookies-strain-28-thc-2\\\/#breadcrumb\",\"itemListElement\":[{\"@type\":\"ListItem\",\"position\":1,\"name\":\"Home\",\"item\":\"https:\\\/\\\/chemgramx.com\\\/\"},{\"@type\":\"ListItem\",\"position\":2,\"name\":\"Shop\",\"item\":\"https:\\\/\\\/chemgramx.com\\\/shop\\\/\"},{\"@type\":\"ListItem\",\"position\":3,\"name\":\"Girl Scout Cookies Strain 28% THC\"}]},{\"@type\":\"WebSite\",\"@id\":\"https:\\\/\\\/chemgramx.com\\\/#website\",\"url\":\"https:\\\/\\\/chemgramx.com\\\/\",\"name\":\"Chemgramx\",\"description\":\"\",\"publisher\":{\"@id\":\"https:\\\/\\\/chemgramx.com\\\/#organization\"},\"potentialAction\":[{\"@type\":\"SearchAction\",\"target\":{\"@type\":\"EntryPoint\",\"urlTemplate\":\"https:\\\/\\\/chemgramx.com\\\/?s={search_term_string}\"},\"query-input\":{\"@type\":\"PropertyValueSpecification\",\"valueRequired\":true,\"valueName\":\"search_term_string\"}}],\"inLanguage\":\"pl-PL\"},{\"@type\":\"Organization\",\"@id\":\"https:\\\/\\\/chemgramx.com\\\/#organization\",\"name\":\"Chemgramx\",\"url\":\"https:\\\/\\\/chemgramx.com\\\/\",\"logo\":{\"@type\":\"ImageObject\",\"inLanguage\":\"pl-PL\",\"@id\":\"https:\\\/\\\/chemgramx.com\\\/#\\\/schema\\\/logo\\\/image\\\/\",\"url\":\"https:\\\/\\\/chemgramx.com\\\/wp-content\\\/uploads\\\/2024\\\/10\\\/final-logo.png\",\"contentUrl\":\"https:\\\/\\\/chemgramx.com\\\/wp-content\\\/uploads\\\/2024\\\/10\\\/final-logo.png\",\"width\":250,\"height\":48,\"caption\":\"Chemgramx\"},\"image\":{\"@id\":\"https:\\\/\\\/chemgramx.com\\\/#\\\/schema\\\/logo\\\/image\\\/\"}}]}<\/script>\n<!-- \/ Yoast SEO plugin. -->","yoast_head_json":{"title":"Kup Girl Scout Cookies | 28% THC Hybrid","description":"Girl Scout Cookies online kaufen \u2013 28 % THC, s\u00fc\u00df-erdiges Aroma, starkes High. Premium-Hybrid mit diskretem Versand in Deutschland &amp; EU.","robots":{"index":"index","follow":"follow","max-snippet":"max-snippet:-1","max-image-preview":"max-image-preview:large","max-video-preview":"max-video-preview:-1"},"canonical":"https:\/\/chemgramx.com\/pl\/produkt-1\/girl-scout-cookies-strain-28-thc-2\/","og_locale":"pl_PL","og_type":"article","og_title":"Girl Scout Cookies kaufen | 28% THC Hybrid","og_description":"Girl Scout Cookies online kaufen \u2013 28 % THC, s\u00fc\u00df-erdiges Aroma, starkes High. Premium-Hybrid mit diskretem Versand in Deutschland &amp; EU.","og_url":"https:\/\/chemgramx.com\/pl\/produkt-1\/girl-scout-cookies-strain-28-thc-2\/","og_site_name":"Chemgramx","article_modified_time":"2025-12-11T01:06:20+00:00","og_image":[{"width":800,"height":800,"url":"https:\/\/chemgramx.com\/wp-content\/uploads\/2025\/12\/girl-scout-cookies-strain-28-thc.jpg","type":"image\/jpeg"}],"twitter_card":"summary_large_image","twitter_misc":{"Szacowany czas czytania":"3 minuty"},"schema":{"@context":"https:\/\/schema.org","@graph":[{"@type":"WebPage","@id":"https:\/\/chemgramx.com\/product\/girl-scout-cookies-strain-28-thc-2\/","url":"https:\/\/chemgramx.com\/product\/girl-scout-cookies-strain-28-thc-2\/","name":"Kup Girl Scout Cookies | 28% THC Hybrid","isPartOf":{"@id":"https:\/\/chemgramx.com\/#website"},"primaryImageOfPage":{"@id":"https:\/\/chemgramx.com\/product\/girl-scout-cookies-strain-28-thc-2\/#primaryimage"},"image":{"@id":"https:\/\/chemgramx.com\/product\/girl-scout-cookies-strain-28-thc-2\/#primaryimage"},"thumbnailUrl":"https:\/\/chemgramx.com\/wp-content\/uploads\/2025\/12\/girl-scout-cookies-strain-28-thc.jpg","datePublished":"2025-12-11T01:04:02+00:00","dateModified":"2025-12-11T01:06:20+00:00","description":"Girl Scout Cookies online kaufen \u2013 28 % THC, s\u00fc\u00df-erdiges Aroma, starkes High. Premium-Hybrid mit diskretem Versand in Deutschland &amp; EU.","breadcrumb":{"@id":"https:\/\/chemgramx.com\/product\/girl-scout-cookies-strain-28-thc-2\/#breadcrumb"},"inLanguage":"pl-PL","potentialAction":[{"@type":"ReadAction","target":["https:\/\/chemgramx.com\/product\/girl-scout-cookies-strain-28-thc-2\/"]}]},{"@type":"ImageObject","inLanguage":"pl-PL","@id":"https:\/\/chemgramx.com\/product\/girl-scout-cookies-strain-28-thc-2\/#primaryimage","url":"https:\/\/chemgramx.com\/wp-content\/uploads\/2025\/12\/girl-scout-cookies-strain-28-thc.jpg","contentUrl":"https:\/\/chemgramx.com\/wp-content\/uploads\/2025\/12\/girl-scout-cookies-strain-28-thc.jpg","width":800,"height":800},{"@type":"BreadcrumbList","@id":"https:\/\/chemgramx.com\/product\/girl-scout-cookies-strain-28-thc-2\/#breadcrumb","itemListElement":[{"@type":"ListItem","position":1,"name":"Home","item":"https:\/\/chemgramx.com\/"},{"@type":"ListItem","position":2,"name":"Shop","item":"https:\/\/chemgramx.com\/shop\/"},{"@type":"ListItem","position":3,"name":"Girl Scout Cookies Strain 28% THC"}]},{"@type":"WebSite","@id":"https:\/\/chemgramx.com\/#website","url":"https:\/\/chemgramx.com\/","name":"Chemgramx","description":"","publisher":{"@id":"https:\/\/chemgramx.com\/#organization"},"potentialAction":[{"@type":"SearchAction","target":{"@type":"EntryPoint","urlTemplate":"https:\/\/chemgramx.com\/?s={search_term_string}"},"query-input":{"@type":"PropertyValueSpecification","valueRequired":true,"valueName":"search_term_string"}}],"inLanguage":"pl-PL"},{"@type":"Organization","@id":"https:\/\/chemgramx.com\/#organization","name":"Chemgramx","url":"https:\/\/chemgramx.com\/","logo":{"@type":"ImageObject","inLanguage":"pl-PL","@id":"https:\/\/chemgramx.com\/#\/schema\/logo\/image\/","url":"https:\/\/chemgramx.com\/wp-content\/uploads\/2024\/10\/final-logo.png","contentUrl":"https:\/\/chemgramx.com\/wp-content\/uploads\/2024\/10\/final-logo.png","width":250,"height":48,"caption":"Chemgramx"},"image":{"@id":"https:\/\/chemgramx.com\/#\/schema\/logo\/image\/"}}]}},"_links":{"self":[{"href":"https:\/\/chemgramx.com\/pl\/wp-json\/wp\/v2\/product\/8757","targetHints":{"allow":["GET"]}}],"collection":[{"href":"https:\/\/chemgramx.com\/pl\/wp-json\/wp\/v2\/product"}],"about":[{"href":"https:\/\/chemgramx.com\/pl\/wp-json\/wp\/v2\/types\/product"}],"replies":[{"embeddable":true,"href":"https:\/\/chemgramx.com\/pl\/wp-json\/wp\/v2\/comments?post=8757"}],"wp:featuredmedia":[{"embeddable":true,"href":"https:\/\/chemgramx.com\/pl\/wp-json\/wp\/v2\/media\/8790"}],"wp:attachment":[{"href":"https:\/\/chemgramx.com\/pl\/wp-json\/wp\/v2\/media?parent=8757"}],"wp:term":[{"taxonomy":"product_brand","embeddable":true,"href":"https:\/\/chemgramx.com\/pl\/wp-json\/wp\/v2\/product_brand?post=8757"},{"taxonomy":"product_cat","embeddable":true,"href":"https:\/\/chemgramx.com\/pl\/wp-json\/wp\/v2\/product_cat?post=8757"},{"taxonomy":"product_tag","embeddable":true,"href":"https:\/\/chemgramx.com\/pl\/wp-json\/wp\/v2\/product_tag?post=8757"}],"curies":[{"name":"wp","href":"https:\/\/api.w.org\/{rel}","templated":true}]}}