{"id":8776,"date":"2025-12-11T01:04:42","date_gmt":"2025-12-11T01:04:42","guid":{"rendered":"https:\/\/chemgramx.com\/?post_type=product&#038;p=8776"},"modified":"2025-12-11T01:05:13","modified_gmt":"2025-12-11T01:05:13","slug":"winian-ecpla-l-zamowienie-online","status":"publish","type":"product","link":"https:\/\/chemgramx.com\/pl\/product\/ecpla-l-tartrate-online-bestellung\/","title":{"rendered":"ECPLA L-Tartrate Zam\u00f3w online"},"content":{"rendered":"<h2 data-start=\"182\" data-end=\"249\">Kup ECPLA L-Tartrate online \u2013 badania najwy\u017cszej jako\u015bci<\/h2>\n<p data-start=\"267\" data-end=\"799\">Zakup ECPLA L-Tartrate Online staje si\u0119 coraz wa\u017cniejszy w badaniach naukowych. ECPLA L-Tartrate to nowa substancja psychodeliczna z klasy lizergamid\u00f3w, opracowana jako strukturalny analog LSD. Dzi\u0119ki podobnej strukturze molekularnej i por\u00f3wnywalnym w\u0142a\u015bciwo\u015bciom <a href=\"https:\/\/chemgramx.com\/product\/ecpla-l-tartrate\/\">ECPLA L-Tartrate na sprzeda\u017c<\/a> Stosowany g\u0142\u00f3wnie w laboratoriach. Nale\u017cy pami\u0119ta\u0107, \u017ce substancja ta nie jest przeznaczona do spo\u017cycia przez ludzi i powinna by\u0107 stosowana wy\u0142\u0105cznie w kontrolowanych warunkach badawczych.<\/p>\n<h3 data-start=\"801\" data-end=\"830\">L-winian ECPLA<\/h3>\n<p data-start=\"831\" data-end=\"1240\"><a href=\"https:\/\/en.wikipedia.org\/wiki\/ECPLA\">L-winian ECPLA<\/a> buy online, znany r\u00f3wnie\u017c jako kwas lizergowy N-etylo-N-cyklopropyloamid hemi-L-winian, jest syntetyczn\u0105 pochodn\u0105 kwasu lizergowego. Nale\u017cy do grupy lizergamid\u00f3w i ma strukturalne podobie\u0144stwa do LSD. Modyfikacje jego struktury mog\u0105 wp\u0142ywa\u0107 na jego w\u0142a\u015bciwo\u015bci farmakologiczne. Analizy naukowe intensywnie badaj\u0105 te mechanizmy.<\/p>\n<h3 data-start=\"1242\" data-end=\"1285\">Klasyfikacja chemiczna i por\u00f3wnanie z innymi stymulantami<\/h3>\n<p data-start=\"1286\" data-end=\"1694\">W por\u00f3wnaniu do klasycznych stymulant\u00f3w, takich jak amfetaminy, L-winian ECPLA nale\u017cy do klasy lizergamid\u00f3w. Substancje te oddzia\u0142uj\u0105 g\u0142\u00f3wnie z receptorami serotoninowymi w m\u00f3zgu, w szczeg\u00f3lno\u015bci z receptorem 5-HT2A. Mo\u017ce to prowadzi\u0107 do zmian w percepcji. Nawet je\u015bli dok\u0142adne efekty nie s\u0105 jeszcze w pe\u0142ni udokumentowane, zainteresowanie zam\u00f3wieniem winianu L ECPLA do bada\u0144 stale ro\u015bnie.<\/p>\n<h3 data-start=\"1696\" data-end=\"1741\">Efekty i korzy\u015bci stosowania L-winianu ECPLA<\/h3>\n<p data-start=\"1742\" data-end=\"1853\">Wst\u0119pne raporty pokazuj\u0105, \u017ce zakup ECPLA L-Tartrate mo\u017ce wywo\u0142a\u0107 efekty podobne do LSD w testach laboratoryjnych:<\/p>\n<ul data-start=\"1855\" data-end=\"1952\">\n<li data-start=\"1855\" data-end=\"1892\">\n<p data-start=\"1857\" data-end=\"1892\">zmienione postrzeganie wizualne<\/p>\n<\/li>\n<li data-start=\"1893\" data-end=\"1927\">\n<p data-start=\"1895\" data-end=\"1927\">wyostrzone percepcje sensoryczne<\/p>\n<\/li>\n<li data-start=\"1928\" data-end=\"1952\">\n<p data-start=\"1930\" data-end=\"1952\">introspektywny zbi\u00f3r<\/p>\n<\/li>\n<\/ul>\n<p data-start=\"1954\" data-end=\"2044\">Poniewa\u017c nie ma pe\u0142nych danych klinicznych, kluczowe znaczenie ma bezpiecze\u0144stwo stosowania.<\/p>\n<h3 data-start=\"2046\" data-end=\"2086\">Zalecane dawkowanie i spos\u00f3b post\u0119powania<\/h3>\n<p data-start=\"2087\" data-end=\"2324\">Dawkowanie ECPLA L-Tartrate na sprzeda\u017c powinno by\u0107 ustalane wy\u0142\u0105cznie przez profesjonalist\u00f3w do cel\u00f3w badawczych. Proszki i bibu\u0142y s\u0105 powszechnymi formami. Niezb\u0119dne s\u0105 profesjonalne warunki laboratoryjne i precyzyjne metody pomiarowe.<\/p>\n<h3 data-start=\"2326\" data-end=\"2348\">Czas trwania efekt\u00f3w<\/h3>\n<p data-start=\"2349\" data-end=\"2537\">Czas trwania efekt\u00f3w nie jest dok\u0142adnie udokumentowany. Naukowcy odradzaj\u0105 ponowne dawkowanie. Zamiast tego, ka\u017cde zastosowanie powinno by\u0107 jasno okre\u015blone i \u015bci\u015ble monitorowane.<\/p>\n<h3 data-start=\"2539\" data-end=\"2580\">Dlaczego warto kupi\u0107 ECPLA L-Tartrate online?<\/h3>\n<p data-start=\"2581\" data-end=\"2631\">Zakup D-Tertylone online wi\u0105\u017ce si\u0119 z wieloma korzy\u015bciami:<\/p>\n<ul data-start=\"2633\" data-end=\"2895\">\n<li data-start=\"2633\" data-end=\"2699\">\n<p data-start=\"2635\" data-end=\"2699\">\u0141atwy dost\u0119p do Gdzie kupi\u0107 ECPLA L-Tartrate na ca\u0142ym \u015bwiecie?<\/p>\n<\/li>\n<li data-start=\"2700\" data-end=\"2772\">\n<p data-start=\"2702\" data-end=\"2772\">Niska cena winianu L-winianu ECPLA w por\u00f3wnaniu z lokalnymi \u017ar\u00f3d\u0142ami<\/p>\n<\/li>\n<li data-start=\"2773\" data-end=\"2822\">\n<p data-start=\"2775\" data-end=\"2822\">Dyskretne opakowanie i niezawodna wysy\u0142ka<\/p>\n<\/li>\n<li data-start=\"2823\" data-end=\"2895\">\n<p data-start=\"2825\" data-end=\"2895\">Dost\u0119pno\u015b\u0107 od wyspecjalizowanych dostawc\u00f3w, kt\u00f3rzy mog\u0105 udowodni\u0107 czysto\u015b\u0107<\/p>\n<\/li>\n<\/ul>\n<h3 data-start=\"2897\" data-end=\"2917\">Sytuacja prawna<\/h3>\n<p data-start=\"2918\" data-end=\"3152\">Sytuacja prawna jest bardzo zr\u00f3\u017cnicowana. Podczas gdy w niekt\u00f3rych krajach jest on uwa\u017cany za substancj\u0119 kontrolowan\u0105, w innych nie jest on wyra\u017anie regulowany. Ka\u017cdy, kto chce kupi\u0107 L-winian ECPLA online, powinien wcze\u015bniej sprawdzi\u0107 lokalne przepisy.<\/p>\n<h3 data-start=\"3154\" data-end=\"3206\">Najlepsze miejsca do zakupu BMDP online<\/h3>\n<p data-start=\"3207\" data-end=\"3286\">Najlepsze miejsce do zakupu ECPLA L-Tartrate online spe\u0142nia wa\u017cne kryteria:<\/p>\n<ul data-start=\"3288\" data-end=\"3410\">\n<li data-start=\"3288\" data-end=\"3312\">Certyfikowane laboratoria<\/li>\n<li data-start=\"3313\" data-end=\"3353\">\n<p data-start=\"3315\" data-end=\"3353\">Przejrzyste karty charakterystyki<\/p>\n<\/li>\n<li data-start=\"3354\" data-end=\"3379\">\n<p data-start=\"3356\" data-end=\"3379\">Udowodniona czysto\u015b\u0107<\/p>\n<\/li>\n<li data-start=\"3380\" data-end=\"3410\">\n<p data-start=\"3382\" data-end=\"3410\">Pozytywne opinie klient\u00f3w<\/p>\n<\/li>\n<\/ul>\n<p data-start=\"3412\" data-end=\"3588\">Dostawcy chemii badawczej, tacy jak Biochemal lub TeamChemists, dostarczaj\u0105 L-winian ECPLA na sprzeda\u017c w jako\u015bci analitycznej, zawsze zgodnie z obowi\u0105zuj\u0105cymi przepisami.<\/p>\n<h2 data-start=\"3590\" data-end=\"3600\">Wnioski<\/h2>\n<p data-start=\"3601\" data-end=\"3907\">Zakup ECPLA L-Tartrate online z wiarygodnego \u017ar\u00f3d\u0142a jest najlepszym wyborem dla naukowc\u00f3w poszukuj\u0105cych czysto\u015bci, bezpiecze\u0144stwa i niezawodno\u015bci. Je\u015bli chcesz kupi\u0107 ECPLA L-Tartrate online, powiniene\u015b korzysta\u0107 wy\u0142\u0105cznie z godnych zaufania \u017ar\u00f3de\u0142, kt\u00f3re oferuj\u0105 przejrzyste standardy jako\u015bci.<\/p>\n<p data-start=\"3909\" data-end=\"4089\">Renomowany dostawca nie tylko zapewnia najlepsz\u0105 cen\u0119 L-winianu ECPLA, ale tak\u017ce pewno\u015b\u0107, \u017ce badania opieraj\u0105 si\u0119 na wiarygodnych materia\u0142ach.<\/p>","protected":false},"excerpt":{"rendered":"<p><strong>L-winian ECPLA<\/strong> jest syntetyczn\u0105 substancj\u0105 chemiczn\u0105 pochodz\u0105c\u0105 z <strong>Klasa tryptamin<\/strong>kt\u00f3ry jest cz\u0119sto badany pod k\u0105tem potencjalnych efekt\u00f3w psychodelicznych. Strukturalnie spokrewniony z innymi zwi\u0105zkami serotoninergicznymi, prawdopodobnie wchodzi w interakcje z <strong>Receptory serotoninowe<\/strong> w m\u00f3zgu, co mo\u017ce prowadzi\u0107 do zmiany postrzegania zmys\u0142owego i do\u015bwiadcze\u0144 emocjonalnych. L-winian ECPLA nie jest dopuszczony do spo\u017cycia przez ludzi i jest stosowany wy\u0142\u0105cznie w badaniach laboratoryjnych.<\/p>","protected":false},"featured_media":8794,"comment_status":"open","ping_status":"closed","template":"","meta":{"_joinchat":[]},"product_brand":[],"product_cat":[56],"product_tag":[2602,2597,2599,2596,2598,2601,2603,2600,2015],"class_list":{"0":"post-8776","1":"product","2":"type-product","3":"status-publish","4":"has-post-thumbnail","6":"product_cat-opioids","7":"product_tag-ecpla-chemikalien","8":"product_tag-ecpla-kaufen","9":"product_tag-ecpla-kristalle","10":"product_tag-ecpla-l-tartrat","11":"product_tag-ecpla-l-tartrate-kaufen","12":"product_tag-ecpla-online-kaufen","13":"product_tag-ecpla-preis","14":"product_tag-l-tartrate-kaufen","15":"product_tag-synthetische-drogen","17":"first","18":"instock","19":"shipping-taxable","20":"purchasable","21":"product-type-variable"},"yoast_head":"<!-- This site is optimized with the Yoast SEO plugin v27.5 - https:\/\/yoast.com\/product\/yoast-seo-wordpress\/ -->\n<title>ECPLA L-Tartrate Kaufen \u2013 H\u00f6chste Qualit\u00e4t | Chemgramx<\/title>\n<meta name=\"description\" content=\"Kaufen Sie ECPLA L-Tartrate Pulver online bei Chemgramx. Laborgepr\u00fcft, \u226599% Reinheit, schnelle Lieferung und faire Preise. Jetzt bestellen!\" \/>\n<meta name=\"robots\" content=\"index, follow, max-snippet:-1, max-image-preview:large, max-video-preview:-1\" \/>\n<link rel=\"canonical\" href=\"https:\/\/chemgramx.com\/pl\/produkt-1\/winian-ecpla-l-zamowienie-online\/\" \/>\n<meta property=\"og:locale\" content=\"pl_PL\" \/>\n<meta property=\"og:type\" content=\"article\" \/>\n<meta property=\"og:title\" content=\"ECPLA L-Tartrate Kaufen \u2013 H\u00f6chste Qualit\u00e4t | Chemgramx\" \/>\n<meta property=\"og:description\" content=\"Kaufen Sie ECPLA L-Tartrate Pulver online bei Chemgramx. Laborgepr\u00fcft, \u226599% Reinheit, schnelle Lieferung und faire Preise. Jetzt bestellen!\" \/>\n<meta property=\"og:url\" content=\"https:\/\/chemgramx.com\/pl\/produkt-1\/winian-ecpla-l-zamowienie-online\/\" \/>\n<meta property=\"og:site_name\" content=\"Chemgramx\" \/>\n<meta property=\"article:modified_time\" content=\"2025-12-11T01:05:13+00:00\" \/>\n<meta property=\"og:image\" content=\"https:\/\/chemgramx.com\/wp-content\/uploads\/2025\/12\/Buy-ECPLA-L-tartrate-online.webp\" \/>\n\t<meta property=\"og:image:width\" content=\"800\" \/>\n\t<meta property=\"og:image:height\" content=\"600\" \/>\n\t<meta property=\"og:image:type\" content=\"image\/webp\" \/>\n<meta name=\"twitter:card\" content=\"summary_large_image\" \/>\n<meta name=\"twitter:label1\" content=\"Szacowany czas czytania\" \/>\n\t<meta name=\"twitter:data1\" content=\"3 minuty\" \/>\n<script type=\"application\/ld+json\" class=\"yoast-schema-graph\">{\"@context\":\"https:\\\/\\\/schema.org\",\"@graph\":[{\"@type\":\"WebPage\",\"@id\":\"https:\\\/\\\/chemgramx.com\\\/product\\\/ecpla-l-tartrate-online-bestellung\\\/\",\"url\":\"https:\\\/\\\/chemgramx.com\\\/product\\\/ecpla-l-tartrate-online-bestellung\\\/\",\"name\":\"ECPLA L-Tartrate Kaufen \u2013 H\u00f6chste Qualit\u00e4t | Chemgramx\",\"isPartOf\":{\"@id\":\"https:\\\/\\\/chemgramx.com\\\/#website\"},\"primaryImageOfPage\":{\"@id\":\"https:\\\/\\\/chemgramx.com\\\/product\\\/ecpla-l-tartrate-online-bestellung\\\/#primaryimage\"},\"image\":{\"@id\":\"https:\\\/\\\/chemgramx.com\\\/product\\\/ecpla-l-tartrate-online-bestellung\\\/#primaryimage\"},\"thumbnailUrl\":\"https:\\\/\\\/chemgramx.com\\\/wp-content\\\/uploads\\\/2025\\\/12\\\/Buy-ECPLA-L-tartrate-online.webp\",\"datePublished\":\"2025-12-11T01:04:42+00:00\",\"dateModified\":\"2025-12-11T01:05:13+00:00\",\"description\":\"Kaufen Sie ECPLA L-Tartrate Pulver online bei Chemgramx. Laborgepr\u00fcft, \u226599% Reinheit, schnelle Lieferung und faire Preise. Jetzt bestellen!\",\"breadcrumb\":{\"@id\":\"https:\\\/\\\/chemgramx.com\\\/product\\\/ecpla-l-tartrate-online-bestellung\\\/#breadcrumb\"},\"inLanguage\":\"pl-PL\",\"potentialAction\":[{\"@type\":\"ReadAction\",\"target\":[\"https:\\\/\\\/chemgramx.com\\\/product\\\/ecpla-l-tartrate-online-bestellung\\\/\"]}]},{\"@type\":\"ImageObject\",\"inLanguage\":\"pl-PL\",\"@id\":\"https:\\\/\\\/chemgramx.com\\\/product\\\/ecpla-l-tartrate-online-bestellung\\\/#primaryimage\",\"url\":\"https:\\\/\\\/chemgramx.com\\\/wp-content\\\/uploads\\\/2025\\\/12\\\/Buy-ECPLA-L-tartrate-online.webp\",\"contentUrl\":\"https:\\\/\\\/chemgramx.com\\\/wp-content\\\/uploads\\\/2025\\\/12\\\/Buy-ECPLA-L-tartrate-online.webp\",\"width\":800,\"height\":600},{\"@type\":\"BreadcrumbList\",\"@id\":\"https:\\\/\\\/chemgramx.com\\\/product\\\/ecpla-l-tartrate-online-bestellung\\\/#breadcrumb\",\"itemListElement\":[{\"@type\":\"ListItem\",\"position\":1,\"name\":\"Home\",\"item\":\"https:\\\/\\\/chemgramx.com\\\/\"},{\"@type\":\"ListItem\",\"position\":2,\"name\":\"Shop\",\"item\":\"https:\\\/\\\/chemgramx.com\\\/shop\\\/\"},{\"@type\":\"ListItem\",\"position\":3,\"name\":\"ECPLA L-Tartrate Online Bestellung\"}]},{\"@type\":\"WebSite\",\"@id\":\"https:\\\/\\\/chemgramx.com\\\/#website\",\"url\":\"https:\\\/\\\/chemgramx.com\\\/\",\"name\":\"Chemgramx\",\"description\":\"\",\"publisher\":{\"@id\":\"https:\\\/\\\/chemgramx.com\\\/#organization\"},\"potentialAction\":[{\"@type\":\"SearchAction\",\"target\":{\"@type\":\"EntryPoint\",\"urlTemplate\":\"https:\\\/\\\/chemgramx.com\\\/?s={search_term_string}\"},\"query-input\":{\"@type\":\"PropertyValueSpecification\",\"valueRequired\":true,\"valueName\":\"search_term_string\"}}],\"inLanguage\":\"pl-PL\"},{\"@type\":\"Organization\",\"@id\":\"https:\\\/\\\/chemgramx.com\\\/#organization\",\"name\":\"Chemgramx\",\"url\":\"https:\\\/\\\/chemgramx.com\\\/\",\"logo\":{\"@type\":\"ImageObject\",\"inLanguage\":\"pl-PL\",\"@id\":\"https:\\\/\\\/chemgramx.com\\\/#\\\/schema\\\/logo\\\/image\\\/\",\"url\":\"https:\\\/\\\/chemgramx.com\\\/wp-content\\\/uploads\\\/2024\\\/10\\\/final-logo.png\",\"contentUrl\":\"https:\\\/\\\/chemgramx.com\\\/wp-content\\\/uploads\\\/2024\\\/10\\\/final-logo.png\",\"width\":250,\"height\":48,\"caption\":\"Chemgramx\"},\"image\":{\"@id\":\"https:\\\/\\\/chemgramx.com\\\/#\\\/schema\\\/logo\\\/image\\\/\"}}]}<\/script>\n<!-- \/ Yoast SEO plugin. -->","yoast_head_json":{"title":"Kup ECPLA L-Tartrate \u2013 najwy\u017csza jako\u015b\u0107 | Chemgramx","description":"Kup proszek L-winianu ECPLA online w Chemgramx. Testowany laboratoryjnie, czysto\u015b\u0107 \u226599%, szybka dostawa i uczciwe ceny. Zam\u00f3w ju\u017c teraz!","robots":{"index":"index","follow":"follow","max-snippet":"max-snippet:-1","max-image-preview":"max-image-preview:large","max-video-preview":"max-video-preview:-1"},"canonical":"https:\/\/chemgramx.com\/pl\/produkt-1\/winian-ecpla-l-zamowienie-online\/","og_locale":"pl_PL","og_type":"article","og_title":"ECPLA L-Tartrate Kaufen \u2013 H\u00f6chste Qualit\u00e4t | Chemgramx","og_description":"Kaufen Sie ECPLA L-Tartrate Pulver online bei Chemgramx. Laborgepr\u00fcft, \u226599% Reinheit, schnelle Lieferung und faire Preise. Jetzt bestellen!","og_url":"https:\/\/chemgramx.com\/pl\/produkt-1\/winian-ecpla-l-zamowienie-online\/","og_site_name":"Chemgramx","article_modified_time":"2025-12-11T01:05:13+00:00","og_image":[{"width":800,"height":600,"url":"https:\/\/chemgramx.com\/wp-content\/uploads\/2025\/12\/Buy-ECPLA-L-tartrate-online.webp","type":"image\/webp"}],"twitter_card":"summary_large_image","twitter_misc":{"Szacowany czas czytania":"3 minuty"},"schema":{"@context":"https:\/\/schema.org","@graph":[{"@type":"WebPage","@id":"https:\/\/chemgramx.com\/product\/ecpla-l-tartrate-online-bestellung\/","url":"https:\/\/chemgramx.com\/product\/ecpla-l-tartrate-online-bestellung\/","name":"Kup ECPLA L-Tartrate \u2013 najwy\u017csza jako\u015b\u0107 | Chemgramx","isPartOf":{"@id":"https:\/\/chemgramx.com\/#website"},"primaryImageOfPage":{"@id":"https:\/\/chemgramx.com\/product\/ecpla-l-tartrate-online-bestellung\/#primaryimage"},"image":{"@id":"https:\/\/chemgramx.com\/product\/ecpla-l-tartrate-online-bestellung\/#primaryimage"},"thumbnailUrl":"https:\/\/chemgramx.com\/wp-content\/uploads\/2025\/12\/Buy-ECPLA-L-tartrate-online.webp","datePublished":"2025-12-11T01:04:42+00:00","dateModified":"2025-12-11T01:05:13+00:00","description":"Kup proszek L-winianu ECPLA online w Chemgramx. Testowany laboratoryjnie, czysto\u015b\u0107 \u226599%, szybka dostawa i uczciwe ceny. Zam\u00f3w ju\u017c teraz!","breadcrumb":{"@id":"https:\/\/chemgramx.com\/product\/ecpla-l-tartrate-online-bestellung\/#breadcrumb"},"inLanguage":"pl-PL","potentialAction":[{"@type":"ReadAction","target":["https:\/\/chemgramx.com\/product\/ecpla-l-tartrate-online-bestellung\/"]}]},{"@type":"ImageObject","inLanguage":"pl-PL","@id":"https:\/\/chemgramx.com\/product\/ecpla-l-tartrate-online-bestellung\/#primaryimage","url":"https:\/\/chemgramx.com\/wp-content\/uploads\/2025\/12\/Buy-ECPLA-L-tartrate-online.webp","contentUrl":"https:\/\/chemgramx.com\/wp-content\/uploads\/2025\/12\/Buy-ECPLA-L-tartrate-online.webp","width":800,"height":600},{"@type":"BreadcrumbList","@id":"https:\/\/chemgramx.com\/product\/ecpla-l-tartrate-online-bestellung\/#breadcrumb","itemListElement":[{"@type":"ListItem","position":1,"name":"Home","item":"https:\/\/chemgramx.com\/"},{"@type":"ListItem","position":2,"name":"Shop","item":"https:\/\/chemgramx.com\/shop\/"},{"@type":"ListItem","position":3,"name":"ECPLA L-Tartrate Online Bestellung"}]},{"@type":"WebSite","@id":"https:\/\/chemgramx.com\/#website","url":"https:\/\/chemgramx.com\/","name":"Chemgramx","description":"","publisher":{"@id":"https:\/\/chemgramx.com\/#organization"},"potentialAction":[{"@type":"SearchAction","target":{"@type":"EntryPoint","urlTemplate":"https:\/\/chemgramx.com\/?s={search_term_string}"},"query-input":{"@type":"PropertyValueSpecification","valueRequired":true,"valueName":"search_term_string"}}],"inLanguage":"pl-PL"},{"@type":"Organization","@id":"https:\/\/chemgramx.com\/#organization","name":"Chemgramx","url":"https:\/\/chemgramx.com\/","logo":{"@type":"ImageObject","inLanguage":"pl-PL","@id":"https:\/\/chemgramx.com\/#\/schema\/logo\/image\/","url":"https:\/\/chemgramx.com\/wp-content\/uploads\/2024\/10\/final-logo.png","contentUrl":"https:\/\/chemgramx.com\/wp-content\/uploads\/2024\/10\/final-logo.png","width":250,"height":48,"caption":"Chemgramx"},"image":{"@id":"https:\/\/chemgramx.com\/#\/schema\/logo\/image\/"}}]}},"_links":{"self":[{"href":"https:\/\/chemgramx.com\/pl\/wp-json\/wp\/v2\/product\/8776","targetHints":{"allow":["GET"]}}],"collection":[{"href":"https:\/\/chemgramx.com\/pl\/wp-json\/wp\/v2\/product"}],"about":[{"href":"https:\/\/chemgramx.com\/pl\/wp-json\/wp\/v2\/types\/product"}],"replies":[{"embeddable":true,"href":"https:\/\/chemgramx.com\/pl\/wp-json\/wp\/v2\/comments?post=8776"}],"wp:featuredmedia":[{"embeddable":true,"href":"https:\/\/chemgramx.com\/pl\/wp-json\/wp\/v2\/media\/8794"}],"wp:attachment":[{"href":"https:\/\/chemgramx.com\/pl\/wp-json\/wp\/v2\/media?parent=8776"}],"wp:term":[{"taxonomy":"product_brand","embeddable":true,"href":"https:\/\/chemgramx.com\/pl\/wp-json\/wp\/v2\/product_brand?post=8776"},{"taxonomy":"product_cat","embeddable":true,"href":"https:\/\/chemgramx.com\/pl\/wp-json\/wp\/v2\/product_cat?post=8776"},{"taxonomy":"product_tag","embeddable":true,"href":"https:\/\/chemgramx.com\/pl\/wp-json\/wp\/v2\/product_tag?post=8776"}],"curies":[{"name":"wp","href":"https:\/\/api.w.org\/{rel}","templated":true}]}}