{"id":8783,"date":"2025-12-11T01:04:46","date_gmt":"2025-12-11T01:04:46","guid":{"rendered":"https:\/\/chemgramx.com\/?post_type=product&#038;p=8783"},"modified":"2025-12-11T01:06:00","modified_gmt":"2025-12-11T01:06:00","slug":"anonimowy-180-mg-mdma-kup-online","status":"publish","type":"product","link":"https:\/\/chemgramx.com\/pl\/product\/anonymous-180mg-mdma-online-kaufen\/","title":{"rendered":"Anonymous 180mg MDMA kupi\u0107 online"},"content":{"rendered":"<h2 data-start=\"160\" data-end=\"198\">Anonymous 180mg MDMA<\/h2>\n<h2 data-start=\"200\" data-end=\"218\">Czym jest MDMA?<\/h2>\n<p data-start=\"219\" data-end=\"712\"><a href=\"https:\/\/chemgramx.com\/product\/anonymes-180-mg-mdma\/\">Anonymous 180mg MDMA kupi\u0107 online<\/a> to cz\u0119ste zapytanie wyszukiwane przez zainteresowanych u\u017cytkownik\u00f3w poszukuj\u0105cych wysokiej jako\u015bci, zweryfikowanych \u017ar\u00f3de\u0142. MDMA (3,4-metylenodioksy-N-metyloamfetamina) to substancja psychoaktywna znana ze swoich euforycznych i empatycznych w\u0142a\u015bciwo\u015bci. W kontek\u015bcie rekreacyjnym jest lepiej znana jako \u201eecstasy\u201d lub \u201emolly\u201d. Produkty takie jak Anonymous 180 mg MDMA na sprzeda\u017c ciesz\u0105 si\u0119 szczeg\u00f3ln\u0105 popularno\u015bci\u0105 w\u015br\u00f3d konsument\u00f3w ceni\u0105cych przejrzysto\u015b\u0107 dawkowania.<\/p>\n<h3 data-start=\"714\" data-end=\"786\">Dlaczego omawiamy MDMA w kontek\u015bcie bezpiecze\u0144stwa i polityki narkotykowej?<\/h3>\n<p data-start=\"787\" data-end=\"1153\">MDMA cieszy si\u0119 ogromnym zainteresowaniem opinii publicznej, szczeg\u00f3lnie w obszarze zastosowa\u0144 rekreacyjnych. Ro\u015bnie r\u00f3wnie\u017c zainteresowanie naukowe zastosowaniami medycznymi, szczeg\u00f3lnie w leczeniu PTSD (zesp\u00f3\u0142 stresu pourazowego). Wiele os\u00f3b zastanawia si\u0119 r\u00f3wnie\u017c, gdzie bezpiecznie i niezawodnie kupi\u0107 anonimowe 180 mg MDMA bez podejmowania \u017cadnego ryzyka.<\/p>\n<h3 data-start=\"1155\" data-end=\"1186\">Profil chemiczny MDMA<\/h3>\n<p data-start=\"1187\" data-end=\"1248\">Nazwa chemiczna:<\/p>\n<p data-start=\"1187\" data-end=\"1248\">3,4-metylenodioksy-N-metyloamfetamina<\/p>\n<p data-start=\"1250\" data-end=\"1284\"><strong data-start=\"1250\" data-end=\"1282\">Struktura i klasyfikacja:<\/strong><\/p>\n<ul data-start=\"1285\" data-end=\"1419\">\n<li data-start=\"1285\" data-end=\"1336\">\n<p data-start=\"1287\" data-end=\"1336\">Nale\u017cy do klasy fenetyloaminy i amfetaminy<\/p>\n<\/li>\n<li data-start=\"1337\" data-end=\"1419\">\n<p data-start=\"1339\" data-end=\"1419\">Wykazuje strukturalne podobie\u0144stwa zar\u00f3wno do stymulant\u00f3w, jak i psychodelik\u00f3w.<\/p>\n<\/li>\n<\/ul>\n<p data-start=\"1421\" data-end=\"1454\"><strong data-start=\"1421\" data-end=\"1452\">Aktywno\u015b\u0107 farmakologiczna:<\/strong><\/p>\n<ul data-start=\"1455\" data-end=\"1612\">\n<li data-start=\"1455\" data-end=\"1522\">\n<p data-start=\"1457\" data-end=\"1522\">Wspomaga uwalnianie serotoniny, dopaminy i noradrenaliny<\/p>\n<\/li>\n<li data-start=\"1523\" data-end=\"1612\">\n<p data-start=\"1525\" data-end=\"1612\">Prowadzi do intensywnego uczucia wi\u0119zi, podwy\u017cszonej \u015bwiadomo\u015bci i euforii.<\/p>\n<\/li>\n<\/ul>\n<p data-start=\"1614\" data-end=\"1731\">Kupuj\u0105cy, kt\u00f3rzy chc\u0105 kupi\u0107 Anonymous 180mg MDMA online, powinni zawsze zwraca\u0107 uwag\u0119 na czysto\u015b\u0107 i sk\u0142ad.<\/p>\n<h3 data-start=\"1733\" data-end=\"1790\">U\u017cycie i niew\u0142a\u015bciwe u\u017cycie w r\u00f3\u017cnych kontekstach<\/h3>\n<p data-start=\"1792\" data-end=\"2097\"><strong data-start=\"1792\" data-end=\"1811\">Zu\u017cycie rekreacyjne:<\/strong><br data-start=\"1811\" data-end=\"1814\" \/>Cz\u0119sto u\u017cywany na imprezach klubowych, imprezach lub festiwalach muzycznych. Dawka 180 mg jest uwa\u017cana za wysok\u0105 - zwyk\u0142e dawki wynosz\u0105 od 75 do 125 mg. Je\u015bli chcesz kupi\u0107 Anonymous 180 mg MDMA lub zam\u00f3wi\u0107 Anonymous 180 mg MDMA, zawsze powiniene\u015b przestrzega\u0107 zalece\u0144 dotycz\u0105cych dawkowania.<\/p>\n<p data-start=\"2099\" data-end=\"2288\"><strong data-start=\"2099\" data-end=\"2123\">Badania kliniczne:<\/strong><br data-start=\"2123\" data-end=\"2126\" \/>Obecnie jest przedmiotem bada\u0144 organizacji takich jak MAPS (Multidisciplinary Association for Psychedelic Studies) pod k\u0105tem skuteczno\u015bci w leczeniu PTSD i zaburze\u0144 l\u0119kowych.<\/p>\n<p data-start=\"2290\" data-end=\"2504\"><strong data-start=\"2290\" data-end=\"2323\">Brak zastosowa\u0144 przemys\u0142owych:<\/strong><br data-start=\"2323\" data-end=\"2326\" \/>MDMA nie ma legalnego zastosowania przemys\u0142owego. Jego niew\u0142a\u015bciwe u\u017cycie obejmuje nielegalny handel online i b\u0142\u0119dne etykietowanie jako substancji rzekomo przemys\u0142owej.<\/p>\n<h3 data-start=\"2506\" data-end=\"2555\">Dlaczego 180 mg? Spojrzenie na trendy dawkowania<\/h3>\n<ul data-start=\"2556\" data-end=\"2922\">\n<li data-start=\"2556\" data-end=\"2693\">\n<p data-start=\"2558\" data-end=\"2693\">Egyes felhaszn\u00e1l\u00f3k \u00fagy v\u00e9lik, hogy a nagyobb d\u00f3zisok intenz\u00edvebb vagy hosszabb ideig tart\u00f3 hat\u00e1sokat okoznak \u2013 de ez nagyobb kock\u00e1zatokkal j\u00e1r.<\/p>\n<\/li>\n<li data-start=\"2694\" data-end=\"2810\">\n<p data-start=\"2696\" data-end=\"2810\">Dawki powy\u017cej 180 mg mog\u0105 zwi\u0119ksza\u0107 ryzyko wyst\u0105pienia zespo\u0142u serotoninowego, hipertermii, l\u0119ku i odwodnienia.<\/p>\n<\/li>\n<li data-start=\"2811\" data-end=\"2922\">\n<p data-start=\"2813\" data-end=\"2922\">Eksperci zalecaj\u0105 zaczynanie od ni\u017cszych dawek, szczeg\u00f3lnie je\u015bli nie jest znana czysto\u015b\u0107 produktu.<\/p>\n<\/li>\n<\/ul>\n<p data-start=\"2924\" data-end=\"3043\">Ta rada dotyczy w szczeg\u00f3lno\u015bci kupuj\u0105cych szukaj\u0105cych najlepszego miejsca do zakupu Anonymous 180 mg MDMA online.<\/p>\n<h3 data-start=\"3045\" data-end=\"3083\">Rizika n\u00e1kupu MDMA online<\/h3>\n<p data-start=\"3084\" data-end=\"3292\"><strong data-start=\"3084\" data-end=\"3112\">Substancje nieuregulowane:<\/strong><br data-start=\"3112\" data-end=\"3115\" \/>Produkty zakupione online, takie jak MDMA 180 mg na sprzeda\u017c Anonymous, mog\u0105 by\u0107 zanieczyszczone niebezpiecznymi dodatkami, np. syntetycznymi katynonami (\u201esolami do k\u0105pieli\u201c) lub PMA.<\/p>\n<p data-start=\"3294\" data-end=\"3424\"><strong data-start=\"3294\" data-end=\"3323\">Brak kontroli jako\u015bci:<\/strong><br data-start=\"3323\" data-end=\"3326\" \/>Nie mo\u017cna zagwarantowa\u0107 czysto\u015bci i dawkowania \u2013 wzrasta ryzyko wyst\u0105pienia powa\u017cnych skutk\u00f3w ubocznych.<\/p>\n<p data-start=\"3426\" data-end=\"3664\"><strong data-start=\"3426\" data-end=\"3454\">Konsekwencje prawne:<\/strong><br data-start=\"3454\" data-end=\"3457\" \/>Posiadanie lub zakup <a href=\"https:\/\/en.wikipedia.org\/wiki\/MDMA\">MDMA<\/a> W wielu krajach jest to przest\u0119pstwo. Kupuj\u0105cy, kt\u00f3rzy chc\u0105 anonimowo kupi\u0107 180 mg MDMA online z wiarygodnego \u017ar\u00f3d\u0142a, powinni zatem zapozna\u0107 si\u0119 z lokaln\u0105 sytuacj\u0105 prawn\u0105.<\/p>\n<h3 data-start=\"3666\" data-end=\"3716\">Redukcja szk\u00f3d i bezpieczniejsze praktyki konsumpcyjne<\/h3>\n<ul data-start=\"3717\" data-end=\"4211\">\n<li data-start=\"3717\" data-end=\"3845\">\n<p data-start=\"3719\" data-end=\"3845\"><strong data-start=\"3719\" data-end=\"3739\">Testowanie substancji:<\/strong> W celu potwierdzenia czysto\u015bci mo\u017cna zastosowa\u0107 testy odczynnikowe (np. test Marquisa, test Ehrlicha).<\/p>\n<\/li>\n<li data-start=\"3846\" data-end=\"3953\">\n<p data-start=\"3848\" data-end=\"3953\"><strong data-start=\"3848\" data-end=\"3884\">Nawodnienie i kontrola temperatury:<\/strong> Pij du\u017co wody, ale unikaj przewodnienia.<\/p>\n<\/li>\n<li data-start=\"3954\" data-end=\"4061\">\n<p data-start=\"3956\" data-end=\"4061\"><strong data-start=\"3956\" data-end=\"3988\">Brak mieszanych praktyk konsumpcyjnych:<\/strong> \u0141\u0105czenie go z alkoholem lub \u015brodkami pobudzaj\u0105cymi znacznie zwi\u0119ksza ryzyko.<\/p>\n<\/li>\n<li data-start=\"4062\" data-end=\"4211\">\n<p data-start=\"4064\" data-end=\"4211\"><strong data-start=\"4064\" data-end=\"4099\">Zwr\u00f3\u0107 uwag\u0119 na zdrowie psychiczne:<\/strong> Osoby cierpi\u0105ce na zaburzenia l\u0119kowe, depresj\u0119 i choroby uk\u0142adu kr\u0105\u017cenia powinny powstrzyma\u0107 si\u0119 od spo\u017cywania tego produktu.<\/p>\n<\/li>\n<\/ul>\n<h3>Zdrowie publiczne i polityka<\/h3>\n<ul data-start=\"4253\" data-end=\"4683\">\n<li data-start=\"4253\" data-end=\"4357\">\n<p data-start=\"4255\" data-end=\"4357\"><strong data-start=\"4255\" data-end=\"4283\">Pro\u015bba o o\u015bwiecenie:<\/strong> Edukacja na temat narkotyk\u00f3w oparta na dowodach jest skuteczniejsza ni\u017c zwyk\u0142e odstraszanie.<\/p>\n<\/li>\n<li data-start=\"4358\" data-end=\"4514\">\n<p data-start=\"4360\" data-end=\"4514\"><strong data-start=\"4360\" data-end=\"4410\">Ruch w kierunku legalizacji w kontek\u015bcie terapeutycznym:<\/strong> Badania nad psychoterapi\u0105 wspomagan\u0105 MDMA daj\u0105 obiecuj\u0105ce wyniki, zw\u0142aszcza w przypadku PTSD.<\/p>\n<\/li>\n<li data-start=\"4515\" data-end=\"4683\">\n<p data-start=\"4517\" data-end=\"4683\"><strong data-start=\"4517\" data-end=\"4556\">Za zr\u00f3wnowa\u017con\u0105 polityk\u0105 narkotykow\u0105:<\/strong> Dekryminalizacja, regulacje i programy edukacyjne pomagaj\u0105 ograniczy\u0107 nadu\u017cycia i zagro\u017cenia dla zdrowia.<\/p>\n<\/li>\n<\/ul>\n<h3 data-start=\"4685\" data-end=\"4695\">Wnioski<\/h3>\n<p data-start=\"4696\" data-end=\"5081\">Je\u015bli chcesz kupi\u0107 Anonymous 180mg MDMA online, powiniene\u015b przywi\u0105zywa\u0107 wag\u0119 do zweryfikowanych \u017ar\u00f3de\u0142 i bezpiecze\u0144stwa. Cena Anonymous 180mg MDMA mo\u017ce si\u0119 r\u00f3\u017cni\u0107 w zale\u017cno\u015bci od dostawcy, dlatego warto por\u00f3wna\u0107 r\u00f3\u017cne opcje. Wa\u017cne jest, aby kupuj\u0105cy wybrali najlepsze miejsce do zakupu Anonymous 180mg MDMA online, aby unikn\u0105\u0107 ryzyka podrabiania i problem\u00f3w prawnych.<\/p>\n<p data-start=\"5083\" data-end=\"5272\">Niezale\u017cnie od tego, czy chcesz sprzeda\u0107 Anonymous 180mg MDMA, czy zam\u00f3wi\u0107 Anonymous 180mg MDMA, priorytetem zawsze powinno by\u0107 bezpiecze\u0144stwo, czysto\u015b\u0107 i \u015bwiadoma decyzja.<\/p>","protected":false},"excerpt":{"rendered":"<p>Anonimowy <strong>180 mg MDMA<\/strong> zapewnia czysto\u015b\u0107 i moc w ka\u017cdej dawce. Tabletki te zosta\u0142y starannie opracowane w celu zapewnienia d\u0142ugotrwa\u0142ego efektu, poprawy nastroju i zwi\u0119kszenia energii, idealnego na imprezy towarzyskie lub do osobistego relaksu. Ka\u017cda partia przechodzi rygorystyczne testy jako\u015bci, aby zapewni\u0107 bezpiecze\u0144stwo i niezawodno\u015b\u0107 przy ka\u017cdym u\u017cyciu.<\/p>","protected":false},"featured_media":8795,"comment_status":"open","ping_status":"closed","template":"","meta":{"_joinchat":[]},"product_brand":[],"product_cat":[2846],"product_tag":[1782,1790,1780,1787,1781,1789,1788,1785,1786,1783,1784],"class_list":{"0":"post-8783","1":"product","2":"type-product","3":"status-publish","4":"has-post-thumbnail","6":"product_cat-ecstasy-pills","7":"product_tag-180mg-mdma-for-sale","8":"product_tag-180mg-mdma-pills","9":"product_tag-anonymous-180mg-mdma","10":"product_tag-anonymous-mdma-tablets","11":"product_tag-buy-anonymous-mdma","12":"product_tag-buy-mdma-online","13":"product_tag-mdma-chemical","14":"product_tag-mdma-online","15":"product_tag-mdma-pills","16":"product_tag-mdma-tablets","17":"product_tag-research-chemicals","19":"first","20":"instock","21":"shipping-taxable","22":"purchasable","23":"product-type-variable"},"yoast_head":"<!-- This site is optimized with the Yoast SEO plugin v27.5 - https:\/\/yoast.com\/product\/yoast-seo-wordpress\/ -->\n<title>Anonymes 180 mg MDMA zu verkaufen | Chemgramx<\/title>\n<meta name=\"description\" content=\"Unser Shop hat anonymes 180 mg MDMA zu erschwinglichen Preisen zu verkaufen. Wenn Sie anonymes 180 mg MDMA online kaufen m\u00f6chten, kontaktieren Sie uns jetzt. Erwarten Sie die Bestellung bald!\" \/>\n<meta name=\"robots\" content=\"index, follow, max-snippet:-1, max-image-preview:large, max-video-preview:-1\" \/>\n<link rel=\"canonical\" href=\"https:\/\/chemgramx.com\/pl\/produkt-1\/anonimowy-180-mg-mdma-kup-online\/\" \/>\n<meta property=\"og:locale\" content=\"pl_PL\" \/>\n<meta property=\"og:type\" content=\"article\" \/>\n<meta property=\"og:title\" content=\"Anonymes 180 mg MDMA zu verkaufen | Chemgramx\" \/>\n<meta property=\"og:description\" content=\"Unser Shop hat anonymes 180 mg MDMA zu erschwinglichen Preisen zu verkaufen. Wenn Sie anonymes 180 mg MDMA online kaufen m\u00f6chten, kontaktieren Sie uns jetzt. Erwarten Sie die Bestellung bald!\" \/>\n<meta property=\"og:url\" content=\"https:\/\/chemgramx.com\/pl\/produkt-1\/anonimowy-180-mg-mdma-kup-online\/\" \/>\n<meta property=\"og:site_name\" content=\"Chemgramx\" \/>\n<meta property=\"article:modified_time\" content=\"2025-12-11T01:06:00+00:00\" \/>\n<meta property=\"og:image\" content=\"https:\/\/chemgramx.com\/wp-content\/uploads\/2025\/12\/p2.png\" \/>\n\t<meta property=\"og:image:width\" content=\"600\" \/>\n\t<meta property=\"og:image:height\" content=\"400\" \/>\n\t<meta property=\"og:image:type\" content=\"image\/png\" \/>\n<meta name=\"twitter:card\" content=\"summary_large_image\" \/>\n<meta name=\"twitter:label1\" content=\"Szacowany czas czytania\" \/>\n\t<meta name=\"twitter:data1\" content=\"3 minuty\" \/>\n<script type=\"application\/ld+json\" class=\"yoast-schema-graph\">{\"@context\":\"https:\\\/\\\/schema.org\",\"@graph\":[{\"@type\":\"WebPage\",\"@id\":\"https:\\\/\\\/chemgramx.com\\\/product\\\/anonymous-180mg-mdma-online-kaufen\\\/\",\"url\":\"https:\\\/\\\/chemgramx.com\\\/product\\\/anonymous-180mg-mdma-online-kaufen\\\/\",\"name\":\"Anonymes 180 mg MDMA zu verkaufen | Chemgramx\",\"isPartOf\":{\"@id\":\"https:\\\/\\\/chemgramx.com\\\/#website\"},\"primaryImageOfPage\":{\"@id\":\"https:\\\/\\\/chemgramx.com\\\/product\\\/anonymous-180mg-mdma-online-kaufen\\\/#primaryimage\"},\"image\":{\"@id\":\"https:\\\/\\\/chemgramx.com\\\/product\\\/anonymous-180mg-mdma-online-kaufen\\\/#primaryimage\"},\"thumbnailUrl\":\"https:\\\/\\\/chemgramx.com\\\/wp-content\\\/uploads\\\/2025\\\/12\\\/p2.png\",\"datePublished\":\"2025-12-11T01:04:46+00:00\",\"dateModified\":\"2025-12-11T01:06:00+00:00\",\"description\":\"Unser Shop hat anonymes 180 mg MDMA zu erschwinglichen Preisen zu verkaufen. Wenn Sie anonymes 180 mg MDMA online kaufen m\u00f6chten, kontaktieren Sie uns jetzt. Erwarten Sie die Bestellung bald!\",\"breadcrumb\":{\"@id\":\"https:\\\/\\\/chemgramx.com\\\/product\\\/anonymous-180mg-mdma-online-kaufen\\\/#breadcrumb\"},\"inLanguage\":\"pl-PL\",\"potentialAction\":[{\"@type\":\"ReadAction\",\"target\":[\"https:\\\/\\\/chemgramx.com\\\/product\\\/anonymous-180mg-mdma-online-kaufen\\\/\"]}]},{\"@type\":\"ImageObject\",\"inLanguage\":\"pl-PL\",\"@id\":\"https:\\\/\\\/chemgramx.com\\\/product\\\/anonymous-180mg-mdma-online-kaufen\\\/#primaryimage\",\"url\":\"https:\\\/\\\/chemgramx.com\\\/wp-content\\\/uploads\\\/2025\\\/12\\\/p2.png\",\"contentUrl\":\"https:\\\/\\\/chemgramx.com\\\/wp-content\\\/uploads\\\/2025\\\/12\\\/p2.png\",\"width\":600,\"height\":400},{\"@type\":\"BreadcrumbList\",\"@id\":\"https:\\\/\\\/chemgramx.com\\\/product\\\/anonymous-180mg-mdma-online-kaufen\\\/#breadcrumb\",\"itemListElement\":[{\"@type\":\"ListItem\",\"position\":1,\"name\":\"Home\",\"item\":\"https:\\\/\\\/chemgramx.com\\\/\"},{\"@type\":\"ListItem\",\"position\":2,\"name\":\"Shop\",\"item\":\"https:\\\/\\\/chemgramx.com\\\/shop\\\/\"},{\"@type\":\"ListItem\",\"position\":3,\"name\":\"Anonymous 180mg MDMA online kaufen\"}]},{\"@type\":\"WebSite\",\"@id\":\"https:\\\/\\\/chemgramx.com\\\/#website\",\"url\":\"https:\\\/\\\/chemgramx.com\\\/\",\"name\":\"Chemgramx\",\"description\":\"\",\"publisher\":{\"@id\":\"https:\\\/\\\/chemgramx.com\\\/#organization\"},\"potentialAction\":[{\"@type\":\"SearchAction\",\"target\":{\"@type\":\"EntryPoint\",\"urlTemplate\":\"https:\\\/\\\/chemgramx.com\\\/?s={search_term_string}\"},\"query-input\":{\"@type\":\"PropertyValueSpecification\",\"valueRequired\":true,\"valueName\":\"search_term_string\"}}],\"inLanguage\":\"pl-PL\"},{\"@type\":\"Organization\",\"@id\":\"https:\\\/\\\/chemgramx.com\\\/#organization\",\"name\":\"Chemgramx\",\"url\":\"https:\\\/\\\/chemgramx.com\\\/\",\"logo\":{\"@type\":\"ImageObject\",\"inLanguage\":\"pl-PL\",\"@id\":\"https:\\\/\\\/chemgramx.com\\\/#\\\/schema\\\/logo\\\/image\\\/\",\"url\":\"https:\\\/\\\/chemgramx.com\\\/wp-content\\\/uploads\\\/2024\\\/10\\\/final-logo.png\",\"contentUrl\":\"https:\\\/\\\/chemgramx.com\\\/wp-content\\\/uploads\\\/2024\\\/10\\\/final-logo.png\",\"width\":250,\"height\":48,\"caption\":\"Chemgramx\"},\"image\":{\"@id\":\"https:\\\/\\\/chemgramx.com\\\/#\\\/schema\\\/logo\\\/image\\\/\"}}]}<\/script>\n<!-- \/ Yoast SEO plugin. -->","yoast_head_json":{"title":"Anonimowe 180 mg MDMA na sprzeda\u017c | Chemgramx","description":"Nasz sklep ma anonimowe 180 mg MDMA na sprzeda\u017c w przyst\u0119pnych cenach. Je\u015bli chcesz kupi\u0107 anonimowe 180 mg MDMA online, skontaktuj si\u0119 z nami teraz. Spodziewaj si\u0119 zam\u00f3wienia wkr\u00f3tce!","robots":{"index":"index","follow":"follow","max-snippet":"max-snippet:-1","max-image-preview":"max-image-preview:large","max-video-preview":"max-video-preview:-1"},"canonical":"https:\/\/chemgramx.com\/pl\/produkt-1\/anonimowy-180-mg-mdma-kup-online\/","og_locale":"pl_PL","og_type":"article","og_title":"Anonymes 180 mg MDMA zu verkaufen | Chemgramx","og_description":"Unser Shop hat anonymes 180 mg MDMA zu erschwinglichen Preisen zu verkaufen. Wenn Sie anonymes 180 mg MDMA online kaufen m\u00f6chten, kontaktieren Sie uns jetzt. Erwarten Sie die Bestellung bald!","og_url":"https:\/\/chemgramx.com\/pl\/produkt-1\/anonimowy-180-mg-mdma-kup-online\/","og_site_name":"Chemgramx","article_modified_time":"2025-12-11T01:06:00+00:00","og_image":[{"width":600,"height":400,"url":"https:\/\/chemgramx.com\/wp-content\/uploads\/2025\/12\/p2.png","type":"image\/png"}],"twitter_card":"summary_large_image","twitter_misc":{"Szacowany czas czytania":"3 minuty"},"schema":{"@context":"https:\/\/schema.org","@graph":[{"@type":"WebPage","@id":"https:\/\/chemgramx.com\/product\/anonymous-180mg-mdma-online-kaufen\/","url":"https:\/\/chemgramx.com\/product\/anonymous-180mg-mdma-online-kaufen\/","name":"Anonimowe 180 mg MDMA na sprzeda\u017c | Chemgramx","isPartOf":{"@id":"https:\/\/chemgramx.com\/#website"},"primaryImageOfPage":{"@id":"https:\/\/chemgramx.com\/product\/anonymous-180mg-mdma-online-kaufen\/#primaryimage"},"image":{"@id":"https:\/\/chemgramx.com\/product\/anonymous-180mg-mdma-online-kaufen\/#primaryimage"},"thumbnailUrl":"https:\/\/chemgramx.com\/wp-content\/uploads\/2025\/12\/p2.png","datePublished":"2025-12-11T01:04:46+00:00","dateModified":"2025-12-11T01:06:00+00:00","description":"Nasz sklep ma anonimowe 180 mg MDMA na sprzeda\u017c w przyst\u0119pnych cenach. Je\u015bli chcesz kupi\u0107 anonimowe 180 mg MDMA online, skontaktuj si\u0119 z nami teraz. Spodziewaj si\u0119 zam\u00f3wienia wkr\u00f3tce!","breadcrumb":{"@id":"https:\/\/chemgramx.com\/product\/anonymous-180mg-mdma-online-kaufen\/#breadcrumb"},"inLanguage":"pl-PL","potentialAction":[{"@type":"ReadAction","target":["https:\/\/chemgramx.com\/product\/anonymous-180mg-mdma-online-kaufen\/"]}]},{"@type":"ImageObject","inLanguage":"pl-PL","@id":"https:\/\/chemgramx.com\/product\/anonymous-180mg-mdma-online-kaufen\/#primaryimage","url":"https:\/\/chemgramx.com\/wp-content\/uploads\/2025\/12\/p2.png","contentUrl":"https:\/\/chemgramx.com\/wp-content\/uploads\/2025\/12\/p2.png","width":600,"height":400},{"@type":"BreadcrumbList","@id":"https:\/\/chemgramx.com\/product\/anonymous-180mg-mdma-online-kaufen\/#breadcrumb","itemListElement":[{"@type":"ListItem","position":1,"name":"Home","item":"https:\/\/chemgramx.com\/"},{"@type":"ListItem","position":2,"name":"Shop","item":"https:\/\/chemgramx.com\/shop\/"},{"@type":"ListItem","position":3,"name":"Anonymous 180mg MDMA online kaufen"}]},{"@type":"WebSite","@id":"https:\/\/chemgramx.com\/#website","url":"https:\/\/chemgramx.com\/","name":"Chemgramx","description":"","publisher":{"@id":"https:\/\/chemgramx.com\/#organization"},"potentialAction":[{"@type":"SearchAction","target":{"@type":"EntryPoint","urlTemplate":"https:\/\/chemgramx.com\/?s={search_term_string}"},"query-input":{"@type":"PropertyValueSpecification","valueRequired":true,"valueName":"search_term_string"}}],"inLanguage":"pl-PL"},{"@type":"Organization","@id":"https:\/\/chemgramx.com\/#organization","name":"Chemgramx","url":"https:\/\/chemgramx.com\/","logo":{"@type":"ImageObject","inLanguage":"pl-PL","@id":"https:\/\/chemgramx.com\/#\/schema\/logo\/image\/","url":"https:\/\/chemgramx.com\/wp-content\/uploads\/2024\/10\/final-logo.png","contentUrl":"https:\/\/chemgramx.com\/wp-content\/uploads\/2024\/10\/final-logo.png","width":250,"height":48,"caption":"Chemgramx"},"image":{"@id":"https:\/\/chemgramx.com\/#\/schema\/logo\/image\/"}}]}},"_links":{"self":[{"href":"https:\/\/chemgramx.com\/pl\/wp-json\/wp\/v2\/product\/8783","targetHints":{"allow":["GET"]}}],"collection":[{"href":"https:\/\/chemgramx.com\/pl\/wp-json\/wp\/v2\/product"}],"about":[{"href":"https:\/\/chemgramx.com\/pl\/wp-json\/wp\/v2\/types\/product"}],"replies":[{"embeddable":true,"href":"https:\/\/chemgramx.com\/pl\/wp-json\/wp\/v2\/comments?post=8783"}],"wp:featuredmedia":[{"embeddable":true,"href":"https:\/\/chemgramx.com\/pl\/wp-json\/wp\/v2\/media\/8795"}],"wp:attachment":[{"href":"https:\/\/chemgramx.com\/pl\/wp-json\/wp\/v2\/media?parent=8783"}],"wp:term":[{"taxonomy":"product_brand","embeddable":true,"href":"https:\/\/chemgramx.com\/pl\/wp-json\/wp\/v2\/product_brand?post=8783"},{"taxonomy":"product_cat","embeddable":true,"href":"https:\/\/chemgramx.com\/pl\/wp-json\/wp\/v2\/product_cat?post=8783"},{"taxonomy":"product_tag","embeddable":true,"href":"https:\/\/chemgramx.com\/pl\/wp-json\/wp\/v2\/product_tag?post=8783"}],"curies":[{"name":"wp","href":"https:\/\/api.w.org\/{rel}","templated":true}]}}