{"id":8785,"date":"2025-12-11T01:04:47","date_gmt":"2025-12-11T01:04:47","guid":{"rendered":"https:\/\/chemgramx.com\/?post_type=product&#038;p=8785"},"modified":"2025-12-11T01:06:01","modified_gmt":"2025-12-11T01:06:01","slug":"blue-punisher-220mg-mdma-kup-online","status":"publish","type":"product","link":"https:\/\/chemgramx.com\/pl\/product\/blue-punisher-220mg-mdma-online-kaufen\/","title":{"rendered":"BLUE PUNISHER 220MG MDMA Kup online"},"content":{"rendered":"<h2 data-start=\"161\" data-end=\"232\">Kup BLUE PUNISHER 220MG MDMA online z wiarygodnego \u017ar\u00f3d\u0142a badawczego<\/h2>\n<p data-start=\"234\" data-end=\"336\">Kup BLUE PUNISHER 220MG MDMA online \u2013 najwy\u017csza jako\u015b\u0107 do bada\u0144 poznawczych i emocjonalnych<\/p>\n<p data-start=\"338\" data-end=\"841\">Zapotrzebowanie na innowacyjne substancje do bada\u0144 i poprawy funkcji poznawczych ro\u015bnie na ca\u0142ym \u015bwiecie. Wielu badaczy i laboratori\u00f3w poszukuje wysokiej jako\u015bci produkt\u00f3w do badania nastroju, empatii i percepcji. Jednym z najbardziej znanych produkt\u00f3w w tej dziedzinie jest\u2026 <a href=\"https:\/\/chemgramx.com\/product\/blue-punisher-220-mg-mdma\/\">BLUE PUNISHER 220MG MDMA na sprzeda\u017c<\/a>, ceniony za swoj\u0105 moc, czysto\u015b\u0107 i niezawodne efekty. Je\u015bli planujesz kupi\u0107 BLUE PUNISHER 220MG MDMA online, PVPgrams jest najlepszym miejscem do zakupu BLUE PUNISHER 220MG MDMA online.<\/p>\n<h3 data-start=\"843\" data-end=\"881\">Czy BLUE PUNISHER 220MG to MDMA?<\/h3>\n<p data-start=\"883\" data-end=\"1369\">BLUE PUNISHER 220MG MDMA to wysokodawkowa posta\u0107 3,4-metylenodioksy-N-metyloamfetaminy (<a href=\"https:\/\/en.wikipedia.org\/wiki\/MDMA\">MDMA<\/a>), kt\u00f3ry jest znany ze swoich empatogennych, euforycznych i stymuluj\u0105cych efekt\u00f3w. Ka\u017cda jednostka zawiera 220 mg aktywnego sk\u0142adnika, co pozwala na niezawodne dawkowanie i silne, ale kontrolowane do\u015bwiadczenie. Naukowcy, kt\u00f3rzy kupuj\u0105 BLUE PUNISHER 220MG MDMA online, szczeg\u00f3lnie ceni\u0105 go za badania nad uwalnianiem neuroprzeka\u017anik\u00f3w, wi\u0119ziami spo\u0142ecznymi i efektami poznawczymi.<\/p>\n<h3 data-start=\"1371\" data-end=\"1411\">Jak dzia\u0142a BLUE PUNISHER 220MG MDMA?<\/h3>\n<p data-start=\"1413\" data-end=\"1552\">Efekt ten opiera si\u0119 na zwi\u0119kszonym uwalnianiu serotoniny, dopaminy i noradrenaliny w m\u00f3zgu. Potwierdzaj\u0105 to badania nad:<\/p>\n<ul data-start=\"1554\" data-end=\"1693\">\n<li data-start=\"1554\" data-end=\"1591\">\n<p data-start=\"1556\" data-end=\"1591\">Poprawiony nastr\u00f3j i energia<\/p>\n<\/li>\n<li data-start=\"1592\" data-end=\"1630\">\n<p data-start=\"1594\" data-end=\"1630\">Otwarto\u015b\u0107 emocjonalna i empatia<\/p>\n<\/li>\n<li data-start=\"1631\" data-end=\"1693\">\n<p data-start=\"1633\" data-end=\"1693\">Procesy neurochemiczne promuj\u0105ce interakcje spo\u0142eczne<\/p>\n<\/li>\n<\/ul>\n<p data-start=\"1695\" data-end=\"1833\">To sprawia, \u017ce BLUE PUNISHER 220MG MDMA na sprzeda\u017c jest idealny do bada\u0144 nad zachowaniem, poznaniem i regulacj\u0105 emocjonaln\u0105.<\/p>\n<h3 data-start=\"1835\" data-end=\"1877\">Korzy\u015bci ze stosowania BLUE PUNISHER 220MG MDMA<\/h3>\n<ul data-start=\"1879\" data-end=\"2195\">\n<li data-start=\"1879\" data-end=\"1958\">\n<p data-start=\"1881\" data-end=\"1958\">Sta\u0142a dawka (220 mg) \u2013 idealna do precyzyjnych wynik\u00f3w bada\u0144<\/p>\n<\/li>\n<li data-start=\"1959\" data-end=\"2025\">\n<p data-start=\"1961\" data-end=\"2025\">Wysoka czysto\u015b\u0107 \u2013 wszystkie partie s\u0105 testowane laboratoryjnie<\/p>\n<\/li>\n<li data-start=\"2026\" data-end=\"2098\">\n<p data-start=\"2028\" data-end=\"2098\">Stabilny efekt \u2013 u\u0142atwia powtarzalno\u015b\u0107 wynik\u00f3w bada\u0144<\/p>\n<\/li>\n<li data-start=\"2099\" data-end=\"2195\">\n<p data-start=\"2101\" data-end=\"2195\">Atrakcyjna cena BLUE PUNISHER 220MG MDMA \u2013 konkurencyjna dla instytucji badawczych<\/p>\n<\/li>\n<\/ul>\n<h3 data-start=\"2197\" data-end=\"2266\">Kup BLUE PUNISHER 220MG MDMA \u2013 na co powinni zwr\u00f3ci\u0107 uwag\u0119 badacze<\/h3>\n<p data-start=\"2268\" data-end=\"2364\">Je\u017celi rozwa\u017casz zam\u00f3wienie BLUE PUNISHER 220MG MDMA, upewnij si\u0119, \u017ce dostawca:<\/p>\n<ul data-start=\"2366\" data-end=\"2579\">\n<li data-start=\"2366\" data-end=\"2420\">\n<p data-start=\"2368\" data-end=\"2420\">Certyfikowana czysto\u015b\u0107 gwarantowana badaniami laboratoryjnymi<\/p>\n<\/li>\n<li data-start=\"2421\" data-end=\"2464\">\n<p data-start=\"2423\" data-end=\"2464\">Oferuje bezpieczn\u0105 i dyskretn\u0105 wysy\u0142k\u0119<\/p>\n<\/li>\n<li data-start=\"2465\" data-end=\"2510\">\n<p data-start=\"2467\" data-end=\"2510\">Zapewnia przejrzyste informacje o produkcie<\/p>\n<\/li>\n<li data-start=\"2511\" data-end=\"2579\">\n<p data-start=\"2513\" data-end=\"2579\">Potrafi wykaza\u0107 si\u0119 pozytywnym odzewem ze strony spo\u0142eczno\u015bci naukowej<\/p>\n<\/li>\n<\/ul>\n<p data-start=\"2581\" data-end=\"2677\">S\u0105 to wa\u017cne kryteria przy podejmowaniu decyzji, gdzie kupi\u0107 BLUE PUNISHER 220MG MDMA.<\/p>\n<h3 data-start=\"2679\" data-end=\"2703\">Informacja prawna<\/h3>\n<p data-start=\"2705\" data-end=\"3069\">Status prawny MDMA r\u00f3\u017cni si\u0119 na ca\u0142ym \u015bwiecie. W wi\u0119kszo\u015bci kraj\u00f3w jest ono uwa\u017cane za substancj\u0119 kontrolowan\u0105, a jego stosowanie jest dozwolone wy\u0142\u0105cznie do cel\u00f3w naukowych. PVPgrams oferuje BLUE PUNISHER 220MG MDMA na sprzeda\u017c wy\u0142\u0105cznie do cel\u00f3w badawczych i laboratoryjnych. Kupuj\u0105cy s\u0105 zobowi\u0105zani do zapoznania si\u0119 z lokalnymi przepisami prawnymi.<\/p>\n<h3 data-start=\"3071\" data-end=\"3113\">Zam\u00f3w BLUE PUNISHER 220MG MDMA online<\/h3>\n<p data-start=\"3115\" data-end=\"3401\">Czy jeste\u015b gotowy, aby rozpocz\u0105\u0107 sw\u00f3j projekt? Mo\u017cesz teraz kupi\u0107 BLUE PUNISHER 220MG MDMA online w PVPgrams. Dzi\u0119ki sprawdzonej jako\u015bci, szybkiej dostawie i dyskretnej wysy\u0142ce, PVPgrams jest Twoim zaufanym partnerem i najlepszym miejscem do zakupu BLUE PUNISHER 220MG MDMA online.<\/p>\n<p data-start=\"3403\" data-end=\"3513\">ChemGramx - Tw\u00f3j niezawodny dostawca BLUE PUNISHER 220MG MDMA i wysokiej jako\u015bci substancji badawczych.<\/p>","protected":false},"excerpt":{"rendered":"<p><strong><span style=\"vertical-align: inherit;\"><span style=\"vertical-align: inherit;\">Blue Punisher 220mg MDMA<\/span><\/span><\/strong><span style=\"vertical-align: inherit;\"><span style=\"vertical-align: inherit;\"> to tabletka o zawarto\u015bci 220 mg MDMA, kt\u00f3ra oferuje maksymalny efekt i optymalny stosunek ceny do wydajno\u015bci. Idealny na wakacje, idealny na festiwale, ale tak\u017ce do wielu innych projekt\u00f3w. Przed testowaniem b\u0119dziesz musia\u0142 zadowoli\u0107 si\u0119 testowaniem. Ca\u0142a tabletka premium nie jest ju\u017c dost\u0119pna.<\/span><\/span><\/p>","protected":false},"featured_media":8820,"comment_status":"open","ping_status":"closed","template":"","meta":{"_joinchat":[]},"product_brand":[],"product_cat":[2846],"product_tag":[2187,2383,2385,2382,2188,2384,2017,2164,2018,2015],"class_list":{"0":"post-8785","1":"product","2":"type-product","3":"status-publish","4":"has-post-thumbnail","6":"product_cat-ecstasy-pills","7":"product_tag-220mg-mdma","8":"product_tag-blue-punisher-220mg","9":"product_tag-blue-punisher-kaufen","10":"product_tag-blue-punisher-mdma","11":"product_tag-mdma-220mg-kaufen","12":"product_tag-mdma-blue-punisher","13":"product_tag-mdma-kristalle","14":"product_tag-mdma-online-kaufen","15":"product_tag-mdma-zum-verkauf","16":"product_tag-synthetische-drogen","18":"first","19":"instock","20":"shipping-taxable","21":"purchasable","22":"product-type-variable"},"yoast_head":"<!-- This site is optimized with the Yoast SEO plugin v27.5 - https:\/\/yoast.com\/product\/yoast-seo-wordpress\/ -->\n<title>BLUE PUNISHER 220 MG MDMA online Kaufen | chemgramx<\/title>\n<meta name=\"description\" content=\"Sie k\u00f6nnen Blue Punisher 220 mg MDMA online zu den besten Preisen in unserem Chemgramx-Onlineshop kaufen. Wir haben g\u00fcnstiges und hochwertiges Blue Punisher 220 mg MDMA im Angebot und liefern weltweit. Sie k\u00f6nnen jederzeit und \u00fcberall bestellen.\" \/>\n<meta name=\"robots\" content=\"index, follow, max-snippet:-1, max-image-preview:large, max-video-preview:-1\" \/>\n<link rel=\"canonical\" href=\"https:\/\/chemgramx.com\/pl\/produkt-1\/blue-punisher-220mg-mdma-kup-online\/\" \/>\n<meta property=\"og:locale\" content=\"pl_PL\" \/>\n<meta property=\"og:type\" content=\"article\" \/>\n<meta property=\"og:title\" content=\"BLUE PUNISHER 220 MG MDMA online Kaufen | chemgramx\" \/>\n<meta property=\"og:description\" content=\"Sie k\u00f6nnen Blue Punisher 220 mg MDMA online zu den besten Preisen in unserem Chemgramx-Onlineshop kaufen. Wir haben g\u00fcnstiges und hochwertiges Blue Punisher 220 mg MDMA im Angebot und liefern weltweit. Sie k\u00f6nnen jederzeit und \u00fcberall bestellen.\" \/>\n<meta property=\"og:url\" content=\"https:\/\/chemgramx.com\/pl\/produkt-1\/blue-punisher-220mg-mdma-kup-online\/\" \/>\n<meta property=\"og:site_name\" content=\"Chemgramx\" \/>\n<meta property=\"article:modified_time\" content=\"2025-12-11T01:06:01+00:00\" \/>\n<meta property=\"og:image\" content=\"https:\/\/chemgramx.com\/wp-content\/uploads\/2025\/12\/p-7.png\" \/>\n\t<meta property=\"og:image:width\" content=\"600\" \/>\n\t<meta property=\"og:image:height\" content=\"400\" \/>\n\t<meta property=\"og:image:type\" content=\"image\/png\" \/>\n<meta name=\"twitter:card\" content=\"summary_large_image\" \/>\n<meta name=\"twitter:label1\" content=\"Szacowany czas czytania\" \/>\n\t<meta name=\"twitter:data1\" content=\"3 minuty\" \/>\n<script type=\"application\/ld+json\" class=\"yoast-schema-graph\">{\"@context\":\"https:\\\/\\\/schema.org\",\"@graph\":[{\"@type\":\"WebPage\",\"@id\":\"https:\\\/\\\/chemgramx.com\\\/product\\\/blue-punisher-220mg-mdma-online-kaufen\\\/\",\"url\":\"https:\\\/\\\/chemgramx.com\\\/product\\\/blue-punisher-220mg-mdma-online-kaufen\\\/\",\"name\":\"BLUE PUNISHER 220 MG MDMA online Kaufen | chemgramx\",\"isPartOf\":{\"@id\":\"https:\\\/\\\/chemgramx.com\\\/#website\"},\"primaryImageOfPage\":{\"@id\":\"https:\\\/\\\/chemgramx.com\\\/product\\\/blue-punisher-220mg-mdma-online-kaufen\\\/#primaryimage\"},\"image\":{\"@id\":\"https:\\\/\\\/chemgramx.com\\\/product\\\/blue-punisher-220mg-mdma-online-kaufen\\\/#primaryimage\"},\"thumbnailUrl\":\"https:\\\/\\\/chemgramx.com\\\/wp-content\\\/uploads\\\/2025\\\/12\\\/p-7.png\",\"datePublished\":\"2025-12-11T01:04:47+00:00\",\"dateModified\":\"2025-12-11T01:06:01+00:00\",\"description\":\"Sie k\u00f6nnen Blue Punisher 220 mg MDMA online zu den besten Preisen in unserem Chemgramx-Onlineshop kaufen. Wir haben g\u00fcnstiges und hochwertiges Blue Punisher 220 mg MDMA im Angebot und liefern weltweit. Sie k\u00f6nnen jederzeit und \u00fcberall bestellen.\",\"breadcrumb\":{\"@id\":\"https:\\\/\\\/chemgramx.com\\\/product\\\/blue-punisher-220mg-mdma-online-kaufen\\\/#breadcrumb\"},\"inLanguage\":\"pl-PL\",\"potentialAction\":[{\"@type\":\"ReadAction\",\"target\":[\"https:\\\/\\\/chemgramx.com\\\/product\\\/blue-punisher-220mg-mdma-online-kaufen\\\/\"]}]},{\"@type\":\"ImageObject\",\"inLanguage\":\"pl-PL\",\"@id\":\"https:\\\/\\\/chemgramx.com\\\/product\\\/blue-punisher-220mg-mdma-online-kaufen\\\/#primaryimage\",\"url\":\"https:\\\/\\\/chemgramx.com\\\/wp-content\\\/uploads\\\/2025\\\/12\\\/p-7.png\",\"contentUrl\":\"https:\\\/\\\/chemgramx.com\\\/wp-content\\\/uploads\\\/2025\\\/12\\\/p-7.png\",\"width\":600,\"height\":400},{\"@type\":\"BreadcrumbList\",\"@id\":\"https:\\\/\\\/chemgramx.com\\\/product\\\/blue-punisher-220mg-mdma-online-kaufen\\\/#breadcrumb\",\"itemListElement\":[{\"@type\":\"ListItem\",\"position\":1,\"name\":\"Home\",\"item\":\"https:\\\/\\\/chemgramx.com\\\/\"},{\"@type\":\"ListItem\",\"position\":2,\"name\":\"Shop\",\"item\":\"https:\\\/\\\/chemgramx.com\\\/shop\\\/\"},{\"@type\":\"ListItem\",\"position\":3,\"name\":\"BLUE PUNISHER 220MG MDMA Online kaufen\"}]},{\"@type\":\"WebSite\",\"@id\":\"https:\\\/\\\/chemgramx.com\\\/#website\",\"url\":\"https:\\\/\\\/chemgramx.com\\\/\",\"name\":\"Chemgramx\",\"description\":\"\",\"publisher\":{\"@id\":\"https:\\\/\\\/chemgramx.com\\\/#organization\"},\"potentialAction\":[{\"@type\":\"SearchAction\",\"target\":{\"@type\":\"EntryPoint\",\"urlTemplate\":\"https:\\\/\\\/chemgramx.com\\\/?s={search_term_string}\"},\"query-input\":{\"@type\":\"PropertyValueSpecification\",\"valueRequired\":true,\"valueName\":\"search_term_string\"}}],\"inLanguage\":\"pl-PL\"},{\"@type\":\"Organization\",\"@id\":\"https:\\\/\\\/chemgramx.com\\\/#organization\",\"name\":\"Chemgramx\",\"url\":\"https:\\\/\\\/chemgramx.com\\\/\",\"logo\":{\"@type\":\"ImageObject\",\"inLanguage\":\"pl-PL\",\"@id\":\"https:\\\/\\\/chemgramx.com\\\/#\\\/schema\\\/logo\\\/image\\\/\",\"url\":\"https:\\\/\\\/chemgramx.com\\\/wp-content\\\/uploads\\\/2024\\\/10\\\/final-logo.png\",\"contentUrl\":\"https:\\\/\\\/chemgramx.com\\\/wp-content\\\/uploads\\\/2024\\\/10\\\/final-logo.png\",\"width\":250,\"height\":48,\"caption\":\"Chemgramx\"},\"image\":{\"@id\":\"https:\\\/\\\/chemgramx.com\\\/#\\\/schema\\\/logo\\\/image\\\/\"}}]}<\/script>\n<!-- \/ Yoast SEO plugin. -->","yoast_head_json":{"title":"Kup BLUE PUNISHER 220 MG MDMA online | chemgramx","description":"Mo\u017cesz kupi\u0107 Blue Punisher 220 mg MDMA online w najlepszych cenach w naszym sklepie internetowym Chemgramx. Mamy tanie i wysokiej jako\u015bci Blue Punisher 220 mg MDMA w ofercie i dostarczamy na ca\u0142y \u015bwiat. Mo\u017cesz zam\u00f3wi\u0107 w dowolnym miejscu i czasie.","robots":{"index":"index","follow":"follow","max-snippet":"max-snippet:-1","max-image-preview":"max-image-preview:large","max-video-preview":"max-video-preview:-1"},"canonical":"https:\/\/chemgramx.com\/pl\/produkt-1\/blue-punisher-220mg-mdma-kup-online\/","og_locale":"pl_PL","og_type":"article","og_title":"BLUE PUNISHER 220 MG MDMA online Kaufen | chemgramx","og_description":"Sie k\u00f6nnen Blue Punisher 220 mg MDMA online zu den besten Preisen in unserem Chemgramx-Onlineshop kaufen. Wir haben g\u00fcnstiges und hochwertiges Blue Punisher 220 mg MDMA im Angebot und liefern weltweit. Sie k\u00f6nnen jederzeit und \u00fcberall bestellen.","og_url":"https:\/\/chemgramx.com\/pl\/produkt-1\/blue-punisher-220mg-mdma-kup-online\/","og_site_name":"Chemgramx","article_modified_time":"2025-12-11T01:06:01+00:00","og_image":[{"width":600,"height":400,"url":"https:\/\/chemgramx.com\/wp-content\/uploads\/2025\/12\/p-7.png","type":"image\/png"}],"twitter_card":"summary_large_image","twitter_misc":{"Szacowany czas czytania":"3 minuty"},"schema":{"@context":"https:\/\/schema.org","@graph":[{"@type":"WebPage","@id":"https:\/\/chemgramx.com\/product\/blue-punisher-220mg-mdma-online-kaufen\/","url":"https:\/\/chemgramx.com\/product\/blue-punisher-220mg-mdma-online-kaufen\/","name":"Kup BLUE PUNISHER 220 MG MDMA online | chemgramx","isPartOf":{"@id":"https:\/\/chemgramx.com\/#website"},"primaryImageOfPage":{"@id":"https:\/\/chemgramx.com\/product\/blue-punisher-220mg-mdma-online-kaufen\/#primaryimage"},"image":{"@id":"https:\/\/chemgramx.com\/product\/blue-punisher-220mg-mdma-online-kaufen\/#primaryimage"},"thumbnailUrl":"https:\/\/chemgramx.com\/wp-content\/uploads\/2025\/12\/p-7.png","datePublished":"2025-12-11T01:04:47+00:00","dateModified":"2025-12-11T01:06:01+00:00","description":"Mo\u017cesz kupi\u0107 Blue Punisher 220 mg MDMA online w najlepszych cenach w naszym sklepie internetowym Chemgramx. Mamy tanie i wysokiej jako\u015bci Blue Punisher 220 mg MDMA w ofercie i dostarczamy na ca\u0142y \u015bwiat. Mo\u017cesz zam\u00f3wi\u0107 w dowolnym miejscu i czasie.","breadcrumb":{"@id":"https:\/\/chemgramx.com\/product\/blue-punisher-220mg-mdma-online-kaufen\/#breadcrumb"},"inLanguage":"pl-PL","potentialAction":[{"@type":"ReadAction","target":["https:\/\/chemgramx.com\/product\/blue-punisher-220mg-mdma-online-kaufen\/"]}]},{"@type":"ImageObject","inLanguage":"pl-PL","@id":"https:\/\/chemgramx.com\/product\/blue-punisher-220mg-mdma-online-kaufen\/#primaryimage","url":"https:\/\/chemgramx.com\/wp-content\/uploads\/2025\/12\/p-7.png","contentUrl":"https:\/\/chemgramx.com\/wp-content\/uploads\/2025\/12\/p-7.png","width":600,"height":400},{"@type":"BreadcrumbList","@id":"https:\/\/chemgramx.com\/product\/blue-punisher-220mg-mdma-online-kaufen\/#breadcrumb","itemListElement":[{"@type":"ListItem","position":1,"name":"Home","item":"https:\/\/chemgramx.com\/"},{"@type":"ListItem","position":2,"name":"Shop","item":"https:\/\/chemgramx.com\/shop\/"},{"@type":"ListItem","position":3,"name":"BLUE PUNISHER 220MG MDMA Online kaufen"}]},{"@type":"WebSite","@id":"https:\/\/chemgramx.com\/#website","url":"https:\/\/chemgramx.com\/","name":"Chemgramx","description":"","publisher":{"@id":"https:\/\/chemgramx.com\/#organization"},"potentialAction":[{"@type":"SearchAction","target":{"@type":"EntryPoint","urlTemplate":"https:\/\/chemgramx.com\/?s={search_term_string}"},"query-input":{"@type":"PropertyValueSpecification","valueRequired":true,"valueName":"search_term_string"}}],"inLanguage":"pl-PL"},{"@type":"Organization","@id":"https:\/\/chemgramx.com\/#organization","name":"Chemgramx","url":"https:\/\/chemgramx.com\/","logo":{"@type":"ImageObject","inLanguage":"pl-PL","@id":"https:\/\/chemgramx.com\/#\/schema\/logo\/image\/","url":"https:\/\/chemgramx.com\/wp-content\/uploads\/2024\/10\/final-logo.png","contentUrl":"https:\/\/chemgramx.com\/wp-content\/uploads\/2024\/10\/final-logo.png","width":250,"height":48,"caption":"Chemgramx"},"image":{"@id":"https:\/\/chemgramx.com\/#\/schema\/logo\/image\/"}}]}},"_links":{"self":[{"href":"https:\/\/chemgramx.com\/pl\/wp-json\/wp\/v2\/product\/8785","targetHints":{"allow":["GET"]}}],"collection":[{"href":"https:\/\/chemgramx.com\/pl\/wp-json\/wp\/v2\/product"}],"about":[{"href":"https:\/\/chemgramx.com\/pl\/wp-json\/wp\/v2\/types\/product"}],"replies":[{"embeddable":true,"href":"https:\/\/chemgramx.com\/pl\/wp-json\/wp\/v2\/comments?post=8785"}],"wp:featuredmedia":[{"embeddable":true,"href":"https:\/\/chemgramx.com\/pl\/wp-json\/wp\/v2\/media\/8820"}],"wp:attachment":[{"href":"https:\/\/chemgramx.com\/pl\/wp-json\/wp\/v2\/media?parent=8785"}],"wp:term":[{"taxonomy":"product_brand","embeddable":true,"href":"https:\/\/chemgramx.com\/pl\/wp-json\/wp\/v2\/product_brand?post=8785"},{"taxonomy":"product_cat","embeddable":true,"href":"https:\/\/chemgramx.com\/pl\/wp-json\/wp\/v2\/product_cat?post=8785"},{"taxonomy":"product_tag","embeddable":true,"href":"https:\/\/chemgramx.com\/pl\/wp-json\/wp\/v2\/product_tag?post=8785"}],"curies":[{"name":"wp","href":"https:\/\/api.w.org\/{rel}","templated":true}]}}