{"id":8787,"date":"2025-12-11T01:04:48","date_gmt":"2025-12-11T01:04:48","guid":{"rendered":"https:\/\/chemgramx.com\/?post_type=product&#038;p=8787"},"modified":"2025-12-11T01:06:19","modified_gmt":"2025-12-11T01:06:19","slug":"kupic-niebieskie-toyoty-160mg-mdma-online","status":"publish","type":"product","link":"https:\/\/chemgramx.com\/pl\/product\/blue-toyotas-160mg-mdma-online-kaufen\/","title":{"rendered":"Kup Blue Toyotas 160mg MDMA online"},"content":{"rendered":"<h2 data-start=\"124\" data-end=\"171\">Blue Toyotas 160 mg MDMA Opis produktu<\/h2>\n<h2 data-start=\"173\" data-end=\"188\">wst\u0119p<\/h2>\n<p data-start=\"190\" data-end=\"710\">Blue Toyotas 160mg MDMA do kupienia online szybko sta\u0142 si\u0119 ulubie\u0144cem zar\u00f3wno entuzjast\u00f3w poprawy funkcji poznawczych, jak i u\u017cytkownik\u00f3w rekreacyjnych. Znany ze swojej niezawodnej mocy i zr\u00f3wnowa\u017conych efekt\u00f3w, ten wariant MDMA oferuje wyj\u0105tkowe do\u015bwiadczenie, kt\u00f3re \u0142\u0105czy w sobie jasno\u015b\u0107 umys\u0142u, emocjonaln\u0105 otwarto\u015b\u0107 i euforyczn\u0105 energi\u0119. Niezale\u017cnie od tego, czy jeste\u015b nowym u\u017cytkownikiem MDMA, czy do\u015bwiadczonym, <a href=\"https:\/\/chemgramx.com\/product\/blue-toyotas-160-mg-mdma\/\">Kup Blue Toyotas 160mg MDMA online<\/a> zapewnia sp\u00f3jne rezultaty i cieszy si\u0119 popularno\u015bci\u0105 na platformach internetowych na ca\u0142ym \u015bwiecie.<\/p>\n<h3 data-start=\"712\" data-end=\"763\">Co sprawia, \u017ce \u200b\u200bMDMA 160 mg firmy Blue Toyota jest wyj\u0105tkowe?<\/h3>\n<h3 data-start=\"765\" data-end=\"796\">Sk\u0142ad chemiczny<\/h3>\n<p data-start=\"798\" data-end=\"1086\">MDMA Blue Toyota 160 mg to wysokiej jako\u015bci formu\u0142a 3,4-metylenodioksymetamfetaminy, precyzyjnie dozowana w dawce 160 mg na jednostk\u0119. Produkt ten, wytwarzany pod \u015bcis\u0142\u0105 kontrol\u0105 jako\u015bci, gwarantuje czysto\u015b\u0107, bezpiecze\u0144stwo i moc, zapewniaj\u0105c optymalne doznania psychoaktywne.<\/p>\n<h3 data-start=\"1088\" data-end=\"1126\">Dzia\u0142anie i zalecana dawka<\/h3>\n<p data-start=\"1128\" data-end=\"1517\">Poczuj wzmo\u017con\u0105 empati\u0119, popraw\u0119 nastroju, zwi\u0119kszon\u0105 koncentracj\u0119 poznawcz\u0105 i delikatn\u0105, lecz orze\u017awiaj\u0105c\u0105 eufori\u0119. Dawka 160 mg jest idealna dla u\u017cytkownik\u00f3w poszukuj\u0105cych zr\u00f3wnowa\u017conego do\u015bwiadczenia \u2013 wystarczaj\u0105co silnego, by zapewni\u0107 zauwa\u017calne efekty, a jednocze\u015bnie zapewniaj\u0105cego kontrol\u0119 i jasno\u015b\u0107 umys\u0142u. Osoby pocz\u0105tkuj\u0105ce powinny zawsze zaczyna\u0107 od ni\u017cszej dawki i stosowa\u0107 j\u0105 rozwa\u017cnie.<\/p>\n<h3 data-start=\"1519\" data-end=\"1580\">Czy zakup MDMA Blue Toyota 160 mg online jest bezpieczny?<\/h3>\n<h3 data-start=\"1582\" data-end=\"1634\">Wskaz\u00f3wki dotycz\u0105ce bezpiecze\u0144stwa i recenzja dostawcy<\/h3>\n<p data-start=\"1636\" data-end=\"1903\">Zakup Blue Toyotas 160mg <a href=\"https:\/\/en.wikipedia.org\/wiki\/MDMA\">MDMA<\/a> Zakupy online wymagaj\u0105 ostro\u017cno\u015bci. Upewnij si\u0119, \u017ce wybierasz dostawc\u00f3w, kt\u00f3rzy dostarczaj\u0105 przejrzyste raporty laboratoryjne dotycz\u0105ce czysto\u015bci i bezpiecze\u0144stwa produktu. Unikaj sprzedawc\u00f3w oferuj\u0105cych podejrzanie niskie ceny lub niejasne informacje o produkcie.<\/p>\n<h3 data-start=\"2183\" data-end=\"2223\">Jak rozpozna\u0107 renomowanych sprzedawc\u00f3w?<\/h3>\n<p data-start=\"2225\" data-end=\"2257\">Renomowani dostawcy zazwyczaj oferuj\u0105:<\/p>\n<ul data-start=\"2259\" data-end=\"2488\">\n<li data-start=\"2259\" data-end=\"2300\">\n<p data-start=\"2261\" data-end=\"2300\">Bezpieczne i dyskretne metody p\u0142atno\u015bci<\/p>\n<\/li>\n<li data-start=\"2301\" data-end=\"2340\">\n<p data-start=\"2303\" data-end=\"2340\">Niezawodna i szybka wysy\u0142ka<\/p>\n<\/li>\n<li data-start=\"2341\" data-end=\"2377\">\n<p data-start=\"2343\" data-end=\"2377\">Szybka i sprawna obs\u0142uga klienta<\/p>\n<\/li>\n<li data-start=\"2438\" data-end=\"2488\">\n<p data-start=\"2440\" data-end=\"2488\">Przejrzyste instrukcje dotycz\u0105ce dawkowania i szczeg\u00f3\u0142y produktu<\/p>\n<\/li>\n<\/ul>\n<h3 data-start=\"2490\" data-end=\"2524\">Przegl\u0105d sytuacji prawnej<\/h3>\n<p data-start=\"2526\" data-end=\"2943\">Legalno\u015b\u0107 MDMA w dawce 160 mg w Blue Toyota r\u00f3\u017cni si\u0119 w zale\u017cno\u015bci od kraju. W Stanach Zjednoczonych, Wielkiej Brytanii, UE i wielu innych regionach MDMA jest substancj\u0105 kontrolowan\u0105, a nieautoryzowany zakup lub posiadanie mo\u017ce by\u0107 nielegalne. Niekt\u00f3re kraje dopuszczaj\u0105 wyj\u0105tki w celach medycznych lub badawczych. Przed z\u0142o\u017ceniem zam\u00f3wienia nale\u017cy zawsze sprawdzi\u0107 lokalne przepisy, aby unikn\u0105\u0107 ryzyka prawnego.<\/p>\n<h3 data-start=\"2945\" data-end=\"2998\">R\u00f3\u017cne formy produkt\u00f3w i jak je wybra\u0107<\/h3>\n<ul data-start=\"3000\" data-end=\"3198\">\n<li data-start=\"3000\" data-end=\"3070\">\n<p data-start=\"3002\" data-end=\"3070\">Proszek: Elastyczne dawkowanie i wszechstronne zastosowanie<\/p>\n<\/li>\n<li data-start=\"3071\" data-end=\"3121\">\n<p data-start=\"3073\" data-end=\"3121\">Kapsu\u0142ki: praktyczne, wst\u0119pnie porcjowane i dyskretne<\/p>\n<\/li>\n<li data-start=\"3122\" data-end=\"3198\">\n<p data-start=\"3124\" data-end=\"3198\">Tabletki podj\u0119zykowe: szybsze wch\u0142anianie i szybszy pocz\u0105tek dzia\u0142ania<\/p>\n<\/li>\n<\/ul>\n<p data-start=\"3200\" data-end=\"3288\">Wyb\u00f3r zale\u017cy od Twoich osobistych preferencji i preferowanego sposobu konsumpcji.<\/p>\n<h3 data-start=\"3290\" data-end=\"3309\">Przegl\u0105d cen<\/h3>\n<p data-start=\"3311\" data-end=\"3592\">Ceny Blue Toyotas 160 mg MDMA r\u00f3\u017cni\u0105 si\u0119 w zale\u017cno\u015bci od dostawcy, czysto\u015bci i ilo\u015bci. Tanie oferty mog\u0105 by\u0107 kusz\u0105ce, ale jako\u015b\u0107 i bezpiecze\u0144stwo zawsze powinny mie\u0107 pierwsze\u0144stwo. Szukaj uczciwego stosunku ceny do wydajno\u015bci, kt\u00f3ry gwarantuje autentyczno\u015b\u0107.<\/p>\n<h3 data-start=\"3594\" data-end=\"3656\">Jak odpowiedzialnie stosowa\u0107 MDMA 160 mg firmy Blue Toyota?<\/h3>\n<ul data-start=\"3658\" data-end=\"3956\">\n<li data-start=\"3658\" data-end=\"3707\">\n<p data-start=\"3660\" data-end=\"3707\">Dok\u0142adnie przestrzegaj zalece\u0144 dotycz\u0105cych dawkowania<\/p>\n<\/li>\n<li data-start=\"3708\" data-end=\"3776\">\n<p data-start=\"3710\" data-end=\"3776\">Zadbaj o odpowiedni\u0105, ale nie nadmiern\u0105 poda\u017c p\u0142yn\u00f3w<\/p>\n<\/li>\n<li data-start=\"3777\" data-end=\"3824\">\n<p data-start=\"3779\" data-end=\"3824\">Unika\u0107 mieszania z innymi substancjami<\/p>\n<\/li>\n<li data-start=\"3825\" data-end=\"3891\">\n<p data-start=\"3827\" data-end=\"3891\">Zapewnij bezpieczne i komfortowe warunki podczas konsumpcji<\/p>\n<\/li>\n<\/ul>\n<p data-start=\"3958\" data-end=\"4036\">Odpowiedzialne u\u017cytkowanie maksymalizuje korzy\u015bci i minimalizuje ryzyko.<\/p>\n<h3 data-start=\"4038\" data-end=\"4093\">Gdzie mog\u0119 kupi\u0107 MDMA Blue Toyota 160 mg online?<\/h3>\n<p data-start=\"4095\" data-end=\"4406\">Aby uzyska\u0107 najlepsze wra\u017cenia, kupuj Blue Toyotas 160mg MDMA na sprzeda\u017c tylko od zaufanych sprzedawc\u00f3w internetowych, kt\u00f3rzy oferuj\u0105 zweryfikowane testy laboratoryjne, bezpieczne opcje p\u0142atno\u015bci i pozytywne opinie klient\u00f3w. Unikaj ryzykownych rynk\u00f3w i zawsze zwracaj uwag\u0119 na swoje bezpiecze\u0144stwo i zgodno\u015b\u0107 z wymogami prawnymi.<\/p>\n<h3 data-start=\"4408\" data-end=\"4418\">Wnioski<\/h3>\n<p data-start=\"4420\" data-end=\"4993\">Blue Toyotas 160mg MDMA to doskona\u0142y wyb\u00f3r dla ka\u017cdego, kto szuka niezawodnego, wysokiej jako\u015bci wzmocnienia poznawczego i emocjonalnego. Dzi\u0119ki zr\u00f3wnowa\u017conym efektom, sta\u0142emu dawkowaniu i najwy\u017cszej czysto\u015bci jest to najlepsza rekomendacja w spo\u0142eczno\u015bci MDMA. Aby zapewni\u0107 bezpiecze\u0144stwo i satysfakcj\u0119, kupuj Blue Toyotas 160mg MDMA online tylko z renomowanych \u017ar\u00f3de\u0142. Rozpocznij swoj\u0105 podr\u00f3\u017c do zwi\u0119kszonej jasno\u015bci umys\u0142u i emocjonalnego po\u0142\u0105czenia ju\u017c dzi\u015b, znajduj\u0105c najlepsze miejsce do zakupu Blue Toyotas 160mg MDMA online.<\/p>","protected":false},"excerpt":{"rendered":"<p><strong>Blue Toyotas 160 mg MDMA<\/strong>\u00a0oferuje zbilansowan\u0105 dawk\u0119 czystego MDMA, zapewniaj\u0105c pot\u0119\u017cne i d\u0142ugotrwa\u0142e doznania. Idealny dla do\u015bwiadczonych u\u017cytkownik\u00f3w poszukuj\u0105cych euforii i energii na imprezach tanecznych lub festiwalach. Ka\u017cda tabletka przechodzi rygorystyczne testy w celu zapewnienia jako\u015bci i bezpiecze\u0144stwa, gwarantuj\u0105c niezawodno\u015b\u0107 i intensywne efekty.<\/p>","protected":false},"featured_media":8822,"comment_status":"open","ping_status":"closed","template":"","meta":{"_joinchat":[]},"product_brand":[],"product_cat":[2846],"product_tag":[2322,2325,2326,2324,2321,2323,2017,2164,2018,2015],"class_list":{"0":"post-8787","1":"product","2":"type-product","3":"status-publish","4":"has-post-thumbnail","6":"product_cat-ecstasy-pills","7":"product_tag-160mg-mdma","8":"product_tag-160mg-mdma-kaufen","9":"product_tag-blue-toyotas-160mg","10":"product_tag-blue-toyotas-kaufen","11":"product_tag-blue-toyotas-mdma","12":"product_tag-mdma-160mg-kaufen","13":"product_tag-mdma-kristalle","14":"product_tag-mdma-online-kaufen","15":"product_tag-mdma-zum-verkauf","16":"product_tag-synthetische-drogen","18":"first","19":"instock","20":"shipping-taxable","21":"purchasable","22":"product-type-variable"},"yoast_head":"<!-- This site is optimized with the Yoast SEO plugin v27.5 - https:\/\/yoast.com\/product\/yoast-seo-wordpress\/ -->\n<title>Blue Toyotas 160 mg MDMA zu verkaufen | Chemgramx<\/title>\n<meta name=\"description\" content=\"Sie k\u00f6nnen jetzt Blue Toyotas 160 mg MDMA zu g\u00fcnstigen Preisen in unserem Top-Chemgramx-Shop kaufen. Unsere Mitarbeiter helfen Ihnen, Blue Toyotas 160 mg MDMA online zu den besten Preisen zu kaufen. Bestellen Sie Blue Toyotas 160 mg MDMA noch heute online mit weltweitem Versand!\" \/>\n<meta name=\"robots\" content=\"index, follow, max-snippet:-1, max-image-preview:large, max-video-preview:-1\" \/>\n<link rel=\"canonical\" href=\"https:\/\/chemgramx.com\/pl\/produkt-1\/kupic-niebieskie-toyoty-160mg-mdma-online\/\" \/>\n<meta property=\"og:locale\" content=\"pl_PL\" \/>\n<meta property=\"og:type\" content=\"article\" \/>\n<meta property=\"og:title\" content=\"Blue Toyotas 160 mg MDMA zu verkaufen | Chemgramx\" \/>\n<meta property=\"og:description\" content=\"Sie k\u00f6nnen jetzt Blue Toyotas 160 mg MDMA zu g\u00fcnstigen Preisen in unserem Top-Chemgramx-Shop kaufen. Unsere Mitarbeiter helfen Ihnen, Blue Toyotas 160 mg MDMA online zu den besten Preisen zu kaufen. Bestellen Sie Blue Toyotas 160 mg MDMA noch heute online mit weltweitem Versand!\" \/>\n<meta property=\"og:url\" content=\"https:\/\/chemgramx.com\/pl\/produkt-1\/kupic-niebieskie-toyoty-160mg-mdma-online\/\" \/>\n<meta property=\"og:site_name\" content=\"Chemgramx\" \/>\n<meta property=\"article:modified_time\" content=\"2025-12-11T01:06:19+00:00\" \/>\n<meta property=\"og:image\" content=\"https:\/\/chemgramx.com\/wp-content\/uploads\/2025\/12\/p-10.png\" \/>\n\t<meta property=\"og:image:width\" content=\"600\" \/>\n\t<meta property=\"og:image:height\" content=\"400\" \/>\n\t<meta property=\"og:image:type\" content=\"image\/png\" \/>\n<meta name=\"twitter:card\" content=\"summary_large_image\" \/>\n<meta name=\"twitter:label1\" content=\"Szacowany czas czytania\" \/>\n\t<meta name=\"twitter:data1\" content=\"3 minuty\" \/>\n<script type=\"application\/ld+json\" class=\"yoast-schema-graph\">{\"@context\":\"https:\\\/\\\/schema.org\",\"@graph\":[{\"@type\":\"WebPage\",\"@id\":\"https:\\\/\\\/chemgramx.com\\\/product\\\/blue-toyotas-160mg-mdma-online-kaufen\\\/\",\"url\":\"https:\\\/\\\/chemgramx.com\\\/product\\\/blue-toyotas-160mg-mdma-online-kaufen\\\/\",\"name\":\"Blue Toyotas 160 mg MDMA zu verkaufen | Chemgramx\",\"isPartOf\":{\"@id\":\"https:\\\/\\\/chemgramx.com\\\/#website\"},\"primaryImageOfPage\":{\"@id\":\"https:\\\/\\\/chemgramx.com\\\/product\\\/blue-toyotas-160mg-mdma-online-kaufen\\\/#primaryimage\"},\"image\":{\"@id\":\"https:\\\/\\\/chemgramx.com\\\/product\\\/blue-toyotas-160mg-mdma-online-kaufen\\\/#primaryimage\"},\"thumbnailUrl\":\"https:\\\/\\\/chemgramx.com\\\/wp-content\\\/uploads\\\/2025\\\/12\\\/p-10.png\",\"datePublished\":\"2025-12-11T01:04:48+00:00\",\"dateModified\":\"2025-12-11T01:06:19+00:00\",\"description\":\"Sie k\u00f6nnen jetzt Blue Toyotas 160 mg MDMA zu g\u00fcnstigen Preisen in unserem Top-Chemgramx-Shop kaufen. Unsere Mitarbeiter helfen Ihnen, Blue Toyotas 160 mg MDMA online zu den besten Preisen zu kaufen. Bestellen Sie Blue Toyotas 160 mg MDMA noch heute online mit weltweitem Versand!\",\"breadcrumb\":{\"@id\":\"https:\\\/\\\/chemgramx.com\\\/product\\\/blue-toyotas-160mg-mdma-online-kaufen\\\/#breadcrumb\"},\"inLanguage\":\"pl-PL\",\"potentialAction\":[{\"@type\":\"ReadAction\",\"target\":[\"https:\\\/\\\/chemgramx.com\\\/product\\\/blue-toyotas-160mg-mdma-online-kaufen\\\/\"]}]},{\"@type\":\"ImageObject\",\"inLanguage\":\"pl-PL\",\"@id\":\"https:\\\/\\\/chemgramx.com\\\/product\\\/blue-toyotas-160mg-mdma-online-kaufen\\\/#primaryimage\",\"url\":\"https:\\\/\\\/chemgramx.com\\\/wp-content\\\/uploads\\\/2025\\\/12\\\/p-10.png\",\"contentUrl\":\"https:\\\/\\\/chemgramx.com\\\/wp-content\\\/uploads\\\/2025\\\/12\\\/p-10.png\",\"width\":600,\"height\":400},{\"@type\":\"BreadcrumbList\",\"@id\":\"https:\\\/\\\/chemgramx.com\\\/product\\\/blue-toyotas-160mg-mdma-online-kaufen\\\/#breadcrumb\",\"itemListElement\":[{\"@type\":\"ListItem\",\"position\":1,\"name\":\"Home\",\"item\":\"https:\\\/\\\/chemgramx.com\\\/\"},{\"@type\":\"ListItem\",\"position\":2,\"name\":\"Shop\",\"item\":\"https:\\\/\\\/chemgramx.com\\\/shop\\\/\"},{\"@type\":\"ListItem\",\"position\":3,\"name\":\"Blue Toyotas 160mg MDMA Online kaufen\"}]},{\"@type\":\"WebSite\",\"@id\":\"https:\\\/\\\/chemgramx.com\\\/#website\",\"url\":\"https:\\\/\\\/chemgramx.com\\\/\",\"name\":\"Chemgramx\",\"description\":\"\",\"publisher\":{\"@id\":\"https:\\\/\\\/chemgramx.com\\\/#organization\"},\"potentialAction\":[{\"@type\":\"SearchAction\",\"target\":{\"@type\":\"EntryPoint\",\"urlTemplate\":\"https:\\\/\\\/chemgramx.com\\\/?s={search_term_string}\"},\"query-input\":{\"@type\":\"PropertyValueSpecification\",\"valueRequired\":true,\"valueName\":\"search_term_string\"}}],\"inLanguage\":\"pl-PL\"},{\"@type\":\"Organization\",\"@id\":\"https:\\\/\\\/chemgramx.com\\\/#organization\",\"name\":\"Chemgramx\",\"url\":\"https:\\\/\\\/chemgramx.com\\\/\",\"logo\":{\"@type\":\"ImageObject\",\"inLanguage\":\"pl-PL\",\"@id\":\"https:\\\/\\\/chemgramx.com\\\/#\\\/schema\\\/logo\\\/image\\\/\",\"url\":\"https:\\\/\\\/chemgramx.com\\\/wp-content\\\/uploads\\\/2024\\\/10\\\/final-logo.png\",\"contentUrl\":\"https:\\\/\\\/chemgramx.com\\\/wp-content\\\/uploads\\\/2024\\\/10\\\/final-logo.png\",\"width\":250,\"height\":48,\"caption\":\"Chemgramx\"},\"image\":{\"@id\":\"https:\\\/\\\/chemgramx.com\\\/#\\\/schema\\\/logo\\\/image\\\/\"}}]}<\/script>\n<!-- \/ Yoast SEO plugin. -->","yoast_head_json":{"title":"Niebieskie Toyoty 160 mg MDMA na sprzeda\u017c | Chemgramx","description":"Mo\u017cesz teraz kupi\u0107 Blue Toyotas 160 mg MDMA w przyst\u0119pnych cenach w naszym najlepszym sklepie Chemgramx. Nasi pracownicy pomog\u0105 Ci kupi\u0107 Blue Toyotas 160 mg MDMA online w najlepszych cenach. Zam\u00f3w Blue Toyotas 160 mg MDMA online ju\u017c dzi\u015b z wysy\u0142k\u0105 na ca\u0142y \u015bwiat!","robots":{"index":"index","follow":"follow","max-snippet":"max-snippet:-1","max-image-preview":"max-image-preview:large","max-video-preview":"max-video-preview:-1"},"canonical":"https:\/\/chemgramx.com\/pl\/produkt-1\/kupic-niebieskie-toyoty-160mg-mdma-online\/","og_locale":"pl_PL","og_type":"article","og_title":"Blue Toyotas 160 mg MDMA zu verkaufen | Chemgramx","og_description":"Sie k\u00f6nnen jetzt Blue Toyotas 160 mg MDMA zu g\u00fcnstigen Preisen in unserem Top-Chemgramx-Shop kaufen. Unsere Mitarbeiter helfen Ihnen, Blue Toyotas 160 mg MDMA online zu den besten Preisen zu kaufen. Bestellen Sie Blue Toyotas 160 mg MDMA noch heute online mit weltweitem Versand!","og_url":"https:\/\/chemgramx.com\/pl\/produkt-1\/kupic-niebieskie-toyoty-160mg-mdma-online\/","og_site_name":"Chemgramx","article_modified_time":"2025-12-11T01:06:19+00:00","og_image":[{"width":600,"height":400,"url":"https:\/\/chemgramx.com\/wp-content\/uploads\/2025\/12\/p-10.png","type":"image\/png"}],"twitter_card":"summary_large_image","twitter_misc":{"Szacowany czas czytania":"3 minuty"},"schema":{"@context":"https:\/\/schema.org","@graph":[{"@type":"WebPage","@id":"https:\/\/chemgramx.com\/product\/blue-toyotas-160mg-mdma-online-kaufen\/","url":"https:\/\/chemgramx.com\/product\/blue-toyotas-160mg-mdma-online-kaufen\/","name":"Niebieskie Toyoty 160 mg MDMA na sprzeda\u017c | Chemgramx","isPartOf":{"@id":"https:\/\/chemgramx.com\/#website"},"primaryImageOfPage":{"@id":"https:\/\/chemgramx.com\/product\/blue-toyotas-160mg-mdma-online-kaufen\/#primaryimage"},"image":{"@id":"https:\/\/chemgramx.com\/product\/blue-toyotas-160mg-mdma-online-kaufen\/#primaryimage"},"thumbnailUrl":"https:\/\/chemgramx.com\/wp-content\/uploads\/2025\/12\/p-10.png","datePublished":"2025-12-11T01:04:48+00:00","dateModified":"2025-12-11T01:06:19+00:00","description":"Mo\u017cesz teraz kupi\u0107 Blue Toyotas 160 mg MDMA w przyst\u0119pnych cenach w naszym najlepszym sklepie Chemgramx. Nasi pracownicy pomog\u0105 Ci kupi\u0107 Blue Toyotas 160 mg MDMA online w najlepszych cenach. Zam\u00f3w Blue Toyotas 160 mg MDMA online ju\u017c dzi\u015b z wysy\u0142k\u0105 na ca\u0142y \u015bwiat!","breadcrumb":{"@id":"https:\/\/chemgramx.com\/product\/blue-toyotas-160mg-mdma-online-kaufen\/#breadcrumb"},"inLanguage":"pl-PL","potentialAction":[{"@type":"ReadAction","target":["https:\/\/chemgramx.com\/product\/blue-toyotas-160mg-mdma-online-kaufen\/"]}]},{"@type":"ImageObject","inLanguage":"pl-PL","@id":"https:\/\/chemgramx.com\/product\/blue-toyotas-160mg-mdma-online-kaufen\/#primaryimage","url":"https:\/\/chemgramx.com\/wp-content\/uploads\/2025\/12\/p-10.png","contentUrl":"https:\/\/chemgramx.com\/wp-content\/uploads\/2025\/12\/p-10.png","width":600,"height":400},{"@type":"BreadcrumbList","@id":"https:\/\/chemgramx.com\/product\/blue-toyotas-160mg-mdma-online-kaufen\/#breadcrumb","itemListElement":[{"@type":"ListItem","position":1,"name":"Home","item":"https:\/\/chemgramx.com\/"},{"@type":"ListItem","position":2,"name":"Shop","item":"https:\/\/chemgramx.com\/shop\/"},{"@type":"ListItem","position":3,"name":"Blue Toyotas 160mg MDMA Online kaufen"}]},{"@type":"WebSite","@id":"https:\/\/chemgramx.com\/#website","url":"https:\/\/chemgramx.com\/","name":"Chemgramx","description":"","publisher":{"@id":"https:\/\/chemgramx.com\/#organization"},"potentialAction":[{"@type":"SearchAction","target":{"@type":"EntryPoint","urlTemplate":"https:\/\/chemgramx.com\/?s={search_term_string}"},"query-input":{"@type":"PropertyValueSpecification","valueRequired":true,"valueName":"search_term_string"}}],"inLanguage":"pl-PL"},{"@type":"Organization","@id":"https:\/\/chemgramx.com\/#organization","name":"Chemgramx","url":"https:\/\/chemgramx.com\/","logo":{"@type":"ImageObject","inLanguage":"pl-PL","@id":"https:\/\/chemgramx.com\/#\/schema\/logo\/image\/","url":"https:\/\/chemgramx.com\/wp-content\/uploads\/2024\/10\/final-logo.png","contentUrl":"https:\/\/chemgramx.com\/wp-content\/uploads\/2024\/10\/final-logo.png","width":250,"height":48,"caption":"Chemgramx"},"image":{"@id":"https:\/\/chemgramx.com\/#\/schema\/logo\/image\/"}}]}},"_links":{"self":[{"href":"https:\/\/chemgramx.com\/pl\/wp-json\/wp\/v2\/product\/8787","targetHints":{"allow":["GET"]}}],"collection":[{"href":"https:\/\/chemgramx.com\/pl\/wp-json\/wp\/v2\/product"}],"about":[{"href":"https:\/\/chemgramx.com\/pl\/wp-json\/wp\/v2\/types\/product"}],"replies":[{"embeddable":true,"href":"https:\/\/chemgramx.com\/pl\/wp-json\/wp\/v2\/comments?post=8787"}],"wp:featuredmedia":[{"embeddable":true,"href":"https:\/\/chemgramx.com\/pl\/wp-json\/wp\/v2\/media\/8822"}],"wp:attachment":[{"href":"https:\/\/chemgramx.com\/pl\/wp-json\/wp\/v2\/media?parent=8787"}],"wp:term":[{"taxonomy":"product_brand","embeddable":true,"href":"https:\/\/chemgramx.com\/pl\/wp-json\/wp\/v2\/product_brand?post=8787"},{"taxonomy":"product_cat","embeddable":true,"href":"https:\/\/chemgramx.com\/pl\/wp-json\/wp\/v2\/product_cat?post=8787"},{"taxonomy":"product_tag","embeddable":true,"href":"https:\/\/chemgramx.com\/pl\/wp-json\/wp\/v2\/product_tag?post=8787"}],"curies":[{"name":"wp","href":"https:\/\/api.w.org\/{rel}","templated":true}]}}