{"id":8788,"date":"2025-12-11T01:04:48","date_gmt":"2025-12-11T01:04:48","guid":{"rendered":"https:\/\/chemgramx.com\/?post_type=product&#038;p=8788"},"modified":"2025-12-11T01:06:19","modified_gmt":"2025-12-11T01:06:19","slug":"blue-vaders-220mg-mdma-kupic-online","status":"publish","type":"product","link":"https:\/\/chemgramx.com\/pl\/product\/blue-vaders-220mg-mdma-online-kaufen\/","title":{"rendered":"Kup Blue Vaders 220mg MDMA online"},"content":{"rendered":"<h2 data-start=\"190\" data-end=\"282\">Kup Blue Vaders 220 mg MDMA online \u2013 produkt najwy\u017cszej jako\u015bci poprawiaj\u0105cy funkcje poznawcze i emocje<\/h2>\n<h3 data-start=\"284\" data-end=\"299\">wst\u0119p<\/h3>\n<p data-start=\"301\" data-end=\"670\"><a href=\"https:\/\/chemgramx.com\/product\/blue-vaders-220-mg-mdma\/\">Kup Blue Vaders 220mg MDMA online<\/a> Szybko zyska\u0142 popularno\u015b\u0107 jako produkt dla os\u00f3b poszukuj\u0105cych silnego, niezawodnego i g\u0142\u0119bokiego doznania poznawczego i emocjonalnego. Jego sta\u0142e dawkowanie i wysoka czysto\u015b\u0107 sprawiaj\u0105, \u017ce jest to pierwszy wyb\u00f3r dla do\u015bwiadczonych u\u017cytkownik\u00f3w, kt\u00f3rzy ceni\u0105 sobie jasno\u015b\u0107 umys\u0142u, zwi\u0119kszon\u0105 empati\u0119 i euforyczn\u0105 energi\u0119.<\/p>\n<h3 data-start=\"672\" data-end=\"727\">Dlaczego Blue Vaders 220 mg MDMA jest tak popularne w Internecie<\/h3>\n<p data-start=\"729\" data-end=\"1123\">Zapotrzebowanie na empatogeny takie jak <a href=\"https:\/\/en.wikipedia.org\/wiki\/MDMA\">MDMA<\/a> stale ro\u015bnie. Blue Vaders 220mg MDMA na sprzeda\u017c wyr\u00f3\u017cnia si\u0119 silnymi efektami i sprawdzon\u0105 jako\u015bci\u0105. Produkt jest znany ze swoich zr\u00f3wnowa\u017conych, ale intensywnych efekt\u00f3w i dlatego cieszy si\u0119 du\u017cym zainteresowaniem na wielu rynkach internetowych. Ci, kt\u00f3rzy zastanawiaj\u0105 si\u0119, gdzie kupi\u0107 Blue Vaders 220mg MDMA, znajd\u0105 najbezpieczniejsze opcje online.<\/p>\n<h3 data-start=\"1125\" data-end=\"1175\">Co sprawia, \u017ce \u200b\u200bMDMA 220 mg firmy Blue Vader jest wyj\u0105tkowe?<\/h3>\n<h3 data-start=\"1177\" data-end=\"1208\">Sk\u0142ad chemiczny<\/h3>\n<p data-start=\"1209\" data-end=\"1450\">Blue Vaders 220mg MDMA do kupienia online oferuje precyzyjn\u0105 dawk\u0119 220 mg czystej 3,4-metylenodioksymetamfetaminy, wyprodukowanej pod \u015bcis\u0142\u0105 kontrol\u0105 jako\u015bci. Zapewnia to u\u017cytkownikom czysty, silny produkt bez zanieczyszcze\u0144.<\/p>\n<h3 data-start=\"1452\" data-end=\"1490\">Dzia\u0142anie i zalecana dawka<\/h3>\n<p data-start=\"1491\" data-end=\"1798\">Produkt sprzyja poprawie nastroju, otwarto\u015bci emocjonalnej, zwi\u0119kszeniu wi\u0119zi spo\u0142ecznych i poprawie funkcji poznawczych. Dawka 220 mg jest odpowiednia dla u\u017cytkownik\u00f3w, kt\u00f3rzy chc\u0105 silnych i d\u0142ugotrwa\u0142ych efekt\u00f3w. Pocz\u0105tkuj\u0105cy powinni wybra\u0107 mniejsze ilo\u015bci przed zam\u00f3wieniem Blue Vaders 220mg MDMA.<\/p>\n<h3 data-start=\"1800\" data-end=\"1860\">Czy zakup MDMA Blue Vader 220 mg online jest bezpieczny?<\/h3>\n<p data-start=\"1862\" data-end=\"2116\">Kupuj\u0105c Blue Vaders 220 mg MDMA, nale\u017cy wybiera\u0107 tylko dostawc\u00f3w, kt\u00f3rzy zapewniaj\u0105 sprawdzone analizy laboratoryjne. Podrobione produkty stwarzaj\u0105 ryzyko, dlatego warto przyjrze\u0107 si\u0119 ocenom, raportom autentyczno\u015bci i przejrzystym informacjom o dostawcy.<\/p>\n<h3 data-start=\"2118\" data-end=\"2157\">Jak rozpozna\u0107 renomowanych sprzedawc\u00f3w?<\/h3>\n<p data-start=\"2159\" data-end=\"2224\">Najlepsze miejsce do zakupu Blue Vaders 220mg MDMA online:<\/p>\n<ul data-start=\"2226\" data-end=\"2399\">\n<li data-start=\"2226\" data-end=\"2281\">\n<p data-start=\"2228\" data-end=\"2281\">Bezpieczne i dyskretne metody p\u0142atno\u015bci i wysy\u0142ki<\/p>\n<\/li>\n<li data-start=\"2282\" data-end=\"2312\">\n<p data-start=\"2284\" data-end=\"2312\">Przejrzyste raporty laboratoryjne<\/p>\n<\/li>\n<li data-start=\"2313\" data-end=\"2343\">\n<p data-start=\"2315\" data-end=\"2343\">Pozytywne opinie klient\u00f3w<\/p>\n<\/li>\n<li data-start=\"2344\" data-end=\"2371\">\n<p data-start=\"2346\" data-end=\"2371\">Przejrzyste instrukcje dotycz\u0105ce dawkowania<\/p>\n<\/li>\n<li data-start=\"2372\" data-end=\"2399\">\n<p data-start=\"2374\" data-end=\"2399\">Szybka obs\u0142uga klienta<\/p>\n<\/li>\n<\/ul>\n<h3 data-start=\"2401\" data-end=\"2435\">Przegl\u0105d sytuacji prawnej<\/h3>\n<p data-start=\"2437\" data-end=\"2725\">MDMA, w tym Blue Vader's 220mg MDMA na sprzeda\u017c, jest substancj\u0105 kontrolowan\u0105 w wielu krajach. Jednak w niekt\u00f3rych regionach istniej\u0105 wyj\u0105tki dotycz\u0105ce cel\u00f3w badawczych lub medycznych. Przed zakupem Blue Vaders 220 mg MDMA online nale\u017cy zawsze sprawdzi\u0107 przepisy obowi\u0105zuj\u0105ce w danym kraju.<\/p>\n<h3 data-start=\"2727\" data-end=\"2746\">Przegl\u0105d cen<\/h3>\n<p data-start=\"2748\" data-end=\"2945\">Cena Blue Vaders 220 mg MDMA zale\u017cy od dostawcy, ilo\u015bci i czysto\u015bci. Renomowane sklepy oferuj\u0105 uczciwe ceny z gwarancj\u0105 jako\u015bci. Nale\u017cy unika\u0107 tanich ofert bez dowodu.<\/p>\n<h3 data-start=\"3254\" data-end=\"3288\">Odpowiedzialne u\u017cytkowanie<\/h3>\n<ul data-start=\"3290\" data-end=\"3491\">\n<li data-start=\"3290\" data-end=\"3333\">\n<p data-start=\"3292\" data-end=\"3333\">Przestrzegaj \u015bcis\u0142ych zalece\u0144 dotycz\u0105cych dawkowania<\/p>\n<\/li>\n<li data-start=\"3334\" data-end=\"3386\">\n<p data-start=\"3336\" data-end=\"3386\">Pij wystarczaj\u0105co du\u017co p\u0142yn\u00f3w, ale nie za du\u017co<\/p>\n<\/li>\n<li data-start=\"3387\" data-end=\"3418\">\n<p data-start=\"3389\" data-end=\"3418\">Konsumpcja w bezpiecznym \u015brodowisku<\/p>\n<\/li>\n<li data-start=\"3419\" data-end=\"3463\">\n<p data-start=\"3421\" data-end=\"3463\">Nie \u0142\u0105czy\u0107 z innymi substancjami<\/p>\n<\/li>\n<li data-start=\"3464\" data-end=\"3491\">\n<p data-start=\"3466\" data-end=\"3491\">Zaplanuj czas odzyskiwania<\/p>\n<\/li>\n<\/ul>\n<p data-start=\"3493\" data-end=\"3579\">W ten spos\u00f3b mo\u017cna bezpiecznie wykorzysta\u0107 potencja\u0142 Blue Vaders 220mg MDMA online kaufen.<\/p>\n<h3 data-start=\"3581\" data-end=\"3591\">Wnioski<\/h3>\n<p data-start=\"3593\" data-end=\"4007\">Zakup Blue Vaders 220 mg MDMA online z wiarygodnego \u017ar\u00f3d\u0142a badawczego jest najlepszym wyborem dla u\u017cytkownik\u00f3w poszukuj\u0105cych czysto\u015bci, si\u0142y i bezpiecze\u0144stwa. Je\u015bli chcesz wiedzie\u0107, gdzie kupi\u0107 Blue Vaders 220 mg MDMA, powiniene\u015b korzysta\u0107 tylko ze sprawdzonych dostawc\u00f3w. Dzi\u0119ki uczciwym cenom Blue Vaders 220 mg MDMA, dyskretnej dostawie i \u015bcis\u0142ej kontroli jako\u015bci, kupowanie online oferuje bezpieczne i niezawodne rozwi\u0105zanie.<\/p>","protected":false},"excerpt":{"rendered":"<p><strong>Blue Vaders 220 mg MDMA<\/strong> naby\u0107 silny narkotyk MDMA za darmo. Ta tabletka jest idealna dla os\u00f3b, kt\u00f3re maj\u0105 intesywn\u0105 energi\u0119, energi\u0119 i smyslov\u00e9 vjemy. Ka\u017ed\u00e1 tableta je p\u0159\u00edsn\u011b testov\u00e1na na kvalitu a bezpe\u010dnost, co\u017e zaru\u010duje maxim\u00e1ln\u00ed spolehlivost pro va\u0161e akce a festivaly.<\/p>","protected":false},"featured_media":8823,"comment_status":"open","ping_status":"closed","template":"","meta":{"_joinchat":[]},"product_brand":[],"product_cat":[2846],"product_tag":[2187,2190,2191,2189,2186,2188,2017,2164,2018,2015],"class_list":{"0":"post-8788","1":"product","2":"type-product","3":"status-publish","4":"has-post-thumbnail","6":"product_cat-ecstasy-pills","7":"product_tag-220mg-mdma","8":"product_tag-220mg-mdma-kaufen","9":"product_tag-blue-vaders-220mg","10":"product_tag-blue-vaders-kaufen","11":"product_tag-blue-vaders-mdma","12":"product_tag-mdma-220mg-kaufen","13":"product_tag-mdma-kristalle","14":"product_tag-mdma-online-kaufen","15":"product_tag-mdma-zum-verkauf","16":"product_tag-synthetische-drogen","18":"first","19":"instock","20":"shipping-taxable","21":"purchasable","22":"product-type-variable"},"yoast_head":"<!-- This site is optimized with the Yoast SEO plugin v27.5 - https:\/\/yoast.com\/product\/yoast-seo-wordpress\/ -->\n<title>Blue Vaders 220 mg MDMA online Kaufen | Chemgramx<\/title>\n<meta name=\"description\" content=\"In unserem Chemgramx-Shop k\u00f6nnen Sie Blue Vaders 220 mg MDMA zu g\u00fcnstigen Preisen kaufen. Wir handeln ausschlie\u00dflich mit Produkten der Spitzenklasse. Kaufen Sie Blue Vaders 220 mg MDMA jetzt online in unserem Shop. Bestellen Sie gleich!\" \/>\n<meta name=\"robots\" content=\"index, follow, max-snippet:-1, max-image-preview:large, max-video-preview:-1\" \/>\n<link rel=\"canonical\" href=\"https:\/\/chemgramx.com\/pl\/produkt-1\/blue-vaders-220mg-mdma-kupic-online\/\" \/>\n<meta property=\"og:locale\" content=\"pl_PL\" \/>\n<meta property=\"og:type\" content=\"article\" \/>\n<meta property=\"og:title\" content=\"Blue Vaders 220 mg MDMA online Kaufen | Chemgramx\" \/>\n<meta property=\"og:description\" content=\"In unserem Chemgramx-Shop k\u00f6nnen Sie Blue Vaders 220 mg MDMA zu g\u00fcnstigen Preisen kaufen. Wir handeln ausschlie\u00dflich mit Produkten der Spitzenklasse. Kaufen Sie Blue Vaders 220 mg MDMA jetzt online in unserem Shop. Bestellen Sie gleich!\" \/>\n<meta property=\"og:url\" content=\"https:\/\/chemgramx.com\/pl\/produkt-1\/blue-vaders-220mg-mdma-kupic-online\/\" \/>\n<meta property=\"og:site_name\" content=\"Chemgramx\" \/>\n<meta property=\"article:modified_time\" content=\"2025-12-11T01:06:19+00:00\" \/>\n<meta property=\"og:image\" content=\"https:\/\/chemgramx.com\/wp-content\/uploads\/2025\/12\/p-11.png\" \/>\n\t<meta property=\"og:image:width\" content=\"600\" \/>\n\t<meta property=\"og:image:height\" content=\"400\" \/>\n\t<meta property=\"og:image:type\" content=\"image\/png\" \/>\n<meta name=\"twitter:card\" content=\"summary_large_image\" \/>\n<meta name=\"twitter:label1\" content=\"Szacowany czas czytania\" \/>\n\t<meta name=\"twitter:data1\" content=\"3 minuty\" \/>\n<script type=\"application\/ld+json\" class=\"yoast-schema-graph\">{\"@context\":\"https:\\\/\\\/schema.org\",\"@graph\":[{\"@type\":\"WebPage\",\"@id\":\"https:\\\/\\\/chemgramx.com\\\/product\\\/blue-vaders-220mg-mdma-online-kaufen\\\/\",\"url\":\"https:\\\/\\\/chemgramx.com\\\/product\\\/blue-vaders-220mg-mdma-online-kaufen\\\/\",\"name\":\"Blue Vaders 220 mg MDMA online Kaufen | Chemgramx\",\"isPartOf\":{\"@id\":\"https:\\\/\\\/chemgramx.com\\\/#website\"},\"primaryImageOfPage\":{\"@id\":\"https:\\\/\\\/chemgramx.com\\\/product\\\/blue-vaders-220mg-mdma-online-kaufen\\\/#primaryimage\"},\"image\":{\"@id\":\"https:\\\/\\\/chemgramx.com\\\/product\\\/blue-vaders-220mg-mdma-online-kaufen\\\/#primaryimage\"},\"thumbnailUrl\":\"https:\\\/\\\/chemgramx.com\\\/wp-content\\\/uploads\\\/2025\\\/12\\\/p-11.png\",\"datePublished\":\"2025-12-11T01:04:48+00:00\",\"dateModified\":\"2025-12-11T01:06:19+00:00\",\"description\":\"In unserem Chemgramx-Shop k\u00f6nnen Sie Blue Vaders 220 mg MDMA zu g\u00fcnstigen Preisen kaufen. Wir handeln ausschlie\u00dflich mit Produkten der Spitzenklasse. Kaufen Sie Blue Vaders 220 mg MDMA jetzt online in unserem Shop. Bestellen Sie gleich!\",\"breadcrumb\":{\"@id\":\"https:\\\/\\\/chemgramx.com\\\/product\\\/blue-vaders-220mg-mdma-online-kaufen\\\/#breadcrumb\"},\"inLanguage\":\"pl-PL\",\"potentialAction\":[{\"@type\":\"ReadAction\",\"target\":[\"https:\\\/\\\/chemgramx.com\\\/product\\\/blue-vaders-220mg-mdma-online-kaufen\\\/\"]}]},{\"@type\":\"ImageObject\",\"inLanguage\":\"pl-PL\",\"@id\":\"https:\\\/\\\/chemgramx.com\\\/product\\\/blue-vaders-220mg-mdma-online-kaufen\\\/#primaryimage\",\"url\":\"https:\\\/\\\/chemgramx.com\\\/wp-content\\\/uploads\\\/2025\\\/12\\\/p-11.png\",\"contentUrl\":\"https:\\\/\\\/chemgramx.com\\\/wp-content\\\/uploads\\\/2025\\\/12\\\/p-11.png\",\"width\":600,\"height\":400},{\"@type\":\"BreadcrumbList\",\"@id\":\"https:\\\/\\\/chemgramx.com\\\/product\\\/blue-vaders-220mg-mdma-online-kaufen\\\/#breadcrumb\",\"itemListElement\":[{\"@type\":\"ListItem\",\"position\":1,\"name\":\"Home\",\"item\":\"https:\\\/\\\/chemgramx.com\\\/\"},{\"@type\":\"ListItem\",\"position\":2,\"name\":\"Shop\",\"item\":\"https:\\\/\\\/chemgramx.com\\\/shop\\\/\"},{\"@type\":\"ListItem\",\"position\":3,\"name\":\"Blue Vaders 220mg MDMA Online kaufen\"}]},{\"@type\":\"WebSite\",\"@id\":\"https:\\\/\\\/chemgramx.com\\\/#website\",\"url\":\"https:\\\/\\\/chemgramx.com\\\/\",\"name\":\"Chemgramx\",\"description\":\"\",\"publisher\":{\"@id\":\"https:\\\/\\\/chemgramx.com\\\/#organization\"},\"potentialAction\":[{\"@type\":\"SearchAction\",\"target\":{\"@type\":\"EntryPoint\",\"urlTemplate\":\"https:\\\/\\\/chemgramx.com\\\/?s={search_term_string}\"},\"query-input\":{\"@type\":\"PropertyValueSpecification\",\"valueRequired\":true,\"valueName\":\"search_term_string\"}}],\"inLanguage\":\"pl-PL\"},{\"@type\":\"Organization\",\"@id\":\"https:\\\/\\\/chemgramx.com\\\/#organization\",\"name\":\"Chemgramx\",\"url\":\"https:\\\/\\\/chemgramx.com\\\/\",\"logo\":{\"@type\":\"ImageObject\",\"inLanguage\":\"pl-PL\",\"@id\":\"https:\\\/\\\/chemgramx.com\\\/#\\\/schema\\\/logo\\\/image\\\/\",\"url\":\"https:\\\/\\\/chemgramx.com\\\/wp-content\\\/uploads\\\/2024\\\/10\\\/final-logo.png\",\"contentUrl\":\"https:\\\/\\\/chemgramx.com\\\/wp-content\\\/uploads\\\/2024\\\/10\\\/final-logo.png\",\"width\":250,\"height\":48,\"caption\":\"Chemgramx\"},\"image\":{\"@id\":\"https:\\\/\\\/chemgramx.com\\\/#\\\/schema\\\/logo\\\/image\\\/\"}}]}<\/script>\n<!-- \/ Yoast SEO plugin. -->","yoast_head_json":{"title":"Kup Blue Vaders 220 mg MDMA online | Chemgramx","description":"W naszym sklepie Chemgramx mo\u017cesz kupi\u0107 Blue Vaders 220 mg MDMA w przyst\u0119pnych cenach. Oferujemy wy\u0142\u0105cznie produkty najwy\u017cszej jako\u015bci. Kup Blue Vaders 220 mg MDMA online w naszym sklepie ju\u017c teraz. Zam\u00f3w ju\u017c teraz!","robots":{"index":"index","follow":"follow","max-snippet":"max-snippet:-1","max-image-preview":"max-image-preview:large","max-video-preview":"max-video-preview:-1"},"canonical":"https:\/\/chemgramx.com\/pl\/produkt-1\/blue-vaders-220mg-mdma-kupic-online\/","og_locale":"pl_PL","og_type":"article","og_title":"Blue Vaders 220 mg MDMA online Kaufen | Chemgramx","og_description":"In unserem Chemgramx-Shop k\u00f6nnen Sie Blue Vaders 220 mg MDMA zu g\u00fcnstigen Preisen kaufen. Wir handeln ausschlie\u00dflich mit Produkten der Spitzenklasse. Kaufen Sie Blue Vaders 220 mg MDMA jetzt online in unserem Shop. Bestellen Sie gleich!","og_url":"https:\/\/chemgramx.com\/pl\/produkt-1\/blue-vaders-220mg-mdma-kupic-online\/","og_site_name":"Chemgramx","article_modified_time":"2025-12-11T01:06:19+00:00","og_image":[{"width":600,"height":400,"url":"https:\/\/chemgramx.com\/wp-content\/uploads\/2025\/12\/p-11.png","type":"image\/png"}],"twitter_card":"summary_large_image","twitter_misc":{"Szacowany czas czytania":"3 minuty"},"schema":{"@context":"https:\/\/schema.org","@graph":[{"@type":"WebPage","@id":"https:\/\/chemgramx.com\/product\/blue-vaders-220mg-mdma-online-kaufen\/","url":"https:\/\/chemgramx.com\/product\/blue-vaders-220mg-mdma-online-kaufen\/","name":"Kup Blue Vaders 220 mg MDMA online | Chemgramx","isPartOf":{"@id":"https:\/\/chemgramx.com\/#website"},"primaryImageOfPage":{"@id":"https:\/\/chemgramx.com\/product\/blue-vaders-220mg-mdma-online-kaufen\/#primaryimage"},"image":{"@id":"https:\/\/chemgramx.com\/product\/blue-vaders-220mg-mdma-online-kaufen\/#primaryimage"},"thumbnailUrl":"https:\/\/chemgramx.com\/wp-content\/uploads\/2025\/12\/p-11.png","datePublished":"2025-12-11T01:04:48+00:00","dateModified":"2025-12-11T01:06:19+00:00","description":"W naszym sklepie Chemgramx mo\u017cesz kupi\u0107 Blue Vaders 220 mg MDMA w przyst\u0119pnych cenach. Oferujemy wy\u0142\u0105cznie produkty najwy\u017cszej jako\u015bci. Kup Blue Vaders 220 mg MDMA online w naszym sklepie ju\u017c teraz. Zam\u00f3w ju\u017c teraz!","breadcrumb":{"@id":"https:\/\/chemgramx.com\/product\/blue-vaders-220mg-mdma-online-kaufen\/#breadcrumb"},"inLanguage":"pl-PL","potentialAction":[{"@type":"ReadAction","target":["https:\/\/chemgramx.com\/product\/blue-vaders-220mg-mdma-online-kaufen\/"]}]},{"@type":"ImageObject","inLanguage":"pl-PL","@id":"https:\/\/chemgramx.com\/product\/blue-vaders-220mg-mdma-online-kaufen\/#primaryimage","url":"https:\/\/chemgramx.com\/wp-content\/uploads\/2025\/12\/p-11.png","contentUrl":"https:\/\/chemgramx.com\/wp-content\/uploads\/2025\/12\/p-11.png","width":600,"height":400},{"@type":"BreadcrumbList","@id":"https:\/\/chemgramx.com\/product\/blue-vaders-220mg-mdma-online-kaufen\/#breadcrumb","itemListElement":[{"@type":"ListItem","position":1,"name":"Home","item":"https:\/\/chemgramx.com\/"},{"@type":"ListItem","position":2,"name":"Shop","item":"https:\/\/chemgramx.com\/shop\/"},{"@type":"ListItem","position":3,"name":"Blue Vaders 220mg MDMA Online kaufen"}]},{"@type":"WebSite","@id":"https:\/\/chemgramx.com\/#website","url":"https:\/\/chemgramx.com\/","name":"Chemgramx","description":"","publisher":{"@id":"https:\/\/chemgramx.com\/#organization"},"potentialAction":[{"@type":"SearchAction","target":{"@type":"EntryPoint","urlTemplate":"https:\/\/chemgramx.com\/?s={search_term_string}"},"query-input":{"@type":"PropertyValueSpecification","valueRequired":true,"valueName":"search_term_string"}}],"inLanguage":"pl-PL"},{"@type":"Organization","@id":"https:\/\/chemgramx.com\/#organization","name":"Chemgramx","url":"https:\/\/chemgramx.com\/","logo":{"@type":"ImageObject","inLanguage":"pl-PL","@id":"https:\/\/chemgramx.com\/#\/schema\/logo\/image\/","url":"https:\/\/chemgramx.com\/wp-content\/uploads\/2024\/10\/final-logo.png","contentUrl":"https:\/\/chemgramx.com\/wp-content\/uploads\/2024\/10\/final-logo.png","width":250,"height":48,"caption":"Chemgramx"},"image":{"@id":"https:\/\/chemgramx.com\/#\/schema\/logo\/image\/"}}]}},"_links":{"self":[{"href":"https:\/\/chemgramx.com\/pl\/wp-json\/wp\/v2\/product\/8788","targetHints":{"allow":["GET"]}}],"collection":[{"href":"https:\/\/chemgramx.com\/pl\/wp-json\/wp\/v2\/product"}],"about":[{"href":"https:\/\/chemgramx.com\/pl\/wp-json\/wp\/v2\/types\/product"}],"replies":[{"embeddable":true,"href":"https:\/\/chemgramx.com\/pl\/wp-json\/wp\/v2\/comments?post=8788"}],"wp:featuredmedia":[{"embeddable":true,"href":"https:\/\/chemgramx.com\/pl\/wp-json\/wp\/v2\/media\/8823"}],"wp:attachment":[{"href":"https:\/\/chemgramx.com\/pl\/wp-json\/wp\/v2\/media?parent=8788"}],"wp:term":[{"taxonomy":"product_brand","embeddable":true,"href":"https:\/\/chemgramx.com\/pl\/wp-json\/wp\/v2\/product_brand?post=8788"},{"taxonomy":"product_cat","embeddable":true,"href":"https:\/\/chemgramx.com\/pl\/wp-json\/wp\/v2\/product_cat?post=8788"},{"taxonomy":"product_tag","embeddable":true,"href":"https:\/\/chemgramx.com\/pl\/wp-json\/wp\/v2\/product_tag?post=8788"}],"curies":[{"name":"wp","href":"https:\/\/api.w.org\/{rel}","templated":true}]}}