{"id":8797,"date":"2025-12-11T01:05:23","date_gmt":"2025-12-11T01:05:23","guid":{"rendered":"https:\/\/chemgramx.com\/?post_type=product&#038;p=8797"},"modified":"2025-12-11T01:06:19","modified_gmt":"2025-12-11T01:06:19","slug":"kup-blue-punishers-290-mg-online","status":"publish","type":"product","link":"https:\/\/chemgramx.com\/pl\/product\/blue-punishers-290mg-online-kaufen\/","title":{"rendered":"BLUE PUNISHERS 290MG Kup online"},"content":{"rendered":"<h2 data-start=\"125\" data-end=\"191\">Odkryj BLUE PUNISHERS 290MG: Kup BLUE PUNISHERS 290MG online<\/h2>\n<p data-start=\"210\" data-end=\"671\">W dziedzinie poprawy funkcji poznawczych produkt BLUE PUNISHERS 290MG szybko zyska\u0142 popularno\u015b\u0107. Jest przeznaczony dla u\u017cytkownik\u00f3w, kt\u00f3rzy poszukuj\u0105 silnego, niezawodnego i g\u0142\u0119bokiego zwi\u0119kszenia jasno\u015bci umys\u0142u, poprawy nastroju i wi\u0119zi emocjonalnych. Silna formu\u0142a i sprawdzone dzia\u0142anie sprawiaj\u0105, \u017ce BLUE PUNISHERS 290MG online kaufen jest preferowanym wyborem dla wszystkich, kt\u00f3rzy chc\u0105 poprawi\u0107 swoje zdolno\u015bci poznawcze i do\u015bwiadczenia spo\u0142eczne.<\/p>\n<h3 data-start=\"673\" data-end=\"707\">Czym jest BLUE PUNISHERS 290MG?<\/h3>\n<p data-start=\"709\" data-end=\"1049\"><a href=\"https:\/\/en.wikipedia.org\/wiki\/MDMA\">BLUE PUNISHERS<\/a> 290MG to wysokiej jako\u015bci preparat zawieraj\u0105cy 3,4-metylenodioksymetamfetamin\u0119 (MDMA) w dawce 290 mg na jednostk\u0119. Produkt ten zapewnia zr\u00f3wnowa\u017cone doznania psychoaktywne, \u0142\u0105cz\u0105c dzia\u0142anie pobudzaj\u0105ce i empatogenne \u2013 idealne dla do\u015bwiadczonych u\u017cytkownik\u00f3w, kt\u00f3rzy oczekuj\u0105 sp\u00f3jnych rezultat\u00f3w.<\/p>\n<h3 data-start=\"1051\" data-end=\"1088\">Profil chemiczny i historia<\/h3>\n<p data-start=\"1090\" data-end=\"1461\">MDMA zosta\u0142o po raz pierwszy zsyntetyzowane na pocz\u0105tku XX wieku i jest znane ze swojej zdolno\u015bci do poprawiania nastroju, empatii i funkcji poznawczych. Wariant polecenia<a href=\"https:\/\/chemgramx.com\/product\/blue-punishers-290mg\/\">\u00a0NIEBIESKI PUNISHERS 290MG<\/a> charakteryzuje si\u0119 precyzj\u0105 wykonania, wysok\u0105 czysto\u015bci\u0105 i niezmienn\u0105 moc\u0105 \u2013 to jeden z powod\u00f3w, dla kt\u00f3rych jest ceniony w \u015brodowisku zajmuj\u0105cym si\u0119 popraw\u0105 funkcji poznawczych.<\/p>\n<h3 data-start=\"1463\" data-end=\"1481\">Jak to dzia\u0142a?<\/h3>\n<p data-start=\"1483\" data-end=\"1870\">Kup BLUE PUNISHERS 290MG wspomaga uwalnianie serotoniny, dopaminy i noradrenaliny w m\u00f3zgu. Uwalnianie tych substancji prowadzi do poprawy nastroju, zwi\u0119kszenia czujno\u015bci umys\u0142owej, empatii i poprawy relacji spo\u0142ecznych. Ponadto MDMA mo\u017ce wspomaga\u0107 dzia\u0142anie neuroprotekcyjne poprzez wzmacnianie plastyczno\u015bci synaptycznej i odporno\u015bci poznawczej.<\/p>\n<h3 data-start=\"1872\" data-end=\"1910\">Mo\u017cliwe skutki uboczne BLUE PUNISHERS 290MG<\/h3>\n<ul data-start=\"1912\" data-end=\"2358\">\n<li data-start=\"1912\" data-end=\"2008\">\n<p data-start=\"1914\" data-end=\"2008\">Wi\u0119ksza wi\u0119\u017a emocjonalna: sprzyja empatii i g\u0142\u0119bszym interakcjom emocjonalnym.<\/p>\n<\/li>\n<li data-start=\"2009\" data-end=\"2091\">\n<p data-start=\"2011\" data-end=\"2091\">Poprawa funkcji poznawczych: zwi\u0119ksza koncentracj\u0119, jasno\u015b\u0107 umys\u0142u i motywacj\u0119.<\/p>\n<\/li>\n<li data-start=\"2187\" data-end=\"2263\">\n<p data-start=\"2189\" data-end=\"2263\">Sta\u0142e dawkowanie: moc 290 mg gwarantuje przewidywalne efekty.<\/p>\n<\/li>\n<li data-start=\"2264\" data-end=\"2358\">\n<p data-start=\"2266\" data-end=\"2358\">Potencjalna neuroprotekcja: wspomaga zdrowie m\u00f3zgu i d\u0142ugowieczno\u015b\u0107 poznawcz\u0105.<\/p>\n<\/li>\n<\/ul>\n<h3 data-start=\"2360\" data-end=\"2406\">Mo\u017cliwe skutki uboczne BLUE PUNISHERS 290MG<\/h3>\n<ul data-start=\"2434\" data-end=\"2762\">\n<li data-start=\"2434\" data-end=\"2479\">\n<p data-start=\"2436\" data-end=\"2479\">Zwi\u0119kszona empatia i otwarto\u015b\u0107 emocjonalna<\/p>\n<\/li>\n<li data-start=\"2520\" data-end=\"2578\">\n<p data-start=\"2522\" data-end=\"2578\">Tymczasowe napi\u0119cie szcz\u0119ki lub zgrzytanie z\u0119bami<\/p>\n<\/li>\n<li data-start=\"2579\" data-end=\"2645\">\n<p data-start=\"2581\" data-end=\"2645\">Lekka stymulacja uk\u0142adu sercowo-naczyniowego (podwy\u017cszone t\u0119tno, ci\u015bnienie krwi)<\/p>\n<\/li>\n<li data-start=\"2646\" data-end=\"2696\">\n<p data-start=\"2648\" data-end=\"2696\">Konieczno\u015b\u0107 odpowiedniego nawodnienia organizmu<\/p>\n<\/li>\n<\/ul>\n<h3 data-start=\"2850\" data-end=\"2904\">Dost\u0119pne formy BLUE PUNISHERS 290MG Online<\/h3>\n<ul data-start=\"2906\" data-end=\"3094\">\n<li data-start=\"2906\" data-end=\"2968\">\n<p data-start=\"2908\" data-end=\"2968\">Proszek: Elastyczne dawkowanie i indywidualne metody spo\u017cycia<\/p>\n<\/li>\n<li data-start=\"2969\" data-end=\"3026\">\n<p data-start=\"2971\" data-end=\"3026\">Kapsu\u0142ki: gotowe, praktyczne i dyskretne dawki<\/p>\n<\/li>\n<li data-start=\"3027\" data-end=\"3094\">\n<p data-start=\"3029\" data-end=\"3094\">Tabletki podj\u0119zykowe: szybsze wch\u0142anianie i pocz\u0105tek dzia\u0142ania<\/p>\n<\/li>\n<\/ul>\n<h3 data-start=\"3096\" data-end=\"3152\">Czy kupno BLUE PUNISHERS 290MG online jest legalne?<\/h3>\n<p data-start=\"3154\" data-end=\"3532\">Status prawny MDMA, w tym gdzie mo\u017cna kupi\u0107 BLUE PUNISHERS 290MG, r\u00f3\u017cni si\u0119 w zale\u017cno\u015bci od kraju. W Stanach Zjednoczonych, Wielkiej Brytanii i Unii Europejskiej MDMA jest zazwyczaj substancj\u0105 kontrolowan\u0105, co oznacza, \u017ce jej zakup i posiadanie bez zezwolenia s\u0105 nielegalne. Niekt\u00f3re regiony dopuszczaj\u0105 wyj\u0105tki w celach badawczych lub medycznych. Przed zam\u00f3wieniem BLUE PUNISHERS 290MG nale\u017cy zawsze sprawdzi\u0107 lokalne przepisy prawne.<\/p>\n<h3 data-start=\"3534\" data-end=\"3576\">Jak wybra\u0107 renomowanego dealera?<\/h3>\n<p data-start=\"3578\" data-end=\"3641\">Kupuj\u0105c BLUE PUNISHER 290 MG online, sprzedawca powinien:<\/p>\n<ul data-start=\"3643\" data-end=\"3924\">\n<li data-start=\"3643\" data-end=\"3731\">\n<p data-start=\"3645\" data-end=\"3731\">Dostarczanie przejrzystych raport\u00f3w laboratoryjnych potwierdzaj\u0105cych czysto\u015b\u0107 i bezpiecze\u0144stwo<\/p>\n<\/li>\n<li data-start=\"3732\" data-end=\"3799\">\n<p data-start=\"3734\" data-end=\"3799\">Oferowanie bezpiecznych, dyskretnych metod p\u0142atno\u015bci i opcji wysy\u0142ki<\/p>\n<\/li>\n<li data-start=\"3800\" data-end=\"3863\">\n<p data-start=\"3802\" data-end=\"3863\">Oferowanie pozytywnych opinii klient\u00f3w i niezawodnego wsparcia technicznego<\/p>\n<\/li>\n<li data-start=\"3864\" data-end=\"3924\">\n<p data-start=\"3866\" data-end=\"3924\">Dostarczanie jasnych informacji o produkcie i dawkowaniu<\/p>\n<\/li>\n<\/ul>\n<h3 data-start=\"4087\" data-end=\"4097\">Wnioski<\/h3>\n<p data-start=\"4099\" data-end=\"4519\">Kup BLUE PUNISHERS 290MG online to najlepszy wyb\u00f3r dla wszystkich, kt\u00f3rzy szukaj\u0105 silnego, niezawodnego i skutecznego \u015brodka poprawiaj\u0105cego funkcje poznawcze i emocjonalne. Dzi\u0119ki zr\u00f3wnowa\u017conemu dzia\u0142aniu, wysokiej czysto\u015bci i sta\u0142ej dawce jest idealny dla do\u015bwiadczonych u\u017cytkownik\u00f3w. Znajd\u017a najlepsze miejsce, aby kupi\u0107 BLUE PUNISHERS 290MG online i rozpocznij swoj\u0105 transformacyjn\u0105 podr\u00f3\u017c ku poprawie zdrowia poznawczego i emocjonalnego.<\/p>","protected":false},"excerpt":{"rendered":"<p><strong>Blue Punishers 290 mg MDMA<\/strong>\u00a0oferuje niezwykle silne doznania dzi\u0119ki wysokiej dawce 290 mg czystego MDMA. Idealny dla do\u015bwiadczonych u\u017cytkownik\u00f3w poszukuj\u0105cych maksymalnej euforii, trwa\u0142ej energii i emocjonalnego po\u0142\u0105czenia. Doskona\u0142y wyb\u00f3r na imprezy taneczne lub festiwale. Ka\u017cda tabletka przechodzi rygorystyczne testy jako\u015bci i bezpiecze\u0144stwa, aby zapewni\u0107 niezawodno\u015b\u0107.<\/p>","protected":false},"featured_media":8825,"comment_status":"open","ping_status":"closed","template":"","meta":{"_joinchat":[]},"product_brand":[],"product_cat":[2846],"product_tag":[2360,2359,2363,2361,2362,2011,2017,2164,2018,2015],"class_list":{"0":"post-8797","1":"product","2":"type-product","3":"status-publish","4":"has-post-thumbnail","6":"product_cat-ecstasy-pills","7":"product_tag-290mg-mdma","8":"product_tag-blue-punishers","9":"product_tag-blue-punishers-kaufen","10":"product_tag-blue-punishers-mdma","11":"product_tag-mdma-290mg","12":"product_tag-mdma-kaufen","13":"product_tag-mdma-kristalle","14":"product_tag-mdma-online-kaufen","15":"product_tag-mdma-zum-verkauf","16":"product_tag-synthetische-drogen","18":"first","19":"instock","20":"shipping-taxable","21":"purchasable","22":"product-type-variable"},"yoast_head":"<!-- This site is optimized with the Yoast SEO plugin v27.5 - https:\/\/yoast.com\/product\/yoast-seo-wordpress\/ -->\n<title>Blue Punishers 290 mg MDMA-Verkauf | Kaufen Sie starke MDMA-Tabletten<\/title>\n<meta name=\"description\" content=\"Kaufen Sie Blue Punishers 290 mg MDMA \u2013 starke Tabletten mit 290 mg reinem MDMA. Auf Qualit\u00e4t gepr\u00fcft, schnelle Lieferung. Bestellen Sie f\u00fcr extreme Euphorie und Energie!\" \/>\n<meta name=\"robots\" content=\"index, follow, max-snippet:-1, max-image-preview:large, max-video-preview:-1\" \/>\n<link rel=\"canonical\" href=\"https:\/\/chemgramx.com\/pl\/produkt-1\/kup-blue-punishers-290-mg-online\/\" \/>\n<meta property=\"og:locale\" content=\"pl_PL\" \/>\n<meta property=\"og:type\" content=\"article\" \/>\n<meta property=\"og:title\" content=\"Blue Punishers 290 mg MDMA-Verkauf | Kaufen Sie starke MDMA-Tabletten\" \/>\n<meta property=\"og:description\" content=\"Kaufen Sie Blue Punishers 290 mg MDMA \u2013 starke Tabletten mit 290 mg reinem MDMA. Auf Qualit\u00e4t gepr\u00fcft, schnelle Lieferung. Bestellen Sie f\u00fcr extreme Euphorie und Energie!\" \/>\n<meta property=\"og:url\" content=\"https:\/\/chemgramx.com\/pl\/produkt-1\/kup-blue-punishers-290-mg-online\/\" \/>\n<meta property=\"og:site_name\" content=\"Chemgramx\" \/>\n<meta property=\"article:modified_time\" content=\"2025-12-11T01:06:19+00:00\" \/>\n<meta property=\"og:image\" content=\"https:\/\/chemgramx.com\/wp-content\/uploads\/2025\/12\/p-8-1-1.png\" \/>\n\t<meta property=\"og:image:width\" content=\"600\" \/>\n\t<meta property=\"og:image:height\" content=\"400\" \/>\n\t<meta property=\"og:image:type\" content=\"image\/png\" \/>\n<meta name=\"twitter:card\" content=\"summary_large_image\" \/>\n<meta name=\"twitter:label1\" content=\"Szacowany czas czytania\" \/>\n\t<meta name=\"twitter:data1\" content=\"3 minuty\" \/>\n<script type=\"application\/ld+json\" class=\"yoast-schema-graph\">{\"@context\":\"https:\\\/\\\/schema.org\",\"@graph\":[{\"@type\":\"WebPage\",\"@id\":\"https:\\\/\\\/chemgramx.com\\\/product\\\/blue-punishers-290mg-online-kaufen\\\/\",\"url\":\"https:\\\/\\\/chemgramx.com\\\/product\\\/blue-punishers-290mg-online-kaufen\\\/\",\"name\":\"Blue Punishers 290 mg MDMA-Verkauf | Kaufen Sie starke MDMA-Tabletten\",\"isPartOf\":{\"@id\":\"https:\\\/\\\/chemgramx.com\\\/#website\"},\"primaryImageOfPage\":{\"@id\":\"https:\\\/\\\/chemgramx.com\\\/product\\\/blue-punishers-290mg-online-kaufen\\\/#primaryimage\"},\"image\":{\"@id\":\"https:\\\/\\\/chemgramx.com\\\/product\\\/blue-punishers-290mg-online-kaufen\\\/#primaryimage\"},\"thumbnailUrl\":\"https:\\\/\\\/chemgramx.com\\\/wp-content\\\/uploads\\\/2025\\\/12\\\/p-8-1-1.png\",\"datePublished\":\"2025-12-11T01:05:23+00:00\",\"dateModified\":\"2025-12-11T01:06:19+00:00\",\"description\":\"Kaufen Sie Blue Punishers 290 mg MDMA \u2013 starke Tabletten mit 290 mg reinem MDMA. Auf Qualit\u00e4t gepr\u00fcft, schnelle Lieferung. Bestellen Sie f\u00fcr extreme Euphorie und Energie!\",\"breadcrumb\":{\"@id\":\"https:\\\/\\\/chemgramx.com\\\/product\\\/blue-punishers-290mg-online-kaufen\\\/#breadcrumb\"},\"inLanguage\":\"pl-PL\",\"potentialAction\":[{\"@type\":\"ReadAction\",\"target\":[\"https:\\\/\\\/chemgramx.com\\\/product\\\/blue-punishers-290mg-online-kaufen\\\/\"]}]},{\"@type\":\"ImageObject\",\"inLanguage\":\"pl-PL\",\"@id\":\"https:\\\/\\\/chemgramx.com\\\/product\\\/blue-punishers-290mg-online-kaufen\\\/#primaryimage\",\"url\":\"https:\\\/\\\/chemgramx.com\\\/wp-content\\\/uploads\\\/2025\\\/12\\\/p-8-1-1.png\",\"contentUrl\":\"https:\\\/\\\/chemgramx.com\\\/wp-content\\\/uploads\\\/2025\\\/12\\\/p-8-1-1.png\",\"width\":600,\"height\":400},{\"@type\":\"BreadcrumbList\",\"@id\":\"https:\\\/\\\/chemgramx.com\\\/product\\\/blue-punishers-290mg-online-kaufen\\\/#breadcrumb\",\"itemListElement\":[{\"@type\":\"ListItem\",\"position\":1,\"name\":\"Home\",\"item\":\"https:\\\/\\\/chemgramx.com\\\/\"},{\"@type\":\"ListItem\",\"position\":2,\"name\":\"Shop\",\"item\":\"https:\\\/\\\/chemgramx.com\\\/shop\\\/\"},{\"@type\":\"ListItem\",\"position\":3,\"name\":\"BLUE PUNISHERS 290MG Online kaufen\"}]},{\"@type\":\"WebSite\",\"@id\":\"https:\\\/\\\/chemgramx.com\\\/#website\",\"url\":\"https:\\\/\\\/chemgramx.com\\\/\",\"name\":\"Chemgramx\",\"description\":\"\",\"publisher\":{\"@id\":\"https:\\\/\\\/chemgramx.com\\\/#organization\"},\"potentialAction\":[{\"@type\":\"SearchAction\",\"target\":{\"@type\":\"EntryPoint\",\"urlTemplate\":\"https:\\\/\\\/chemgramx.com\\\/?s={search_term_string}\"},\"query-input\":{\"@type\":\"PropertyValueSpecification\",\"valueRequired\":true,\"valueName\":\"search_term_string\"}}],\"inLanguage\":\"pl-PL\"},{\"@type\":\"Organization\",\"@id\":\"https:\\\/\\\/chemgramx.com\\\/#organization\",\"name\":\"Chemgramx\",\"url\":\"https:\\\/\\\/chemgramx.com\\\/\",\"logo\":{\"@type\":\"ImageObject\",\"inLanguage\":\"pl-PL\",\"@id\":\"https:\\\/\\\/chemgramx.com\\\/#\\\/schema\\\/logo\\\/image\\\/\",\"url\":\"https:\\\/\\\/chemgramx.com\\\/wp-content\\\/uploads\\\/2024\\\/10\\\/final-logo.png\",\"contentUrl\":\"https:\\\/\\\/chemgramx.com\\\/wp-content\\\/uploads\\\/2024\\\/10\\\/final-logo.png\",\"width\":250,\"height\":48,\"caption\":\"Chemgramx\"},\"image\":{\"@id\":\"https:\\\/\\\/chemgramx.com\\\/#\\\/schema\\\/logo\\\/image\\\/\"}}]}<\/script>\n<!-- \/ Yoast SEO plugin. -->","yoast_head_json":{"title":"Wyprzeda\u017c Blue Punishers 290 mg MDMA | Kup mocne tabletki MDMA","description":"Kup Blue Punishers 290 mg MDMA \u2013 mocne tabletki z 290 mg czystego MDMA. Potwierdzona jako\u015b\u0107, szybka dostawa. Zam\u00f3w, aby poczu\u0107 ekstremaln\u0105 eufori\u0119 i energi\u0119!","robots":{"index":"index","follow":"follow","max-snippet":"max-snippet:-1","max-image-preview":"max-image-preview:large","max-video-preview":"max-video-preview:-1"},"canonical":"https:\/\/chemgramx.com\/pl\/produkt-1\/kup-blue-punishers-290-mg-online\/","og_locale":"pl_PL","og_type":"article","og_title":"Blue Punishers 290 mg MDMA-Verkauf | Kaufen Sie starke MDMA-Tabletten","og_description":"Kaufen Sie Blue Punishers 290 mg MDMA \u2013 starke Tabletten mit 290 mg reinem MDMA. Auf Qualit\u00e4t gepr\u00fcft, schnelle Lieferung. Bestellen Sie f\u00fcr extreme Euphorie und Energie!","og_url":"https:\/\/chemgramx.com\/pl\/produkt-1\/kup-blue-punishers-290-mg-online\/","og_site_name":"Chemgramx","article_modified_time":"2025-12-11T01:06:19+00:00","og_image":[{"width":600,"height":400,"url":"https:\/\/chemgramx.com\/wp-content\/uploads\/2025\/12\/p-8-1-1.png","type":"image\/png"}],"twitter_card":"summary_large_image","twitter_misc":{"Szacowany czas czytania":"3 minuty"},"schema":{"@context":"https:\/\/schema.org","@graph":[{"@type":"WebPage","@id":"https:\/\/chemgramx.com\/product\/blue-punishers-290mg-online-kaufen\/","url":"https:\/\/chemgramx.com\/product\/blue-punishers-290mg-online-kaufen\/","name":"Wyprzeda\u017c Blue Punishers 290 mg MDMA | Kup mocne tabletki MDMA","isPartOf":{"@id":"https:\/\/chemgramx.com\/#website"},"primaryImageOfPage":{"@id":"https:\/\/chemgramx.com\/product\/blue-punishers-290mg-online-kaufen\/#primaryimage"},"image":{"@id":"https:\/\/chemgramx.com\/product\/blue-punishers-290mg-online-kaufen\/#primaryimage"},"thumbnailUrl":"https:\/\/chemgramx.com\/wp-content\/uploads\/2025\/12\/p-8-1-1.png","datePublished":"2025-12-11T01:05:23+00:00","dateModified":"2025-12-11T01:06:19+00:00","description":"Kup Blue Punishers 290 mg MDMA \u2013 mocne tabletki z 290 mg czystego MDMA. Potwierdzona jako\u015b\u0107, szybka dostawa. Zam\u00f3w, aby poczu\u0107 ekstremaln\u0105 eufori\u0119 i energi\u0119!","breadcrumb":{"@id":"https:\/\/chemgramx.com\/product\/blue-punishers-290mg-online-kaufen\/#breadcrumb"},"inLanguage":"pl-PL","potentialAction":[{"@type":"ReadAction","target":["https:\/\/chemgramx.com\/product\/blue-punishers-290mg-online-kaufen\/"]}]},{"@type":"ImageObject","inLanguage":"pl-PL","@id":"https:\/\/chemgramx.com\/product\/blue-punishers-290mg-online-kaufen\/#primaryimage","url":"https:\/\/chemgramx.com\/wp-content\/uploads\/2025\/12\/p-8-1-1.png","contentUrl":"https:\/\/chemgramx.com\/wp-content\/uploads\/2025\/12\/p-8-1-1.png","width":600,"height":400},{"@type":"BreadcrumbList","@id":"https:\/\/chemgramx.com\/product\/blue-punishers-290mg-online-kaufen\/#breadcrumb","itemListElement":[{"@type":"ListItem","position":1,"name":"Home","item":"https:\/\/chemgramx.com\/"},{"@type":"ListItem","position":2,"name":"Shop","item":"https:\/\/chemgramx.com\/shop\/"},{"@type":"ListItem","position":3,"name":"BLUE PUNISHERS 290MG Online kaufen"}]},{"@type":"WebSite","@id":"https:\/\/chemgramx.com\/#website","url":"https:\/\/chemgramx.com\/","name":"Chemgramx","description":"","publisher":{"@id":"https:\/\/chemgramx.com\/#organization"},"potentialAction":[{"@type":"SearchAction","target":{"@type":"EntryPoint","urlTemplate":"https:\/\/chemgramx.com\/?s={search_term_string}"},"query-input":{"@type":"PropertyValueSpecification","valueRequired":true,"valueName":"search_term_string"}}],"inLanguage":"pl-PL"},{"@type":"Organization","@id":"https:\/\/chemgramx.com\/#organization","name":"Chemgramx","url":"https:\/\/chemgramx.com\/","logo":{"@type":"ImageObject","inLanguage":"pl-PL","@id":"https:\/\/chemgramx.com\/#\/schema\/logo\/image\/","url":"https:\/\/chemgramx.com\/wp-content\/uploads\/2024\/10\/final-logo.png","contentUrl":"https:\/\/chemgramx.com\/wp-content\/uploads\/2024\/10\/final-logo.png","width":250,"height":48,"caption":"Chemgramx"},"image":{"@id":"https:\/\/chemgramx.com\/#\/schema\/logo\/image\/"}}]}},"_links":{"self":[{"href":"https:\/\/chemgramx.com\/pl\/wp-json\/wp\/v2\/product\/8797","targetHints":{"allow":["GET"]}}],"collection":[{"href":"https:\/\/chemgramx.com\/pl\/wp-json\/wp\/v2\/product"}],"about":[{"href":"https:\/\/chemgramx.com\/pl\/wp-json\/wp\/v2\/types\/product"}],"replies":[{"embeddable":true,"href":"https:\/\/chemgramx.com\/pl\/wp-json\/wp\/v2\/comments?post=8797"}],"wp:featuredmedia":[{"embeddable":true,"href":"https:\/\/chemgramx.com\/pl\/wp-json\/wp\/v2\/media\/8825"}],"wp:attachment":[{"href":"https:\/\/chemgramx.com\/pl\/wp-json\/wp\/v2\/media?parent=8797"}],"wp:term":[{"taxonomy":"product_brand","embeddable":true,"href":"https:\/\/chemgramx.com\/pl\/wp-json\/wp\/v2\/product_brand?post=8797"},{"taxonomy":"product_cat","embeddable":true,"href":"https:\/\/chemgramx.com\/pl\/wp-json\/wp\/v2\/product_cat?post=8797"},{"taxonomy":"product_tag","embeddable":true,"href":"https:\/\/chemgramx.com\/pl\/wp-json\/wp\/v2\/product_tag?post=8797"}],"curies":[{"name":"wp","href":"https:\/\/api.w.org\/{rel}","templated":true}]}}