{"id":8892,"date":"2025-12-11T10:56:34","date_gmt":"2025-12-11T10:56:34","guid":{"rendered":"https:\/\/chemgramx.com\/?post_type=product&#038;p=8892"},"modified":"2025-12-11T10:57:03","modified_gmt":"2025-12-11T10:57:03","slug":"stiiizy-premium-jack-500mg-straki","status":"publish","type":"product","link":"https:\/\/chemgramx.com\/pl\/product\/stiiizy-premium-jack-500mg-pods\/","title":{"rendered":"Stiiizy PREMIUM JACK 500mg Pods"},"content":{"rendered":"<p>The <b>Stiiizy Pods<\/b> reprezentuj\u0105 nowoczesn\u0105 form\u0119 dozowania <b>Koncentraty marihuany<\/b>. <b>Ty<\/b> oferowa\u0107 <b>Znormalizowane i precyzyjne dozowanie<\/b> 500 mg substancji czynnej na wk\u0142ad. <b>Dlatego<\/b> Produkty te s\u0105 szczeg\u00f3lnie przydatne do cel\u00f3w badawczych, poniewa\u017c umo\u017cliwiaj\u0105 precyzyjn\u0105 kontrol\u0119 ilo\u015bci sk\u0142adnika aktywnego.<\/p>\n<p>Ten artyku\u0142 oferuje <b>Szczeg\u00f3\u0142owa analiza<\/b> cechy i zalety koncentrat\u00f3w w kapsu\u0142kach. <b>W trakcie<\/b> Koncentrujemy si\u0119 na sk\u0142adzie chemicznym, kontroli dozowania i technologii waporyzacji w kontek\u015bcie naukowym.<\/p>\n<h2><b>Cechy technologiczne i struktura kapsu\u0142<\/b><\/h2>\n<p><b>Stiiizy Pods<\/b> s\u0105 przeznaczone do u\u017cytku z kompatybilnymi bateriami waporyzatora. <b>Tw\u00f3j<\/b> Metoda budowy zosta\u0142a zaprojektowana tak, aby <b>R\u00f3wnomierne i wydajne odparowanie<\/b> aby zapewni\u0107, \u017ce.<\/p>\n<h2><b>Kontrola dawkowania poprzez standaryzacj\u0119<\/b><\/h2>\n<p>G\u0142\u00f3wn\u0105 cech\u0105 tych kapsu\u0142 jest <b>Precyzyjna dawka 500 mg koncentratu THC<\/b>. <b>W konsekwencji<\/b> zawarto\u015b\u0107 jest dok\u0142adnie sprawdzana.<\/p>\n<ul>\n<li><b>Sp\u00f3jno\u015b\u0107:<\/b> Poniewa\u017c koncentrat jest p\u0142ynny, st\u0119\u017cenie na dmuchni\u0119cie (lub dawk\u0119) mo\u017cna okre\u015bli\u0107 dok\u0142adniej w \u015brodowisku badawczym ni\u017c w przypadku lu\u017anego materia\u0142u ro\u015blinnego.<\/li>\n<li><b>\u0141atwy w u\u017cyciu:<\/b> <b>The<\/b> Saszetki umo\u017cliwiaj\u0105 szybk\u0105 i \u0142atw\u0105 aplikacj\u0119 poprzez w\u0142o\u017cenie ich bezpo\u015brednio do urz\u0105dzenia. <b>Tym samym<\/b> przygotowanie jest zminimalizowane.<\/li>\n<li><b>Czyste odparowanie:<\/b> <b>Wysokiej jako\u015bci str\u0105ki<\/b> wykorzystuj\u0105 ceramiczne elementy grzewcze. <b>Te<\/b> zapewniaj\u0105 r\u00f3wnomierne ogrzewanie koncentratu. <b>Dlatego<\/b> unika si\u0119 powstawania szkodliwych produkt\u00f3w spalania.<\/li>\n<\/ul>\n<h2><b>Sk\u0142adniki koncentratu<\/b><\/h2>\n<p>Koncentrat w kapsu\u0142ce to ekstrakt z odmiany \u201ePremium Jack\u201c. <b>To<\/b> jest bogata w kannabinoidy i terpeny. <b>Co jest wa\u017cne<\/b>, Koncentraty s\u0105 cz\u0119sto oczyszczane w celu uzyskania wysokiej zawarto\u015bci THC.<\/p>\n<p><b>Aromat, smak i znaczenie terpen\u00f3w<\/b><\/p>\n<p>Str\u0105ki PREMIUM JACK wykorzystuj\u0105 profil chemiczny odmiany Jack Herer (jednego z rodzic\u00f3w odmiany \u201ePremium Jack\u201c). <b>The<\/b> Koncentrat jest aromatyzowany przez dodanie terpen\u00f3w.<\/p>\n<h3><b>Profil sensoryczny<\/b><\/h3>\n<p>Smak str\u0105k\u00f3w jest opisywany jako <a href=\"http:\/\/18.116.49.136\/product\/kaufen-sie-afghanisches-heroin\/\"><b>owocowo-s\u0142odki<\/b><\/a> oraz <b>kremowy<\/b> opisane. <b>To<\/b> Profil smakowy wynika z:<\/p>\n<ol start=\"1\">\n<li><b>S\u0142odkie nuty:<\/b> <b>Te<\/b> cz\u0119sto pochodz\u0105 z terpen\u00f3w, takich jak limonen lub beta-kariofilen.<\/li>\n<li><b>Kremowa baza:<\/b> Tekstura pary przyczynia si\u0119 do g\u0142adkich, pe\u0142nych dozna\u0144.<\/li>\n<\/ol>\n<h2><b>Znaczenie terpen\u00f3w<\/b><\/h2>\n<p><b>Prosto<\/b> W koncentratach decyduj\u0105c\u0105 rol\u0119 odgrywaj\u0105 dodane terpeny. <b>Ty<\/b> nie tylko wp\u0142ywaj\u0105 na smak, ale mog\u0105 r\u00f3wnie\u017c modulowa\u0107 efekt (efekt otoczenia). <b>Dlatego<\/b> dok\u0142adna analiza chemiczna dodatk\u00f3w terpenowych jest niezb\u0119dna do bada\u0144.<\/p>\n<p><b>Analiza wp\u0142ywu i wykorzystanie w kontek\u015bcie badawczym<\/b><\/p>\n<p>Efektywno\u015b\u0107 PREMIUM JACK Pods jest bardzo wysoka ze wzgl\u0119du na <b>wysoka, skoncentrowana zawarto\u015b\u0107 THC<\/b> jak <b>Mocny i wyra\u017any<\/b> opisane.<\/p>\n<h2><b>Typowe efekty<\/b><\/h2>\n<p>Raporty wskazuj\u0105 na nast\u0119puj\u0105ce charakterystyczne wzorce efekt\u00f3w:<\/p>\n<ul>\n<li><b>Czysto\u015b\u0107 m\u00f3zgu:<\/b> <b>The<\/b> Genetyka Jack Herer zapewnia skoncentrowany, euforyczny i cz\u0119sto kreatywny efekt.<\/li>\n<li><b>Relaks:<\/b> <b>Jednocze\u015bnie<\/b> efekt mo\u017ce przyczyni\u0107 si\u0119 do odpr\u0119\u017cenia. <b>Ty<\/b> jest cz\u0119sto opisywany jako \u0142agodz\u0105cy stres.<\/li>\n<li><b>D\u0142uga \u017cywotno\u015b\u0107:<\/b> Precyzyjna, kontrolowana waporyzacja koncentratu mo\u017ce prowadzi\u0107 do <b>d\u0142ugotrwa\u0142y efekt<\/b> prowadzi\u0107.<\/li>\n<\/ul>\n<h3><b>Potencja\u0142 badawczy<\/b><\/h3>\n<p>Saszetki s\u0105 interesuj\u0105ce dla nast\u0119puj\u0105cych obszar\u00f3w badawczych ze wzgl\u0119du na mo\u017cliwo\u015b\u0107 precyzyjnego dozowania:<\/p>\n<ul>\n<li><b>Farmakokinetyka:<\/b> <b>Mo\u017cna by<\/b> bada wch\u0142anianie i metabolizm wysoce skoncentrowanego THC w p\u0142ucach.<\/li>\n<li><b>Badania por\u00f3wnawcze:<\/b> <b>Ty<\/b> mo\u017ce s\u0142u\u017cy\u0107 jako znormalizowany mechanizm dawkowania THC. <b>W trakcie<\/b> Efekty s\u0105 por\u00f3wnywane z efektami palenia lub przyjmowania doustnego.<\/li>\n<li><b>Efekty dawkowania:<\/b> Str\u0105ki umo\u017cliwiaj\u0105 analiz\u0119 reakcji organizmu na bardzo precyzyjne ilo\u015bci THC.<\/li>\n<\/ul>","protected":false},"excerpt":{"rendered":"<p data-start=\"2283\" data-end=\"2406\">Str\u0105ki Stiiizy PREMIUM JACK 500mg - kompaktowe, owocowe i przetestowane laboratoryjnie. Wysokiej jako\u015bci THC w podr\u00f3\u017cy lub w domu.<\/p>","protected":false},"featured_media":8768,"comment_status":"open","ping_status":"closed","template":"","meta":{"_joinchat":[]},"product_brand":[],"product_cat":[62],"product_tag":[],"class_list":{"0":"post-8892","1":"product","2":"type-product","3":"status-publish","4":"has-post-thumbnail","6":"product_cat-marijuana","8":"first","9":"instock","10":"shipping-taxable","11":"purchasable","12":"product-type-variable"},"yoast_head":"<!-- This site is optimized with the Yoast SEO plugin v27.5 - https:\/\/yoast.com\/product\/yoast-seo-wordpress\/ -->\n<title>Stiiizy PREMIUM JACK 500mg Pods online kaufen<\/title>\n<meta name=\"description\" content=\"Stiiizy PREMIUM JACK 500mg Pods kaufen \u2013 fruchtig, stark und laborgepr\u00fcft. Diskreter Versand in Deutschland &amp; EU f\u00fcr intensives Dampferlebnis.\" \/>\n<meta name=\"robots\" content=\"index, follow, max-snippet:-1, max-image-preview:large, max-video-preview:-1\" \/>\n<link rel=\"canonical\" href=\"https:\/\/chemgramx.com\/pl\/produkt-1\/stiiizy-premium-jack-500mg-straki\/\" \/>\n<meta property=\"og:locale\" content=\"pl_PL\" \/>\n<meta property=\"og:type\" content=\"article\" \/>\n<meta property=\"og:title\" content=\"Stiiizy PREMIUM JACK 500mg Pods online kaufen\" \/>\n<meta property=\"og:description\" content=\"Stiiizy PREMIUM JACK 500mg Pods kaufen \u2013 fruchtig, stark und laborgepr\u00fcft. Diskreter Versand in Deutschland &amp; EU f\u00fcr intensives Dampferlebnis.\" \/>\n<meta property=\"og:url\" content=\"https:\/\/chemgramx.com\/pl\/produkt-1\/stiiizy-premium-jack-500mg-straki\/\" \/>\n<meta property=\"og:site_name\" content=\"Chemgramx\" \/>\n<meta property=\"article:modified_time\" content=\"2025-12-11T10:57:03+00:00\" \/>\n<meta property=\"og:image\" content=\"https:\/\/chemgramx.com\/wp-content\/uploads\/2025\/12\/stiiizy-premium-jack-500mg-pods.jpg\" \/>\n\t<meta property=\"og:image:width\" content=\"800\" \/>\n\t<meta property=\"og:image:height\" content=\"800\" \/>\n\t<meta property=\"og:image:type\" content=\"image\/jpeg\" \/>\n<meta name=\"twitter:card\" content=\"summary_large_image\" \/>\n<meta name=\"twitter:label1\" content=\"Szacowany czas czytania\" \/>\n\t<meta name=\"twitter:data1\" content=\"3 minuty\" \/>\n<script type=\"application\/ld+json\" class=\"yoast-schema-graph\">{\"@context\":\"https:\\\/\\\/schema.org\",\"@graph\":[{\"@type\":\"WebPage\",\"@id\":\"https:\\\/\\\/chemgramx.com\\\/product\\\/stiiizy-premium-jack-500mg-pods\\\/\",\"url\":\"https:\\\/\\\/chemgramx.com\\\/product\\\/stiiizy-premium-jack-500mg-pods\\\/\",\"name\":\"Stiiizy PREMIUM JACK 500mg Pods online kaufen\",\"isPartOf\":{\"@id\":\"https:\\\/\\\/chemgramx.com\\\/#website\"},\"primaryImageOfPage\":{\"@id\":\"https:\\\/\\\/chemgramx.com\\\/product\\\/stiiizy-premium-jack-500mg-pods\\\/#primaryimage\"},\"image\":{\"@id\":\"https:\\\/\\\/chemgramx.com\\\/product\\\/stiiizy-premium-jack-500mg-pods\\\/#primaryimage\"},\"thumbnailUrl\":\"https:\\\/\\\/chemgramx.com\\\/wp-content\\\/uploads\\\/2025\\\/12\\\/stiiizy-premium-jack-500mg-pods.jpg\",\"datePublished\":\"2025-12-11T10:56:34+00:00\",\"dateModified\":\"2025-12-11T10:57:03+00:00\",\"description\":\"Stiiizy PREMIUM JACK 500mg Pods kaufen \u2013 fruchtig, stark und laborgepr\u00fcft. Diskreter Versand in Deutschland &amp; EU f\u00fcr intensives Dampferlebnis.\",\"breadcrumb\":{\"@id\":\"https:\\\/\\\/chemgramx.com\\\/product\\\/stiiizy-premium-jack-500mg-pods\\\/#breadcrumb\"},\"inLanguage\":\"pl-PL\",\"potentialAction\":[{\"@type\":\"ReadAction\",\"target\":[\"https:\\\/\\\/chemgramx.com\\\/product\\\/stiiizy-premium-jack-500mg-pods\\\/\"]}]},{\"@type\":\"ImageObject\",\"inLanguage\":\"pl-PL\",\"@id\":\"https:\\\/\\\/chemgramx.com\\\/product\\\/stiiizy-premium-jack-500mg-pods\\\/#primaryimage\",\"url\":\"https:\\\/\\\/chemgramx.com\\\/wp-content\\\/uploads\\\/2025\\\/12\\\/stiiizy-premium-jack-500mg-pods.jpg\",\"contentUrl\":\"https:\\\/\\\/chemgramx.com\\\/wp-content\\\/uploads\\\/2025\\\/12\\\/stiiizy-premium-jack-500mg-pods.jpg\",\"width\":800,\"height\":800},{\"@type\":\"BreadcrumbList\",\"@id\":\"https:\\\/\\\/chemgramx.com\\\/product\\\/stiiizy-premium-jack-500mg-pods\\\/#breadcrumb\",\"itemListElement\":[{\"@type\":\"ListItem\",\"position\":1,\"name\":\"Home\",\"item\":\"https:\\\/\\\/chemgramx.com\\\/\"},{\"@type\":\"ListItem\",\"position\":2,\"name\":\"Shop\",\"item\":\"https:\\\/\\\/chemgramx.com\\\/shop\\\/\"},{\"@type\":\"ListItem\",\"position\":3,\"name\":\"Stiiizy PREMIUM JACK 500mg Pods\"}]},{\"@type\":\"WebSite\",\"@id\":\"https:\\\/\\\/chemgramx.com\\\/#website\",\"url\":\"https:\\\/\\\/chemgramx.com\\\/\",\"name\":\"Chemgramx\",\"description\":\"\",\"publisher\":{\"@id\":\"https:\\\/\\\/chemgramx.com\\\/#organization\"},\"potentialAction\":[{\"@type\":\"SearchAction\",\"target\":{\"@type\":\"EntryPoint\",\"urlTemplate\":\"https:\\\/\\\/chemgramx.com\\\/?s={search_term_string}\"},\"query-input\":{\"@type\":\"PropertyValueSpecification\",\"valueRequired\":true,\"valueName\":\"search_term_string\"}}],\"inLanguage\":\"pl-PL\"},{\"@type\":\"Organization\",\"@id\":\"https:\\\/\\\/chemgramx.com\\\/#organization\",\"name\":\"Chemgramx\",\"url\":\"https:\\\/\\\/chemgramx.com\\\/\",\"logo\":{\"@type\":\"ImageObject\",\"inLanguage\":\"pl-PL\",\"@id\":\"https:\\\/\\\/chemgramx.com\\\/#\\\/schema\\\/logo\\\/image\\\/\",\"url\":\"https:\\\/\\\/chemgramx.com\\\/wp-content\\\/uploads\\\/2024\\\/10\\\/final-logo.png\",\"contentUrl\":\"https:\\\/\\\/chemgramx.com\\\/wp-content\\\/uploads\\\/2024\\\/10\\\/final-logo.png\",\"width\":250,\"height\":48,\"caption\":\"Chemgramx\"},\"image\":{\"@id\":\"https:\\\/\\\/chemgramx.com\\\/#\\\/schema\\\/logo\\\/image\\\/\"}}]}<\/script>\n<!-- \/ Yoast SEO plugin. -->","yoast_head_json":{"title":"Kup kapsu\u0142ki Stiiizy PREMIUM JACK 500mg online","description":"Kup kapsu\u0142ki Stiiizy PREMIUM JACK 500mg - owocowe, mocne i przetestowane laboratoryjnie. Dyskretna wysy\u0142ka na terenie Niemiec i UE zapewnia intensywne doznania podczas waporyzacji.","robots":{"index":"index","follow":"follow","max-snippet":"max-snippet:-1","max-image-preview":"max-image-preview:large","max-video-preview":"max-video-preview:-1"},"canonical":"https:\/\/chemgramx.com\/pl\/produkt-1\/stiiizy-premium-jack-500mg-straki\/","og_locale":"pl_PL","og_type":"article","og_title":"Stiiizy PREMIUM JACK 500mg Pods online kaufen","og_description":"Stiiizy PREMIUM JACK 500mg Pods kaufen \u2013 fruchtig, stark und laborgepr\u00fcft. Diskreter Versand in Deutschland &amp; EU f\u00fcr intensives Dampferlebnis.","og_url":"https:\/\/chemgramx.com\/pl\/produkt-1\/stiiizy-premium-jack-500mg-straki\/","og_site_name":"Chemgramx","article_modified_time":"2025-12-11T10:57:03+00:00","og_image":[{"width":800,"height":800,"url":"https:\/\/chemgramx.com\/wp-content\/uploads\/2025\/12\/stiiizy-premium-jack-500mg-pods.jpg","type":"image\/jpeg"}],"twitter_card":"summary_large_image","twitter_misc":{"Szacowany czas czytania":"3 minuty"},"schema":{"@context":"https:\/\/schema.org","@graph":[{"@type":"WebPage","@id":"https:\/\/chemgramx.com\/product\/stiiizy-premium-jack-500mg-pods\/","url":"https:\/\/chemgramx.com\/product\/stiiizy-premium-jack-500mg-pods\/","name":"Kup kapsu\u0142ki Stiiizy PREMIUM JACK 500mg online","isPartOf":{"@id":"https:\/\/chemgramx.com\/#website"},"primaryImageOfPage":{"@id":"https:\/\/chemgramx.com\/product\/stiiizy-premium-jack-500mg-pods\/#primaryimage"},"image":{"@id":"https:\/\/chemgramx.com\/product\/stiiizy-premium-jack-500mg-pods\/#primaryimage"},"thumbnailUrl":"https:\/\/chemgramx.com\/wp-content\/uploads\/2025\/12\/stiiizy-premium-jack-500mg-pods.jpg","datePublished":"2025-12-11T10:56:34+00:00","dateModified":"2025-12-11T10:57:03+00:00","description":"Kup kapsu\u0142ki Stiiizy PREMIUM JACK 500mg - owocowe, mocne i przetestowane laboratoryjnie. Dyskretna wysy\u0142ka na terenie Niemiec i UE zapewnia intensywne doznania podczas waporyzacji.","breadcrumb":{"@id":"https:\/\/chemgramx.com\/product\/stiiizy-premium-jack-500mg-pods\/#breadcrumb"},"inLanguage":"pl-PL","potentialAction":[{"@type":"ReadAction","target":["https:\/\/chemgramx.com\/product\/stiiizy-premium-jack-500mg-pods\/"]}]},{"@type":"ImageObject","inLanguage":"pl-PL","@id":"https:\/\/chemgramx.com\/product\/stiiizy-premium-jack-500mg-pods\/#primaryimage","url":"https:\/\/chemgramx.com\/wp-content\/uploads\/2025\/12\/stiiizy-premium-jack-500mg-pods.jpg","contentUrl":"https:\/\/chemgramx.com\/wp-content\/uploads\/2025\/12\/stiiizy-premium-jack-500mg-pods.jpg","width":800,"height":800},{"@type":"BreadcrumbList","@id":"https:\/\/chemgramx.com\/product\/stiiizy-premium-jack-500mg-pods\/#breadcrumb","itemListElement":[{"@type":"ListItem","position":1,"name":"Home","item":"https:\/\/chemgramx.com\/"},{"@type":"ListItem","position":2,"name":"Shop","item":"https:\/\/chemgramx.com\/shop\/"},{"@type":"ListItem","position":3,"name":"Stiiizy PREMIUM JACK 500mg Pods"}]},{"@type":"WebSite","@id":"https:\/\/chemgramx.com\/#website","url":"https:\/\/chemgramx.com\/","name":"Chemgramx","description":"","publisher":{"@id":"https:\/\/chemgramx.com\/#organization"},"potentialAction":[{"@type":"SearchAction","target":{"@type":"EntryPoint","urlTemplate":"https:\/\/chemgramx.com\/?s={search_term_string}"},"query-input":{"@type":"PropertyValueSpecification","valueRequired":true,"valueName":"search_term_string"}}],"inLanguage":"pl-PL"},{"@type":"Organization","@id":"https:\/\/chemgramx.com\/#organization","name":"Chemgramx","url":"https:\/\/chemgramx.com\/","logo":{"@type":"ImageObject","inLanguage":"pl-PL","@id":"https:\/\/chemgramx.com\/#\/schema\/logo\/image\/","url":"https:\/\/chemgramx.com\/wp-content\/uploads\/2024\/10\/final-logo.png","contentUrl":"https:\/\/chemgramx.com\/wp-content\/uploads\/2024\/10\/final-logo.png","width":250,"height":48,"caption":"Chemgramx"},"image":{"@id":"https:\/\/chemgramx.com\/#\/schema\/logo\/image\/"}}]}},"_links":{"self":[{"href":"https:\/\/chemgramx.com\/pl\/wp-json\/wp\/v2\/product\/8892","targetHints":{"allow":["GET"]}}],"collection":[{"href":"https:\/\/chemgramx.com\/pl\/wp-json\/wp\/v2\/product"}],"about":[{"href":"https:\/\/chemgramx.com\/pl\/wp-json\/wp\/v2\/types\/product"}],"replies":[{"embeddable":true,"href":"https:\/\/chemgramx.com\/pl\/wp-json\/wp\/v2\/comments?post=8892"}],"wp:featuredmedia":[{"embeddable":true,"href":"https:\/\/chemgramx.com\/pl\/wp-json\/wp\/v2\/media\/8768"}],"wp:attachment":[{"href":"https:\/\/chemgramx.com\/pl\/wp-json\/wp\/v2\/media?parent=8892"}],"wp:term":[{"taxonomy":"product_brand","embeddable":true,"href":"https:\/\/chemgramx.com\/pl\/wp-json\/wp\/v2\/product_brand?post=8892"},{"taxonomy":"product_cat","embeddable":true,"href":"https:\/\/chemgramx.com\/pl\/wp-json\/wp\/v2\/product_cat?post=8892"},{"taxonomy":"product_tag","embeddable":true,"href":"https:\/\/chemgramx.com\/pl\/wp-json\/wp\/v2\/product_tag?post=8892"}],"curies":[{"name":"wp","href":"https:\/\/api.w.org\/{rel}","templated":true}]}}