{"id":8893,"date":"2025-12-11T10:56:36","date_gmt":"2025-12-11T10:56:36","guid":{"rendered":"https:\/\/chemgramx.com\/?post_type=product&#038;p=8893"},"modified":"2025-12-11T10:57:03","modified_gmt":"2025-12-11T10:57:03","slug":"rick-simpson-oil","status":"publish","type":"product","link":"https:\/\/chemgramx.com\/pl\/product\/rick-simpson-oil\/","title":{"rendered":"Rick Simpson Oil"},"content":{"rendered":"<p>The <b>Rick Simpson Oil (RSO)<\/b> sta\u0142 si\u0119 wa\u017cnym terminem w debacie na temat ekstrakt\u00f3w z konopi indyjskich w ostatnich dziesi\u0119cioleciach. <b>To<\/b> nie jest tylko produktem, ale reprezentuje ca\u0142\u0105 kategori\u0119 <b>wysoce skoncentrowane, lepkie olejki z konopi o pe\u0142nym spektrum dzia\u0142ania<\/b>. <b>W konsekwencji<\/b> RSO jest wa\u017cnym obiektem <b>badania farmaceutyczne<\/b>, kt\u00f3ra zajmuje si\u0119 optymaln\u0105 ekstrakcj\u0105 i zastosowaniem silnych sk\u0142adnik\u00f3w aktywnych konopi indyjskich.<\/p>\n<p>Ten artyku\u0142 oferuje <b>Szczeg\u00f3\u0142owa, naukowa analiza<\/b> charakterystycznych cech ekstrakt\u00f3w podobnych do RSO, ich z\u0142o\u017conego sk\u0142adu chemicznego i przeszk\u00f3d regulacyjnych zwi\u0105zanych z tymi produktami na \u015bci\u015ble kontrolowanych rynkach, takich jak Niemcy.<\/p>\n<h2><b>Charakterystyka produkcyjna i chemiczna podej\u015bcia pe\u0142nego spektrum<\/b><\/h2>\n<p>Specjalno\u015b\u0107 RSO polega na jego <a href=\"\/product\/gewaschenes-kokain-zu-verkaufen\/\"><b>Podej\u015bcie oparte na pe\u0142nym spektrum<\/b><\/a>. <b>To<\/b> R\u00f3\u017cni si\u0119 zasadniczo od wysoko oczyszczonych izolat\u00f3w lub destylat\u00f3w, kt\u00f3re cz\u0119sto zawieraj\u0105 tylko czyste THC lub CBD.<\/p>\n<h2><b>\u00a0Proces ekstrakcji alkoholu<\/b><\/h2>\n<p>Tradycyjna metoda produkcji RSO jest zwykle oparta na <b>Ekstrakcja ca\u0142ego materia\u0142u ro\u015blinnego<\/b> (kwiaty, li\u015bcie) z silnym rozpuszczalnikiem, zwykle <b>alkohol wysokoprocentowy (etanol)<\/b>. <b>Przede wszystkim<\/b> Materia\u0142 ro\u015blinny jest moczony w alkoholu w celu rozpuszczenia rozpuszczalnych w t\u0142uszczach kannabinoid\u00f3w i terpen\u00f3w. <b>Nast\u0119pnie<\/b> ciecz jest filtrowana, a rozpuszczalnik jest ca\u0142kowicie odparowywany w niskiej temperaturze.<\/p>\n<ul>\n<li><b>Produkt ko\u0144cowy:<\/b> Produktem ko\u0144cowym jest <b>Olej o wysokiej lepko\u015bci, przypominaj\u0105cy smo\u0142\u0119<\/b>, kt\u00f3rych kolor mo\u017ce waha\u0107 si\u0119 od g\u0142\u0119bokiej zieleni do czerni. <b>Te<\/b> Ciemne zabarwienie jest wynikiem ekstrakcji <b>Chlorofile<\/b> i woski, kt\u00f3re cz\u0119sto pozostaj\u0105 w produkcie ko\u0144cowym tej metody.<\/li>\n<li><b>Dekarboksylacja:<\/b> <b>Decyduj\u0105cy krok<\/b> w procesie jest <b>Dekarboksylacja<\/b>, w kt\u00f3rym nieaktywne formy kwasowe (THCA, CBDA) s\u0105 przekszta\u0142cane w ich aktywne formy (THC, CBD) pod wp\u0142ywem ciep\u0142a. <b>Tak po prostu<\/b> mo\u017cna rozwin\u0105\u0107 efekt psychoaktywny i terapeutyczny.<\/li>\n<\/ul>\n<h2><b>Z\u0142o\u017cono\u015b\u0107 chemiczna pe\u0142nego spektrum<\/b><\/h2>\n<p>Termin <b>\u201ePe\u0142ne spektrum\u201c<\/b> ma kluczowe znaczenie naukowe. <b>On<\/b> oznacza, \u017ce opr\u00f3cz g\u0142\u00f3wnych kannabinoid\u00f3w (THC, CBD), ekstrakt zawiera r\u00f3wnie\u017c <b>wt\u00f3rne kannabinoidy<\/b> (takie jak CBN, CBG, THCV), <b>Terpeny, flawonoidy i lipidy<\/b> zawiera.<\/p>\n<ul>\n<li><b>Moc:<\/b> St\u0119\u017cenie substancji czynnej (THC) w RSO jest niezwykle wysokie, <b>cz\u0119sto powy\u017cej 60 % do 80 %<\/b>. <b>To<\/b> sprawia, \u017ce jest to jeden z najsilniejszych dost\u0119pnych ekstrakt\u00f3w.<\/li>\n<li><b>Efekt otoczenia:<\/b> <b>Badanie<\/b> zak\u0142ada, \u017ce synergiczna interakcja wszystkich sk\u0142adnik\u00f3w zawartych w ro\u015blinie - znana jako <b>Efekt otoczenia<\/b> - wzmacnia og\u00f3lny efekt terapeutyczny. <b>W konsekwencji<\/b> RSO jest cz\u0119sto przypisywane tej z\u0142o\u017conej interakcji.<\/li>\n<\/ul>\n<h2><b>W\u0142a\u015bciwo\u015bci sensoryczne, zastosowanie i farmakokinetyka<\/b><\/h2>\n<p>Ze wzgl\u0119du na sw\u00f3j unikalny sk\u0142ad chemiczny i konsystencj\u0119, RSO ma specyficzne w\u0142a\u015bciwo\u015bci sensoryczne i zwi\u0105zane z zastosowaniem.<\/p>\n<h2><b>Profil sensoryczny i smakowy<\/b><\/h2>\n<p>Aromat i smak RSO s\u0105 intensywne i odzwierciedlaj\u0105 kompleksow\u0105 ekstrakcj\u0119 substancji ro\u015blinnych.<\/p>\n<ul>\n<li><b>Smak:<\/b> <b>To<\/b> jest zwykle u\u017cywany jako <b>Intensywnie ziemisty, zio\u0142owy i mocny<\/b> opisane.<\/li>\n<li><b>Smak:<\/b> Je\u015bli chodzi o konsumpcj\u0119, smak <b>cierpki, mocny<\/b> i mo\u017ce by\u0107 wykorzystywany przez chlorofil <b>lekko gorzki<\/b> by\u0107. <b>To<\/b> Charakterystyczny smak sprawia, \u017ce RSO jest mniej atrakcyjny do waporyzacji ni\u017c oczyszczone destylaty.<\/li>\n<\/ul>\n<h2><b>\u00a0Metody aplikacji i kontrola dawkowania<\/b><\/h2>\n<p>Lepka konsystencja sprawia, \u017ce RSO nie nadaje si\u0119 do konwencjonalnych metod inhalacji. <b>Raczej<\/b> inne formy aplikacji zajmuj\u0105 centralne miejsce:<\/p>\n<ul>\n<li><b>Przyjmowanie doustne:<\/b> Olej jest <b>Kapsu\u0142ki<\/b> lub w <b>ma\u0142e ilo\u015bci w \u017cywno\u015bci<\/b> podj\u0119te. <b>Dzi\u0119ki temu<\/b> sk\u0142adnik aktywny jest wch\u0142aniany przez przew\u00f3d pokarmowy. <b>Efekt<\/b> kroki <b>Op\u00f3\u017aniony<\/b> (od 30 minut do 2 godzin), ale w zamian <b>d\u0142ugotrwa\u0142y<\/b> w.<\/li>\n<li><b>Podawanie podj\u0119zykowe:<\/b> <b>The<\/b> Aplikacja pod j\u0119zyk umo\u017cliwia szybsze wch\u0142anianie przez b\u0142on\u0119 \u015bluzow\u0105 jamy ustnej i omija ca\u0142kowity efekt pierwszego przej\u015bcia przez w\u0105trob\u0119.<\/li>\n<li><b>Stosowanie miejscowe:<\/b> <b>To<\/b> mo\u017cna stosowa\u0107 selektywnie na sk\u00f3r\u0119 w celu zbadania efekt\u00f3w lokalnych.<\/li>\n<\/ul>\n<p><b>Ze wzgl\u0119du na ekstremaln\u0105 moc<\/b> jest <b>Niezwykle ostro\u017cne dawkowanie<\/b> niezb\u0119dne. <b>Dlatego<\/b> W badaniach klinicznych wymagany jest precyzyjny pomiar ilo\u015bci przyjmowanego sk\u0142adnika aktywnego w miligramach (mg) na dawk\u0119, aby unikn\u0105\u0107 przedawkowania i niepo\u017c\u0105danych skutk\u00f3w ubocznych.<\/p>\n<h2><b>\u00a0Wp\u0142yw, badania i wyzwania regulacyjne<\/b><\/h2>\n<p>Dzia\u0142anie RSO bogatego w THC jest nast\u0119puj\u0105ce <b>Silnie psychoaktywny, intensywny i d\u0142ugotrwa\u0142y<\/b>. <b>To<\/b> jest wyzwaniem zar\u00f3wno dla niedo\u015bwiadczonych u\u017cytkownik\u00f3w, jak i dla kontrolowanych bada\u0144.<\/p>\n<h2><b>\u00a0Znaczenie naukowe i profil oddzia\u0142ywania<\/b><\/h2>\n<p>Ze wzgl\u0119du na wysokie st\u0119\u017cenie kannabinoid\u00f3w, RSO ma szczeg\u00f3lne znaczenie dla bada\u0144 naukowych:<\/p>\n<ul>\n<li><b>Analgezja i relaksacja:<\/b> Wysokie st\u0119\u017cenie kannabinoid\u00f3w prowadzi do g\u0142\u0119bokiego <b>relaksacja fizyczna<\/b>. <b>Dlatego<\/b> RSO jest stosowany w zwi\u0105zku z zaburzeniami snu i <b>\u0141agodzenie silnego b\u00f3lu<\/b> analizowane.<\/li>\n<li><b>Intensywny haj:<\/b> Po za\u017cyciu doustnym pojawia si\u0119 d\u0142ugotrwa\u0142e, bardzo silne doznanie psychoaktywne. <b>The<\/b> Efekt jest cz\u0119sto bardziej uspokajaj\u0105cy ni\u017c w przypadku produkt\u00f3w wziewnych.<\/li>\n<\/ul>\n<h2><b>Wymogi prawne i zgodno\u015bci w Niemczech<\/b><\/h2>\n<p><b>Handel i dystrybucja RSO z odpowiedni\u0105 zawarto\u015bci\u0105 THC s\u0105 \u015bci\u015ble regulowane w Niemczech.<\/b><\/p>\n<ul>\n<li><b>Ustawa o \u015brodkach odurzaj\u0105cych (BtMG):<\/b> Jako wysoce skoncentrowany ekstrakt THC, RSO podlega pod BtMG. <b>Z tego wynika<\/b>, \u017ce <b>Nielegalne posiadanie, nabywanie i handel<\/b> chyba \u017ce udzielono zezwolenia pa\u0144stwowego.<\/li>\n<li><b>Zam\u00f3wienia prawne:<\/b> <b>Wy\u0142\u0105cznie<\/b> Ekstrakty stosowane jako <b>Konopie lecznicze<\/b> i zosta\u0142 <b>Licencjonowana apteka<\/b> s\u0105 legalne. <b>Te<\/b> musz\u0105 spe\u0142nia\u0107 surowe normy jako\u015bci i czysto\u015bci. <b>W konsekwencji<\/b> niekontrolowany zakup online RSO z nielicencjonowanych \u017ar\u00f3de\u0142 nie jest zgodny z wymogami prawnymi.<\/li>\n<\/ul>","protected":false},"excerpt":{"rendered":"<p data-start=\"2246\" data-end=\"2382\">Rick Simpson Oil - wysoce skoncentrowany olej z konopi indyjskich do stosowania doustnego lub zewn\u0119trznego. Najwy\u017csza jako\u015b\u0107, testy laboratoryjne i dyskretna wysy\u0142ka.<\/p>","protected":false},"featured_media":8769,"comment_status":"open","ping_status":"closed","template":"","meta":{"_joinchat":[]},"product_brand":[],"product_cat":[62],"product_tag":[],"class_list":{"0":"post-8893","1":"product","2":"type-product","3":"status-publish","4":"has-post-thumbnail","6":"product_cat-marijuana","8":"first","9":"instock","10":"shipping-taxable","11":"purchasable","12":"product-type-variable"},"yoast_head":"<!-- This site is optimized with the Yoast SEO plugin v27.5 - https:\/\/yoast.com\/product\/yoast-seo-wordpress\/ -->\n<title>Rick Simpson Oil (RSO) online kaufen | Premium<\/title>\n<meta name=\"description\" content=\"Rick Simpson Oil online kaufen \u2013 hochkonzentriertes Cannabis\u00f6l, laborgepr\u00fcft, vielseitig einsetzbar. Diskreter Versand in Deutschland &amp; EU.\" \/>\n<meta name=\"robots\" content=\"index, follow, max-snippet:-1, max-image-preview:large, max-video-preview:-1\" \/>\n<link rel=\"canonical\" href=\"https:\/\/chemgramx.com\/pl\/produkt-1\/rick-simpson-oil\/\" \/>\n<meta property=\"og:locale\" content=\"pl_PL\" \/>\n<meta property=\"og:type\" content=\"article\" \/>\n<meta property=\"og:title\" content=\"Rick Simpson Oil (RSO) online kaufen | Premium\" \/>\n<meta property=\"og:description\" content=\"Rick Simpson Oil online kaufen \u2013 hochkonzentriertes Cannabis\u00f6l, laborgepr\u00fcft, vielseitig einsetzbar. Diskreter Versand in Deutschland &amp; EU.\" \/>\n<meta property=\"og:url\" content=\"https:\/\/chemgramx.com\/pl\/produkt-1\/rick-simpson-oil\/\" \/>\n<meta property=\"og:site_name\" content=\"Chemgramx\" \/>\n<meta property=\"article:modified_time\" content=\"2025-12-11T10:57:03+00:00\" \/>\n<meta property=\"og:image\" content=\"https:\/\/chemgramx.com\/wp-content\/uploads\/2025\/12\/rick-simpson-oil.png\" \/>\n\t<meta property=\"og:image:width\" content=\"648\" \/>\n\t<meta property=\"og:image:height\" content=\"669\" \/>\n\t<meta property=\"og:image:type\" content=\"image\/png\" \/>\n<meta name=\"twitter:card\" content=\"summary_large_image\" \/>\n<meta name=\"twitter:label1\" content=\"Szacowany czas czytania\" \/>\n\t<meta name=\"twitter:data1\" content=\"4 minuty\" \/>\n<script type=\"application\/ld+json\" class=\"yoast-schema-graph\">{\"@context\":\"https:\\\/\\\/schema.org\",\"@graph\":[{\"@type\":\"WebPage\",\"@id\":\"https:\\\/\\\/chemgramx.com\\\/product\\\/rick-simpson-oil\\\/\",\"url\":\"https:\\\/\\\/chemgramx.com\\\/product\\\/rick-simpson-oil\\\/\",\"name\":\"Rick Simpson Oil (RSO) online kaufen | Premium\",\"isPartOf\":{\"@id\":\"https:\\\/\\\/chemgramx.com\\\/#website\"},\"primaryImageOfPage\":{\"@id\":\"https:\\\/\\\/chemgramx.com\\\/product\\\/rick-simpson-oil\\\/#primaryimage\"},\"image\":{\"@id\":\"https:\\\/\\\/chemgramx.com\\\/product\\\/rick-simpson-oil\\\/#primaryimage\"},\"thumbnailUrl\":\"https:\\\/\\\/chemgramx.com\\\/wp-content\\\/uploads\\\/2025\\\/12\\\/rick-simpson-oil.png\",\"datePublished\":\"2025-12-11T10:56:36+00:00\",\"dateModified\":\"2025-12-11T10:57:03+00:00\",\"description\":\"Rick Simpson Oil online kaufen \u2013 hochkonzentriertes Cannabis\u00f6l, laborgepr\u00fcft, vielseitig einsetzbar. Diskreter Versand in Deutschland &amp; EU.\",\"breadcrumb\":{\"@id\":\"https:\\\/\\\/chemgramx.com\\\/product\\\/rick-simpson-oil\\\/#breadcrumb\"},\"inLanguage\":\"pl-PL\",\"potentialAction\":[{\"@type\":\"ReadAction\",\"target\":[\"https:\\\/\\\/chemgramx.com\\\/product\\\/rick-simpson-oil\\\/\"]}]},{\"@type\":\"ImageObject\",\"inLanguage\":\"pl-PL\",\"@id\":\"https:\\\/\\\/chemgramx.com\\\/product\\\/rick-simpson-oil\\\/#primaryimage\",\"url\":\"https:\\\/\\\/chemgramx.com\\\/wp-content\\\/uploads\\\/2025\\\/12\\\/rick-simpson-oil.png\",\"contentUrl\":\"https:\\\/\\\/chemgramx.com\\\/wp-content\\\/uploads\\\/2025\\\/12\\\/rick-simpson-oil.png\",\"width\":648,\"height\":669},{\"@type\":\"BreadcrumbList\",\"@id\":\"https:\\\/\\\/chemgramx.com\\\/product\\\/rick-simpson-oil\\\/#breadcrumb\",\"itemListElement\":[{\"@type\":\"ListItem\",\"position\":1,\"name\":\"Home\",\"item\":\"https:\\\/\\\/chemgramx.com\\\/\"},{\"@type\":\"ListItem\",\"position\":2,\"name\":\"Shop\",\"item\":\"https:\\\/\\\/chemgramx.com\\\/shop\\\/\"},{\"@type\":\"ListItem\",\"position\":3,\"name\":\"Rick Simpson Oil\"}]},{\"@type\":\"WebSite\",\"@id\":\"https:\\\/\\\/chemgramx.com\\\/#website\",\"url\":\"https:\\\/\\\/chemgramx.com\\\/\",\"name\":\"Chemgramx\",\"description\":\"\",\"publisher\":{\"@id\":\"https:\\\/\\\/chemgramx.com\\\/#organization\"},\"potentialAction\":[{\"@type\":\"SearchAction\",\"target\":{\"@type\":\"EntryPoint\",\"urlTemplate\":\"https:\\\/\\\/chemgramx.com\\\/?s={search_term_string}\"},\"query-input\":{\"@type\":\"PropertyValueSpecification\",\"valueRequired\":true,\"valueName\":\"search_term_string\"}}],\"inLanguage\":\"pl-PL\"},{\"@type\":\"Organization\",\"@id\":\"https:\\\/\\\/chemgramx.com\\\/#organization\",\"name\":\"Chemgramx\",\"url\":\"https:\\\/\\\/chemgramx.com\\\/\",\"logo\":{\"@type\":\"ImageObject\",\"inLanguage\":\"pl-PL\",\"@id\":\"https:\\\/\\\/chemgramx.com\\\/#\\\/schema\\\/logo\\\/image\\\/\",\"url\":\"https:\\\/\\\/chemgramx.com\\\/wp-content\\\/uploads\\\/2024\\\/10\\\/final-logo.png\",\"contentUrl\":\"https:\\\/\\\/chemgramx.com\\\/wp-content\\\/uploads\\\/2024\\\/10\\\/final-logo.png\",\"width\":250,\"height\":48,\"caption\":\"Chemgramx\"},\"image\":{\"@id\":\"https:\\\/\\\/chemgramx.com\\\/#\\\/schema\\\/logo\\\/image\\\/\"}}]}<\/script>\n<!-- \/ Yoast SEO plugin. -->","yoast_head_json":{"title":"Kup Rick Simpson Oil (RSO) online | Premium","description":"Rick Simpson Oil online kaufen \u2013 hochkonzentriertes Cannabis\u00f6l, laborgepr\u00fcft, vielseitig einsetzbar. Diskreter Versand in Deutschland &amp; EU.","robots":{"index":"index","follow":"follow","max-snippet":"max-snippet:-1","max-image-preview":"max-image-preview:large","max-video-preview":"max-video-preview:-1"},"canonical":"https:\/\/chemgramx.com\/pl\/produkt-1\/rick-simpson-oil\/","og_locale":"pl_PL","og_type":"article","og_title":"Rick Simpson Oil (RSO) online kaufen | Premium","og_description":"Rick Simpson Oil online kaufen \u2013 hochkonzentriertes Cannabis\u00f6l, laborgepr\u00fcft, vielseitig einsetzbar. Diskreter Versand in Deutschland &amp; EU.","og_url":"https:\/\/chemgramx.com\/pl\/produkt-1\/rick-simpson-oil\/","og_site_name":"Chemgramx","article_modified_time":"2025-12-11T10:57:03+00:00","og_image":[{"width":648,"height":669,"url":"https:\/\/chemgramx.com\/wp-content\/uploads\/2025\/12\/rick-simpson-oil.png","type":"image\/png"}],"twitter_card":"summary_large_image","twitter_misc":{"Szacowany czas czytania":"4 minuty"},"schema":{"@context":"https:\/\/schema.org","@graph":[{"@type":"WebPage","@id":"https:\/\/chemgramx.com\/product\/rick-simpson-oil\/","url":"https:\/\/chemgramx.com\/product\/rick-simpson-oil\/","name":"Kup Rick Simpson Oil (RSO) online | Premium","isPartOf":{"@id":"https:\/\/chemgramx.com\/#website"},"primaryImageOfPage":{"@id":"https:\/\/chemgramx.com\/product\/rick-simpson-oil\/#primaryimage"},"image":{"@id":"https:\/\/chemgramx.com\/product\/rick-simpson-oil\/#primaryimage"},"thumbnailUrl":"https:\/\/chemgramx.com\/wp-content\/uploads\/2025\/12\/rick-simpson-oil.png","datePublished":"2025-12-11T10:56:36+00:00","dateModified":"2025-12-11T10:57:03+00:00","description":"Rick Simpson Oil online kaufen \u2013 hochkonzentriertes Cannabis\u00f6l, laborgepr\u00fcft, vielseitig einsetzbar. Diskreter Versand in Deutschland &amp; EU.","breadcrumb":{"@id":"https:\/\/chemgramx.com\/product\/rick-simpson-oil\/#breadcrumb"},"inLanguage":"pl-PL","potentialAction":[{"@type":"ReadAction","target":["https:\/\/chemgramx.com\/product\/rick-simpson-oil\/"]}]},{"@type":"ImageObject","inLanguage":"pl-PL","@id":"https:\/\/chemgramx.com\/product\/rick-simpson-oil\/#primaryimage","url":"https:\/\/chemgramx.com\/wp-content\/uploads\/2025\/12\/rick-simpson-oil.png","contentUrl":"https:\/\/chemgramx.com\/wp-content\/uploads\/2025\/12\/rick-simpson-oil.png","width":648,"height":669},{"@type":"BreadcrumbList","@id":"https:\/\/chemgramx.com\/product\/rick-simpson-oil\/#breadcrumb","itemListElement":[{"@type":"ListItem","position":1,"name":"Home","item":"https:\/\/chemgramx.com\/"},{"@type":"ListItem","position":2,"name":"Shop","item":"https:\/\/chemgramx.com\/shop\/"},{"@type":"ListItem","position":3,"name":"Rick Simpson Oil"}]},{"@type":"WebSite","@id":"https:\/\/chemgramx.com\/#website","url":"https:\/\/chemgramx.com\/","name":"Chemgramx","description":"","publisher":{"@id":"https:\/\/chemgramx.com\/#organization"},"potentialAction":[{"@type":"SearchAction","target":{"@type":"EntryPoint","urlTemplate":"https:\/\/chemgramx.com\/?s={search_term_string}"},"query-input":{"@type":"PropertyValueSpecification","valueRequired":true,"valueName":"search_term_string"}}],"inLanguage":"pl-PL"},{"@type":"Organization","@id":"https:\/\/chemgramx.com\/#organization","name":"Chemgramx","url":"https:\/\/chemgramx.com\/","logo":{"@type":"ImageObject","inLanguage":"pl-PL","@id":"https:\/\/chemgramx.com\/#\/schema\/logo\/image\/","url":"https:\/\/chemgramx.com\/wp-content\/uploads\/2024\/10\/final-logo.png","contentUrl":"https:\/\/chemgramx.com\/wp-content\/uploads\/2024\/10\/final-logo.png","width":250,"height":48,"caption":"Chemgramx"},"image":{"@id":"https:\/\/chemgramx.com\/#\/schema\/logo\/image\/"}}]}},"_links":{"self":[{"href":"https:\/\/chemgramx.com\/pl\/wp-json\/wp\/v2\/product\/8893","targetHints":{"allow":["GET"]}}],"collection":[{"href":"https:\/\/chemgramx.com\/pl\/wp-json\/wp\/v2\/product"}],"about":[{"href":"https:\/\/chemgramx.com\/pl\/wp-json\/wp\/v2\/types\/product"}],"replies":[{"embeddable":true,"href":"https:\/\/chemgramx.com\/pl\/wp-json\/wp\/v2\/comments?post=8893"}],"wp:featuredmedia":[{"embeddable":true,"href":"https:\/\/chemgramx.com\/pl\/wp-json\/wp\/v2\/media\/8769"}],"wp:attachment":[{"href":"https:\/\/chemgramx.com\/pl\/wp-json\/wp\/v2\/media?parent=8893"}],"wp:term":[{"taxonomy":"product_brand","embeddable":true,"href":"https:\/\/chemgramx.com\/pl\/wp-json\/wp\/v2\/product_brand?post=8893"},{"taxonomy":"product_cat","embeddable":true,"href":"https:\/\/chemgramx.com\/pl\/wp-json\/wp\/v2\/product_cat?post=8893"},{"taxonomy":"product_tag","embeddable":true,"href":"https:\/\/chemgramx.com\/pl\/wp-json\/wp\/v2\/product_tag?post=8893"}],"curies":[{"name":"wp","href":"https:\/\/api.w.org\/{rel}","templated":true}]}}