{"id":8894,"date":"2025-12-11T10:56:37","date_gmt":"2025-12-11T10:56:37","guid":{"rendered":"https:\/\/chemgramx.com\/?post_type=product&#038;p=8894"},"modified":"2025-12-11T10:57:03","modified_gmt":"2025-12-11T10:57:03","slug":"sweet-island-skunk-16-25-thc","status":"publish","type":"product","link":"https:\/\/chemgramx.com\/pl\/product\/sweet-island-skunk-16-25-thc\/","title":{"rendered":"Sweet Island Skunk 16% - 25% THC"},"content":{"rendered":"<p><b>Sweet Island Skunk<\/b> to odmiana konopi z przewag\u0105 sativy, kt\u00f3ra zosta\u0142a doceniona w badaniach botanicznych ze wzgl\u0119du na jej <b>owocowy smak<\/b> i ty <b>Wyra\u017any, stymuluj\u0105cy profil<\/b> jest doceniana. <b>Ty<\/b> oferuje zawarto\u015b\u0107 THC pomi\u0119dzy <b>16 % i 25 %<\/b> interesuj\u0105ce spektrum do badania efekt\u00f3w sativy. <b>W konsekwencji<\/b> Jest uwa\u017cana za odmian\u0119 premium do analizy jasno\u015bci umys\u0142u i euforii.<\/p>\n<p>Ten artyku\u0142 oferuje <b>Szczeg\u00f3\u0142owa analiza<\/b> genetyczne pochodzenie, profil chemiczny i cechy botaniczne Sweet Island Skunk. <b>W trakcie<\/b> Zawsze podkre\u015blamy potrzeb\u0119 przestrzegania surowych norm jako\u015bciowych i prawnych w pracy naukowej.<\/p>\n<h2><b>Genetyczne pochodzenie i klasyfikacja<\/b><\/h2>\n<p>Sweet Island Skunk zosta\u0142 wyhodowany w celu po\u0142\u0105czenia popularnego smaku skunka z tropikaln\u0105 s\u0142odycz\u0105. <b>Dlatego<\/b> Rezultatem jest hybryda, kt\u00f3ra \u0142\u0105czy w sobie najlepsze cechy obu \u015bwiat\u00f3w.<\/p>\n<h3 class=\"animating\"><b>Pochodzenie gen\u00f3w<\/b><\/h3>\n<p>Sweet Island Skunk pochodzi ze skrzy\u017cowania:<\/p>\n<ul>\n<li><b>Island Sweet Skunk:<\/b> <b>Te<\/b> odmiana jest znana z <b>s\u0142odki, owocowy<\/b> Uwagi. <b>Ponadto<\/b> zapewnia wyra\u017any efekt sativy.<\/li>\n<li><b>Klasyczne odmiany skunka:<\/b> <b>Te<\/b> podstawa genetyczna zapewnia <b>silny pokr\u00f3j<\/b> i charakterystyczny, ziemisty smak skunksa.<\/li>\n<\/ul>\n<p><b>Podsumowuj\u0105c:<\/b> Rezultatem jest <b>stabilna, bogata w \u017cywic\u0119 hybryda Sativa<\/b>. <b>On<\/b> Wytwarza g\u0119ste kwiaty i jest szczeg\u00f3lnie popularna w\u015br\u00f3d mi\u0142o\u015bnik\u00f3w sativy w badaniach.<\/p>\n<h3><b>Zawarto\u015b\u0107 THC i si\u0142a dzia\u0142ania<\/b><\/h3>\n<p>Z moc\u0105 od 16 % do 25 % THC, Sweet Island Skunk jest jedn\u0105 z najlepszych odmian na \u015bwiecie. <b><a href=\"\/product\/lsd-kaufen\/\">\u015brednia wytrzyma\u0142o\u015b\u0107<\/a> do silnych hybryd sativy<\/b>. <b>Z tego wynika<\/b>, \u017ce by\u0142y one wykorzystywane do bada\u0144 nad wp\u0142ywem THC na <b>Kreatywno\u015b\u0107 i koncentracja<\/b> jest bardzo interesuj\u0105ca.<\/p>\n<h2><b>Profil sensoryczny i podstawy chemiczne<\/b><\/h2>\n<p>Smak jest kluczowym czynnikiem popularno\u015bci Sweet Island Skunk. <b>To<\/b> to z\u0142o\u017cona mieszanka tropikalnej s\u0142odyczy i ziemistej nuty skunksa.<\/p>\n<h3><b>Aromat i sk\u0142adniki smakowe<\/b><\/h3>\n<p>Profil zapachowy jest owocowy, tropikalny i intensywny:<\/p>\n<ol start=\"1\">\n<li><b>S\u0142odkie i owocowe nuty:<\/b> Zapach jest bogat\u0105 mieszank\u0105 <b>owoce tropikalne<\/b> i wyra\u017an\u0105 s\u0142odycz.<\/li>\n<li><b>Wyczuwalna nuta skunksa:<\/b> <b>Jeden zauwa\u017ca<\/b> subtelny, ale charakterystyczny <b>ziemista i pikantna nuta skunksa<\/b>. <b>To<\/b> dodaje z\u0142o\u017cono\u015bci i g\u0142\u0119bi smaku.<\/li>\n<li><b>Przyjemny smak:<\/b> <b>Smak<\/b> jest pe\u0142ny i przyjemnie owocowy. <b>To<\/b> czyni go idealnym dla koneser\u00f3w.<\/li>\n<\/ol>\n<h3><b>Terpeny i synergia dzia\u0142ania<\/b><\/h3>\n<p>Owocowy i orze\u017awiaj\u0105cy profil wskazuje na st\u0119\u017cenie nast\u0119puj\u0105cych terpen\u00f3w:<\/p>\n<ul>\n<li><b>Myrcene:<\/b> <b>Ten terpen<\/b> przyczynia si\u0119 do s\u0142odkich i owocowych nut. <b>Chocia\u017c<\/b> jest cz\u0119sto kojarzona z uspokojeniem, wysoka moc sativy zapobiega silnemu uspokojeniu.<\/li>\n<li><b>Limonki:<\/b> Zapewnia cytrusowe i tropikalne nuty. <b>Ten terpen<\/b> jest uznawany za potencjalnie <b>podnosz\u0105cy na duchu<\/b> i w\u0142a\u015bciwo\u015bci euforyczne.<\/li>\n<li><b>Pinene:<\/b> <b>To<\/b> zapewnia \u015bwie\u017ce, sosnowe akcenty. <b>Tak wi\u0119c<\/b> przyczynia si\u0119 do jasno\u015bci umys\u0142u i skupienia.<\/li>\n<\/ul>\n<h2><b>Zg\u0142oszony profil wp\u0142ywu i potencja\u0142 badawczy<\/b><\/h2>\n<p>Sweet Island Skunk jest znany ze swoich <b>o\u017cywczy, euforyczny<\/b> oraz <b>Efekt zwi\u0119kszaj\u0105cy kreatywno\u015b\u0107<\/b> oszacowano. <b>Ten efekt<\/b> jest typowa dla odmian z dominacj\u0105 sativy.<\/p>\n<h2><b>Typowe efekty<\/b><\/h2>\n<p>Raporty wskazuj\u0105 na nast\u0119puj\u0105ce charakterystyczne wzorce efekt\u00f3w:<\/p>\n<ul>\n<li><b>Jasno\u015b\u0107 umys\u0142u i skupienie:<\/b> <b>Dominacja sativy<\/b> zapewnia wyra\u017any, motywuj\u0105cy efekt. <b>Dlatego<\/b> doskonale nadaje si\u0119 do skoncentrowanej pracy.<\/li>\n<li><b>Kreatywna energia:<\/b> <b>U\u017cytkownicy<\/b> zg\u0142asza wzrost liczby generowanych pomys\u0142\u00f3w. <b>To<\/b> czyni je idealnymi do dzia\u0142a\u0144 artystycznych.<\/li>\n<li><b>Euforia:<\/b> <b>Efekt<\/b> jest uwa\u017cany za d\u0142ugotrwa\u0142y i <b>euforyczny<\/b> bez wywo\u0142ywania silnego efektu Indica.<\/li>\n<\/ul>\n<h2><b>Potencja\u0142 badawczy<\/b><\/h2>\n<p>Orze\u017awiaj\u0105cy i wyra\u017any efekt sprawia, \u017ce Sweet Island Skunk jest interesuj\u0105cy dla bada\u0144 w nast\u0119puj\u0105cych obszarach:<\/p>\n<ul>\n<li><b>Zwi\u0119kszona uwaga:<\/b> <b>Mo\u017cna by<\/b> zbada\u0107, w jakim stopniu odmiana mo\u017ce pozytywnie wp\u0142ywa\u0107 na koncentracj\u0119 i produktywno\u015b\u0107.<\/li>\n<li><b>Poprawa nastroju:<\/b> <b>Profil euforyczny<\/b> jest przedmiotem zainteresowania w badaniach nad leczeniem depresji lub obni\u017conego nastroju.<\/li>\n<\/ul>\n<h2><b>Wymagania botaniczne i zapewnienie jako\u015bci<\/b><\/h2>\n<p>Sweet Island Skunk to mocna i bogata w \u017cywic\u0119 odmiana. <b>Ty<\/b> jest ceniona za intensywny smak i g\u0119ste kwiaty.<\/p>\n<ul>\n<li><b>Charakterystyka kwiat\u00f3w:<\/b> P\u0105ki s\u0105 <b>g\u0119sty<\/b> i maj\u0105 siln\u0105 produkcj\u0119 \u017cywicy. <b>To<\/b> podkre\u015bla ich wysok\u0105 jako\u015b\u0107 i moc.<\/li>\n<li><b>Kontrola jako\u015bci:<\/b> Dla integralno\u015bci pr\u00f3bek badawczych <b>Testowane laboratoryjnie warto\u015bci THC<\/b> i brak zanieczyszcze\u0144. <b>Tak po prostu<\/b> mo\u017cna zagwarantowa\u0107 stabiln\u0105 skuteczno\u015b\u0107.<\/li>\n<\/ul>","protected":false},"excerpt":{"rendered":"<p data-start=\"2661\" data-end=\"2790\">Sweet Island Skunk - hybryda Sativa z 16-25 % THC. Owocowy smak, orze\u017awiaj\u0105cy haj i najwy\u017csza jako\u015b\u0107 dla kreatywnych chwil.<\/p>","protected":false},"featured_media":8770,"comment_status":"open","ping_status":"closed","template":"","meta":{"_joinchat":[]},"product_brand":[],"product_cat":[62],"product_tag":[],"class_list":{"0":"post-8894","1":"product","2":"type-product","3":"status-publish","4":"has-post-thumbnail","6":"product_cat-marijuana","8":"first","9":"instock","10":"shipping-taxable","11":"purchasable","12":"product-type-variable"},"yoast_head":"<!-- This site is optimized with the Yoast SEO plugin v27.5 - https:\/\/yoast.com\/product\/yoast-seo-wordpress\/ -->\n<title>Sweet Island Skunk kaufen | 16\u201325% THC Sativa<\/title>\n<meta name=\"description\" content=\"Sweet Island Skunk online kaufen \u2013 16\u201325 % THC, fruchtiges Aroma, belebendes High. Premium-Sativa mit diskretem Versand in Deutschland &amp; EU.\" \/>\n<meta name=\"robots\" content=\"index, follow, max-snippet:-1, max-image-preview:large, max-video-preview:-1\" \/>\n<link rel=\"canonical\" href=\"https:\/\/chemgramx.com\/pl\/produkt-1\/sweet-island-skunk-16-25-thc\/\" \/>\n<meta property=\"og:locale\" content=\"pl_PL\" \/>\n<meta property=\"og:type\" content=\"article\" \/>\n<meta property=\"og:title\" content=\"Sweet Island Skunk kaufen | 16\u201325% THC Sativa\" \/>\n<meta property=\"og:description\" content=\"Sweet Island Skunk online kaufen \u2013 16\u201325 % THC, fruchtiges Aroma, belebendes High. Premium-Sativa mit diskretem Versand in Deutschland &amp; EU.\" \/>\n<meta property=\"og:url\" content=\"https:\/\/chemgramx.com\/pl\/produkt-1\/sweet-island-skunk-16-25-thc\/\" \/>\n<meta property=\"og:site_name\" content=\"Chemgramx\" \/>\n<meta property=\"article:modified_time\" content=\"2025-12-11T10:57:03+00:00\" \/>\n<meta property=\"og:image\" content=\"https:\/\/chemgramx.com\/wp-content\/uploads\/2025\/12\/sweet-island-skunk-16-25-thc.jpg\" \/>\n\t<meta property=\"og:image:width\" content=\"800\" \/>\n\t<meta property=\"og:image:height\" content=\"800\" \/>\n\t<meta property=\"og:image:type\" content=\"image\/jpeg\" \/>\n<meta name=\"twitter:card\" content=\"summary_large_image\" \/>\n<meta name=\"twitter:label1\" content=\"Szacowany czas czytania\" \/>\n\t<meta name=\"twitter:data1\" content=\"3 minuty\" \/>\n<script type=\"application\/ld+json\" class=\"yoast-schema-graph\">{\"@context\":\"https:\\\/\\\/schema.org\",\"@graph\":[{\"@type\":\"WebPage\",\"@id\":\"https:\\\/\\\/chemgramx.com\\\/product\\\/sweet-island-skunk-16-25-thc\\\/\",\"url\":\"https:\\\/\\\/chemgramx.com\\\/product\\\/sweet-island-skunk-16-25-thc\\\/\",\"name\":\"Sweet Island Skunk kaufen | 16\u201325% THC Sativa\",\"isPartOf\":{\"@id\":\"https:\\\/\\\/chemgramx.com\\\/#website\"},\"primaryImageOfPage\":{\"@id\":\"https:\\\/\\\/chemgramx.com\\\/product\\\/sweet-island-skunk-16-25-thc\\\/#primaryimage\"},\"image\":{\"@id\":\"https:\\\/\\\/chemgramx.com\\\/product\\\/sweet-island-skunk-16-25-thc\\\/#primaryimage\"},\"thumbnailUrl\":\"https:\\\/\\\/chemgramx.com\\\/wp-content\\\/uploads\\\/2025\\\/12\\\/sweet-island-skunk-16-25-thc.jpg\",\"datePublished\":\"2025-12-11T10:56:37+00:00\",\"dateModified\":\"2025-12-11T10:57:03+00:00\",\"description\":\"Sweet Island Skunk online kaufen \u2013 16\u201325 % THC, fruchtiges Aroma, belebendes High. Premium-Sativa mit diskretem Versand in Deutschland &amp; EU.\",\"breadcrumb\":{\"@id\":\"https:\\\/\\\/chemgramx.com\\\/product\\\/sweet-island-skunk-16-25-thc\\\/#breadcrumb\"},\"inLanguage\":\"pl-PL\",\"potentialAction\":[{\"@type\":\"ReadAction\",\"target\":[\"https:\\\/\\\/chemgramx.com\\\/product\\\/sweet-island-skunk-16-25-thc\\\/\"]}]},{\"@type\":\"ImageObject\",\"inLanguage\":\"pl-PL\",\"@id\":\"https:\\\/\\\/chemgramx.com\\\/product\\\/sweet-island-skunk-16-25-thc\\\/#primaryimage\",\"url\":\"https:\\\/\\\/chemgramx.com\\\/wp-content\\\/uploads\\\/2025\\\/12\\\/sweet-island-skunk-16-25-thc.jpg\",\"contentUrl\":\"https:\\\/\\\/chemgramx.com\\\/wp-content\\\/uploads\\\/2025\\\/12\\\/sweet-island-skunk-16-25-thc.jpg\",\"width\":800,\"height\":800},{\"@type\":\"BreadcrumbList\",\"@id\":\"https:\\\/\\\/chemgramx.com\\\/product\\\/sweet-island-skunk-16-25-thc\\\/#breadcrumb\",\"itemListElement\":[{\"@type\":\"ListItem\",\"position\":1,\"name\":\"Home\",\"item\":\"https:\\\/\\\/chemgramx.com\\\/\"},{\"@type\":\"ListItem\",\"position\":2,\"name\":\"Shop\",\"item\":\"https:\\\/\\\/chemgramx.com\\\/shop\\\/\"},{\"@type\":\"ListItem\",\"position\":3,\"name\":\"Sweet Island Skunk 16% &#8211; 25% THC\"}]},{\"@type\":\"WebSite\",\"@id\":\"https:\\\/\\\/chemgramx.com\\\/#website\",\"url\":\"https:\\\/\\\/chemgramx.com\\\/\",\"name\":\"Chemgramx\",\"description\":\"\",\"publisher\":{\"@id\":\"https:\\\/\\\/chemgramx.com\\\/#organization\"},\"potentialAction\":[{\"@type\":\"SearchAction\",\"target\":{\"@type\":\"EntryPoint\",\"urlTemplate\":\"https:\\\/\\\/chemgramx.com\\\/?s={search_term_string}\"},\"query-input\":{\"@type\":\"PropertyValueSpecification\",\"valueRequired\":true,\"valueName\":\"search_term_string\"}}],\"inLanguage\":\"pl-PL\"},{\"@type\":\"Organization\",\"@id\":\"https:\\\/\\\/chemgramx.com\\\/#organization\",\"name\":\"Chemgramx\",\"url\":\"https:\\\/\\\/chemgramx.com\\\/\",\"logo\":{\"@type\":\"ImageObject\",\"inLanguage\":\"pl-PL\",\"@id\":\"https:\\\/\\\/chemgramx.com\\\/#\\\/schema\\\/logo\\\/image\\\/\",\"url\":\"https:\\\/\\\/chemgramx.com\\\/wp-content\\\/uploads\\\/2024\\\/10\\\/final-logo.png\",\"contentUrl\":\"https:\\\/\\\/chemgramx.com\\\/wp-content\\\/uploads\\\/2024\\\/10\\\/final-logo.png\",\"width\":250,\"height\":48,\"caption\":\"Chemgramx\"},\"image\":{\"@id\":\"https:\\\/\\\/chemgramx.com\\\/#\\\/schema\\\/logo\\\/image\\\/\"}}]}<\/script>\n<!-- \/ Yoast SEO plugin. -->","yoast_head_json":{"title":"Kup Sweet Island Skunk | 16-25% THC Sativa","description":"Kup online Sweet Island Skunk - 16-25 % THC, owocowy smak, orze\u017awiaj\u0105cy haj. Sativa premium z dyskretn\u0105 wysy\u0142k\u0105 na terenie Niemiec i UE.","robots":{"index":"index","follow":"follow","max-snippet":"max-snippet:-1","max-image-preview":"max-image-preview:large","max-video-preview":"max-video-preview:-1"},"canonical":"https:\/\/chemgramx.com\/pl\/produkt-1\/sweet-island-skunk-16-25-thc\/","og_locale":"pl_PL","og_type":"article","og_title":"Sweet Island Skunk kaufen | 16\u201325% THC Sativa","og_description":"Sweet Island Skunk online kaufen \u2013 16\u201325 % THC, fruchtiges Aroma, belebendes High. Premium-Sativa mit diskretem Versand in Deutschland &amp; EU.","og_url":"https:\/\/chemgramx.com\/pl\/produkt-1\/sweet-island-skunk-16-25-thc\/","og_site_name":"Chemgramx","article_modified_time":"2025-12-11T10:57:03+00:00","og_image":[{"width":800,"height":800,"url":"https:\/\/chemgramx.com\/wp-content\/uploads\/2025\/12\/sweet-island-skunk-16-25-thc.jpg","type":"image\/jpeg"}],"twitter_card":"summary_large_image","twitter_misc":{"Szacowany czas czytania":"3 minuty"},"schema":{"@context":"https:\/\/schema.org","@graph":[{"@type":"WebPage","@id":"https:\/\/chemgramx.com\/product\/sweet-island-skunk-16-25-thc\/","url":"https:\/\/chemgramx.com\/product\/sweet-island-skunk-16-25-thc\/","name":"Kup Sweet Island Skunk | 16-25% THC Sativa","isPartOf":{"@id":"https:\/\/chemgramx.com\/#website"},"primaryImageOfPage":{"@id":"https:\/\/chemgramx.com\/product\/sweet-island-skunk-16-25-thc\/#primaryimage"},"image":{"@id":"https:\/\/chemgramx.com\/product\/sweet-island-skunk-16-25-thc\/#primaryimage"},"thumbnailUrl":"https:\/\/chemgramx.com\/wp-content\/uploads\/2025\/12\/sweet-island-skunk-16-25-thc.jpg","datePublished":"2025-12-11T10:56:37+00:00","dateModified":"2025-12-11T10:57:03+00:00","description":"Kup online Sweet Island Skunk - 16-25 % THC, owocowy smak, orze\u017awiaj\u0105cy haj. Sativa premium z dyskretn\u0105 wysy\u0142k\u0105 na terenie Niemiec i UE.","breadcrumb":{"@id":"https:\/\/chemgramx.com\/product\/sweet-island-skunk-16-25-thc\/#breadcrumb"},"inLanguage":"pl-PL","potentialAction":[{"@type":"ReadAction","target":["https:\/\/chemgramx.com\/product\/sweet-island-skunk-16-25-thc\/"]}]},{"@type":"ImageObject","inLanguage":"pl-PL","@id":"https:\/\/chemgramx.com\/product\/sweet-island-skunk-16-25-thc\/#primaryimage","url":"https:\/\/chemgramx.com\/wp-content\/uploads\/2025\/12\/sweet-island-skunk-16-25-thc.jpg","contentUrl":"https:\/\/chemgramx.com\/wp-content\/uploads\/2025\/12\/sweet-island-skunk-16-25-thc.jpg","width":800,"height":800},{"@type":"BreadcrumbList","@id":"https:\/\/chemgramx.com\/product\/sweet-island-skunk-16-25-thc\/#breadcrumb","itemListElement":[{"@type":"ListItem","position":1,"name":"Home","item":"https:\/\/chemgramx.com\/"},{"@type":"ListItem","position":2,"name":"Shop","item":"https:\/\/chemgramx.com\/shop\/"},{"@type":"ListItem","position":3,"name":"Sweet Island Skunk 16% &#8211; 25% THC"}]},{"@type":"WebSite","@id":"https:\/\/chemgramx.com\/#website","url":"https:\/\/chemgramx.com\/","name":"Chemgramx","description":"","publisher":{"@id":"https:\/\/chemgramx.com\/#organization"},"potentialAction":[{"@type":"SearchAction","target":{"@type":"EntryPoint","urlTemplate":"https:\/\/chemgramx.com\/?s={search_term_string}"},"query-input":{"@type":"PropertyValueSpecification","valueRequired":true,"valueName":"search_term_string"}}],"inLanguage":"pl-PL"},{"@type":"Organization","@id":"https:\/\/chemgramx.com\/#organization","name":"Chemgramx","url":"https:\/\/chemgramx.com\/","logo":{"@type":"ImageObject","inLanguage":"pl-PL","@id":"https:\/\/chemgramx.com\/#\/schema\/logo\/image\/","url":"https:\/\/chemgramx.com\/wp-content\/uploads\/2024\/10\/final-logo.png","contentUrl":"https:\/\/chemgramx.com\/wp-content\/uploads\/2024\/10\/final-logo.png","width":250,"height":48,"caption":"Chemgramx"},"image":{"@id":"https:\/\/chemgramx.com\/#\/schema\/logo\/image\/"}}]}},"_links":{"self":[{"href":"https:\/\/chemgramx.com\/pl\/wp-json\/wp\/v2\/product\/8894","targetHints":{"allow":["GET"]}}],"collection":[{"href":"https:\/\/chemgramx.com\/pl\/wp-json\/wp\/v2\/product"}],"about":[{"href":"https:\/\/chemgramx.com\/pl\/wp-json\/wp\/v2\/types\/product"}],"replies":[{"embeddable":true,"href":"https:\/\/chemgramx.com\/pl\/wp-json\/wp\/v2\/comments?post=8894"}],"wp:featuredmedia":[{"embeddable":true,"href":"https:\/\/chemgramx.com\/pl\/wp-json\/wp\/v2\/media\/8770"}],"wp:attachment":[{"href":"https:\/\/chemgramx.com\/pl\/wp-json\/wp\/v2\/media?parent=8894"}],"wp:term":[{"taxonomy":"product_brand","embeddable":true,"href":"https:\/\/chemgramx.com\/pl\/wp-json\/wp\/v2\/product_brand?post=8894"},{"taxonomy":"product_cat","embeddable":true,"href":"https:\/\/chemgramx.com\/pl\/wp-json\/wp\/v2\/product_cat?post=8894"},{"taxonomy":"product_tag","embeddable":true,"href":"https:\/\/chemgramx.com\/pl\/wp-json\/wp\/v2\/product_tag?post=8894"}],"curies":[{"name":"wp","href":"https:\/\/api.w.org\/{rel}","templated":true}]}}