{"id":8895,"date":"2025-12-11T10:56:39","date_gmt":"2025-12-11T10:56:39","guid":{"rendered":"https:\/\/chemgramx.com\/?post_type=product&#038;p=8895"},"modified":"2025-12-11T11:05:27","modified_gmt":"2025-12-11T11:05:27","slug":"oxycontin-oc-40mg","status":"publish","type":"product","link":"https:\/\/chemgramx.com\/pl\/product\/oxycontin-oc-40mg\/","title":{"rendered":"Kup Oxycontin OC online"},"content":{"rendered":"<p><b>Oksykodon<\/b><span style=\"font-weight: 400;\"> to wysoce skuteczny, p\u00f3\u0142syntetyczny opioid, kt\u00f3ry odgrywa kluczow\u0105 rol\u0119 w nowoczesnej terapii b\u00f3lu. Stosowany jest g\u0142\u00f3wnie w leczeniu <\/span><b>Silny i przewlek\u0142y b\u00f3l<\/b><span style=\"font-weight: 400;\"> kt\u00f3re mog\u0105 by\u0107 odpowiednio kontrolowane tylko przez opioidowe leki przeciwb\u00f3lowe. Substancja ta stanowi skuteczne rozwi\u0105zanie dla pacjent\u00f3w, u kt\u00f3rych zawiod\u0142y leki nieopioidowe lub mniej skuteczne. Przede wszystkim, preparat z <\/span><b>kontrolowane uwalnianie<\/b><span style=\"font-weight: 400;\"> {40 mg} tabletka) opracowany w celu zapewnienia d\u0142ugotrwa\u0142ego z\u0142agodzenia b\u00f3lu przez d\u0142u\u017cszy czas. Ma to kluczowe znaczenie dla znacznej poprawy jako\u015bci \u017cycia pacjent\u00f3w cierpi\u0105cych na przewlek\u0142e b\u00f3le.<\/span><\/p>\n<p><span style=\"font-weight: 400;\">Niniejszy artyku\u0142 zawiera szczeg\u00f3\u0142ow\u0105 analiz\u0119 substancji czynnej oksykodonu, jej w\u0142a\u015bciwo\u015bci farmakologicznych i \u015bcis\u0142ych ram prawnych, w kt\u00f3rych mo\u017ce by\u0107 stosowana w Niemczech.<\/span><\/p>\n<h2><b>Profil leku i farmakologia: Mechanizm hamowania b\u00f3lu<\/b><\/h2>\n<p><span style=\"font-weight: 400;\">Oksykodon nale\u017cy do grupy <\/span><b>czy\u015bci agoni\u015bci receptora opioidowego<\/b><span style=\"font-weight: 400;\">. Oznacza to, \u017ce ca\u0142y sw\u00f3j efekt przeciwb\u00f3lowy osi\u0105ga poprzez bezpo\u015brednie wi\u0105zanie si\u0119 z receptorami opioidowymi.<\/span><\/p>\n<h3><b>Mechanizm dzia\u0142ania w o\u015brodkowym uk\u0142adzie nerwowym<\/b><\/h3>\n<p><span style=\"font-weight: 400;\">Sk\u0142adnik aktywny rozwija swoje dzia\u0142anie przeciwb\u00f3lowe poprzez <\/span><b>Wi\u0105zanie z okre\u015blonymi receptorami opioidowymi<\/b><span style=\"font-weight: 400;\">\u00a0 \u00a0w o\u015brodkowym uk\u0142adzie nerwowym (OUN) i w rdzeniu kr\u0119gowym. Dzi\u0119ki temu wi\u0105zaniu <\/span><b>Zahamowana transmisja b\u00f3lu<\/b><span style=\"font-weight: 400;\"> i jednocze\u015bnie zmienia percepcj\u0119 b\u00f3lu w m\u00f3zgu. Prowadzi to do znacznego zmniejszenia odczuwania b\u00f3lu i emocjonalnego zdystansowania si\u0119 od niego.<\/span><\/p>\n<ul>\n<li style=\"font-weight: 400;\" aria-level=\"1\"><b>Wysoka moc:<\/b><span style=\"font-weight: 400;\"> Oksykodon ma <\/span><b>Wysoka si\u0142a dzia\u0142ania przeciwb\u00f3lowego<\/b><span style=\"font-weight: 400;\"> na. Jest to w przybli\u017ceniu por\u00f3wnywalne do morfiny, ale cz\u0119sto wykazuje <\/span><b><a href=\"\/product\/black-gold-hash-kaufen\/\">lepszy<\/a> biodost\u0119pno\u015b\u0107 po podaniu doustnym<\/b><span style=\"font-weight: 400;\">, co czyni go preferowanym \u015brodkiem do d\u0142ugotrwa\u0142ej terapii doustnej.<\/span><\/li>\n<li style=\"font-weight: 400;\" aria-level=\"1\"><b>Kontrolowane uwalnianie (preparat o przed\u0142u\u017conym uwalnianiu):<\/b><span style=\"font-weight: 400;\"> Tabletki o przed\u0142u\u017conym uwalnianiu (np. preparaty $mathbf{OC}$) s\u0105 zaprojektowane w taki spos\u00f3b, \u017ce substancja czynna pozostaje aktywna przez wiele godzin. <\/span><b>Powoli uwalniane<\/b><span style=\"font-weight: 400;\"> jest stosowany. Zapewnia to ci\u0105g\u0142\u0105 kontrol\u0119 b\u00f3lu, pozwala unikn\u0105\u0107 szczytowych st\u0119\u017ce\u0144 w osoczu i ma zasadnicze znaczenie dla skutecznego leczenia b\u00f3lu przewlek\u0142ego, poniewa\u017c umo\u017cliwia sta\u0142\u0105 analgezj\u0119 przez 12 godzin.<\/span><\/li>\n<\/ul>\n<h2><b>Wskazania i praktyka dawkowania (40 mg)<\/b><\/h2>\n<p><span style=\"font-weight: 400;\">Dawka {40 mg} jest dawk\u0105 <\/span><b>Zwyk\u0142a si\u0142a<\/b><span style=\"font-weight: 400;\"> w leczeniu silnego, przewlek\u0142ego b\u00f3lu u pacjent\u00f3w, kt\u00f3rzy <\/span><b>maj\u0105 ju\u017c tolerancj\u0119 na opioidy<\/b><span style=\"font-weight: 400;\"> i wymagaj\u0105 wy\u017cszej dawki podstawowej w celu utrzymania ulgi w b\u00f3lu. Zwykle nie jest przeznaczony dla pacjent\u00f3w nieleczonych opioidami.<\/span><\/p>\n<h3><b>Zastosowanie i cele terapeutyczne<\/b><\/h3>\n<p><span style=\"font-weight: 400;\">Stosowanie oksykodonu jest <\/span><b>tylko na podstawie \u015bcis\u0142ej porady lekarskiej<\/b><span style=\"font-weight: 400;\"> i wymaga wysokiego stopnia <\/span><b>Indywidualne miareczkowanie dawki<\/b><span style=\"font-weight: 400;\">.<\/span><\/p>\n<ul>\n<li style=\"font-weight: 400;\" aria-level=\"1\"><b>Cel terapii:<\/b><span style=\"font-weight: 400;\"> G\u0142\u00f3wnym celem leczenia jest <\/span><b>Jako\u015b\u0107 \u017cycia pacjent\u00f3w<\/b><span style=\"font-weight: 400;\"> poprzez ci\u0105g\u0142\u0105 kontrol\u0119 b\u00f3lu. Zmniejsza to stres fizyczny i psychiczny zwi\u0105zany z przewlek\u0142ym b\u00f3lem.<\/span><\/li>\n<li style=\"font-weight: 400;\" aria-level=\"1\"><b>R\u00f3wnowa\u017cenie:<\/b><span style=\"font-weight: 400;\"> Odstawienie leku musi zawsze obejmowa\u0107 <\/span><b>powolne i kontrolowane poziomowanie<\/b><span style=\"font-weight: 400;\"> w celu unikni\u0119cia powa\u017cnych objaw\u00f3w odstawienia.<\/span><\/li>\n<li style=\"font-weight: 400;\" aria-level=\"1\"><b>Monitorowanie:<\/b><span style=\"font-weight: 400;\"> Ze wzgl\u0119du na potencjalne ryzyko <\/span><b>Sta\u0142y nadz\u00f3r medyczny<\/b><span style=\"font-weight: 400;\"> Stosowanie leku jest niezb\u0119dne do oceny skuteczno\u015bci i wczesnego wykrywania skutk\u00f3w ubocznych lub wzorc\u00f3w nadu\u017cywania.<\/span><\/li>\n<\/ul>\n<h2><b>Informacje dotycz\u0105ce bezpiecze\u0144stwa i istotnych zagro\u017ce\u0144 zwi\u0105zanych z leczeniem opioidami<\/b><\/h2>\n<p><span style=\"font-weight: 400;\">Oksykodon jest <\/span><b>Narkotyki<\/b><span style=\"font-weight: 400;\"> i wi\u0105\u017ce si\u0119 ze znacznym ryzykiem, kt\u00f3re wymaga \u015bcis\u0142ego nadzoru medycznego i \u015bwiadomego przestrzegania zalece\u0144 przez pacjent\u00f3w. Ryzyko nale\u017cy dok\u0142adnie rozwa\u017cy\u0107 w stosunku do korzy\u015bci terapeutycznych.<\/span><\/p>\n<h3><b>G\u0142\u00f3wne zagro\u017cenia i potencjalne sytuacje awaryjne<\/b><\/h3>\n<ol>\n<li style=\"font-weight: 400;\" aria-level=\"1\"><b>Uzale\u017cnienie i nadu\u017cywanie:<\/b><span style=\"font-weight: 400;\"> Oksykodon ma <\/span><b>Wysoki potencja\u0142 zale\u017cno\u015bci pierwotnej<\/b><span style=\"font-weight: 400;\">. Dlatego wlot <\/span><b>\u015bci\u015ble wed\u0142ug zalece\u0144 lekarskich<\/b><span style=\"font-weight: 400;\"> aby zapobiec rozwojowi uzale\u017cnienia i wzorc\u00f3w nadu\u017cywania. Kr\u00f3tkotrwa\u0142a euforia zwi\u0105zana z nadu\u017cywaniem jest si\u0142\u0105 nap\u0119dow\u0105 ryzyka nadu\u017cywania.<\/span><\/li>\n<li style=\"font-weight: 400;\" aria-level=\"1\"><b>Depresja oddechowa (ryzyko przedawkowania):<\/b><span style=\"font-weight: 400;\"> Przedawkowanie, zar\u00f3wno niezamierzone, jak i niew\u0142a\u015bciwe, mo\u017ce prowadzi\u0107 do <\/span><b>zagra\u017caj\u0105ca \u017cyciu depresja oddechowa<\/b><span style=\"font-weight: 400;\"> (powa\u017cne sp\u0142aszczenie i spowolnienie oddechu a\u017c do zatrzymania oddechu). Jest to najbardziej krytyczny stan nag\u0142y zwi\u0105zany z opioidami.<\/span><\/li>\n<li style=\"font-weight: 400;\" aria-level=\"1\"><b>Interakcje:<\/b><span style=\"font-weight: 400;\"> The <\/span><b>Po\u0142\u0105czenie z alkoholem, benzodiazepinami, innymi opioidami lub \u015brodkami uspokajaj\u0105cymi<\/b><span style=\"font-weight: 400;\"> jest niezwykle niebezpieczne, poniewa\u017c zwi\u0119ksza o\u015brodkowy efekt depresyjny, zw\u0142aszcza depresj\u0119 oddechow\u0105. Ta kombinacja jest cz\u0119sto przyczyn\u0105 \u015bmiertelnych przedawkowa\u0144.<\/span><\/li>\n<li style=\"font-weight: 400;\" aria-level=\"1\"><b>Rozw\u00f3j tolerancji:<\/b><span style=\"font-weight: 400;\"> Skuteczno\u015b\u0107 leku mo\u017ce zmniejsza\u0107 si\u0119 przy d\u0142ugotrwa\u0142ym stosowaniu z powodu rozwoju tolerancji. Wymaga to starannego dostosowania dawki przez lekarza prowadz\u0105cego.<\/span><\/li>\n<\/ol>\n<h2><b>Sytuacja prawna w Niemczech: Ustawa o \u015brodkach odurzaj\u0105cych (BtMG)<\/b><\/h2>\n<p><span style=\"font-weight: 400;\">W Niemczech oksykodon podlega nast\u0119puj\u0105cym przepisom <\/span><b>Ustawa o \u015brodkach odurzaj\u0105cych (BtMG)<\/b><span style=\"font-weight: 400;\">. Ta klasyfikacja prawna ma decyduj\u0105ce znaczenie dla obchodzenia si\u0119 z substancj\u0105, jej wydawania i przechowywania.<\/span><\/p>\n<h3><b>Rygorystyczne wymogi regulacyjne<\/b><\/h3>\n<ul>\n<li style=\"font-weight: 400;\" aria-level=\"1\"><b>Tylko na recept\u0119:<\/b><span style=\"font-weight: 400;\"> Ka\u017cde wydawanie, posiadanie i u\u017cywanie oksykodonu wymaga <\/span><b>Specjalna, trzycz\u0119\u015bciowa recepta na znieczulenie<\/b><span style=\"font-weight: 400;\">. Recepta ta jest \u015bci\u015ble regulowana i musi by\u0107 wystawiona przez lekarza zgodnie ze specjalnymi wymogami formalnymi.<\/span><\/li>\n<li style=\"font-weight: 400;\" aria-level=\"1\"><b>Obowi\u0105zek i kontrola apteki:<\/b><span style=\"font-weight: 400;\"> Zam\u00f3wienia to <\/span><b>wy\u0142\u0105cznie za po\u015brednictwem licencjonowanych aptek<\/b><span style=\"font-weight: 400;\"> Stosowanie recept BtM jest dozwolone przez w\u0142adze, kt\u00f3re s\u0105 zobowi\u0105zane do ich dok\u0142adnego sprawdzania i archiwizowania przez d\u0142u\u017cszy czas.<\/span><\/li>\n<li style=\"font-weight: 400;\" aria-level=\"1\"><b>Nielegalno\u015b\u0107 zakup\u00f3w online:<\/b><span style=\"font-weight: 400;\"> The <\/span><b>Niezarejestrowane nabycie i handel<\/b><span style=\"font-weight: 400;\"> (w szczeg\u00f3lno\u015bci zakup online nielicencjonowanych \u017ar\u00f3de\u0142) jest w Niemczech zabroniony. <\/span><b>nielegalny<\/b><span style=\"font-weight: 400;\"> i jest surowo \u015bcigany na mocy prawa karnego i regulacyjnego. Nielegalne \u017ar\u00f3d\u0142a nios\u0105 ze sob\u0105 r\u00f3wnie\u017c ryzyko podrabiania preparat\u00f3w, kt\u00f3re mog\u0105 zawiera\u0107 niew\u0142a\u015bciwe ilo\u015bci sk\u0142adnik\u00f3w aktywnych lub wysoce toksyczne zanieczyszczenia.<\/span><\/li>\n<\/ul>\n<p><span style=\"font-weight: 400;\">\u015acis\u0142e przestrzeganie BtMG s\u0142u\u017cy ochronie zdrowia publicznego i zapobieganiu nadu\u017cyciom. Zapewnia, \u017ce oksykodon jest stosowany tylko wtedy, gdy jest wskazany medycznie i bezpiecznie monitorowany.<\/span><\/p>","protected":false},"excerpt":{"rendered":"<p data-start=\"2017\" data-end=\"2166\">Oxycontin OC 40mg - silny \u015brodek przeciwb\u00f3lowy na bazie oksykodonu. D\u0142ugotrwa\u0142e dzia\u0142anie, sprawdzona jako\u015b\u0107 i dyskretna wysy\u0142ka na terenie Niemiec i UE.<\/p>","protected":false},"featured_media":8771,"comment_status":"open","ping_status":"closed","template":"","meta":{"_joinchat":[]},"product_brand":[],"product_cat":[62],"product_tag":[],"class_list":{"0":"post-8895","1":"product","2":"type-product","3":"status-publish","4":"has-post-thumbnail","6":"product_cat-marijuana","8":"first","9":"instock","10":"shipping-taxable","11":"purchasable","12":"product-type-variable"},"yoast_head":"<!-- This site is optimized with the Yoast SEO plugin v27.5 - https:\/\/yoast.com\/product\/yoast-seo-wordpress\/ -->\n<title>Oxycontin OC 40mg online kaufen | Schmerzmittel<\/title>\n<meta name=\"description\" content=\"Oxycontin OC 40mg kaufen \u2013 starkes Schmerzmittel f\u00fcr chronische Schmerzen. Diskreter Versand in Deutschland &amp; EU f\u00fcr sichere und zuverl\u00e4ssige Wirkung.\" \/>\n<meta name=\"robots\" content=\"index, follow, max-snippet:-1, max-image-preview:large, max-video-preview:-1\" \/>\n<link rel=\"canonical\" href=\"https:\/\/chemgramx.com\/pl\/produkt-1\/oxycontin-oc-40mg\/\" \/>\n<meta property=\"og:locale\" content=\"pl_PL\" \/>\n<meta property=\"og:type\" content=\"article\" \/>\n<meta property=\"og:title\" content=\"Oxycontin OC 40mg online kaufen | Schmerzmittel\" \/>\n<meta property=\"og:description\" content=\"Oxycontin OC 40mg kaufen \u2013 starkes Schmerzmittel f\u00fcr chronische Schmerzen. Diskreter Versand in Deutschland &amp; EU f\u00fcr sichere und zuverl\u00e4ssige Wirkung.\" \/>\n<meta property=\"og:url\" content=\"https:\/\/chemgramx.com\/pl\/produkt-1\/oxycontin-oc-40mg\/\" \/>\n<meta property=\"og:site_name\" content=\"Chemgramx\" \/>\n<meta property=\"article:modified_time\" content=\"2025-12-11T11:05:27+00:00\" \/>\n<meta property=\"og:image\" content=\"https:\/\/chemgramx.com\/wp-content\/uploads\/2025\/12\/oxycontin-oc-40mg.jpeg\" \/>\n\t<meta property=\"og:image:width\" content=\"1600\" \/>\n\t<meta property=\"og:image:height\" content=\"1199\" \/>\n\t<meta property=\"og:image:type\" content=\"image\/jpeg\" \/>\n<meta name=\"twitter:card\" content=\"summary_large_image\" \/>\n<meta name=\"twitter:label1\" content=\"Szacowany czas czytania\" \/>\n\t<meta name=\"twitter:data1\" content=\"4 minuty\" \/>\n<script type=\"application\/ld+json\" class=\"yoast-schema-graph\">{\"@context\":\"https:\\\/\\\/schema.org\",\"@graph\":[{\"@type\":\"WebPage\",\"@id\":\"https:\\\/\\\/chemgramx.com\\\/product\\\/oxycontin-oc-40mg\\\/\",\"url\":\"https:\\\/\\\/chemgramx.com\\\/product\\\/oxycontin-oc-40mg\\\/\",\"name\":\"Oxycontin OC 40mg online kaufen | Schmerzmittel\",\"isPartOf\":{\"@id\":\"https:\\\/\\\/chemgramx.com\\\/#website\"},\"primaryImageOfPage\":{\"@id\":\"https:\\\/\\\/chemgramx.com\\\/product\\\/oxycontin-oc-40mg\\\/#primaryimage\"},\"image\":{\"@id\":\"https:\\\/\\\/chemgramx.com\\\/product\\\/oxycontin-oc-40mg\\\/#primaryimage\"},\"thumbnailUrl\":\"https:\\\/\\\/chemgramx.com\\\/wp-content\\\/uploads\\\/2025\\\/12\\\/oxycontin-oc-40mg.jpeg\",\"datePublished\":\"2025-12-11T10:56:39+00:00\",\"dateModified\":\"2025-12-11T11:05:27+00:00\",\"description\":\"Oxycontin OC 40mg kaufen \u2013 starkes Schmerzmittel f\u00fcr chronische Schmerzen. Diskreter Versand in Deutschland & EU f\u00fcr sichere und zuverl\u00e4ssige Wirkung.\",\"breadcrumb\":{\"@id\":\"https:\\\/\\\/chemgramx.com\\\/product\\\/oxycontin-oc-40mg\\\/#breadcrumb\"},\"inLanguage\":\"pl-PL\",\"potentialAction\":[{\"@type\":\"ReadAction\",\"target\":[\"https:\\\/\\\/chemgramx.com\\\/product\\\/oxycontin-oc-40mg\\\/\"]}]},{\"@type\":\"ImageObject\",\"inLanguage\":\"pl-PL\",\"@id\":\"https:\\\/\\\/chemgramx.com\\\/product\\\/oxycontin-oc-40mg\\\/#primaryimage\",\"url\":\"https:\\\/\\\/chemgramx.com\\\/wp-content\\\/uploads\\\/2025\\\/12\\\/oxycontin-oc-40mg.jpeg\",\"contentUrl\":\"https:\\\/\\\/chemgramx.com\\\/wp-content\\\/uploads\\\/2025\\\/12\\\/oxycontin-oc-40mg.jpeg\",\"width\":1600,\"height\":1199},{\"@type\":\"BreadcrumbList\",\"@id\":\"https:\\\/\\\/chemgramx.com\\\/product\\\/oxycontin-oc-40mg\\\/#breadcrumb\",\"itemListElement\":[{\"@type\":\"ListItem\",\"position\":1,\"name\":\"Home\",\"item\":\"https:\\\/\\\/chemgramx.com\\\/\"},{\"@type\":\"ListItem\",\"position\":2,\"name\":\"Shop\",\"item\":\"https:\\\/\\\/chemgramx.com\\\/shop\\\/\"},{\"@type\":\"ListItem\",\"position\":3,\"name\":\"Kaufen Oxycontin OC online\"}]},{\"@type\":\"WebSite\",\"@id\":\"https:\\\/\\\/chemgramx.com\\\/#website\",\"url\":\"https:\\\/\\\/chemgramx.com\\\/\",\"name\":\"Chemgramx\",\"description\":\"\",\"publisher\":{\"@id\":\"https:\\\/\\\/chemgramx.com\\\/#organization\"},\"potentialAction\":[{\"@type\":\"SearchAction\",\"target\":{\"@type\":\"EntryPoint\",\"urlTemplate\":\"https:\\\/\\\/chemgramx.com\\\/?s={search_term_string}\"},\"query-input\":{\"@type\":\"PropertyValueSpecification\",\"valueRequired\":true,\"valueName\":\"search_term_string\"}}],\"inLanguage\":\"pl-PL\"},{\"@type\":\"Organization\",\"@id\":\"https:\\\/\\\/chemgramx.com\\\/#organization\",\"name\":\"Chemgramx\",\"url\":\"https:\\\/\\\/chemgramx.com\\\/\",\"logo\":{\"@type\":\"ImageObject\",\"inLanguage\":\"pl-PL\",\"@id\":\"https:\\\/\\\/chemgramx.com\\\/#\\\/schema\\\/logo\\\/image\\\/\",\"url\":\"https:\\\/\\\/chemgramx.com\\\/wp-content\\\/uploads\\\/2024\\\/10\\\/final-logo.png\",\"contentUrl\":\"https:\\\/\\\/chemgramx.com\\\/wp-content\\\/uploads\\\/2024\\\/10\\\/final-logo.png\",\"width\":250,\"height\":48,\"caption\":\"Chemgramx\"},\"image\":{\"@id\":\"https:\\\/\\\/chemgramx.com\\\/#\\\/schema\\\/logo\\\/image\\\/\"}}]}<\/script>\n<!-- \/ Yoast SEO plugin. -->","yoast_head_json":{"title":"Kup Oxycontin OC 40mg online | \u015arodki przeciwb\u00f3lowe","description":"Kup Oxycontin OC 40mg - silny lek przeciwb\u00f3lowy na przewlek\u0142y b\u00f3l. Dyskretna wysy\u0142ka w Niemczech i UE dla bezpiecznych i niezawodnych efekt\u00f3w.","robots":{"index":"index","follow":"follow","max-snippet":"max-snippet:-1","max-image-preview":"max-image-preview:large","max-video-preview":"max-video-preview:-1"},"canonical":"https:\/\/chemgramx.com\/pl\/produkt-1\/oxycontin-oc-40mg\/","og_locale":"pl_PL","og_type":"article","og_title":"Oxycontin OC 40mg online kaufen | Schmerzmittel","og_description":"Oxycontin OC 40mg kaufen \u2013 starkes Schmerzmittel f\u00fcr chronische Schmerzen. Diskreter Versand in Deutschland & EU f\u00fcr sichere und zuverl\u00e4ssige Wirkung.","og_url":"https:\/\/chemgramx.com\/pl\/produkt-1\/oxycontin-oc-40mg\/","og_site_name":"Chemgramx","article_modified_time":"2025-12-11T11:05:27+00:00","og_image":[{"width":1600,"height":1199,"url":"https:\/\/chemgramx.com\/wp-content\/uploads\/2025\/12\/oxycontin-oc-40mg.jpeg","type":"image\/jpeg"}],"twitter_card":"summary_large_image","twitter_misc":{"Szacowany czas czytania":"4 minuty"},"schema":{"@context":"https:\/\/schema.org","@graph":[{"@type":"WebPage","@id":"https:\/\/chemgramx.com\/product\/oxycontin-oc-40mg\/","url":"https:\/\/chemgramx.com\/product\/oxycontin-oc-40mg\/","name":"Kup Oxycontin OC 40mg online | \u015arodki przeciwb\u00f3lowe","isPartOf":{"@id":"https:\/\/chemgramx.com\/#website"},"primaryImageOfPage":{"@id":"https:\/\/chemgramx.com\/product\/oxycontin-oc-40mg\/#primaryimage"},"image":{"@id":"https:\/\/chemgramx.com\/product\/oxycontin-oc-40mg\/#primaryimage"},"thumbnailUrl":"https:\/\/chemgramx.com\/wp-content\/uploads\/2025\/12\/oxycontin-oc-40mg.jpeg","datePublished":"2025-12-11T10:56:39+00:00","dateModified":"2025-12-11T11:05:27+00:00","description":"Kup Oxycontin OC 40mg - silny lek przeciwb\u00f3lowy na przewlek\u0142y b\u00f3l. Dyskretna wysy\u0142ka w Niemczech i UE dla bezpiecznych i niezawodnych efekt\u00f3w.","breadcrumb":{"@id":"https:\/\/chemgramx.com\/product\/oxycontin-oc-40mg\/#breadcrumb"},"inLanguage":"pl-PL","potentialAction":[{"@type":"ReadAction","target":["https:\/\/chemgramx.com\/product\/oxycontin-oc-40mg\/"]}]},{"@type":"ImageObject","inLanguage":"pl-PL","@id":"https:\/\/chemgramx.com\/product\/oxycontin-oc-40mg\/#primaryimage","url":"https:\/\/chemgramx.com\/wp-content\/uploads\/2025\/12\/oxycontin-oc-40mg.jpeg","contentUrl":"https:\/\/chemgramx.com\/wp-content\/uploads\/2025\/12\/oxycontin-oc-40mg.jpeg","width":1600,"height":1199},{"@type":"BreadcrumbList","@id":"https:\/\/chemgramx.com\/product\/oxycontin-oc-40mg\/#breadcrumb","itemListElement":[{"@type":"ListItem","position":1,"name":"Home","item":"https:\/\/chemgramx.com\/"},{"@type":"ListItem","position":2,"name":"Shop","item":"https:\/\/chemgramx.com\/shop\/"},{"@type":"ListItem","position":3,"name":"Kaufen Oxycontin OC online"}]},{"@type":"WebSite","@id":"https:\/\/chemgramx.com\/#website","url":"https:\/\/chemgramx.com\/","name":"Chemgramx","description":"","publisher":{"@id":"https:\/\/chemgramx.com\/#organization"},"potentialAction":[{"@type":"SearchAction","target":{"@type":"EntryPoint","urlTemplate":"https:\/\/chemgramx.com\/?s={search_term_string}"},"query-input":{"@type":"PropertyValueSpecification","valueRequired":true,"valueName":"search_term_string"}}],"inLanguage":"pl-PL"},{"@type":"Organization","@id":"https:\/\/chemgramx.com\/#organization","name":"Chemgramx","url":"https:\/\/chemgramx.com\/","logo":{"@type":"ImageObject","inLanguage":"pl-PL","@id":"https:\/\/chemgramx.com\/#\/schema\/logo\/image\/","url":"https:\/\/chemgramx.com\/wp-content\/uploads\/2024\/10\/final-logo.png","contentUrl":"https:\/\/chemgramx.com\/wp-content\/uploads\/2024\/10\/final-logo.png","width":250,"height":48,"caption":"Chemgramx"},"image":{"@id":"https:\/\/chemgramx.com\/#\/schema\/logo\/image\/"}}]}},"_links":{"self":[{"href":"https:\/\/chemgramx.com\/pl\/wp-json\/wp\/v2\/product\/8895","targetHints":{"allow":["GET"]}}],"collection":[{"href":"https:\/\/chemgramx.com\/pl\/wp-json\/wp\/v2\/product"}],"about":[{"href":"https:\/\/chemgramx.com\/pl\/wp-json\/wp\/v2\/types\/product"}],"replies":[{"embeddable":true,"href":"https:\/\/chemgramx.com\/pl\/wp-json\/wp\/v2\/comments?post=8895"}],"wp:featuredmedia":[{"embeddable":true,"href":"https:\/\/chemgramx.com\/pl\/wp-json\/wp\/v2\/media\/8771"}],"wp:attachment":[{"href":"https:\/\/chemgramx.com\/pl\/wp-json\/wp\/v2\/media?parent=8895"}],"wp:term":[{"taxonomy":"product_brand","embeddable":true,"href":"https:\/\/chemgramx.com\/pl\/wp-json\/wp\/v2\/product_brand?post=8895"},{"taxonomy":"product_cat","embeddable":true,"href":"https:\/\/chemgramx.com\/pl\/wp-json\/wp\/v2\/product_cat?post=8895"},{"taxonomy":"product_tag","embeddable":true,"href":"https:\/\/chemgramx.com\/pl\/wp-json\/wp\/v2\/product_tag?post=8895"}],"curies":[{"name":"wp","href":"https:\/\/api.w.org\/{rel}","templated":true}]}}